{"id":3,"date":"2022-02-09T15:03:18","date_gmt":"2022-02-09T15:03:18","guid":{"rendered":"https:\/\/rezeptfrei-apotheke.net\/?page_id=3"},"modified":"2026-02-16T10:45:06","modified_gmt":"2026-02-16T10:45:06","slug":"privacy-policy","status":"publish","type":"page","link":"https:\/\/rezeptfrei-apotheke.net\/cs\/privacy-policy\/","title":{"rendered":"Z\u00e1sady ochrany osobn\u00edch \u00fadaj\u016f"},"content":{"rendered":"<p>Tyto z\u00e1sady ochrany osobn\u00edch \u00fadaj\u016f stanov\u00ed, jak <a href=\"https:\/\/rezeptfrei-apotheke.net\/cs\/\">Rxchemlab.com<\/a> pou\u017e\u00edv\u00e1 a chr\u00e1n\u00ed ve\u0161ker\u00e9 informace, kter\u00e9 spole\u010dnosti Rxchemlab.com poskytnete p\u0159i pou\u017e\u00edv\u00e1n\u00ed t\u011bchto webov\u00fdch str\u00e1nek.<\/p>\n<p>Spole\u010dnost Rxchemlab.com se zavazuje zajistit ochranu va\u0161eho soukrom\u00ed. Pokud v\u00e1s po\u017e\u00e1d\u00e1me o poskytnut\u00ed ur\u010dit\u00fdch informac\u00ed, podle kter\u00fdch v\u00e1s lze p\u0159i pou\u017e\u00edv\u00e1n\u00ed t\u011bchto webov\u00fdch str\u00e1nek identifikovat, m\u016f\u017eete si b\u00fdt jisti, \u017ee budou pou\u017eity pouze v souladu s t\u00edmto prohl\u00e1\u0161en\u00edm o ochran\u011b osobn\u00edch \u00fadaj\u016f.<\/p>\n<p>Rxchemlab.com m\u016f\u017ee tyto z\u00e1sady \u010das od \u010dasu zm\u011bnit aktualizac\u00ed t\u00e9to str\u00e1nky. Tuto str\u00e1nku byste m\u011bli \u010das od \u010dasu zkontrolovat, abyste se ujistili, \u017ee jste s p\u0159\u00edpadn\u00fdmi zm\u011bnami spokojeni. Tyto z\u00e1sady jsou \u00fa\u010dinn\u00e9 od 1. kv\u011btna 2017.<\/p>\n<h4><strong>SECURITY<\/strong><\/h4>\n<p>Zavazujeme se, \u017ee va\u0161e informace budou v bezpe\u010d\u00ed. Abychom zabr\u00e1nili neopr\u00e1vn\u011bn\u00e9mu p\u0159\u00edstupu nebo vyzrazen\u00ed, zavedli jsme vhodn\u00e9 fyzick\u00e9, elektronick\u00e9 a mana\u017eersk\u00e9 postupy k ochran\u011b a zabezpe\u010den\u00ed informac\u00ed, kter\u00e9 shroma\u017e\u010fujeme online.<\/p>\n<h4><strong>JAK POU\u017d\u00cdV\u00c1ME SOUBORY COOKIE<\/strong><\/h4>\n<p>Soubor cookie je mal\u00fd soubor, kter\u00fd \u017e\u00e1d\u00e1 o povolen\u00ed k um\u00edst\u011bn\u00ed na pevn\u00fd disk va\u0161eho po\u010d\u00edta\u010de. Jakmile souhlas\u00edte, soubor se p\u0159id\u00e1 a pom\u00e1h\u00e1 analyzovat webov\u00fd provoz nebo informuje o n\u00e1v\u0161t\u011bv\u011b ur\u010dit\u00e9ho webu. Soubory cookie umo\u017e\u0148uj\u00ed webov\u00fdm aplikac\u00edm reagovat na v\u00e1s jako na jednotlivce. Webov\u00e1 aplikace m\u016f\u017ee d\u00edky shroma\u017e\u010fov\u00e1n\u00ed a zapamatov\u00e1n\u00ed informac\u00ed o va\u0161ich preferenc\u00edch p\u0159izp\u016fsobit sv\u00e9 operace va\u0161im pot\u0159eb\u00e1m, z\u00e1lib\u00e1m a nelibosti.<\/p>\n<p>K identifikaci pou\u017e\u00edvan\u00fdch str\u00e1nek pou\u017e\u00edv\u00e1me soubory cookie protokolu n\u00e1v\u0161t\u011bvnosti. To n\u00e1m pom\u00e1h\u00e1 analyzovat \u00fadaje o n\u00e1v\u0161t\u011bvnosti webov\u00fdch str\u00e1nek a zlep\u0161ovat na\u0161e webov\u00e9 str\u00e1nky, abychom je p\u0159izp\u016fsobili pot\u0159eb\u00e1m z\u00e1kazn\u00edk\u016f. Tyto informace pou\u017e\u00edv\u00e1me pouze pro \u00fa\u010dely statistick\u00e9 anal\u00fdzy a pot\u00e9 jsou data ze syst\u00e9mu odstran\u011bna.<\/p>\n<p>Soubory cookie n\u00e1m celkov\u011b pom\u00e1haj\u00ed poskytovat v\u00e1m lep\u0161\u00ed webov\u00e9 str\u00e1nky, proto\u017ee n\u00e1m umo\u017e\u0148uj\u00ed sledovat, kter\u00e9 str\u00e1nky pova\u017eujete za u\u017eite\u010dn\u00e9 a kter\u00e9 nikoli. Soubor cookie n\u00e1m v \u017e\u00e1dn\u00e9m p\u0159\u00edpad\u011b neposkytuje p\u0159\u00edstup k va\u0161emu po\u010d\u00edta\u010di ani \u017e\u00e1dn\u00e9 informace o v\u00e1s, krom\u011b \u00fadaj\u016f, kter\u00e9 jste se rozhodli s n\u00e1mi sd\u00edlet.<\/p>\n<p>Soubory cookie m\u016f\u017eete p\u0159ijmout nebo odm\u00edtnout. V\u011bt\u0161ina webov\u00fdch prohl\u00ed\u017ee\u010d\u016f soubory cookie automaticky p\u0159ij\u00edm\u00e1, ale pokud si to p\u0159ejete, m\u016f\u017eete obvykle zm\u011bnit nastaven\u00ed prohl\u00ed\u017ee\u010de a soubory cookie odm\u00edtnout. To v\u00e1m m\u016f\u017ee zabr\u00e1nit v pln\u00e9m vyu\u017e\u00edv\u00e1n\u00ed v\u00fdhod webov\u00fdch str\u00e1nek.<\/p>\n<h4><strong>ODKAZY NA DAL\u0160\u00cd WEBOV\u00c9 STR\u00c1NKY<\/strong><\/h4>\n<p>Na\u0161e webov\u00e9 str\u00e1nky mohou obsahovat odkazy na jin\u00e9 zaj\u00edmav\u00e9 webov\u00e9 str\u00e1nky. Jakmile v\u0161ak tyto odkazy pou\u017eijete a opust\u00edte na\u0161e str\u00e1nky, m\u011bli byste vz\u00edt na v\u011bdom\u00ed, \u017ee nad t\u011bmito jin\u00fdmi webov\u00fdmi str\u00e1nkami nem\u00e1me \u017e\u00e1dnou kontrolu. Proto nem\u016f\u017eeme b\u00fdt zodpov\u011bdn\u00ed za ochranu a soukrom\u00ed jak\u00fdchkoli informac\u00ed, kter\u00e9 poskytnete p\u0159i n\u00e1v\u0161t\u011bv\u011b t\u011bchto str\u00e1nek, a tyto str\u00e1nky se ne\u0159\u00edd\u00ed t\u00edmto prohl\u00e1\u0161en\u00edm o ochran\u011b osobn\u00edch \u00fadaj\u016f. M\u011bli byste b\u00fdt obez\u0159etn\u00ed a pod\u00edvat se na prohl\u00e1\u0161en\u00ed o ochran\u011b osobn\u00edch \u00fadaj\u016f platn\u00e9 pro danou webovou str\u00e1nku.<\/p>\n<h4><strong>KONTROLA VA\u0160ICH OSOBN\u00cdCH \u00daDAJ\u016e<\/strong><\/h4>\n<p>Shroma\u017e\u010fov\u00e1n\u00ed nebo pou\u017e\u00edv\u00e1n\u00ed sv\u00fdch osobn\u00edch \u00fadaj\u016f m\u016f\u017eete omezit n\u00e1sleduj\u00edc\u00edmi zp\u016fsoby:<\/p>\n<ul>\n<li>kdykoli budete po\u017e\u00e1d\u00e1ni o vypln\u011bn\u00ed formul\u00e1\u0159e na webov\u00fdch str\u00e1nk\u00e1ch, vyhledejte pol\u00ed\u010dko, na kter\u00e9 m\u016f\u017eete kliknout, abyste uvedli, \u017ee si nep\u0159ejete, aby tyto informace kdokoli pou\u017e\u00edval pro \u00fa\u010dely p\u0159\u00edm\u00e9ho marketingu.<\/li>\n<li>pokud jste d\u0159\u00edve souhlasili s pou\u017eit\u00edm va\u0161ich osobn\u00edch \u00fadaj\u016f pro \u00fa\u010dely p\u0159\u00edm\u00e9ho marketingu, m\u016f\u017eete sv\u016fj n\u00e1zor kdykoli zm\u011bnit zasl\u00e1n\u00edm e-mailu prost\u0159ednictv\u00edm str\u00e1nky Kontaktujte n\u00e1s.<\/li>\n<\/ul>\n<p>Va\u0161e osobn\u00ed \u00fadaje neprod\u00e1v\u00e1me, ne\u0161\u00ed\u0159\u00edme ani nepronaj\u00edm\u00e1me t\u0159et\u00edm stran\u00e1m, pokud k tomu nem\u00e1me va\u0161e svolen\u00ed nebo pokud n\u00e1m to neukl\u00e1d\u00e1 z\u00e1kon. Va\u0161e osobn\u00ed \u00fadaje m\u016f\u017eeme pou\u017e\u00edt k zas\u00edl\u00e1n\u00ed propaga\u010dn\u00edch informac\u00ed o t\u0159et\u00edch stran\u00e1ch, o kter\u00fdch si mysl\u00edme, \u017ee by v\u00e1s mohly zaj\u00edmat, pokud n\u00e1m sd\u011bl\u00edte, \u017ee si to p\u0159ejete.<\/p>\n<p>Pokud se domn\u00edv\u00e1te, \u017ee informace, kter\u00e9 o v\u00e1s uchov\u00e1v\u00e1me, jsou nespr\u00e1vn\u00e9 nebo ne\u00fapln\u00e9, napi\u0161te n\u00e1m na adresu nebo. <a href=\"mailto:support@rxchemlab.com\">po\u0161lete n\u00e1m e-mail<\/a> co nejd\u0159\u00edve na v\u00fd\u0161e uvedenou adresu. Ve\u0161ker\u00e9 zji\u0161t\u011bn\u00e9 nespr\u00e1vn\u00e9 informace neprodlen\u011b oprav\u00edme.<\/p>\n<p>&nbsp;<\/p>","protected":false},"excerpt":{"rendered":"<p>Tyto z\u00e1sady ochrany osobn\u00edch \u00fadaj\u016f stanov\u00ed, jak spole\u010dnost Rxchemlab.com pou\u017e\u00edv\u00e1 a chr\u00e1n\u00ed ve\u0161ker\u00e9 informace, kter\u00e9 spole\u010dnosti Rxchemlab.com poskytnete p\u0159i pou\u017e\u00edv\u00e1n\u00ed tohoto webu.<\/p>","protected":false},"author":334,"featured_media":0,"parent":0,"menu_order":0,"comment_status":"closed","ping_status":"open","template":"","meta":{"footnotes":""},"class_list":["post-3","page","type-page","status-publish","hentry"],"jetpack_sharing_enabled":true,"_links":{"self":[{"href":"https:\/\/rezeptfrei-apotheke.net\/cs\/wp-json\/wp\/v2\/pages\/3","targetHints":{"allow":["GET"]}}],"collection":[{"href":"https:\/\/rezeptfrei-apotheke.net\/cs\/wp-json\/wp\/v2\/pages"}],"about":[{"href":"https:\/\/rezeptfrei-apotheke.net\/cs\/wp-json\/wp\/v2\/types\/page"}],"author":[{"embeddable":true,"href":"https:\/\/rezeptfrei-apotheke.net\/cs\/wp-json\/wp\/v2\/users\/334"}],"replies":[{"embeddable":true,"href":"https:\/\/rezeptfrei-apotheke.net\/cs\/wp-json\/wp\/v2\/comments?post=3"}],"version-history":[{"count":4,"href":"https:\/\/rezeptfrei-apotheke.net\/cs\/wp-json\/wp\/v2\/pages\/3\/revisions"}],"predecessor-version":[{"id":9984,"href":"https:\/\/rezeptfrei-apotheke.net\/cs\/wp-json\/wp\/v2\/pages\/3\/revisions\/9984"}],"wp:attachment":[{"href":"https:\/\/rezeptfrei-apotheke.net\/cs\/wp-json\/wp\/v2\/media?parent=3"}],"curies":[{"name":"wp","href":"https:\/\/api.w.org\/{rel}","templated":true}]}}