{"id":7383,"date":"2022-02-27T16:39:11","date_gmt":"2022-02-27T16:39:11","guid":{"rendered":"https:\/\/rezeptfrei-apotheke.net\/?page_id=7383"},"modified":"2026-02-16T10:46:28","modified_gmt":"2026-02-16T10:46:28","slug":"terms-and-conditions","status":"publish","type":"page","link":"https:\/\/rezeptfrei-apotheke.net\/cs\/terms-and-conditions\/","title":{"rendered":"Podm\u00ednky a pravidla"},"content":{"rendered":"<h2>Obecn\u00e9<\/h2>\n<ol>\n<li>Pou\u017e\u00edv\u00e1n\u00edm webov\u00fdch str\u00e1nek, produkt\u016f a slu\u017eeb nab\u00edzen\u00fdch spole\u010dnost\u00ed Rxchemlab.com (\"<a href=\"http:\/\/rxchemlab.com\/\" target=\"_blank\" rel=\"noopener\">Rc chem obchod<\/a>\") nebo p\u0159i komunikaci se spole\u010dnost\u00ed za \u00fa\u010delem dotazu nebo diskuse o objedn\u00e1vce souhlas\u00edte s t\u011bmito podm\u00ednkami v pln\u00e9m rozsahu. Spole\u010dnost si vyhrazuje pr\u00e1vo tyto podm\u00ednky \u010das od \u010dasu zm\u011bnit bez p\u0159edchoz\u00edho upozorn\u011bn\u00ed.<\/li>\n<li>V\u0161echny produkty se prod\u00e1vaj\u00ed pouze pro v\u00fdzkumn\u00e9 \u00fa\u010dely. Nejsou ur\u010deny pro lidskou spot\u0159ebu ani pro jakoukoli formu v\u00fdzkumu in vivo nebo pokus\u016f.<\/li>\n<li>Souhlas\u00edte s t\u00edm, \u017ee nebudete \u010dinit spole\u010dnost odpov\u011bdnou za jakoukoli \u0161kodu zp\u016fsobenou nespr\u00e1vn\u00fdm pou\u017e\u00edv\u00e1n\u00edm prod\u00e1van\u00fdch v\u00fdrobk\u016f. Je va\u0161\u00ed odpov\u011bdnost\u00ed zkontrolovat, zda je obsah va\u0161\u00ed objedn\u00e1vky leg\u00e1ln\u00ed dov\u00e1\u017eet, vlastnit a pou\u017e\u00edvat k zam\u00fd\u0161len\u00e9mu \u00fa\u010delu ve va\u0161\u00ed zemi nebo regionu. Spole\u010dnost nep\u0159eb\u00edr\u00e1 \u017e\u00e1dnou odpov\u011bdnost za jak\u00e9koli objedn\u00e1vky nebo opat\u0159en\u00ed p\u0159ijat\u00e1 v souvislosti s jejich n\u00e1kupem nebo dovozem. V\u00fdrobky prod\u00e1van\u00e9 spole\u010dnost\u00ed nejsou ur\u010deny pro n\u00e1kup, dr\u017een\u00ed nebo pou\u017e\u00edv\u00e1n\u00ed osobami mlad\u0161\u00edmi 18 let a vy souhlas\u00edte s t\u00edm, \u017ee nejste pod touto v\u011bkovou hranic\u00ed, ani neobjedn\u00e1v\u00e1te jm\u00e9nem nebo za \u00fa\u010delem dod\u00e1n\u00ed osob\u00e1m, kter\u00e9 jsou mlad\u0161\u00ed 18 let. Objedn\u00e1n\u00edm potvrzujete, \u017ee jste v dobr\u00e9 v\u00ed\u0159e v\u00fdzkumn\u00fdm \u00fastavem, v\u011bdeck\u00fdm pracovn\u00edkem nebo studentem chemie. V\u0161echny slou\u010deniny jsou dod\u00e1v\u00e1ny v\u00fdhradn\u011b pro laboratorn\u00ed v\u00fdzkumn\u00e9 \u00fa\u010dely, p\u0159edev\u0161\u00edm pro testov\u00e1n\u00ed \u010dinidel a referen\u010dn\u00ed GC\/MS, v dob\u0159e vybaven\u00fdch za\u0159\u00edzen\u00edch s ve\u0161ker\u00fdm nezbytn\u00fdm bezpe\u010dnostn\u00edm vybaven\u00edm a postupy.<\/li>\n<li>Souhlas\u00edte tak\u00e9 s t\u00edm, \u017ee provedete posouzen\u00ed rizik slou\u010denin a zp\u016fsobu, jak\u00fdm maj\u00ed b\u00fdt pou\u017eity, a \u017ee nebudete prov\u00e1d\u011bt ani nedovol\u00edte prov\u00e1d\u011bt \u017e\u00e1dn\u00e9 \u010dinnosti, kter\u00e9 by mohly zp\u016fsobit \u0161kodu nebo zv\u00fd\u0161en\u00e9 riziko \u010di \u00fajmu jak\u00e9hokoli druhu osob\u00e1m nebo majetku. Souhlas\u00edte s t\u00edm, \u017ee zavedete p\u0159\u00edsn\u00e9 postupy t\u00fdkaj\u00edc\u00ed se manipulace s l\u00e1tkami i jejich pou\u017e\u00edv\u00e1n\u00ed ve va\u0161\u00ed organizaci nebo za\u0159\u00edzen\u00ed, abyste zabr\u00e1nili jak\u00e9mukoli nespr\u00e1vn\u00e9mu pou\u017eit\u00ed nebo po\u0161kozen\u00ed. Krom\u011b toho si p\u0159ed objedn\u00e1n\u00edm opat\u0159\u00edte v\u0161echny pot\u0159ebn\u00e9 bezpe\u010dnostn\u00ed informace a v\u0161echny materi\u00e1ly ozna\u010d\u00edte podle pot\u0159eby.<\/li>\n<li>Spole\u010dnost si vyhrazuje pr\u00e1vo odm\u00edtnout slu\u017ebu komukoli, kdo je podez\u0159el\u00fd ze zneu\u017eit\u00ed jej\u00edch v\u00fdrobk\u016f, p\u0159i\u010dem\u017e v takov\u00e9m p\u0159\u00edpad\u011b bude vr\u00e1cena pln\u00e1 \u010d\u00e1stka, pokud byla objedn\u00e1vka zaplacena, ale nebyla odesl\u00e1na. U\u017eivatel\u016fm bude v takov\u00e9m p\u0159\u00edpad\u011b zak\u00e1z\u00e1n p\u0159\u00edstup na str\u00e1nky.<\/li>\n<li>Z\u0159eknut\u00ed se patentov\u00e9 ochrany - V\u0161echny produkty jsou nab\u00edzeny s v\u00fdhradou patentov\u00fdch omezen\u00ed na va\u0161em \u00fazem\u00ed. Spole\u010dnost nezaru\u010duje, \u017ee pou\u017e\u00edv\u00e1n\u00ed nebo prodej dod\u00e1van\u00fdch v\u00fdrobk\u016f neporu\u0161uje n\u00e1roky jak\u00e9hokoli evropsk\u00e9ho nebo jin\u00e9ho patentu (patent\u016f), kter\u00fd se vztahuje na samotn\u00fd v\u00fdrobek nebo na jeho pou\u017eit\u00ed v kombinaci s jin\u00fdmi v\u00fdrobky nebo p\u0159i prov\u00e1d\u011bn\u00ed jak\u00e9hokoli procesu.<\/li>\n<li>Spole\u010dnost nep\u0159eb\u00edr\u00e1 \u017e\u00e1dnou odpov\u011bdnost za z\u00e1silky, kter\u00e9 se dostanou do po\u0161tovn\u00edho syst\u00e9mu. V\u00fdjimkou jsou p\u0159\u00edpady, kdy je objedn\u00e1vka pod\u00e1na sledovanou metodou, nap\u0159\u00edklad doporu\u010denou po\u0161tou; objedn\u00e1vky odeslan\u00e9 v\u00fd\u0161e uveden\u00fdmi slu\u017ebami budou v p\u0159\u00edpad\u011b, \u017ee se ztrat\u00ed, na z\u00e1klad\u011b potvrzen\u00ed po\u0161ty bezplatn\u011b nahrazeny a znovu odesl\u00e1ny. Objedn\u00e1vky zabaven\u00e9 celn\u00edmi org\u00e1ny nebudou nahrazeny, a\u0165 u\u017e byly odesl\u00e1ny jakkoli - je odpov\u011bdnost\u00ed z\u00e1kazn\u00edka, aby se ujistil, \u017ee m\u00e1 z\u00e1konn\u00e9 opr\u00e1vn\u011bn\u00ed a v\u0161echny licence pot\u0159ebn\u00e9 k dovozu a dr\u017een\u00ed v\u00fdrobk\u016f, kter\u00e9 kupuje, do sv\u00e9 zem\u011b, a aby jednal se sv\u00fdmi celn\u00edmi z\u00e1stupci, pokud dojde k nespr\u00e1vn\u00e9mu zabaven\u00ed.<\/li>\n<li>Rxchemlab.com nezas\u00edl\u00e1 \u017e\u00e1dn\u00e9 produkty do USA ani do Ruska. Jak\u00e1koli objedn\u00e1vka z t\u011bchto oblast\u00ed bude zru\u0161ena.<\/li>\n<li>Pokud soud uzn\u00e1 n\u011bkterou z podm\u00ednek nebo \u010d\u00e1st t\u011bchto podm\u00ednek za nep\u0159edv\u00eddatelnou, potvrzujete, \u017ee zcela souhlas\u00edte s t\u00edm, \u017ee zb\u00fdvaj\u00edc\u00ed podm\u00ednky nebo \u010d\u00e1sti podm\u00ednek z\u016fst\u00e1vaj\u00ed platn\u00e9 a \u00fa\u010dinn\u00e9.<\/li>\n<\/ol>\n<h2>Dod\u00e1vky a p\u0159eprava<\/h2>\n<ol>\n<li><strong>Sledovac\u00ed k\u00f3dy<\/strong>\n<ol>\n<li>Sledovac\u00ed k\u00f3dy se v m\u00edst\u011b objedn\u00e1vky neposkytuj\u00ed. Budou v\u00e1m zasl\u00e1ny e-mailem, jakmile bude v\u00e1\u0161 bal\u00ed\u010dek vyzvednut na\u0161\u00edm kur\u00fdrem. Vy\u010dkejte pros\u00edm na tento <a href=\"mailto:support@rxchemlab.com\">po\u0161lete n\u00e1m e-mail<\/a>.<\/li>\n<\/ol>\n<\/li>\n<li><strong>Poji\u0161t\u011bn\u00e9 dod\u00e1n\u00ed<\/strong>\n<ol>\n<li>To v\u00e1s oprav\u0148uje pouze k 1 op\u011btovn\u00e9mu zasl\u00e1n\u00ed.<\/li>\n<li>P\u0159ed uplatn\u011bn\u00edm n\u00e1roku na op\u011btovn\u00e9 zasl\u00e1n\u00ed z\u00e1silky mus\u00edte po\u010dkat 60 dn\u00ed, ne\u017e z\u00e1silka doraz\u00ed.<\/li>\n<li>Reklamace mus\u00ed b\u00fdt pod\u00e1na nejpozd\u011bji do 90 dn\u016f od data objedn\u00e1vky. Vy\u010dkejte tedy 60 dn\u00ed a pot\u00e9 uplatn\u011bte reklamaci do n\u00e1sleduj\u00edc\u00edch 30 dn\u00ed.<\/li>\n<li>Reklamace, kter\u00e9 n\u00e1m budou doru\u010deny mezi 60 a 90 dny od data objedn\u00e1vky, budou zam\u00edtnuty.<\/li>\n<li>Pokud jste si zvolili sledovan\u00e9 a poji\u0161t\u011bn\u00e9 doru\u010den\u00ed a z\u00e1silka nedoraz\u00ed, proto\u017ee nen\u00ed ve va\u0161\u00ed zemi LEG\u00c1LN\u00cd, nebudeme ji znovu zas\u00edlat. P\u0159ed objedn\u00e1n\u00edm se ujist\u011bte, \u017ee je leg\u00e1ln\u00ed!<\/li>\n<li>Va\u0161e poji\u0161t\u011bn\u00e1 objedn\u00e1vka nebude znovu odesl\u00e1na, pokud nebude zadan\u00e1 adresa spr\u00e1vn\u00e1.<\/li>\n<li>Na z\u00e1silky, kter\u00e9 byly p\u0159i pokusu o doru\u010den\u00ed odm\u00edtnuty\/odm\u00edtnuty, se reklamace nevztahuje.<\/li>\n<li>Va\u0161e poji\u0161t\u011bn\u00e1 objedn\u00e1vka nebude znovu odesl\u00e1na, pokud dojde k pokusu o v\u00edcen\u00e1sobn\u00e9 doru\u010den\u00ed a vy se nedostav\u00edte k p\u0159evzet\u00ed z\u00e1silky, nebo pokud si z\u00e1silku mus\u00edte vyzvednout, ale nepokus\u00edte se ji vyzvednout na po\u0161t\u011b\/doru\u010dovac\u00ed spole\u010dnosti.<\/li>\n<li>Na z\u00e1silk\u00e1ch neuv\u00e1d\u00edme zp\u00e1te\u010dn\u00ed adresu, tak\u017ee v p\u0159\u00edpad\u011b v\u00fdskytu bodu 2.6 nebo 2.7 bude v\u00e1\u0161 bal\u00ed\u010dek nav\u017edy ztracen.<\/li>\n<\/ol>\n<\/li>\n<li><strong>Ot\u00e1zky t\u00fdkaj\u00edc\u00ed se p\u0159epravy\/doru\u010den\u00ed<\/strong>\n<ol>\n<li>Ve\u0161ker\u00e9 dotazy sm\u011b\u0159ujte na na\u0161e oper\u00e1tory Whatsapp.<\/li>\n<\/ol>\n<\/li>\n<\/ol>\n<p>&nbsp;<\/p>\n<p><strong>Posledn\u00ed aktualizace 18<\/strong><strong><sup>th<\/sup><\/strong><strong> listopad 2021<\/strong><\/p>\n<p>&nbsp;<\/p>","protected":false},"excerpt":{"rendered":"<p>General By using the website, products, and services offered by Rxchemlab.com (&#8220;Rc chem shop&#8220;), or when communicating with the company<\/p>","protected":false},"author":334,"featured_media":0,"parent":0,"menu_order":0,"comment_status":"closed","ping_status":"closed","template":"","meta":{"footnotes":""},"class_list":["post-7383","page","type-page","status-publish","hentry"],"jetpack_sharing_enabled":true,"_links":{"self":[{"href":"https:\/\/rezeptfrei-apotheke.net\/cs\/wp-json\/wp\/v2\/pages\/7383","targetHints":{"allow":["GET"]}}],"collection":[{"href":"https:\/\/rezeptfrei-apotheke.net\/cs\/wp-json\/wp\/v2\/pages"}],"about":[{"href":"https:\/\/rezeptfrei-apotheke.net\/cs\/wp-json\/wp\/v2\/types\/page"}],"author":[{"embeddable":true,"href":"https:\/\/rezeptfrei-apotheke.net\/cs\/wp-json\/wp\/v2\/users\/334"}],"replies":[{"embeddable":true,"href":"https:\/\/rezeptfrei-apotheke.net\/cs\/wp-json\/wp\/v2\/comments?post=7383"}],"version-history":[{"count":3,"href":"https:\/\/rezeptfrei-apotheke.net\/cs\/wp-json\/wp\/v2\/pages\/7383\/revisions"}],"predecessor-version":[{"id":7626,"href":"https:\/\/rezeptfrei-apotheke.net\/cs\/wp-json\/wp\/v2\/pages\/7383\/revisions\/7626"}],"wp:attachment":[{"href":"https:\/\/rezeptfrei-apotheke.net\/cs\/wp-json\/wp\/v2\/media?parent=7383"}],"curies":[{"name":"wp","href":"https:\/\/api.w.org\/{rel}","templated":true}]}}