{"id":8298,"date":"2023-10-21T10:56:57","date_gmt":"2023-10-21T10:56:57","guid":{"rendered":"https:\/\/rezeptfrei-apotheke.net\/?post_type=product&#038;p=8298"},"modified":"2025-05-07T11:15:30","modified_gmt":"2025-05-07T11:15:30","slug":"3d-mxe","status":"publish","type":"product","link":"https:\/\/rezeptfrei-apotheke.net\/cs\/product\/3d-mxe\/","title":{"rendered":"3D-MXE"},"content":{"rendered":"<p>panaceachems.com nab\u00edz\u00ed produkty, kter\u00e9 nejsou ur\u010deny pro lidskou spot\u0159ebu. Pokud tento produkt (ne\u00famysln\u011b) po\u017eijete, m\u016f\u017ee to m\u00edt v\u00e1\u017en\u00e9 zdravotn\u00ed n\u00e1sledky<\/p>","protected":false},"excerpt":{"rendered":"<p><strong>N\u00e1zev IUPAC: <\/strong>2-(ethylamino)-2-(3-methylfenyl)cyklohexanon hcl<\/p>\n<p><strong>Jin\u00e9 jm\u00e9no: <\/strong>DMXE<\/p>\n<p><strong>Vzhled: <\/strong>pr\u00e1\u0161ek<\/p>\n<p><strong>Formul\u00e1\u0159: <\/strong>HCL<\/p>","protected":false},"featured_media":8324,"comment_status":"open","ping_status":"closed","template":"","meta":[],"product_brand":[],"product_cat":[90],"product_tag":[],"class_list":{"0":"post-8298","1":"product","2":"type-product","3":"status-publish","4":"has-post-thumbnail","6":"product_cat-buy-dissociatives","8":"first","9":"instock","10":"shipping-taxable","11":"purchasable","12":"product-type-variable"},"jetpack_sharing_enabled":true,"_links":{"self":[{"href":"https:\/\/rezeptfrei-apotheke.net\/cs\/wp-json\/wp\/v2\/product\/8298","targetHints":{"allow":["GET"]}}],"collection":[{"href":"https:\/\/rezeptfrei-apotheke.net\/cs\/wp-json\/wp\/v2\/product"}],"about":[{"href":"https:\/\/rezeptfrei-apotheke.net\/cs\/wp-json\/wp\/v2\/types\/product"}],"replies":[{"embeddable":true,"href":"https:\/\/rezeptfrei-apotheke.net\/cs\/wp-json\/wp\/v2\/comments?post=8298"}],"wp:featuredmedia":[{"embeddable":true,"href":"https:\/\/rezeptfrei-apotheke.net\/cs\/wp-json\/wp\/v2\/media\/8324"}],"wp:attachment":[{"href":"https:\/\/rezeptfrei-apotheke.net\/cs\/wp-json\/wp\/v2\/media?parent=8298"}],"wp:term":[{"taxonomy":"product_brand","embeddable":true,"href":"https:\/\/rezeptfrei-apotheke.net\/cs\/wp-json\/wp\/v2\/product_brand?post=8298"},{"taxonomy":"product_cat","embeddable":true,"href":"https:\/\/rezeptfrei-apotheke.net\/cs\/wp-json\/wp\/v2\/product_cat?post=8298"},{"taxonomy":"product_tag","embeddable":true,"href":"https:\/\/rezeptfrei-apotheke.net\/cs\/wp-json\/wp\/v2\/product_tag?post=8298"}],"curies":[{"name":"wp","href":"https:\/\/api.w.org\/{rel}","templated":true}]}}