{"id":8305,"date":"2023-10-21T10:56:58","date_gmt":"2023-10-21T10:56:58","guid":{"rendered":"https:\/\/rezeptfrei-apotheke.net\/?post_type=product&#038;p=8305"},"modified":"2023-10-21T10:58:36","modified_gmt":"2023-10-21T10:58:36","slug":"dck-dxe","status":"publish","type":"product","link":"https:\/\/rezeptfrei-apotheke.net\/cs\/product\/dck-dxe\/","title":{"rendered":"DCK (DXE)"},"content":{"rendered":"<p>panaceachems.com nab\u00edz\u00ed produkty, kter\u00e9 nejsou ur\u010deny pro lidskou spot\u0159ebu. Pokud tento produkt (ne\u00famysln\u011b) po\u017eijete, m\u016f\u017ee to m\u00edt v\u00e1\u017en\u00e9 zdravotn\u00ed n\u00e1sledky.<\/p>","protected":false},"excerpt":{"rendered":"<p><strong>N\u00e1zev IUPAC: <\/strong>2-(methylamino)-2-fenylcyklohexanon, monohydrochlorid<\/p>\n<p><strong>CAS # <\/strong>4631-27-0<\/p>\n<p><strong>Jin\u00e9 jm\u00e9no: <\/strong>\u2013 2\u2032-Oxo-PCM \u2013 O-PCM<\/p>\n<p><strong>Vzhled: <\/strong>krystal<\/p>\n<p><strong>Formul\u00e1\u0159: <\/strong>HCL<\/p>\n<p><strong>NMR anal\u00fdza: <\/strong>C13H17NO<\/p>","protected":false},"featured_media":8338,"comment_status":"open","ping_status":"closed","template":"","meta":[],"product_brand":[],"product_cat":[90],"product_tag":[],"class_list":{"0":"post-8305","1":"product","2":"type-product","3":"status-publish","4":"has-post-thumbnail","6":"product_cat-buy-dissociatives","8":"first","9":"instock","10":"shipping-taxable","11":"purchasable","12":"product-type-variable"},"jetpack_sharing_enabled":true,"_links":{"self":[{"href":"https:\/\/rezeptfrei-apotheke.net\/cs\/wp-json\/wp\/v2\/product\/8305","targetHints":{"allow":["GET"]}}],"collection":[{"href":"https:\/\/rezeptfrei-apotheke.net\/cs\/wp-json\/wp\/v2\/product"}],"about":[{"href":"https:\/\/rezeptfrei-apotheke.net\/cs\/wp-json\/wp\/v2\/types\/product"}],"replies":[{"embeddable":true,"href":"https:\/\/rezeptfrei-apotheke.net\/cs\/wp-json\/wp\/v2\/comments?post=8305"}],"wp:featuredmedia":[{"embeddable":true,"href":"https:\/\/rezeptfrei-apotheke.net\/cs\/wp-json\/wp\/v2\/media\/8338"}],"wp:attachment":[{"href":"https:\/\/rezeptfrei-apotheke.net\/cs\/wp-json\/wp\/v2\/media?parent=8305"}],"wp:term":[{"taxonomy":"product_brand","embeddable":true,"href":"https:\/\/rezeptfrei-apotheke.net\/cs\/wp-json\/wp\/v2\/product_brand?post=8305"},{"taxonomy":"product_cat","embeddable":true,"href":"https:\/\/rezeptfrei-apotheke.net\/cs\/wp-json\/wp\/v2\/product_cat?post=8305"},{"taxonomy":"product_tag","embeddable":true,"href":"https:\/\/rezeptfrei-apotheke.net\/cs\/wp-json\/wp\/v2\/product_tag?post=8305"}],"curies":[{"name":"wp","href":"https:\/\/api.w.org\/{rel}","templated":true}]}}