{"id":8309,"date":"2023-10-21T10:56:58","date_gmt":"2023-10-21T10:56:58","guid":{"rendered":"https:\/\/rezeptfrei-apotheke.net\/?post_type=product&#038;p=8309"},"modified":"2023-10-21T10:58:37","modified_gmt":"2023-10-21T10:58:37","slug":"2-fdck","status":"publish","type":"product","link":"https:\/\/rezeptfrei-apotheke.net\/cs\/product\/2-fdck\/","title":{"rendered":"2-FDCK"},"content":{"rendered":"<h2>Obecn\u00e9 informace o 2 fdck<\/h2>\n<p>2-Fluorodeschlorketamin, tak\u00e9 zn\u00e1m\u00fd jako 2-FDCK a 2&#039;-Fl-2-Oxo-PCM, Fluoroketamin, je syntetick\u00e1 v\u00fdzkumn\u00e1 chemik\u00e1lie. Poprv\u00e9 byl pops\u00e1n ve v\u00fdzkumn\u00e9m dokumentu z roku 2013 jako sou\u010d\u00e1st snahy o synt\u00e9zu a hodnocen\u00ed nov\u00fdch v\u00fdzkumn\u00fdch chemik\u00e1li\u00ed na b\u00e1zi ketaminu a jeho analog\u016f. Ketamin byl p\u0159edstaven v roce 1964 a schv\u00e1len pro klinick\u00e9 pou\u017eit\u00ed v roce 1970 a stal se jednou z nejd\u016fle\u017eit\u011bj\u0161\u00edch a \u0161iroce studovan\u00fdch chemick\u00fdch l\u00e1tek pro obecn\u00fd v\u00fdzkum.<\/p>\n<p>Obecn\u00e1 struktura ketaminu a jeho analog\u016f obsahuje cyklohexylaminovou jednotku s arylovou skupinou nav\u00e1zanou na stejn\u00fd uhl\u00edk jako amin. V p\u0159\u00edpad\u011b 2-FDCK m\u00e1 o-fluorfenylovou skupinu jako arylov\u00fd substituent a aminov\u00e1 skupina je methylov\u00e1na. Cyklohexylov\u00fd kruh 2-FDCK nav\u00edc obsahuje ketonovou skupinu soused\u00edc\u00ed s aminovou polohou.<\/p>\n<p>Chemick\u00e1 struktura 2-FDCK se li\u0161\u00ed od ketaminu pouze v p\u0159\u00edtomnosti atomu fluoru p\u0159ipojen\u00e9ho k fenylov\u00e9 skupin\u011b. Tato nepatrn\u00e1 \u00faprava m\u016f\u017ee v\u00fdznamn\u011b ovlivnit vlastnosti a \u00fa\u010dinky slou\u010deniny.<\/p>\n<p>&nbsp;<\/p>\n<h3>Chemick\u00e9 slo\u017een\u00ed 2 fdck<\/h3>\n<p>2-Fluorodeschlorketamin (2-FDCK) je v\u00fdzkumn\u00e1 chemik\u00e1lie a jej\u00ed chemick\u00e9 slo\u017een\u00ed je:<\/p>\n<p>Chemick\u00fd n\u00e1zev: 2-Fluorodeschlorketamin (2-FDCK)<\/p>\n<p>Chemick\u00fd vzorec: C13H16FNO<\/p>\n<p>Molekulov\u00e1 hmotnost: 221,28 g\/mol<\/p>\n<p>Rozhodn\u011b! Chemick\u00fd vzorec C13H16FNO p\u0159edstavuje molekul\u00e1rn\u00ed slo\u017een\u00ed slou\u010deniny. Poj\u010fme si to rozebrat, abychom pochopili jednotliv\u00e9 slo\u017eky:<\/p>\n<p>C: P\u0159edstavuje uhl\u00edk. Uhl\u00edk je z\u00e1kladn\u00edm prvkem organick\u00fdch slou\u010denin a tvo\u0159\u00ed p\u00e1te\u0159 mnoha molekul.<\/p>\n<p>H: P\u0159edstavuje vod\u00edk. Vod\u00edk je nejroz\u0161\u00ed\u0159en\u011bj\u0161\u00edm prvkem ve vesm\u00edru a b\u011b\u017en\u011b se vyskytuje v organick\u00fdch slou\u010denin\u00e1ch a mnoha dal\u0161\u00edch l\u00e1tk\u00e1ch.<\/p>\n<p>F: P\u0159edstavuje fluor. Fluor je halogenov\u00fd prvek zn\u00e1m\u00fd pro svou vysokou elektronegativitu, kter\u00e1 m\u00e1 tendenci p\u0159itahovat elektrony v chemick\u00fdch vazb\u00e1ch.<\/p>\n<p>N: P\u0159edstavuje dus\u00edk. Dus\u00edk je dal\u0161\u00edm z\u00e1kladn\u00edm prvkem nach\u00e1zej\u00edc\u00edm se v organick\u00fdch slou\u010denin\u00e1ch a hraje kl\u00ed\u010dovou roli v mnoha biologick\u00fdch procesech.<\/p>\n<p>O: P\u0159edstavuje kysl\u00edk. Kysl\u00edk je nezbytn\u00fd pro podporu \u017eivota a zahrnuje r\u016fzn\u00e9 chemick\u00e9 reakce, v\u010detn\u011b d\u00fdch\u00e1n\u00ed a spalov\u00e1n\u00ed.<\/p>\n<p>&nbsp;<\/p>\n<p>Kdy\u017e to d\u00e1me dohromady, C13H16FNO popisuje specifick\u00e9 molekul\u00e1rn\u00ed uspo\u0159\u00e1d\u00e1n\u00ed, kter\u00e9 obsahuje t\u0159in\u00e1ct atom\u016f uhl\u00edku, \u0161estn\u00e1ct atom\u016f vod\u00edku, jeden atom fluoru, jeden atom dus\u00edku a jeden atom kysl\u00edku.<\/p>\n<p>&nbsp;<\/p>\n<h3>Koupit vysoce kvalitn\u00ed 2 fdck hcl.<\/h3>\n<p>Spole\u010dnost Panacea Chems se r\u016fzn\u011b dlouho anga\u017euje v pr\u016fmyslu v\u00fdzkumn\u00fdch chemick\u00fdch pl\u00e1n\u016f a zapojuje n\u00e1s, abychom zajistili to nejlep\u0161\u00ed z t\u011bchto v\u00fdzkumn\u00fdch chemik\u00e1li\u00ed. N\u00e1kup 2 fdck hcl je nezbytn\u00fd a m\u00e1 \u0161pi\u010dkovou kvalitu. N\u00e1kup 2 fdck hcl je ni\u017e\u0161\u00ed ne\u017e u r\u016fzn\u00fdch organizac\u00ed.<\/p>\n<p>V\u00fdzkumn\u00e9 chemik\u00e1lie, v\u010detn\u011b 2 fdck hcl, spl\u0148uj\u00ed v\u0161echny bezpe\u010dnostn\u00ed po\u017eadavky. V\u00fdzkumn\u00e9 chemik\u00e1lie jsou pe\u010dliv\u011b distribuov\u00e1ny a manipulov\u00e1no na skv\u011bl\u00e9m such\u00e9m m\u00edst\u011b.<\/p>\n<p>V\u0161echny produkty jsou pravideln\u011b kontrolov\u00e1ny na kvalitu, \u010distotu a bezpe\u010dnost. Slou\u017e\u00ed pouze pro v\u00fdzkumn\u00e9 \u00fa\u010dely.<\/p>\n<p>Na\u0161e produkty maj\u00ed spravedlivou cenu a m\u016f\u017eete si koupit 2 fdck hcl online za velmi n\u00edzk\u00e9 ceny.<\/p>\n<p>&nbsp;<\/p>\n<h3>Laboratorn\u011b testov\u00e1no 2 fdck s v\u00fdsledky.<\/h3>\n<p>P\u0159ed\u011bl\u00e1v\u00e1 pokrok sm\u011brem k obecn\u00e9mu napln\u011bn\u00ed sv\u00fdch klient\u016f. R\u016fzn\u00e9 pr\u016fzkumy uk\u00e1zaly, \u017ee klienti p\u0159ed n\u00e1kupem syntetick\u00fdch v\u00fdzkumn\u00fdch chemik\u00e1li\u00ed po\u017eaduj\u00ed tolik dat, kolik se o\u010dek\u00e1valo. Krom\u011b toho zve\u0159ej\u0148ujeme v\u0161echny laboratorn\u00ed d\u016fsledky ka\u017ed\u00e9 vy\u0161et\u0159ovac\u00ed slou\u010deniny v z\u00e1znamu PDF.<\/p>\n<p>Na\u0161e 2 fdck n\u00e1kupy online d\u016fsledn\u011b spl\u0148uj\u00ed aktivn\u00ed slo\u017eky a mohou je vid\u011bt v\u0161ichni.<\/p>\n<p>V\u0161echny laboratorn\u00ed d\u016fsledky ka\u017ed\u00e9 v\u00fdzkumn\u00e9 chemik\u00e1lie distribuujeme v dokumentu PDF.<\/p>\n<p>&nbsp;<\/p>\n<h3>Bezpe\u010dn\u011b objednejte ze 2 fdck krystal\u016f.<\/h3>\n<p>V\u00fdzkumn\u00e9 chemik\u00e1lie TRRC SHOP maj\u00ed vynikaj\u00edc\u00ed kvalitu a p\u0159im\u011b\u0159enou cenu. Proto, kdy\u017e si vy\u017e\u00e1d\u00e1te sv\u00e9 v\u00fdzkumn\u00e9 chemik\u00e1lie v TRRC SHOP, garantujeme, \u017ee v\u00e1\u0161 po\u017eadavek doru\u010d\u00edme rychle a bezpe\u010dn\u011b a\u017e k v\u00e1m dom\u016f, proto\u017ee prodej v\u00fdzkumn\u00fdch chemik\u00e1li\u00ed je v\u017edy dostupn\u00fd v TRRC SHOP.<\/p>\n<p>Vy\u017e\u00e1d\u00e1n\u00ed syntetick\u00fdch v\u00fdzkumn\u00fdch slou\u010denin pomoc\u00ed bitcoin\u016f nebo bankovn\u00edm p\u0159evodem je v TRRC SHOP jednoduch\u00e9.<\/p>\n<p>V\u00fdzkumn\u00e9 chemik\u00e1lie odes\u00edl\u00e1me ve stejn\u00fd pracovn\u00ed den, pokud je platba p\u0159ijata do 15:00 SEL\u010c.<\/p>\n<p>Nedod\u00e1v\u00e1me zbo\u017e\u00ed osob\u00e1m mlad\u0161\u00edm 18 let!<\/p>\n<p>2 fdck krystaly na prodej jsou pouze pro v\u00fdzkumn\u00e9 \u00fa\u010dely.<\/p>\n<p>&nbsp;<\/p>\n<h3>Diskr\u00e9tn\u00ed p\u0159eprava v\u00fdzkumn\u00fdch chemik\u00e1li\u00ed.<\/h3>\n<p>TRRC SHOP va\u0161i objedn\u00e1vku bezpe\u010dn\u011b a bezpe\u010dn\u011b zabal\u00ed, aby byla zaji\u0161t\u011bna spr\u00e1vn\u00e1 p\u0159eprava. Nav\u00edc bal\u00edme perfektn\u011b stealth a navenek se neuk\u00e1\u017ee \u017e\u00e1dn\u00e1 zn\u00e1mka toho, co by mohlo b\u00fdt uvnit\u0159<\/p>","protected":false},"excerpt":{"rendered":"<p><strong>N\u00e1zev IUPAC: <\/strong>(R\/S)-2-(2-fluorfenyl)-2-(methylamino)cyklohexanon<\/p>\n<p><strong>CAS # <\/strong>111982-50-4<\/p>\n<p><strong>Jin\u00e9 jm\u00e9no: <\/strong>2-F-2&#039;-oxo-PCM<\/p>\n<p><strong>Vzhled: <\/strong>krystaly<\/p>\n<p><strong>Formul\u00e1\u0159: <\/strong>nula<\/p>\n<p><strong>NMR anal\u00fdza: <\/strong>C13H16FNO<\/p>","protected":false},"featured_media":8364,"comment_status":"open","ping_status":"closed","template":"","meta":[],"product_brand":[],"product_cat":[90],"product_tag":[],"class_list":{"0":"post-8309","1":"product","2":"type-product","3":"status-publish","4":"has-post-thumbnail","6":"product_cat-buy-dissociatives","8":"first","9":"instock","10":"shipping-taxable","11":"purchasable","12":"product-type-variable"},"jetpack_sharing_enabled":true,"_links":{"self":[{"href":"https:\/\/rezeptfrei-apotheke.net\/cs\/wp-json\/wp\/v2\/product\/8309","targetHints":{"allow":["GET"]}}],"collection":[{"href":"https:\/\/rezeptfrei-apotheke.net\/cs\/wp-json\/wp\/v2\/product"}],"about":[{"href":"https:\/\/rezeptfrei-apotheke.net\/cs\/wp-json\/wp\/v2\/types\/product"}],"replies":[{"embeddable":true,"href":"https:\/\/rezeptfrei-apotheke.net\/cs\/wp-json\/wp\/v2\/comments?post=8309"}],"wp:featuredmedia":[{"embeddable":true,"href":"https:\/\/rezeptfrei-apotheke.net\/cs\/wp-json\/wp\/v2\/media\/8364"}],"wp:attachment":[{"href":"https:\/\/rezeptfrei-apotheke.net\/cs\/wp-json\/wp\/v2\/media?parent=8309"}],"wp:term":[{"taxonomy":"product_brand","embeddable":true,"href":"https:\/\/rezeptfrei-apotheke.net\/cs\/wp-json\/wp\/v2\/product_brand?post=8309"},{"taxonomy":"product_cat","embeddable":true,"href":"https:\/\/rezeptfrei-apotheke.net\/cs\/wp-json\/wp\/v2\/product_cat?post=8309"},{"taxonomy":"product_tag","embeddable":true,"href":"https:\/\/rezeptfrei-apotheke.net\/cs\/wp-json\/wp\/v2\/product_tag?post=8309"}],"curies":[{"name":"wp","href":"https:\/\/api.w.org\/{rel}","templated":true}]}}