{"id":8355,"date":"2023-10-21T10:57:25","date_gmt":"2023-10-21T10:57:25","guid":{"rendered":"https:\/\/rezeptfrei-apotheke.net\/?post_type=product&#038;p=8355"},"modified":"2023-10-31T09:14:07","modified_gmt":"2023-10-31T09:14:07","slug":"emylcamate","status":"publish","type":"product","link":"https:\/\/rezeptfrei-apotheke.net\/cs\/product\/emylcamate\/","title":{"rendered":"emylcam\u00e1t"},"content":{"rendered":"<div class=\"row\">\n<div class=\"col-md-2\"><strong>\u010cistota<\/strong><\/div>\n<div class=\"col-md-10\">98%<\/div>\n<\/div>\n<div class=\"row\">\n<div class=\"col-md-2\"><strong>Vzhled<\/strong><\/div>\n<div class=\"col-md-10\">Pr\u00e1\u0161ek<\/div>\n<\/div>\n<div class=\"row\">\n<div class=\"col-md-2\"><strong>Synonyma<\/strong><\/div>\n<div class=\"col-md-10\">emylcam\u00e1t; Emilcamato; emylcamat; Nuncital; Psicoplegil; Restetal; Stratran; Striatan; striatran; Statran; KABI-925; Kabi-295; terc-hexylkarbam\u00e1t; MK-250; 1-ethyl-1-methylpropylkarbam\u00e1t<\/div>\n<\/div>\n<div class=\"row\">\n<div class=\"col-md-2\"><strong>Rozpustnost<\/strong><\/div>\n<div class=\"col-md-10\">Rozpustn\u00fd v DMSO<\/div>\n<\/div>\n<div class=\"row\">\n<div class=\"col-md-2\"><strong>\u00dalo\u017en\u00fd prostor<\/strong><\/div>\n<div class=\"col-md-10\">-20\u2103 mraz\u00e1k<\/div>\n<\/div>\n<div class=\"row\">\n<div class=\"col-md-2\"><strong>aplikace<\/strong><\/div>\n<div class=\"col-md-10\">l\u00e9\u010dba \u00fazkosti a nap\u011bt\u00ed<\/div>\n<\/div>\n<div class=\"row\">\n<div class=\"col-md-2\"><strong>Standard kvality<\/strong><\/div>\n<div class=\"col-md-10\">Vnitropodnikov\u00fd standard<\/div>\n<\/div>\n<div class=\"row\">\n<div class=\"col-md-2\"><strong>Skladovatelnost<\/strong><\/div>\n<div class=\"col-md-10\">2 m\u011bs\u00edce v RT, dlouh\u00e1 doba<\/div>\n<\/div>","protected":false},"excerpt":{"rendered":"<p><strong>N\u00e1zev IUPAC: <\/strong>l-Ethyl-l-methylpropylkarbam\u00e1t<\/p>\n<p><strong>CAS # <\/strong>78-28-4<\/p>\n<p><strong>Formul\u00e1\u0159: <\/strong>pr\u00e1\u0161ek<\/p>","protected":false},"featured_media":8404,"comment_status":"open","ping_status":"closed","template":"","meta":[],"product_brand":[],"product_cat":[92],"product_tag":[],"class_list":{"0":"post-8355","1":"product","2":"type-product","3":"status-publish","4":"has-post-thumbnail","6":"product_cat-others","8":"first","9":"instock","10":"shipping-taxable","11":"purchasable","12":"product-type-variable"},"jetpack_sharing_enabled":true,"_links":{"self":[{"href":"https:\/\/rezeptfrei-apotheke.net\/cs\/wp-json\/wp\/v2\/product\/8355","targetHints":{"allow":["GET"]}}],"collection":[{"href":"https:\/\/rezeptfrei-apotheke.net\/cs\/wp-json\/wp\/v2\/product"}],"about":[{"href":"https:\/\/rezeptfrei-apotheke.net\/cs\/wp-json\/wp\/v2\/types\/product"}],"replies":[{"embeddable":true,"href":"https:\/\/rezeptfrei-apotheke.net\/cs\/wp-json\/wp\/v2\/comments?post=8355"}],"wp:featuredmedia":[{"embeddable":true,"href":"https:\/\/rezeptfrei-apotheke.net\/cs\/wp-json\/wp\/v2\/media\/8404"}],"wp:attachment":[{"href":"https:\/\/rezeptfrei-apotheke.net\/cs\/wp-json\/wp\/v2\/media?parent=8355"}],"wp:term":[{"taxonomy":"product_brand","embeddable":true,"href":"https:\/\/rezeptfrei-apotheke.net\/cs\/wp-json\/wp\/v2\/product_brand?post=8355"},{"taxonomy":"product_cat","embeddable":true,"href":"https:\/\/rezeptfrei-apotheke.net\/cs\/wp-json\/wp\/v2\/product_cat?post=8355"},{"taxonomy":"product_tag","embeddable":true,"href":"https:\/\/rezeptfrei-apotheke.net\/cs\/wp-json\/wp\/v2\/product_tag?post=8355"}],"curies":[{"name":"wp","href":"https:\/\/api.w.org\/{rel}","templated":true}]}}