{"id":8378,"date":"2023-10-21T10:57:48","date_gmt":"2023-10-21T10:57:48","guid":{"rendered":"https:\/\/rezeptfrei-apotheke.net\/?post_type=product&#038;p=8378"},"modified":"2023-10-21T10:58:55","modified_gmt":"2023-10-21T10:58:55","slug":"o-dsmt-hcl","status":"publish","type":"product","link":"https:\/\/rezeptfrei-apotheke.net\/cs\/product\/o-dsmt-hcl\/","title":{"rendered":"O-DSMT HCL"},"content":{"rendered":"<h2><strong>Obecn\u00e9 informace o O-DSMT HCL<\/strong><\/h2>\n<p>O-Desmethyltramadol hydrochlorid (O-DSMT HCl) je v\u00fdzkumn\u00e1 chemick\u00e1 l\u00e1tka strukturn\u011b p\u0159\u00edbuzn\u00e1 tramadolu. Je b\u011b\u017en\u011b zn\u00e1m\u00fd pod jin\u00fdmi n\u00e1zvy, jako je desmetramadol nebo O-dsmt. O-DSMT je metabolit tramadolu.<\/p>\n<p><strong>O-DSMT pr\u00e1\u0161ek\u00a0<\/strong>byl studov\u00e1n pro sv\u00e9 specifick\u00e9 vlastnosti a bylo prok\u00e1z\u00e1no, \u017ee m\u00e1 podobn\u00e9 \u00fa\u010dinky jako tramadol. P\u016fsob\u00ed z\u00e1sadn\u011b jako agonista mu-opioidn\u00edch receptor\u016f, v\u00e1\u017ee a aktivuje mu-opioidn\u00ed receptory.<\/p>\n<p>Jako v\u00fdzkumn\u00e1 chemik\u00e1lie<strong>O-DSMT HCl<\/strong>\u00a0lze z\u00edskat prost\u0159ednictv\u00edm specializovan\u00fdch prodejc\u016f nebo dodavatel\u016f, kte\u0159\u00ed se staraj\u00ed o v\u00fdzkumnou komunitu. V\u00fdzkumn\u00edci jej mohou pou\u017e\u00edt k prozkoum\u00e1n\u00ed jeho farmakologick\u00fdch vlastnost\u00ed, k anal\u00fdze jeho \u00fa\u010dink\u016f nebo ke zkoum\u00e1n\u00ed jeho potenci\u00e1ln\u00edch aplikac\u00ed v r\u016fzn\u00fdch oblastech.<\/p>\n<p>Je nutn\u00e9 poznamenat, \u017ee konkr\u00e9tn\u00ed farmakologick\u00e9 vlastnosti a mechanismy O-DSMT jsou st\u00e1le zkoum\u00e1ny a je zapot\u0159eb\u00ed dal\u0161\u00edho v\u00fdzkumu, abychom pln\u011b porozum\u011bli jeho p\u016fsoben\u00ed a potenci\u00e1ln\u00edm \u00fa\u010dink\u016fm. Nav\u00edc farmakokinetika, metabolismus a bezpe\u010dnostn\u00ed profil O-DSMT se mohou v\u00fdzkum od v\u00fdzkumu li\u0161it.<\/p>\n<h3><strong>Chemick\u00e9 slo\u017een\u00ed O-DSMT HCL<\/strong><\/h3>\n<p>Chemick\u00e9 slo\u017een\u00ed O-Desmethyltramadol hydrochloridu (O-DSMT HCl) je n\u00e1sleduj\u00edc\u00ed:<\/p>\n<p>&nbsp;<\/p>\n<ol>\n<li>O-Desmethyltramadol (O-DSMT): Prim\u00e1rn\u00ed aktivn\u00ed slo\u017ekou O-DSMT HCl je O-Desmethyltramadol, hlavn\u00ed metabolit tramadolu. O-DSMT je strukturn\u011b p\u0159\u00edbuzn\u00fd tramadolu, ale postr\u00e1d\u00e1 N-methylovou skupinu mate\u0159sk\u00e9 slou\u010deniny.<\/li>\n<\/ol>\n<p>&nbsp;<\/p>\n<ol start=\"2\">\n<li>Hydrochlorid (HCl): O-DSMT se b\u011b\u017en\u011b pod\u00e1v\u00e1 jako hydrochloridov\u00e1 s\u016fl, zn\u00e1m\u00e1 jako O-DSMT HCl. P\u0159id\u00e1n\u00ed hydrochloridu k O-DSMT zvy\u0161uje jeho stabilitu a rozpustnost, tak\u017ee je vhodn\u00fd pro v\u00fdzkum.<\/li>\n<\/ol>\n<p>&nbsp;<\/p>\n<p>Chemick\u00e1 struktura O-Desmethyltramadolu (O-DSMT) je podobn\u00e1 tramadolu, ale postr\u00e1d\u00e1 N-methylovou skupinu. M\u016f\u017ee b\u00fdt reprezentov\u00e1n jako:<\/p>\n<p>&nbsp;<\/p>\n<p>O-desmethyltramadol (O-DSMT):<\/p>\n<p><strong>Chemick\u00fd vzorec<\/strong>: C15H23NO2<\/p>\n<p>Tento vzorec ud\u00e1v\u00e1, \u017ee O-DSMT HCL se skl\u00e1d\u00e1 z patn\u00e1cti atom\u016f uhl\u00edku (C15), dvaceti t\u0159\u00ed atom\u016f vod\u00edku (H23), jednoho atomu dus\u00edku (N) a dvou atom\u016f kysl\u00edku (O2).<\/p>\n<p>Molekulov\u00e1 hmotnost: P\u0159ibli\u017en\u011b 249,35 g\/mol<\/p>\n<p>Molekulov\u00e1 hmotnost: R\u016fzn\u00e9 (hmotnost HCl \u010d\u00e1sti se p\u0159i\u010dte k hmotnosti O-DSMT za vzniku O-DSMT HCl)<\/p>\n<p>&nbsp;<\/p>\n<p>&nbsp;<\/p>\n<h3><strong>Kupte si vysoce kvalitn\u00ed O-DSMT HCL.<\/strong><\/h3>\n<p><strong>Panacea Chems\u00a0<\/strong>m\u00e1 dlouholet\u00e9 zku\u0161enosti v oblasti v\u00fdzkumu chemick\u00e9ho designu, co\u017e n\u00e1m umo\u017e\u0148uje zaru\u010dit nejlep\u0161\u00ed z t\u011bchto v\u00fdzkumn\u00fdch chemik\u00e1li\u00ed.\u00a0<strong>N\u00e1kup O-DSMT HCL<\/strong>\u00a0je jednoduch\u00fd a m\u00e1 \u0161pi\u010dkovou kvalitu. N\u00e1klady O-DSMT HCL jsou ni\u017e\u0161\u00ed ne\u017e u r\u016fzn\u00fdch organizac\u00ed. V\u00fdzkumn\u00e9 chemik\u00e1lie, v\u010detn\u011b O-DSMT HCL, spl\u0148uj\u00ed v\u0161echny bezpe\u010dnostn\u00ed po\u017eadavky. V\u00fdzkumn\u00e9 syntetick\u00e9 l\u00e1tky jsou pe\u010dliv\u011b distribuov\u00e1ny a skladov\u00e1ny na chladn\u00e9m a such\u00e9m m\u00edst\u011b.<\/p>\n<p>.<\/p>\n<p>V\u0161echny chemik\u00e1lie jsou d\u016fsledn\u011b hodnoceny z hlediska kvality, bezpe\u010dnosti a \u010distoty. Uchov\u00e1vejte O-DSMT HCL p\u0159i pokojov\u00e9 teplot\u011b. Slou\u017e\u00ed jakoby pro v\u00fdzkumn\u00e9 \u00fa\u010dely.<\/p>\n<p>Na\u0161e polo\u017eky maj\u00ed p\u0159im\u011b\u0159enou cenu a v\u00fdzkumnou l\u00e1tku O-DSMT HCL m\u016f\u017eete zakoupit online za v\u00fdjime\u010dn\u011b n\u00edzk\u00e9 ceny<strong>.<\/strong><\/p>\n<p>&nbsp;<\/p>\n<h3><strong>Laboratorn\u011b testovan\u00fd O-DSMT HCL s v\u00fdsledky.<\/strong><\/h3>\n<p>P\u0159ed\u011bl\u00e1v\u00e1 pokrok sm\u011brem k obecn\u00e9mu napln\u011bn\u00ed sv\u00fdch klient\u016f. R\u016fzn\u00e9 pr\u016fzkumy uk\u00e1zaly, \u017ee klienti p\u0159ed n\u00e1kupem syntetick\u00fdch v\u00fdzkumn\u00fdch chemik\u00e1li\u00ed po\u017eaduj\u00ed tolik dat, kolik se o\u010dek\u00e1valo. Krom\u011b toho zve\u0159ej\u0148ujeme v\u0161echny laboratorn\u00ed d\u016fsledky ka\u017ed\u00e9 vy\u0161et\u0159ovac\u00ed slou\u010deniny v z\u00e1znamu PDF.<\/p>\n<p>N\u00e1\u0161\u00a0<strong>O-DSMT HCL\u00a0<\/strong>d\u016fsledn\u011b spl\u0148uje \u00fa\u010dinn\u00e9 l\u00e1tky a m\u016f\u017ee je vid\u011bt ka\u017ed\u00fd.<\/p>\n<p>V\u0161echny laboratorn\u00ed d\u016fsledky ka\u017ed\u00e9 v\u00fdzkumn\u00e9 chemik\u00e1lie distribuujeme v dokumentu PDF.<\/p>\n<p>&nbsp;<\/p>\n<h3><strong>Bezpe\u010dn\u011b objednejte u pr\u00e1\u0161ku O-DSMT.<\/strong><\/h3>\n<p>Design\u00e9rsk\u00e9 v\u00fdzkumn\u00e9 chemik\u00e1lie Panacea Chems jsou vynikaj\u00edc\u00ed kvality a maj\u00ed p\u0159im\u011b\u0159enou cenu. Proto, kdy\u017e po\u017e\u00e1d\u00e1te o sv\u00e9 v\u00fdzkumn\u00e9 chemik\u00e1lie v Panacea Chems, garantujeme, \u017ee v\u00e1\u0161 po\u017eadavek p\u0159ed\u00e1me va\u0161\u00ed v\u00fdzkumn\u00e9 laborato\u0159i rychle a bezpe\u010dn\u011b, proto\u017ee prodej v\u00fdzkumn\u00fdch chemik\u00e1li\u00ed je v\u017edy dostupn\u00fd v Panacea Chems.<\/p>\n<p>\u017d\u00e1dost o syntetick\u00e9 v\u00fdzkumn\u00e9 slou\u010deniny pomoc\u00ed bitcoinu nebo bankovn\u00edho p\u0159evodu je v Panacea Chems jednoduch\u00e1.<\/p>\n<p>V\u00fdzkumn\u00e9 chemik\u00e1lie odes\u00edl\u00e1me ve stejn\u00fd pracovn\u00ed den, pokud je platba p\u0159ijata do 15:00 SEL\u010c.<\/p>\n<p>Nedod\u00e1v\u00e1me zbo\u017e\u00ed osob\u00e1m mlad\u0161\u00edm 18 let!<\/p>\n<p><strong>O-DSMT na prodej<\/strong>\u00a0slou\u017e\u00ed pouze pro v\u00fdzkumn\u00e9 \u00fa\u010dely.<\/p>\n<p>&nbsp;<\/p>\n<h3><strong>Diskr\u00e9tn\u00ed p\u0159eprava v\u00fdzkumn\u00fdch chemik\u00e1li\u00ed.<\/strong><\/h3>\n<p>Panacea Chems va\u0161i objedn\u00e1vku bezpe\u010dn\u011b a bezpe\u010dn\u011b zabal\u00ed, aby byla zaji\u0161t\u011bna spr\u00e1vn\u00e1 p\u0159eprava. Nav\u00edc bal\u00edme perfektn\u011b stealth a navenek se neuk\u00e1\u017ee \u017e\u00e1dn\u00e1 zn\u00e1mka toho, co by mohlo b\u00fdt uvnit\u0159.<\/p>","protected":false},"excerpt":{"rendered":"<p><strong>N\u00e1zev IUPAC: <\/strong>3-(2-((dimethylamino)methyl)-1-hydroxycyklohexyl)fenol<\/p>\n<p><strong>CAS # <\/strong>80456-81-1<\/p>\n<p><strong>Jin\u00e9 jm\u00e9no: <\/strong>O-desmethyltramadol<\/p>\n<p><strong>Vzhled: <\/strong>pr\u00e1\u0161ek<\/p>\n<p><strong>NMR anal\u00fdza: <\/strong>C15H23NO2<\/p>","protected":false},"featured_media":8427,"comment_status":"open","ping_status":"closed","template":"","meta":[],"product_brand":[],"product_cat":[92],"product_tag":[],"class_list":{"0":"post-8378","1":"product","2":"type-product","3":"status-publish","4":"has-post-thumbnail","6":"product_cat-others","8":"first","9":"instock","10":"shipping-taxable","11":"purchasable","12":"product-type-variable"},"jetpack_sharing_enabled":true,"_links":{"self":[{"href":"https:\/\/rezeptfrei-apotheke.net\/cs\/wp-json\/wp\/v2\/product\/8378","targetHints":{"allow":["GET"]}}],"collection":[{"href":"https:\/\/rezeptfrei-apotheke.net\/cs\/wp-json\/wp\/v2\/product"}],"about":[{"href":"https:\/\/rezeptfrei-apotheke.net\/cs\/wp-json\/wp\/v2\/types\/product"}],"replies":[{"embeddable":true,"href":"https:\/\/rezeptfrei-apotheke.net\/cs\/wp-json\/wp\/v2\/comments?post=8378"}],"wp:featuredmedia":[{"embeddable":true,"href":"https:\/\/rezeptfrei-apotheke.net\/cs\/wp-json\/wp\/v2\/media\/8427"}],"wp:attachment":[{"href":"https:\/\/rezeptfrei-apotheke.net\/cs\/wp-json\/wp\/v2\/media?parent=8378"}],"wp:term":[{"taxonomy":"product_brand","embeddable":true,"href":"https:\/\/rezeptfrei-apotheke.net\/cs\/wp-json\/wp\/v2\/product_brand?post=8378"},{"taxonomy":"product_cat","embeddable":true,"href":"https:\/\/rezeptfrei-apotheke.net\/cs\/wp-json\/wp\/v2\/product_cat?post=8378"},{"taxonomy":"product_tag","embeddable":true,"href":"https:\/\/rezeptfrei-apotheke.net\/cs\/wp-json\/wp\/v2\/product_tag?post=8378"}],"curies":[{"name":"wp","href":"https:\/\/api.w.org\/{rel}","templated":true}]}}