{"id":8381,"date":"2023-10-21T10:57:49","date_gmt":"2023-10-21T10:57:49","guid":{"rendered":"https:\/\/rezeptfrei-apotheke.net\/?post_type=product&#038;p=8381"},"modified":"2023-10-21T10:58:55","modified_gmt":"2023-10-21T10:58:55","slug":"flubrotizolam-05mg-bars","status":"publish","type":"product","link":"https:\/\/rezeptfrei-apotheke.net\/cs\/product\/flubrotizolam-05mg-bars\/","title":{"rendered":"Ty\u010dinky FLUBROTIZOLAM 0,5MG"},"content":{"rendered":"<h2><strong>Obecn\u00e9 informace o flubrotizolamu<\/strong><\/h2>\n<p>Flubrotizolam je v\u00fdzkumn\u00e1 chemick\u00e1 l\u00e1tka, kter\u00e1 byla p\u0159edstavena na za\u010d\u00e1tku roku 2010<\/p>\n<p>Flubrotizolam je siln\u00fd benzodiazepinov\u00fd deriv\u00e1t a v\u00fdzkumn\u00e1 chemick\u00e1 l\u00e1tka, kter\u00e1 pat\u0159\u00ed do t\u0159\u00eddy thienotriazolodiazepin\u016f.<\/p>\n<p>Je to deriv\u00e1t benzodiazepinu flubromazolamu a uv\u00e1d\u00ed se, \u017ee m\u00e1 zna\u010dn\u00e9 chemick\u00e9 \u00fa\u010dinky.<\/p>\n<p>Flubrotizolam m\u00e1 chemick\u00fd n\u00e1zev 8-brom-6-(2-fluorfenyl)-1-methyl-4H-[1,2,4]triazolo[4,3-a][1,4]benzodiazepin. Sd\u00edl\u00ed podobnou strukturn\u00ed kostru s jin\u00fdmi benzodiazepiny, sest\u00e1vaj\u00edc\u00ed z benzenov\u00e9ho kruhu f\u00fazovan\u00e9ho s diazepinov\u00fdm kruhem.<\/p>\n<p>Vzhledem k vysok\u00e9 \u00fa\u010dinnosti flubrotizolamu je pou\u017eit\u00ed po\u017eadovan\u00e9 pro v\u00fdznamn\u00e9 \u00fa\u010dinky \u00fadajn\u011b v rozmez\u00ed mikrogram\u016f. Mikrogram je jedna tis\u00edcina miligramu (mg) a p\u0159edstavuje extr\u00e9mn\u011b mal\u00e9 mno\u017estv\u00ed l\u00e1tky. S\u00edla v\u00fdzkumn\u00e9 chemik\u00e1lie se t\u00fdk\u00e1 mno\u017estv\u00ed l\u00e1tky pot\u0159ebn\u00e9 k vyvol\u00e1n\u00ed specifick\u00e9ho \u00fa\u010dinku. V p\u0159\u00edpad\u011b flubrotizolamu mohou m\u00edt vzhledem k jeho vysok\u00e9 \u00fa\u010dinnosti i velmi mal\u00e1 mno\u017estv\u00ed v\u00fdznamn\u00e9 \u00fa\u010dinky v experimentu.<\/p>\n<h3>\u00a0<strong>Chemick\u00e9 slo\u017een\u00ed flubrotizolamu<\/strong><\/h3>\n<p>Chemick\u00e9 slo\u017een\u00ed flubrotizolamu je n\u00e1sleduj\u00edc\u00ed:<\/p>\n<p>Chemick\u00fd n\u00e1zev: 8-brom-6-(2-fluorfenyl)-1-methyl-4H-[1,2,4]triazolo[4,3-a][1,4]benzodiazepin<\/p>\n<p>Molekul\u00e1rn\u00ed vzorec: C15H10BrFN4S<\/p>\n<p>Molekul\u00e1rn\u00ed vzorec C15H10BrFN4S p\u0159edstavuje chemickou slou\u010deninu slo\u017eenou z patn\u00e1cti atom\u016f uhl\u00edku (C15), deseti atom\u016f vod\u00edku (H10), jednoho atomu bromu (Br), jednoho atomu fluoru (F), \u010dty\u0159 atom\u016f dus\u00edku (N4) a jednoho atomu s\u00edry ( S).<\/p>\n<p>Molekulov\u00e1 hmotnost: 371,2 g\/mol<\/p>\n<p>Flubrotizolam pat\u0159\u00ed do benzodiazepinov\u00e9 t\u0159\u00eddy v\u00fdzkumn\u00fdch chemik\u00e1li\u00ed a jeho chemick\u00e1 struktura je odvozena od benzodiazepinov\u00e9ho j\u00e1dra. Vyzna\u010duje se f\u00fazovan\u00fdm triazolobenzodiazepinov\u00fdm kruhov\u00fdm syst\u00e9mem, kter\u00fd mu dod\u00e1v\u00e1 jeho jedine\u010dn\u00e9 vlastnosti.<\/p>\n<p>Benzodiazepinov\u00e9 j\u00e1dro, kter\u00e9 obsahuje diazepinov\u00fd kruh f\u00fazovan\u00fd s triazolov\u00fdm kruhem.<\/p>\n<h3><strong>Kupte si vysoce kvalitn\u00ed flubrotizolam.<\/strong><\/h3>\n<p><strong>TRRC SHOP\u00a0<\/strong>m\u00e1 \u010detn\u00e9 dlouh\u00e9 \u00faseky zapojen\u00ed s pr\u016fmyslem v\u00fdzkumn\u00fdch chemick\u00fdch pl\u00e1n\u016f, co\u017e n\u00e1m umo\u017e\u0148uje zaru\u010dit nejv\u011bt\u0161\u00ed z t\u011bchto v\u00fdzkumn\u00fdch chemik\u00e1li\u00ed.\u00a0<strong>N\u00e1kup flubrotizolamu<\/strong>\u00a0je jednoduch\u00fd a m\u00e1 \u0161pi\u010dkovou kvalitu. N\u00e1klady na flubrotizolam jsou ni\u017e\u0161\u00ed ne\u017e u r\u016fzn\u00fdch organizac\u00ed.<\/p>\n<p>V\u00fdzkumn\u00e9 chemik\u00e1lie, v\u010detn\u011b flubrotizolamu, spl\u0148uj\u00ed v\u0161echny bezpe\u010dnostn\u00ed po\u017eadavky. V\u00fdzkumn\u00e9 chemik\u00e1lie jsou pe\u010dliv\u011b distribuov\u00e1ny a ulo\u017eeny na vynikaj\u00edc\u00edm such\u00e9m m\u00edst\u011b.<\/p>\n<p>V\u0161echny polo\u017eky jsou d\u016fsledn\u011b zkoum\u00e1ny z hlediska kvality, bezpe\u010dnosti a \u010distoty.<\/p>\n<p>N\u00e1\u0161 flubrotizolam je pouze pro v\u00fdzkumn\u00e9 pou\u017eit\u00ed. Slou\u017e\u00ed jakoby pro v\u00fdzkumn\u00e9 \u00fa\u010dely.<\/p>\n<p>Na\u0161e polo\u017eky maj\u00ed p\u0159im\u011b\u0159enou cenu a v\u00fdzkumnou slou\u010deninu flubrotizolam si m\u016f\u017eete zakoupit online za v\u00fdjime\u010dn\u011b n\u00edzk\u00e9 ceny.<\/p>\n<h3><strong>Laboratorn\u011b testovan\u00fd flubrotizolam s v\u00fdsledky.<\/strong><\/h3>\n<p>P\u0159ed\u011bl\u00e1v\u00e1 pokrok sm\u011brem k obecn\u00e9mu napln\u011bn\u00ed sv\u00fdch klient\u016f. R\u016fzn\u00e9 pr\u016fzkumy uk\u00e1zaly, \u017ee klienti p\u0159ed n\u00e1kupem syntetick\u00fdch v\u00fdzkumn\u00fdch chemik\u00e1li\u00ed po\u017eaduj\u00ed tolik dat, kolik se o\u010dek\u00e1valo. Krom\u011b toho zve\u0159ej\u0148ujeme v\u0161echny laboratorn\u00ed d\u016fsledky ka\u017ed\u00e9 vy\u0161et\u0159ovac\u00ed slou\u010deniny v z\u00e1znamu PDF.<\/p>\n<p>N\u00e1\u0161\u00a0<strong>flubrotizolam pelety\u00a0<\/strong>d\u016fsledn\u011b spl\u0148uj\u00ed \u00fa\u010dinn\u00e9 l\u00e1tky a m\u016f\u017ee je vid\u011bt ka\u017ed\u00fd.<\/p>\n<p>V\u0161echny laboratorn\u00ed d\u016fsledky ka\u017ed\u00e9 v\u00fdzkumn\u00e9 chemik\u00e1lie distribuujeme v dokumentu PDF.<\/p>\n<h3><strong>Bezpe\u010dn\u011b si objednejte od flubrotizolamu.<\/strong><\/h3>\n<p>V\u00fdzkumn\u00e9 chemik\u00e1lie TRRC SHOP maj\u00ed vynikaj\u00edc\u00ed kvalitu a p\u0159im\u011b\u0159enou cenu. Proto, kdy\u017e po\u017e\u00e1d\u00e1te o sv\u00e9 v\u00fdzkumn\u00e9 chemik\u00e1lie v TRRC SHOP, garantujeme, \u017ee v\u00e1\u0161 po\u017eadavek p\u0159ed\u00e1me do va\u0161\u00ed v\u00fdzkumn\u00e9 laborato\u0159e rychle a bezpe\u010dn\u011b, proto\u017ee prodej v\u00fdzkumn\u00fdch chemik\u00e1li\u00ed je v\u017edy dostupn\u00fd v TRRC SHOP.<\/p>\n<p>Vy\u017e\u00e1d\u00e1n\u00ed syntetick\u00fdch v\u00fdzkumn\u00fdch slou\u010denin pomoc\u00ed bitcoin\u016f nebo bankovn\u00edm p\u0159evodem je v TRRC SHOP jednoduch\u00e9.<\/p>\n<p>V\u00fdzkumn\u00e9 chemik\u00e1lie odes\u00edl\u00e1me ve stejn\u00fd pracovn\u00ed den, pokud je platba p\u0159ijata do 15:00 SEL\u010c.<\/p>\n<p>Nedod\u00e1v\u00e1me zbo\u017e\u00ed osob\u00e1m mlad\u0161\u00edm 18 let!<\/p>\n<p><strong>Prod\u00e1m pelety flubrotizolam<\/strong>\u00a0jsou pouze pro v\u00fdzkumn\u00e9 \u00fa\u010dely.<\/p>\n<h3><strong>Diskr\u00e9tn\u00ed p\u0159eprava v\u00fdzkumn\u00fdch chemik\u00e1li\u00ed.<\/strong><\/h3>\n<p>TRRC SHOP va\u0161i objedn\u00e1vku bezpe\u010dn\u011b a bezpe\u010dn\u011b zabal\u00ed, aby byla zaji\u0161t\u011bna spr\u00e1vn\u00e1 p\u0159eprava. Nav\u00edc bal\u00edme perfektn\u011b stealth a navenek se neuk\u00e1\u017ee \u017e\u00e1dn\u00e1 zn\u00e1mka toho, co by mohlo b\u00fdt uvnit\u0159<\/p>","protected":false},"excerpt":{"rendered":"<p><strong>N\u00e1zev IUPAC: <\/strong>4-brom-7-(2-fluorfenyl)-13-methyl-3-thia-1,8,11,12-tetrazatricyklo[8.3.0.02,6]trideka-2(6),4,7,10,12 -pentaen<\/p>\n<p><strong>CAS # <\/strong>57801-95-3<\/p>\n<p><strong>Jin\u00e9 jm\u00e9no: <\/strong>Fanax<\/p>\n<p><strong>NMR anal\u00fdza: <\/strong>C15H10BrFN4S<\/p>","protected":false},"featured_media":8432,"comment_status":"open","ping_status":"closed","template":"","meta":[],"product_brand":[],"product_cat":[93],"product_tag":[],"class_list":{"0":"post-8381","1":"product","2":"type-product","3":"status-publish","4":"has-post-thumbnail","6":"product_cat-order-pills-online","8":"first","9":"instock","10":"shipping-taxable","11":"purchasable","12":"product-type-variable"},"jetpack_sharing_enabled":true,"_links":{"self":[{"href":"https:\/\/rezeptfrei-apotheke.net\/cs\/wp-json\/wp\/v2\/product\/8381","targetHints":{"allow":["GET"]}}],"collection":[{"href":"https:\/\/rezeptfrei-apotheke.net\/cs\/wp-json\/wp\/v2\/product"}],"about":[{"href":"https:\/\/rezeptfrei-apotheke.net\/cs\/wp-json\/wp\/v2\/types\/product"}],"replies":[{"embeddable":true,"href":"https:\/\/rezeptfrei-apotheke.net\/cs\/wp-json\/wp\/v2\/comments?post=8381"}],"wp:featuredmedia":[{"embeddable":true,"href":"https:\/\/rezeptfrei-apotheke.net\/cs\/wp-json\/wp\/v2\/media\/8432"}],"wp:attachment":[{"href":"https:\/\/rezeptfrei-apotheke.net\/cs\/wp-json\/wp\/v2\/media?parent=8381"}],"wp:term":[{"taxonomy":"product_brand","embeddable":true,"href":"https:\/\/rezeptfrei-apotheke.net\/cs\/wp-json\/wp\/v2\/product_brand?post=8381"},{"taxonomy":"product_cat","embeddable":true,"href":"https:\/\/rezeptfrei-apotheke.net\/cs\/wp-json\/wp\/v2\/product_cat?post=8381"},{"taxonomy":"product_tag","embeddable":true,"href":"https:\/\/rezeptfrei-apotheke.net\/cs\/wp-json\/wp\/v2\/product_tag?post=8381"}],"curies":[{"name":"wp","href":"https:\/\/api.w.org\/{rel}","templated":true}]}}