{"id":8634,"date":"2023-10-21T10:58:57","date_gmt":"2023-10-21T10:58:57","guid":{"rendered":"https:\/\/rezeptfrei-apotheke.net\/?post_type=product&#038;p=8634"},"modified":"2023-10-31T09:00:43","modified_gmt":"2023-10-31T09:00:43","slug":"2-methyl-ap-237-20mg-pellets","status":"publish","type":"product","link":"https:\/\/rezeptfrei-apotheke.net\/cs\/product\/2-methyl-ap-237-20mg-pellets\/","title":{"rendered":"2-METHYL-AP-237 20mg pelety"},"content":{"rendered":"<p><strong>\u00dadaje o nebezpe\u010dnosti<\/strong><\/p>\n<ul>\n<li>2-METHYL-AP-237 20mg pelety je v\u00fdzkumn\u00e1 chemick\u00e1 l\u00e1tka, co\u017e znamen\u00e1, \u017ee se jedn\u00e1 o nezn\u00e1mou l\u00e1tku, tak\u017ee p\u0159i prov\u00e1d\u011bn\u00ed v\u00fdzkumu mohou b\u00fdt nezn\u00e1m\u00e9 d\u016fsledky, proto p\u0159i v\u00fdzkumu v\u017edy p\u0159ijm\u011bte vhodn\u00e1 opat\u0159en\u00ed.<\/li>\n<li>V\u00fdzkumn\u00e9 chemik\u00e1lie mohou zp\u016fsobit podr\u00e1\u017ed\u011bn\u00ed d\u00fdchac\u00edch cest.<\/li>\n<li>V\u00fdzkumn\u00e9 chemik\u00e1lie mohou zp\u016fsobit podr\u00e1\u017ed\u011bn\u00ed o\u010d\u00ed.<\/li>\n<li>V\u00fdzkumn\u00e9 chemik\u00e1lie nejsou ur\u010deny pro lidskou, zv\u00ed\u0159ec\u00ed ani jinou spot\u0159ebu.<\/li>\n<li>V\u00fdzkumn\u00e9 chemik\u00e1lie se nesm\u00ed vyl\u00e9vat do kanalizace nebo likvidovat nespr\u00e1vn\u00fdm zp\u016fsobem.<\/li>\n<\/ul>","protected":false},"excerpt":{"rendered":"<p>N\u00e1zev IUPAC:<br \/>\nForma: pelety<br \/>\nNMR anal\u00fdza: N\/A<\/p>","protected":false},"featured_media":8652,"comment_status":"open","ping_status":"closed","template":"","meta":[],"product_brand":[],"product_cat":[93],"product_tag":[],"class_list":{"0":"post-8634","1":"product","2":"type-product","3":"status-publish","4":"has-post-thumbnail","6":"product_cat-order-pills-online","8":"first","9":"instock","10":"shipping-taxable","11":"purchasable","12":"product-type-variable"},"jetpack_sharing_enabled":true,"_links":{"self":[{"href":"https:\/\/rezeptfrei-apotheke.net\/cs\/wp-json\/wp\/v2\/product\/8634","targetHints":{"allow":["GET"]}}],"collection":[{"href":"https:\/\/rezeptfrei-apotheke.net\/cs\/wp-json\/wp\/v2\/product"}],"about":[{"href":"https:\/\/rezeptfrei-apotheke.net\/cs\/wp-json\/wp\/v2\/types\/product"}],"replies":[{"embeddable":true,"href":"https:\/\/rezeptfrei-apotheke.net\/cs\/wp-json\/wp\/v2\/comments?post=8634"}],"wp:featuredmedia":[{"embeddable":true,"href":"https:\/\/rezeptfrei-apotheke.net\/cs\/wp-json\/wp\/v2\/media\/8652"}],"wp:attachment":[{"href":"https:\/\/rezeptfrei-apotheke.net\/cs\/wp-json\/wp\/v2\/media?parent=8634"}],"wp:term":[{"taxonomy":"product_brand","embeddable":true,"href":"https:\/\/rezeptfrei-apotheke.net\/cs\/wp-json\/wp\/v2\/product_brand?post=8634"},{"taxonomy":"product_cat","embeddable":true,"href":"https:\/\/rezeptfrei-apotheke.net\/cs\/wp-json\/wp\/v2\/product_cat?post=8634"},{"taxonomy":"product_tag","embeddable":true,"href":"https:\/\/rezeptfrei-apotheke.net\/cs\/wp-json\/wp\/v2\/product_tag?post=8634"}],"curies":[{"name":"wp","href":"https:\/\/api.w.org\/{rel}","templated":true}]}}