{"id":8636,"date":"2023-10-21T10:58:57","date_gmt":"2023-10-21T10:58:57","guid":{"rendered":"https:\/\/rezeptfrei-apotheke.net\/?post_type=product&#038;p=8636"},"modified":"2026-02-16T10:06:18","modified_gmt":"2026-02-16T10:06:18","slug":"2-fdck-pellets-50mg","status":"publish","type":"product","link":"https:\/\/rezeptfrei-apotheke.net\/cs\/product\/2-fdck-pellets-50mg\/","title":{"rendered":"2-FDCK pelety 50 mg"},"content":{"rendered":"<div class=\"wpb-content-wrapper\"><div class=\"vc_row wpb_row vc_row-fluid\"><div class=\"wpb_column vc_column_container vc_col-sm-12\"><div class=\"vc_column-inner\"><div class=\"wpb_wrapper\">\n\t<div class=\"wpb_text_column wpb_content_element\" >\n\t\t<div class=\"wpb_wrapper\">\n\t\t\t<h2>Informace o 2F-ketaminu<\/h2>\n<p><a href=\"https:\/\/en.wikipedia.org\/wiki\/2-Fluorodeschloroketamine\" target=\"_blank\" rel=\"noopener\">2F-ketamin<\/a>, tak\u00e9 zn\u00e1m\u00fd jako 2-fdck, je podobn\u00fd ketaminu pou\u017e\u00edvan\u00e9mu v l\u00e9ka\u0159sk\u00e9m sv\u011bt\u011b. Jde o m\u00e9n\u011b zn\u00e1mou disociativn\u00ed l\u00e1tku pat\u0159\u00edc\u00ed do t\u0159\u00eddy arylcyklohexylamin\u016f.<\/p>\n<p>V sou\u010dasn\u00e9 dob\u011b je 2F-Ketamin dostupn\u00fd ve form\u011b pr\u00e1\u0161ku.<\/p>\n<p>Podle zpr\u00e1v z laborato\u0159\u00ed existuje mnoho podobnost\u00ed mezi ketaminem a 2F-ketaminem (2-FDCK). Chemicky jsou jejich struktury t\u00e9m\u011b\u0159 stejn\u00e9. Rozd\u00edl spo\u010d\u00edv\u00e1 ve slo\u017een\u00ed, kde je chl\u00f3rov\u00e1 slo\u017eka nahrazena slo\u017ekou fluorovou.<\/p>\n<h2>Ketamin, chemie<\/h2>\n<p>2-FDCK je arylcyklohexylamin (ACH) s chemick\u00fdm n\u00e1zvem 2-(2-chlorfenyl)-2-(methylamino)cyklohexanon. Je to b\u00edl\u00fd krystalick\u00fd pr\u00e1\u0161ek, kter\u00fd je rozpustn\u00fd ve vod\u011b a organick\u00fdch rozpou\u0161t\u011bdlech, jako je ethanol a aceton.<\/p>\n<p><strong>N\u00e1zev IUPAC:<\/strong>\u00a02-(2-Fluorfenyl)-2-methylaminocyklohexanon<br \/>\n<strong>Dostupn\u00e9 jako:<\/strong>\u00a0pr\u00e1\u0161ek, krystaly<br \/>\n<strong>\u010cistota:<\/strong>\u00a098%+<br \/>\n<strong>Barva:<\/strong>\u00a0b\u00edl\u00fd<br \/>\n<strong>Systematick\u00fd n\u00e1zev:<\/strong>\u00a0(R\/S)-2-(2-fluorfenyl)-2-(methylamino)cyklohexanon<br \/>\n<strong>Vzorec:<\/strong>\u00a0C13H16FNO<br \/>\n<strong>Chemick\u00e1 t\u0159\u00edda:<\/strong>\u00a0Arylcyklohexylamin<\/p>\n<h2>Jak se ketamin pou\u017e\u00edv\u00e1?<\/h2>\n<p>Pokud prov\u00e1d\u00edte v\u00fdzkum s t\u00edmto produktem, ujist\u011bte se, \u017ee jste p\u0159ijali nezbytn\u00e1 laboratorn\u00ed opat\u0159en\u00ed, jako je \u010di\u0161t\u011bn\u00ed povrch\u016f a no\u0161en\u00ed rukavic, masky a ochrann\u00e9ho od\u011bvu.<\/p>\n<h3>Jak\u00fd je nejlep\u0161\u00ed zp\u016fsob skladov\u00e1n\u00ed 2-FDCK?<\/h3>\n<p>Chcete-li sv\u00e9 v\u00fdzkumn\u00e9 chemik\u00e1lie spr\u00e1vn\u011b skladovat a zajistit co nejlep\u0161\u00ed trvanlivost, d\u016frazn\u011b se doporu\u010duje uchov\u00e1vat je v such\u00e9m a chladn\u00e9m prost\u0159ed\u00ed.<\/p>\n<p>Udr\u017eujte 2-FDCK mimo dosah otev\u0159en\u00e9ho ohn\u011b a tepla, jak je to jen mo\u017en\u00e9. V\u00fdzkumn\u00e9 chemik\u00e1lie lze skladovat minim\u00e1ln\u011b 1 a\u017e 2 roky.<\/p>\n\n\t\t<\/div>\n\t<\/div>\n<\/div><\/div><\/div><\/div>\n<\/div>","protected":false},"excerpt":{"rendered":"<p><strong>NMR anal\u00fdza: <\/strong>N\/A<\/p>","protected":false},"featured_media":8656,"comment_status":"open","ping_status":"closed","template":"","meta":[],"product_brand":[],"product_cat":[93],"product_tag":[],"class_list":{"0":"post-8636","1":"product","2":"type-product","3":"status-publish","4":"has-post-thumbnail","6":"product_cat-order-pills-online","8":"first","9":"instock","10":"shipping-taxable","11":"purchasable","12":"product-type-variable"},"jetpack_sharing_enabled":true,"_links":{"self":[{"href":"https:\/\/rezeptfrei-apotheke.net\/cs\/wp-json\/wp\/v2\/product\/8636","targetHints":{"allow":["GET"]}}],"collection":[{"href":"https:\/\/rezeptfrei-apotheke.net\/cs\/wp-json\/wp\/v2\/product"}],"about":[{"href":"https:\/\/rezeptfrei-apotheke.net\/cs\/wp-json\/wp\/v2\/types\/product"}],"replies":[{"embeddable":true,"href":"https:\/\/rezeptfrei-apotheke.net\/cs\/wp-json\/wp\/v2\/comments?post=8636"}],"wp:featuredmedia":[{"embeddable":true,"href":"https:\/\/rezeptfrei-apotheke.net\/cs\/wp-json\/wp\/v2\/media\/8656"}],"wp:attachment":[{"href":"https:\/\/rezeptfrei-apotheke.net\/cs\/wp-json\/wp\/v2\/media?parent=8636"}],"wp:term":[{"taxonomy":"product_brand","embeddable":true,"href":"https:\/\/rezeptfrei-apotheke.net\/cs\/wp-json\/wp\/v2\/product_brand?post=8636"},{"taxonomy":"product_cat","embeddable":true,"href":"https:\/\/rezeptfrei-apotheke.net\/cs\/wp-json\/wp\/v2\/product_cat?post=8636"},{"taxonomy":"product_tag","embeddable":true,"href":"https:\/\/rezeptfrei-apotheke.net\/cs\/wp-json\/wp\/v2\/product_tag?post=8636"}],"curies":[{"name":"wp","href":"https:\/\/api.w.org\/{rel}","templated":true}]}}