{"id":8640,"date":"2023-10-21T10:58:57","date_gmt":"2023-10-21T10:58:57","guid":{"rendered":"https:\/\/rezeptfrei-apotheke.net\/?post_type=product&#038;p=8640"},"modified":"2023-10-31T08:56:23","modified_gmt":"2023-10-31T08:56:23","slug":"3d-mxe-pellets-40mg","status":"publish","type":"product","link":"https:\/\/rezeptfrei-apotheke.net\/cs\/product\/3d-mxe-pellets-40mg\/","title":{"rendered":"3D-MXE pelety 40 mg"},"content":{"rendered":"<p>N\u00e1zev produktu: DMXE 40mg pelety<\/p>\n<p>Dal\u0161\u00ed n\u00e1zvy: Deoxymethoxetamin, 3D-MXE, methetamin, 3-Me-2&#039;-oxo-PCE hydrochlorid<\/p>\n<p>CAS: N\/A<\/p>\n<p>Aktivn\u00ed slo\u017eka(y): DMXE HCl (40 mg)<\/p>\n<p>Dal\u0161\u00ed slo\u017eky: MCC, koloidn\u00ed oxid k\u0159emi\u010dit\u00fd, sodn\u00e1 s\u016fl glykol\u00e1tu \u0161krobu, stearylfumar\u00e1t sodn\u00fd, E172<\/p>\n<p>Vzhled: 8 mm kulat\u00e1 \u010dern\u00e1 kuli\u010dka<\/p>\n<p><b><u>Info:<br \/>\n<\/u><\/b><\/p>\n<p>DMXE je disociativn\u00ed l\u00e1tka t\u0159\u00eddy arylcyklohexylamin\u016f, kter\u00e1 m\u00e1 p\u0159i pod\u00e1n\u00ed disociativn\u00ed, anestetick\u00e9, stimula\u010dn\u00ed a halucinogenn\u00ed \u00fa\u010dinky.<\/p>\n<p>V\u011b\u0159ilo se, \u017ee byl poprv\u00e9 syntetizov\u00e1n laborato\u0159\u00ed v Nizozemsku v roce 2020 a ozna\u010den jako dokonal\u00fd analog MXE!<\/p>\n<p>O DMXE je m\u00e1lo zn\u00e1mo kv\u016fli jeho relativn\u00ed novosti, proto poskytneme informace o chemick\u00e9 t\u0159\u00edd\u011b, do kter\u00e9 pat\u0159\u00ed \u2013 arylcyklohexylaminy.<\/p>","protected":false},"excerpt":{"rendered":"<p><strong>Formul\u00e1\u0159: <\/strong>pelety<\/p>\n<p><strong>NMR anal\u00fdza: <\/strong>N\/A<\/p>","protected":false},"featured_media":8664,"comment_status":"open","ping_status":"closed","template":"","meta":[],"product_brand":[],"product_cat":[93],"product_tag":[],"class_list":{"0":"post-8640","1":"product","2":"type-product","3":"status-publish","4":"has-post-thumbnail","6":"product_cat-order-pills-online","8":"first","9":"instock","10":"shipping-taxable","11":"purchasable","12":"product-type-variable"},"jetpack_sharing_enabled":true,"_links":{"self":[{"href":"https:\/\/rezeptfrei-apotheke.net\/cs\/wp-json\/wp\/v2\/product\/8640","targetHints":{"allow":["GET"]}}],"collection":[{"href":"https:\/\/rezeptfrei-apotheke.net\/cs\/wp-json\/wp\/v2\/product"}],"about":[{"href":"https:\/\/rezeptfrei-apotheke.net\/cs\/wp-json\/wp\/v2\/types\/product"}],"replies":[{"embeddable":true,"href":"https:\/\/rezeptfrei-apotheke.net\/cs\/wp-json\/wp\/v2\/comments?post=8640"}],"wp:featuredmedia":[{"embeddable":true,"href":"https:\/\/rezeptfrei-apotheke.net\/cs\/wp-json\/wp\/v2\/media\/8664"}],"wp:attachment":[{"href":"https:\/\/rezeptfrei-apotheke.net\/cs\/wp-json\/wp\/v2\/media?parent=8640"}],"wp:term":[{"taxonomy":"product_brand","embeddable":true,"href":"https:\/\/rezeptfrei-apotheke.net\/cs\/wp-json\/wp\/v2\/product_brand?post=8640"},{"taxonomy":"product_cat","embeddable":true,"href":"https:\/\/rezeptfrei-apotheke.net\/cs\/wp-json\/wp\/v2\/product_cat?post=8640"},{"taxonomy":"product_tag","embeddable":true,"href":"https:\/\/rezeptfrei-apotheke.net\/cs\/wp-json\/wp\/v2\/product_tag?post=8640"}],"curies":[{"name":"wp","href":"https:\/\/api.w.org\/{rel}","templated":true}]}}