{"id":8643,"date":"2023-10-21T10:58:57","date_gmt":"2023-10-21T10:58:57","guid":{"rendered":"https:\/\/rezeptfrei-apotheke.net\/?post_type=product&#038;p=8643"},"modified":"2023-10-21T11:00:27","modified_gmt":"2023-10-21T11:00:27","slug":"pyrazolam-pellets-3mg","status":"publish","type":"product","link":"https:\/\/rezeptfrei-apotheke.net\/cs\/product\/pyrazolam-pellets-3mg\/","title":{"rendered":"pyrazolamov\u00e9 pelety 3 mg"},"content":{"rendered":"<h2><strong>Obecn\u00e9 informace o pyrazolamu<\/strong><\/h2>\n<p>Pyrazolam je deriv\u00e1t benzodiazepinu, kter\u00fd byl poprv\u00e9 syntetizov\u00e1n v 70. letech 20. stolet\u00ed. Pyrazolam je v\u00fdzkumn\u00e1 chemick\u00e1 l\u00e1tka, kter\u00e1 pat\u0159\u00ed do t\u0159\u00eddy benzodiazepin\u016f, je\u017e jsou zn\u00e1m\u00e9 sv\u00fdmi jedine\u010dn\u00fdmi vlastnostmi. Jedn\u00e1 se o relativn\u011b novou slou\u010deninu, kter\u00e1 si z\u00edskala pozornost v\u011bdc\u016f.<\/p>\n<p>L\u00e1tky, kter\u00e9 nep\u016fsob\u00ed jako antagonist\u00e9 nebo agonist\u00e9, ale ovliv\u0148uj\u00ed komplex receptor-ionofor GAMMA-AMINOBUTYRIC ACID. Zd\u00e1 se, \u017ee receptory GABA-A (RECEPTORY, GABA-A) maj\u00ed minim\u00e1ln\u011b t\u0159i alosterick\u00e1 m\u00edsta, na kter\u00e1 modul\u00e1tory reaguj\u00ed: m\u00edsto, na kter\u00e9m BENZODIAZEPINY p\u016fsob\u00ed zv\u00fd\u0161en\u00edm frekvence otev\u00edr\u00e1n\u00ed chloridov\u00fdch kan\u00e1l\u016f aktivovan\u00fdch GAMMA-AMINOBUTYRIC ACID.<\/p>\n<p>&nbsp;<\/p>\n<h3><strong>Chemick\u00e9 slo\u017een\u00ed pyrazolamu<\/strong><\/h3>\n<p>Chemick\u00e9 slo\u017een\u00ed pyrazolamu je n\u00e1sleduj\u00edc\u00ed:<\/p>\n<p>\u2013 Chemical name: 8-bromo-1-methyl-6-(pyridin-2-yl)-4H-[1,2,4]triazolo[4,3-a][1,4]benzodiazepine<\/p>\n<p>- Molekul\u00e1rn\u00ed vzorec: C16H12BrN5<\/p>\n<p>- Mol\u00e1rn\u00ed hmotnost: 354,2 g\/mol<\/p>\n<p>Tato chemick\u00e1 struktura ukazuje, \u017ee pyrazolam se skl\u00e1d\u00e1 ze \u0161estn\u00e1cti atom\u016f uhl\u00edku (C16), dvan\u00e1cti atom\u016f vod\u00edku (H12), jednoho atomu bromu (Br) a p\u011bti atom\u016f dus\u00edku (N5). Specifick\u00e9 uspo\u0159\u00e1d\u00e1n\u00ed a vazba t\u011bchto atom\u016f vytv\u00e1\u0159\u00ed odli\u0161nou molekul\u00e1rn\u00ed strukturu pyrazolamu.<\/p>\n<p>&nbsp;<\/p>\n<h3><strong>Koupit vysoce kvalitn\u00ed pyrazolamov\u00e9 pelety.<\/strong><\/h3>\n<p><strong>TRRC SHOP\u00a0<\/strong>m\u00e1 dlouholet\u00e9 zku\u0161enosti v oblasti v\u00fdzkumn\u00e9ho chemick\u00e9ho designu, co\u017e n\u00e1m umo\u017e\u0148uje zajistit nejvy\u0161\u0161\u00ed kvalitu t\u011bchto v\u00fdzkumn\u00fdch chemik\u00e1li\u00ed.\u00a0<strong>Pyrazolam n\u00e1kup<\/strong>\u00a0je snadn\u00fd a m\u00e1 \u0161pi\u010dkovou kvalitu. N\u00e1klady na Pyrazolam jsou relativn\u011b n\u00edzk\u00e9 ne\u017e u jin\u00fdch spole\u010dnost\u00ed.\u00a0<strong>V\u00fdzkum chemik\u00e1li\u00ed<\/strong>, v\u010detn\u011b pyrazolamu, spl\u0148uj\u00ed v\u0161echny bezpe\u010dnostn\u00ed po\u017eadavky. V\u00fdzkumn\u00e9 chemick\u00e9 l\u00e1tky jsou pe\u010dliv\u011b distribuov\u00e1ny a skladov\u00e1ny na chladn\u00e9m a such\u00e9m m\u00edst\u011b.<\/p>\n<p>V\u0161echny produkty jsou pravideln\u011b kontrolov\u00e1ny na kvalitu, \u010distotu a bezpe\u010dnost. Slou\u017e\u00ed pouze pro v\u00fdzkumn\u00e9 \u00fa\u010dely.<\/p>\n<p>Na\u0161e produkty maj\u00ed f\u00e9rovou cenu a vy m\u016f\u017eete\u00a0<strong>koupit pyrazolam<\/strong>\u00a0<strong>v\u00fdzkumn\u00e1 chemik\u00e1lie<\/strong>online za velmi n\u00edzk\u00e9 ceny.<\/p>\n<p>&nbsp;<\/p>\n<h3><strong>Laboratorn\u011b testovan\u00fd pyrazolam s v\u00fdsledky.<\/strong><\/h3>\n<p>P\u0159ed\u011bl\u00e1v\u00e1 pokrok sm\u011brem k obecn\u00e9mu napln\u011bn\u00ed sv\u00fdch klient\u016f. R\u016fzn\u00e9 pr\u016fzkumy uk\u00e1zaly, \u017ee klienti p\u0159ed n\u00e1kupem syntetick\u00fdch v\u00fdzkumn\u00fdch chemik\u00e1li\u00ed po\u017eaduj\u00ed tolik dat, kolik se o\u010dek\u00e1valo. Krom\u011b toho zve\u0159ej\u0148ujeme v\u0161echny laboratorn\u00ed d\u016fsledky ka\u017ed\u00e9 vy\u0161et\u0159ovac\u00ed slou\u010deniny v z\u00e1znamu PDF.<\/p>\n<p>N\u00e1\u0161\u00a0<strong>pyrazolam pelety\u00a0<\/strong>d\u016fsledn\u011b spl\u0148uje \u00fa\u010dinn\u00e9 l\u00e1tky a m\u016f\u017ee je vid\u011bt ka\u017ed\u00fd.<\/p>\n<p>V\u0161echny laboratorn\u00ed d\u016fsledky ka\u017ed\u00e9 v\u00fdzkumn\u00e9 chemik\u00e1lie distribuujeme v dokumentu PDF.<\/p>\n<p>&nbsp;<\/p>\n<h3><strong>Bezpe\u010dn\u011b objednat od pyrazolamu.<\/strong><\/h3>\n<p>V\u00fdzkumn\u00e9 chemik\u00e1lie TRRC SHOP maj\u00ed vynikaj\u00edc\u00ed kvalitu a p\u0159im\u011b\u0159enou cenu. Proto, kdy\u017e po\u017e\u00e1d\u00e1te o sv\u00e9 v\u00fdzkumn\u00e9 chemik\u00e1lie v TRRC SHOP, garantujeme, \u017ee v\u00e1\u0161 po\u017eadavek p\u0159ed\u00e1me do va\u0161\u00ed v\u00fdzkumn\u00e9 laborato\u0159e rychle a bezpe\u010dn\u011b, proto\u017ee prodej v\u00fdzkumn\u00fdch chemik\u00e1li\u00ed je v\u017edy dostupn\u00fd na TRRC SHOP.<\/p>\n<p>Vy\u017e\u00e1d\u00e1n\u00ed syntetick\u00fdch v\u00fdzkumn\u00fdch slou\u010denin pomoc\u00ed bitcoin\u016f nebo bankovn\u00edm p\u0159evodem je v TRRC SHOP jednoduch\u00e9.<\/p>\n<p>V\u00fdzkumn\u00e9 chemik\u00e1lie odes\u00edl\u00e1me ve stejn\u00fd pracovn\u00ed den, pokud je platba p\u0159ijata do 15:00 SEL\u010c.<\/p>\n<p>Nedod\u00e1v\u00e1me zbo\u017e\u00ed osob\u00e1m mlad\u0161\u00edm 18 let!<\/p>\n<p><strong>Pyrazolam na prodej<\/strong>\u00a0slou\u017e\u00ed pouze pro v\u00fdzkumn\u00e9 \u00fa\u010dely.<\/p>\n<p>&nbsp;<\/p>\n<h3><strong>Diskr\u00e9tn\u00ed p\u0159eprava v\u00fdzkumn\u00fdch chemik\u00e1li\u00ed.<\/strong><\/h3>\n<p>TRRC SHOP va\u0161i objedn\u00e1vku bezpe\u010dn\u011b a bezpe\u010dn\u011b zabal\u00ed, aby byla zaji\u0161t\u011bna spr\u00e1vn\u00e1 p\u0159eprava. Nav\u00edc bal\u00edme perfektn\u011b stealth a navenek se neuk\u00e1\u017ee \u017e\u00e1dn\u00e1 zn\u00e1mka toho, co by mohlo b\u00fdt uvnit\u0159.<\/p>","protected":false},"excerpt":{"rendered":"<p><strong>Formul\u00e1\u0159: <\/strong>pelety<\/p>\n<p><strong>NMR anal\u00fdza: <\/strong>N\/A<\/p>","protected":false},"featured_media":8670,"comment_status":"open","ping_status":"closed","template":"","meta":[],"product_brand":[],"product_cat":[93],"product_tag":[],"class_list":{"0":"post-8643","1":"product","2":"type-product","3":"status-publish","4":"has-post-thumbnail","6":"product_cat-order-pills-online","8":"first","9":"instock","10":"shipping-taxable","11":"purchasable","12":"product-type-variable"},"jetpack_sharing_enabled":true,"_links":{"self":[{"href":"https:\/\/rezeptfrei-apotheke.net\/cs\/wp-json\/wp\/v2\/product\/8643","targetHints":{"allow":["GET"]}}],"collection":[{"href":"https:\/\/rezeptfrei-apotheke.net\/cs\/wp-json\/wp\/v2\/product"}],"about":[{"href":"https:\/\/rezeptfrei-apotheke.net\/cs\/wp-json\/wp\/v2\/types\/product"}],"replies":[{"embeddable":true,"href":"https:\/\/rezeptfrei-apotheke.net\/cs\/wp-json\/wp\/v2\/comments?post=8643"}],"wp:featuredmedia":[{"embeddable":true,"href":"https:\/\/rezeptfrei-apotheke.net\/cs\/wp-json\/wp\/v2\/media\/8670"}],"wp:attachment":[{"href":"https:\/\/rezeptfrei-apotheke.net\/cs\/wp-json\/wp\/v2\/media?parent=8643"}],"wp:term":[{"taxonomy":"product_brand","embeddable":true,"href":"https:\/\/rezeptfrei-apotheke.net\/cs\/wp-json\/wp\/v2\/product_brand?post=8643"},{"taxonomy":"product_cat","embeddable":true,"href":"https:\/\/rezeptfrei-apotheke.net\/cs\/wp-json\/wp\/v2\/product_cat?post=8643"},{"taxonomy":"product_tag","embeddable":true,"href":"https:\/\/rezeptfrei-apotheke.net\/cs\/wp-json\/wp\/v2\/product_tag?post=8643"}],"curies":[{"name":"wp","href":"https:\/\/api.w.org\/{rel}","templated":true}]}}