{"id":8674,"date":"2023-10-21T10:59:18","date_gmt":"2023-10-21T10:59:18","guid":{"rendered":"https:\/\/rezeptfrei-apotheke.net\/?post_type=product&#038;p=8674"},"modified":"2023-10-31T08:37:21","modified_gmt":"2023-10-31T08:37:21","slug":"3-fea-pellets-150mg","status":"publish","type":"product","link":"https:\/\/rezeptfrei-apotheke.net\/cs\/product\/3-fea-pellets-150mg\/","title":{"rendered":"3-FEA pelety 150 mg"},"content":{"rendered":"<h2><strong>KOUPIT 2-FEA\/3-FEA<\/strong><\/h2>\n<p>3Phoria je v\u00fdzkumn\u00e1 chemik\u00e1lie skl\u00e1daj\u00edc\u00ed se z pe\u010dliv\u00e9 sm\u011bsi 2-FEA a 3-FEA. Podle v\u011bdeck\u00fdch zpr\u00e1v produkuje 2\/3-FEA n\u00e1sleduj\u00edc\u00ed klasick\u00e9 stimula\u010dn\u00ed v\u00fdsledky:<\/p>\n<p>2-FEA je stimulant t\u0159\u00eddy amfetaminu a \u00fazce souvis\u00ed s 2-FMA tak\u00e9 zn\u00e1m\u00fdm jako 2-Fluorethamfetamin. V\u00fdsledky v\u011bdeck\u00e9ho v\u00fdzkumu 2-FEA jsou r\u016fzn\u00e9 stimulace a euforie. 2-FEA teoreticky \u00fa\u010dinn\u011b zvy\u0161uje hladiny monoaminu, neurotransmiter\u016f, dopaminu, norepinefrinu a serotoninu.<\/p>\n<p>3-FEA AKA 3-fluorometamfetamin je fluorovan\u00e1 slou\u010denina ze skupiny amfetamin\u016f. V\u00fdzkumn\u00e9 zpr\u00e1vy charakterizovaly 3-FEA jako st\u0159edn\u011b siln\u00fd serotonin-dominantn\u00ed trojit\u00fd monoaminov\u00fd uvol\u0148ova\u010d, kter\u00fd na testovan\u00fdch subjektech vytv\u00e1\u0159\u00ed sm\u011bs entaktogenn\u00edch a m\u00edrn\u011b stimuluj\u00edc\u00edch v\u00fdsledk\u016f.<\/p>\n<p>&nbsp;<\/p>\n<h2><strong>JAK POU\u017d\u00cdVAT PELETY 2-FEA\/3-FEA (3PHORIA)?<\/strong><\/h2>\n<p>2\/3-FEA pelety lisovan\u00e9 do 160 mg vysoce kvalitn\u00edch pelet pro v\u0161echny va\u0161e v\u00fdzkumn\u00e9 pot\u0159eby. Skladujte pelety na such\u00e9m a chladn\u00e9m m\u00edst\u011b pro maxim\u00e1ln\u00ed trvanlivost. Pom\u011br ka\u017ed\u00e9 pelety je 40 mg 2-FEA ku 120 mg 3-FEA. Skladujte na such\u00e9m a chladn\u00e9m m\u00edst\u011b pro maxim\u00e1ln\u00ed trvanlivost. P\u0159i manipulaci s v\u00fdzkumn\u00fdmi chemik\u00e1liemi zajist\u011bte, abyste v laborato\u0159i v\u017edy p\u0159ijali spr\u00e1vn\u00e1 opat\u0159en\u00ed, jako je ot\u00edr\u00e1n\u00ed povrch\u016f a no\u0161en\u00ed rukavic, masky a ochrann\u00e9ho od\u011bvu.<\/p>\n<p>&nbsp;<\/p>\n<h2><strong>DEFINICE 2-FEA\/3-FEA (3PHORIA)<\/strong><\/h2>\n<p>Definice 2-FEA\/3FEA (3phoria) je ofici\u00e1ln\u011b zn\u00e1m\u00e1 jako 2-Fluoroethamfetamin a 3-Fluoretamfetamin, oba siln\u00e9 syntetick\u00e9 amfetaminy. 2-Fluoretamfetamin a 3-Fluoretamfetamin jsou struktur\u00e1ln\u011b p\u0159\u00edbuzn\u00e9 \u0159ad\u011b fluorovan\u00fdch substituovan\u00fdch amfetamin\u016f, kter\u00e9 p\u016fvodn\u011b zahrnovaly slou\u010deniny jako 2-FA, 3-FA, 4-FA, 2-FMA a 4-FMA.<\/p>\n<p>&nbsp;<\/p>\n<h2><strong>CHEMICK\u00c9 Z\u00c1KLADN\u00cd INFORMACE 2-FEA\/3-FEA (3PHORIA)<\/strong><\/h2>\n<p>2-FEA\/3-FEA jsou syntetick\u00e9 molekuly ze t\u0159\u00eddy amfetamin\u016f. Molekuly t\u00e9to t\u0159\u00eddy obsahuj\u00ed fenetylaminov\u00e9 j\u00e1dro. Toto j\u00e1dro se skl\u00e1d\u00e1 z fenylov\u00e9ho kruhu v\u00e1zan\u00e9ho na aminoskupinu prost\u0159ednictv\u00edm ethylov\u00e9ho \u0159et\u011bzce substituovan\u00e9ho methylovou skupinou (tj. amfetaminy jsou alfa-methylovan\u00e9 fenethylaminy). Konkr\u00e9tn\u011b 3-FEA je fluorovan\u00fd analog ethylamfetaminu ve 3 poloze, tak\u00e9 zn\u00e1m\u00fd jako etamfetamin. M\u00e1 strukturn\u00ed podobnosti s fenfluraminem 3-FA. Tato slou\u010denina m\u00e1 extr\u00e9mn\u011b kr\u00e1tkou historii v\u011bdeck\u00e9ho v\u00fdzkumu a je relativn\u011b nov\u00e1 na trhu v\u00fdzkumn\u00fdch chemik\u00e1li\u00ed. P\u0159i pou\u017e\u00edv\u00e1n\u00ed t\u00e9to l\u00e1tky se proto d\u016frazn\u011b doporu\u010duje pou\u017e\u00edvat postupy sni\u017eov\u00e1n\u00ed \u0161kod.<\/p>\n<p>&nbsp;<\/p>\n<h2><strong>KDE KOUPIT 2-FEA\/3-FEA (3PHORIA)<\/strong><\/h2>\n<p>2-FEA\/3FEA (3phoria) lze zakoupit zde na <a href=\"https:\/\/rezeptfrei-apotheke.net\/cs\/\">Rchemshop<\/a> webov\u00e1 str\u00e1nka. Prod\u00e1v\u00e1me pr\u00e9miovou kvalitu 2-FEA\/3FEA (3phoria), typicky v pelet\u00e1ch. \u010casto v\u0161ak m\u00e1me k dispozici i jin\u00e9 formy l\u00e1tek, tak\u017ee n\u00e1s nev\u00e1hejte kontaktovat, abychom zjistili, zda m\u00e1me v\u00e1mi preferovanou formu l\u00e1tky skladem. Abyste si u n\u00e1s mohli koupit 2-FEA\/3FEA (3phoria), mus\u00edte b\u00fdt star\u0161\u00ed 18 let.<\/p>\n<p>&nbsp;<\/p>","protected":false},"excerpt":{"rendered":"<p><strong>N\u00e1zev IUPAC:<\/strong><\/p>\n<p><strong>Vzhled: <\/strong>pelety<\/p>\n<p><strong>NMR anal\u00fdza: <\/strong>N\/A<\/p>","protected":false},"featured_media":8709,"comment_status":"open","ping_status":"closed","template":"","meta":[],"product_brand":[],"product_cat":[93],"product_tag":[],"class_list":{"0":"post-8674","1":"product","2":"type-product","3":"status-publish","4":"has-post-thumbnail","6":"product_cat-order-pills-online","8":"first","9":"instock","10":"shipping-taxable","11":"purchasable","12":"product-type-variable"},"jetpack_sharing_enabled":true,"_links":{"self":[{"href":"https:\/\/rezeptfrei-apotheke.net\/cs\/wp-json\/wp\/v2\/product\/8674","targetHints":{"allow":["GET"]}}],"collection":[{"href":"https:\/\/rezeptfrei-apotheke.net\/cs\/wp-json\/wp\/v2\/product"}],"about":[{"href":"https:\/\/rezeptfrei-apotheke.net\/cs\/wp-json\/wp\/v2\/types\/product"}],"replies":[{"embeddable":true,"href":"https:\/\/rezeptfrei-apotheke.net\/cs\/wp-json\/wp\/v2\/comments?post=8674"}],"wp:featuredmedia":[{"embeddable":true,"href":"https:\/\/rezeptfrei-apotheke.net\/cs\/wp-json\/wp\/v2\/media\/8709"}],"wp:attachment":[{"href":"https:\/\/rezeptfrei-apotheke.net\/cs\/wp-json\/wp\/v2\/media?parent=8674"}],"wp:term":[{"taxonomy":"product_brand","embeddable":true,"href":"https:\/\/rezeptfrei-apotheke.net\/cs\/wp-json\/wp\/v2\/product_brand?post=8674"},{"taxonomy":"product_cat","embeddable":true,"href":"https:\/\/rezeptfrei-apotheke.net\/cs\/wp-json\/wp\/v2\/product_cat?post=8674"},{"taxonomy":"product_tag","embeddable":true,"href":"https:\/\/rezeptfrei-apotheke.net\/cs\/wp-json\/wp\/v2\/product_tag?post=8674"}],"curies":[{"name":"wp","href":"https:\/\/api.w.org\/{rel}","templated":true}]}}