{"id":8675,"date":"2023-10-21T10:59:18","date_gmt":"2023-10-21T10:59:18","guid":{"rendered":"https:\/\/rezeptfrei-apotheke.net\/?post_type=product&#038;p=8675"},"modified":"2023-10-31T08:32:22","modified_gmt":"2023-10-31T08:32:22","slug":"2-fma-pellets-50mg","status":"publish","type":"product","link":"https:\/\/rezeptfrei-apotheke.net\/cs\/product\/2-fma-pellets-50mg\/","title":{"rendered":"2-FMA pelety 50 mg"},"content":{"rendered":"<p>2-FMA (2-Fluoromethamphetamine) je stimula\u010dn\u00ed chemick\u00e1 l\u00e1tka, kter\u00e1 je sou\u010d\u00e1st\u00ed t\u0159\u00eddy amfetamin\u016f. 2-FMA produkuje sv\u00e9 \u00fa\u010dinky prost\u0159ednictv\u00edm receptor\u016f dopaminu a norepinefrinu v mozku. Tato chemick\u00e1 l\u00e1tka je srovn\u00e1v\u00e1na s 2-FA, 4-MA a 3-FA a je tak\u00e9 strukturn\u00edm analogem metamfetaminu. Od konce roku 2000 je tento produkt dostupn\u00fd na trhu Research Chemical a nyn\u00ed je jedn\u00edm z na\u0161ich nejobl\u00edben\u011bj\u0161\u00edch stimulant\u016f. Neofici\u00e1ln\u00ed zpr\u00e1vy uv\u00e1d\u011bj\u00ed, \u017ee \u00fa\u010dastn\u00edci vykazovali \u00fa\u010dinky zv\u00fd\u0161en\u00e9ho libida, fyzick\u00e9 euforie, zkreslen\u00ed \u010dasu a zlep\u0161en\u00ed soust\u0159ed\u011bn\u00ed.<\/p>\n<p>*Prohl\u00e1\u0161en\u00ed: Na\u0161e produkty NEJSOU ur\u010deny pro lidskou spot\u0159ebu, ale POUZE pro v\u00fdzkumn\u00e9 \u00fa\u010dely. P\u0159i v\u00fdzkumu t\u011bchto chemik\u00e1li\u00ed by m\u011bla b\u00fdt p\u0159ijata odpov\u00eddaj\u00edc\u00ed bezpe\u010dnostn\u00ed opat\u0159en\u00ed.*<\/p>","protected":false},"excerpt":{"rendered":"<p><strong>N\u00e1zev IUPAC:<\/strong><\/p>\n<p><strong>Vzhled: <\/strong>pelety<\/p>\n<p><strong>NMR anal\u00fdza: <\/strong>N\/A<\/p>","protected":false},"featured_media":8711,"comment_status":"open","ping_status":"closed","template":"","meta":[],"product_brand":[],"product_cat":[93],"product_tag":[],"class_list":{"0":"post-8675","1":"product","2":"type-product","3":"status-publish","4":"has-post-thumbnail","6":"product_cat-order-pills-online","8":"first","9":"instock","10":"shipping-taxable","11":"purchasable","12":"product-type-variable"},"jetpack_sharing_enabled":true,"_links":{"self":[{"href":"https:\/\/rezeptfrei-apotheke.net\/cs\/wp-json\/wp\/v2\/product\/8675","targetHints":{"allow":["GET"]}}],"collection":[{"href":"https:\/\/rezeptfrei-apotheke.net\/cs\/wp-json\/wp\/v2\/product"}],"about":[{"href":"https:\/\/rezeptfrei-apotheke.net\/cs\/wp-json\/wp\/v2\/types\/product"}],"replies":[{"embeddable":true,"href":"https:\/\/rezeptfrei-apotheke.net\/cs\/wp-json\/wp\/v2\/comments?post=8675"}],"wp:featuredmedia":[{"embeddable":true,"href":"https:\/\/rezeptfrei-apotheke.net\/cs\/wp-json\/wp\/v2\/media\/8711"}],"wp:attachment":[{"href":"https:\/\/rezeptfrei-apotheke.net\/cs\/wp-json\/wp\/v2\/media?parent=8675"}],"wp:term":[{"taxonomy":"product_brand","embeddable":true,"href":"https:\/\/rezeptfrei-apotheke.net\/cs\/wp-json\/wp\/v2\/product_brand?post=8675"},{"taxonomy":"product_cat","embeddable":true,"href":"https:\/\/rezeptfrei-apotheke.net\/cs\/wp-json\/wp\/v2\/product_cat?post=8675"},{"taxonomy":"product_tag","embeddable":true,"href":"https:\/\/rezeptfrei-apotheke.net\/cs\/wp-json\/wp\/v2\/product_tag?post=8675"}],"curies":[{"name":"wp","href":"https:\/\/api.w.org\/{rel}","templated":true}]}}