{"id":8676,"date":"2023-10-21T10:59:18","date_gmt":"2023-10-21T10:59:18","guid":{"rendered":"https:\/\/rezeptfrei-apotheke.net\/?post_type=product&#038;p=8676"},"modified":"2023-10-31T08:42:12","modified_gmt":"2023-10-31T08:42:12","slug":"3-fma-pellets-50-mg","status":"publish","type":"product","link":"https:\/\/rezeptfrei-apotheke.net\/cs\/product\/3-fma-pellets-50-mg\/","title":{"rendered":"3-FMA pelety 50 mg"},"content":{"rendered":"<h2><strong>co je\u00a0<\/strong><strong>3-FMA?<\/strong><\/h2>\n<p>3-FMA je v\u00fdzkumn\u00e1 chemik\u00e1lie, kter\u00e1 spad\u00e1 do t\u0159\u00eddy n\u00e1hradn\u00edch amfetamin\u016f. Pokud jde o chemickou strukturu, 3-FMA je velmi podobn\u00fd 2-FMA, 3-FA, 4-FMA a 4-FA. 3-FMA je zkratka pro 3-Fluoromethamphetamine. Tato v\u00fdzkumn\u00e1 chemick\u00e1 l\u00e1tka je velmi nov\u00e1 a v d\u016fsledku toho neexistuje mnoho zpr\u00e1v o v\u00fdsledc\u00edch experimentov\u00e1n\u00ed s touto chemickou l\u00e1tkou.<\/p>\n<p>Vzhledem k t\u00e9to skute\u010dnosti byste m\u011bli p\u0159ijmout opat\u0159en\u00ed, pokud s n\u00edm pl\u00e1nujete experimentovat. Kdy\u017e experimentujete s 3-FMA, pou\u017e\u00edvejte ochrann\u00e9 br\u00fdle.<\/p>\n<p>&nbsp;<\/p>\n<h2><strong>Kde koupit 3-FMA?<\/strong><\/h2>\n<p>Zde prod\u00e1v\u00e1me n\u011bkter\u00e9 z nejkvalitn\u011bj\u0161\u00edch 3-FMA dostupn\u00fdch na trhu. Na\u0161e 3-FMA se obvykle dod\u00e1v\u00e1 ve form\u011b pr\u00e1\u0161ku. \u010casto v\u0161ak m\u00e1me k dispozici i jin\u00e9 formy. Pokud byste si cht\u011bli koupit 3-FMA v jin\u00e9 form\u011b, nev\u00e1hejte n\u00e1s kontaktovat.<\/p>\n<p>Abyste si od n\u00e1s mohli koupit 3-FMA, mus\u00edte b\u00fdt star\u0161\u00ed 18 let a b\u00fdt v pln\u00e9m pr\u00e1vn\u00edm souladu se z\u00e1kony va\u0161\u00ed zem\u011b. P\u0159ij\u00edm\u00e1me v\u0161echny hlavn\u00ed kreditn\u00ed karty a tak\u00e9 bitcoiny k platb\u011b. Doru\u010den\u00ed ve stejn\u00fd den je k dispozici v mnoha zem\u00edch.<\/p>\n<p>&nbsp;<\/p>\n<h2><strong>Z\u00e1konnost 3-FMA<\/strong><\/h2>\n<p>D\u016frazn\u011b v\u00e1m doporu\u010dujeme, abyste se sezn\u00e1mili s p\u0159\u00edslu\u0161n\u00fdmi z\u00e1kony ve va\u0161\u00ed zemi bydli\u0161t\u011b nebo m\u00edst\u011b odesl\u00e1n\u00ed, pokud jde o z\u00e1konnost produkt\u016f.<\/p>\n<p>S na\u0161imi sou\u010dasn\u00fdmi p\u0159epravn\u00edmi omezen\u00edmi podnik\u00e1me v\u0161echny p\u0159im\u011b\u0159en\u00e9 kroky ke sn\u00ed\u017een\u00ed nebezpe\u010d\u00ed pro na\u0161e spot\u0159ebitele.<\/p>","protected":false},"excerpt":{"rendered":"<p><strong>N\u00e1zev IUPAC: <\/strong>1-(3-Fluorfenyl)-N-methylpropan-2-amin<\/p>\n<p><strong>CAS # <\/strong>1182818-14-9<\/p>\n<p><strong>Jin\u00e9 jm\u00e9no: <\/strong>3-Fluorometamfetamin<\/p>\n<p><strong>Formul\u00e1\u0159: <\/strong>pelety<\/p>\n<p><strong>NMR anal\u00fdza: <\/strong>C10H14FN<\/p>","protected":false},"featured_media":8712,"comment_status":"open","ping_status":"closed","template":"","meta":[],"product_brand":[],"product_cat":[93],"product_tag":[],"class_list":{"0":"post-8676","1":"product","2":"type-product","3":"status-publish","4":"has-post-thumbnail","6":"product_cat-order-pills-online","8":"first","9":"instock","10":"shipping-taxable","11":"purchasable","12":"product-type-variable"},"jetpack_sharing_enabled":true,"_links":{"self":[{"href":"https:\/\/rezeptfrei-apotheke.net\/cs\/wp-json\/wp\/v2\/product\/8676","targetHints":{"allow":["GET"]}}],"collection":[{"href":"https:\/\/rezeptfrei-apotheke.net\/cs\/wp-json\/wp\/v2\/product"}],"about":[{"href":"https:\/\/rezeptfrei-apotheke.net\/cs\/wp-json\/wp\/v2\/types\/product"}],"replies":[{"embeddable":true,"href":"https:\/\/rezeptfrei-apotheke.net\/cs\/wp-json\/wp\/v2\/comments?post=8676"}],"wp:featuredmedia":[{"embeddable":true,"href":"https:\/\/rezeptfrei-apotheke.net\/cs\/wp-json\/wp\/v2\/media\/8712"}],"wp:attachment":[{"href":"https:\/\/rezeptfrei-apotheke.net\/cs\/wp-json\/wp\/v2\/media?parent=8676"}],"wp:term":[{"taxonomy":"product_brand","embeddable":true,"href":"https:\/\/rezeptfrei-apotheke.net\/cs\/wp-json\/wp\/v2\/product_brand?post=8676"},{"taxonomy":"product_cat","embeddable":true,"href":"https:\/\/rezeptfrei-apotheke.net\/cs\/wp-json\/wp\/v2\/product_cat?post=8676"},{"taxonomy":"product_tag","embeddable":true,"href":"https:\/\/rezeptfrei-apotheke.net\/cs\/wp-json\/wp\/v2\/product_tag?post=8676"}],"curies":[{"name":"wp","href":"https:\/\/api.w.org\/{rel}","templated":true}]}}