{"id":8678,"date":"2023-10-21T10:59:18","date_gmt":"2023-10-21T10:59:18","guid":{"rendered":"https:\/\/rezeptfrei-apotheke.net\/?post_type=product&#038;p=8678"},"modified":"2023-10-31T08:26:40","modified_gmt":"2023-10-31T08:26:40","slug":"2c-d-pellets-25mg","status":"publish","type":"product","link":"https:\/\/rezeptfrei-apotheke.net\/cs\/product\/2c-d-pellets-25mg\/","title":{"rendered":"2C-D pelety 25 mg"},"content":{"rendered":"<p><em>2C<\/em>&#8211;<em>D pelety<\/em>\u00a0\u2013\u00a0<em>25 mg<\/em>\u00a0jsou v\u00fdzkumn\u00e1 chemick\u00e1 l\u00e1tka, kter\u00e1 pat\u0159\u00ed do rodiny 2C psychedelik. Tato slou\u010denina je zn\u00e1m\u00e1 pro sv\u00e9 halucinogenn\u00ed \u00fa\u010dinky<\/p>","protected":false},"excerpt":{"rendered":"<p><strong>N\u00e1zev IUPAC: <\/strong>2,5-dimethoxy-4-methylbenzenethanamin<\/p>\n<p><strong>CAS # <\/strong>25505-65-1<\/p>\n<p><strong>Jin\u00e9 jm\u00e9no: <\/strong>2,5-dimethoxy-4-methylfenylamin<\/p>\n<p><strong>Vzhled: <\/strong>Modr\u00fd<\/p>\n<p><strong>NMR anal\u00fdza: <\/strong>N\/a<\/p>","protected":false},"featured_media":8716,"comment_status":"open","ping_status":"closed","template":"","meta":[],"product_brand":[],"product_cat":[93],"product_tag":[],"class_list":{"0":"post-8678","1":"product","2":"type-product","3":"status-publish","4":"has-post-thumbnail","6":"product_cat-order-pills-online","8":"first","9":"instock","10":"shipping-taxable","11":"purchasable","12":"product-type-variable"},"jetpack_sharing_enabled":true,"_links":{"self":[{"href":"https:\/\/rezeptfrei-apotheke.net\/cs\/wp-json\/wp\/v2\/product\/8678","targetHints":{"allow":["GET"]}}],"collection":[{"href":"https:\/\/rezeptfrei-apotheke.net\/cs\/wp-json\/wp\/v2\/product"}],"about":[{"href":"https:\/\/rezeptfrei-apotheke.net\/cs\/wp-json\/wp\/v2\/types\/product"}],"replies":[{"embeddable":true,"href":"https:\/\/rezeptfrei-apotheke.net\/cs\/wp-json\/wp\/v2\/comments?post=8678"}],"wp:featuredmedia":[{"embeddable":true,"href":"https:\/\/rezeptfrei-apotheke.net\/cs\/wp-json\/wp\/v2\/media\/8716"}],"wp:attachment":[{"href":"https:\/\/rezeptfrei-apotheke.net\/cs\/wp-json\/wp\/v2\/media?parent=8678"}],"wp:term":[{"taxonomy":"product_brand","embeddable":true,"href":"https:\/\/rezeptfrei-apotheke.net\/cs\/wp-json\/wp\/v2\/product_brand?post=8678"},{"taxonomy":"product_cat","embeddable":true,"href":"https:\/\/rezeptfrei-apotheke.net\/cs\/wp-json\/wp\/v2\/product_cat?post=8678"},{"taxonomy":"product_tag","embeddable":true,"href":"https:\/\/rezeptfrei-apotheke.net\/cs\/wp-json\/wp\/v2\/product_tag?post=8678"}],"curies":[{"name":"wp","href":"https:\/\/api.w.org\/{rel}","templated":true}]}}