{"id":8679,"date":"2023-10-21T10:59:19","date_gmt":"2023-10-21T10:59:19","guid":{"rendered":"https:\/\/rezeptfrei-apotheke.net\/?post_type=product&#038;p=8679"},"modified":"2026-02-16T10:15:07","modified_gmt":"2026-02-16T10:15:07","slug":"2c-c-pellets-30mg","status":"publish","type":"product","link":"https:\/\/rezeptfrei-apotheke.net\/cs\/product\/2c-c-pellets-30mg\/","title":{"rendered":"2C-C pelety 30 mg"},"content":{"rendered":"<div class=\"wpb-content-wrapper\"><div class=\"vc_row wpb_row vc_row-fluid\"><div class=\"wpb_column vc_column_container vc_col-sm-12\"><div class=\"vc_column-inner\"><div class=\"wpb_wrapper\">\n\t<div class=\"wpb_text_column wpb_content_element\" >\n\t\t<div class=\"wpb_wrapper\">\n\t\t\t<h2>Koupit 2C-C pelety \u2013 30 mg<\/h2>\n<p>Hled\u00e1te vysoce kvalitn\u00ed v\u00fdzkumnou chemik\u00e1lii pro sv\u00e9 laboratorn\u00ed studie? Nehledejte nic jin\u00e9ho ne\u017e pelety 2C-C \u2013 30 mg, nyn\u00ed dostupn\u00e9 na <a href=\"https:\/\/rezeptfrei-apotheke.net\/cs\/\">Rchemshop<\/a>.<\/p>\n<p>2C-C Pellets \u2013 30mg jsou v\u00fdzkumn\u00e1 chemick\u00e1 l\u00e1tka, kter\u00e1 pat\u0159\u00ed do rodiny 2C psychedelik. Tato slou\u010denina je zn\u00e1m\u00e1 pro sv\u00e9 halucinogenn\u00ed \u00fa\u010dinky a \u010dasto se pou\u017e\u00edv\u00e1 pro v\u00fdzkumn\u00e9 \u00fa\u010dely.<\/p>\n<p>Jsme odhodl\u00e1ni poskytovat na\u0161im z\u00e1kazn\u00edk\u016fm nejkvalitn\u011bj\u0161\u00ed dostupn\u00e9 v\u00fdzkumn\u00e9 chemik\u00e1lie a na\u0161e pelety 2C-C \u2013 30 mg nejsou v\u00fdjimkou. N\u00e1\u0161 produkt je vyr\u00e1b\u011bn v nejmodern\u011bj\u0161\u00edm za\u0159\u00edzen\u00ed a d\u016fkladn\u011b testov\u00e1n na \u010distotu a kvalitu, co\u017e zaji\u0161\u0165uje, \u017ee obdr\u017e\u00edte pouze ten nejlep\u0161\u00ed mo\u017en\u00fd produkt pro pot\u0159eby va\u0161eho v\u00fdzkumu.<\/p>\n<p>P\u0159i pr\u00e1ci s peletami 2C-C \u2013 30mg je d\u016fle\u017eit\u00e9 dodr\u017eovat doporu\u010den\u00e9 bezpe\u010dnostn\u00ed pokyny a postupy a zach\u00e1zet se sm\u011bs\u00ed opatrn\u011b. Tato v\u00fdzkumn\u00e1 chemik\u00e1lie nen\u00ed ur\u010dena k lidsk\u00e9 spot\u0159eb\u011b a m\u011bla by b\u00fdt pou\u017e\u00edv\u00e1na pouze vy\u0161kolen\u00fdmi odborn\u00edky v kontrolovan\u00e9m laboratorn\u00edm prost\u0159ed\u00ed.<\/p>\n<p>Pokud hled\u00e1te vysoce kvalitn\u00ed v\u00fdzkumnou chemik\u00e1lii pro sv\u00e9 laboratorn\u00ed studie, nehledejte nic jin\u00e9ho ne\u017e pelety 2C-C \u2013 30 mg od . Objednejte si nyn\u00ed a vyzkou\u0161ejte nejkvalitn\u011bj\u0161\u00ed v\u00fdzkumn\u00e9 chemik\u00e1lie dostupn\u00e9 na sou\u010dasn\u00e9m trhu.<\/p>\n<p><em>Koupit 2C<\/em>&#8211;<em>C pelety<\/em>\u00a0\u2013 30mg jsou v\u00fdzkumn\u00e9 chemik\u00e1lie, kter\u00e9 pat\u0159\u00ed do rodiny 2C psychedelik. Tato slou\u010denina je zn\u00e1m\u00e1 pro sv\u00e9 halucinogenn\u00ed \u00fa\u010dinky<\/p>\n\n\t\t<\/div>\n\t<\/div>\n<\/div><\/div><\/div><\/div>\n<\/div>","protected":false},"excerpt":{"rendered":"<p><strong>N\u00e1zev IUPAC: <\/strong>2,5-dimethoxy-4-chlorfenethylamin<\/p>\n<p><strong>CAS # <\/strong>88441-15-0<\/p>\n<p><strong>Vzhled: <\/strong>\u010cerven\u00e9<\/p>\n<p><strong>Formul\u00e1\u0159: <\/strong>pelety<\/p>\n<p><strong>NMR anal\u00fdza: <\/strong>n\/a<\/p>","protected":false},"featured_media":8718,"comment_status":"open","ping_status":"closed","template":"","meta":[],"product_brand":[],"product_cat":[93],"product_tag":[],"class_list":{"0":"post-8679","1":"product","2":"type-product","3":"status-publish","4":"has-post-thumbnail","6":"product_cat-order-pills-online","8":"first","9":"instock","10":"shipping-taxable","11":"purchasable","12":"product-type-variable"},"jetpack_sharing_enabled":true,"_links":{"self":[{"href":"https:\/\/rezeptfrei-apotheke.net\/cs\/wp-json\/wp\/v2\/product\/8679","targetHints":{"allow":["GET"]}}],"collection":[{"href":"https:\/\/rezeptfrei-apotheke.net\/cs\/wp-json\/wp\/v2\/product"}],"about":[{"href":"https:\/\/rezeptfrei-apotheke.net\/cs\/wp-json\/wp\/v2\/types\/product"}],"replies":[{"embeddable":true,"href":"https:\/\/rezeptfrei-apotheke.net\/cs\/wp-json\/wp\/v2\/comments?post=8679"}],"wp:featuredmedia":[{"embeddable":true,"href":"https:\/\/rezeptfrei-apotheke.net\/cs\/wp-json\/wp\/v2\/media\/8718"}],"wp:attachment":[{"href":"https:\/\/rezeptfrei-apotheke.net\/cs\/wp-json\/wp\/v2\/media?parent=8679"}],"wp:term":[{"taxonomy":"product_brand","embeddable":true,"href":"https:\/\/rezeptfrei-apotheke.net\/cs\/wp-json\/wp\/v2\/product_brand?post=8679"},{"taxonomy":"product_cat","embeddable":true,"href":"https:\/\/rezeptfrei-apotheke.net\/cs\/wp-json\/wp\/v2\/product_cat?post=8679"},{"taxonomy":"product_tag","embeddable":true,"href":"https:\/\/rezeptfrei-apotheke.net\/cs\/wp-json\/wp\/v2\/product_tag?post=8679"}],"curies":[{"name":"wp","href":"https:\/\/api.w.org\/{rel}","templated":true}]}}