{"id":8681,"date":"2023-10-21T10:59:19","date_gmt":"2023-10-21T10:59:19","guid":{"rendered":"https:\/\/rezeptfrei-apotheke.net\/?post_type=product&#038;p=8681"},"modified":"2025-11-10T10:31:10","modified_gmt":"2025-11-10T10:31:10","slug":"4f-mph-pellets-25mg","status":"publish","type":"product","link":"https:\/\/rezeptfrei-apotheke.net\/cs\/product\/4f-mph-pellets-25mg\/","title":{"rendered":"4F-MPH pelety 25 mg"},"content":{"rendered":"<div id=\"tw-target-text\" class=\"tw-data-text tw-text-large tw-ta\" dir=\"ltr\" data-placeholder=\"Vertaling\"><span class=\"Y2IQFc\" lang=\"en\"><strong>V\u0161echny produkty jsou prod\u00e1v\u00e1ny pouze pro laboratorn\u00ed pou\u017eit\u00ed, nikoli pro lidskou spot\u0159ebu.<\/p>\n<p>Co to vlastn\u011b je 4F-MPH?<\/strong><\/span><\/div>\n<div class=\"tw-data-text tw-text-large tw-ta\" dir=\"ltr\" data-placeholder=\"Vertaling\"><span class=\"Y2IQFc\" lang=\"en\">Kupte si 4F-MPH, co\u017e je v\u00fdzkumn\u00e1 chemik\u00e1lie, kter\u00e1 pat\u0159\u00ed do fluorovan\u00e9 t\u0159\u00eddy.\u00a0<\/span><\/div>\n<div class=\"tw-data-text tw-text-large tw-ta\" dir=\"ltr\" data-placeholder=\"Vertaling\"><\/div>\n<div class=\"tw-data-text tw-text-large tw-ta\" dir=\"ltr\" data-placeholder=\"Vertaling\"><span class=\"Y2IQFc\" lang=\"en\"><strong>D\u016fle\u017eit\u00e1 informace p\u0159i n\u00e1kupu 4F-MPH<\/strong><\/span><\/div>\n<div class=\"tw-data-text tw-text-large tw-ta\" dir=\"ltr\" data-placeholder=\"Vertaling\"><span class=\"Y2IQFc\" lang=\"en\">\u2013 K prodeji pouze pro v\u00fdzkumn\u00e9 \u00fa\u010dely<\/span><\/div>\n<div class=\"tw-data-text tw-text-large tw-ta\" dir=\"ltr\" data-placeholder=\"Vertaling\"><span class=\"Y2IQFc\" lang=\"en\">\u2013 Zabra\u0148te uvol\u0148ov\u00e1n\u00ed v\u00fdzkumn\u00fdch chemik\u00e1li\u00ed do \u017eivotn\u00edho prost\u0159ed\u00ed<\/span><\/div>\n<div class=\"tw-data-text tw-text-large tw-ta\" dir=\"ltr\" data-placeholder=\"Vertaling\"><\/div>\n<div class=\"tw-data-text tw-text-large tw-ta\" dir=\"ltr\" data-placeholder=\"Vertaling\"><span class=\"Y2IQFc\" lang=\"en\"><strong>Varov\u00e1n\u00ed 4F-MPH<\/strong><\/span><\/div>\n<div class=\"tw-data-text tw-text-large tw-ta\" dir=\"ltr\" data-placeholder=\"Vertaling\"><span class=\"Y2IQFc\" lang=\"en\">\u2013 4F-MPH m\u016f\u017ee zp\u016fsobit podr\u00e1\u017ed\u011bn\u00ed d\u00fdchac\u00edch cest<\/span><\/div>\n<div class=\"tw-data-text tw-text-large tw-ta\" dir=\"ltr\" data-placeholder=\"Vertaling\"><span class=\"Y2IQFc\" lang=\"en\">\u2013 4F-MPH m\u016f\u017ee zp\u016fsobit podr\u00e1\u017ed\u011bn\u00ed o\u010d\u00ed<\/span><\/div>\n<div class=\"tw-data-text tw-text-large tw-ta\" dir=\"ltr\" data-placeholder=\"Vertaling\"><\/div>\n<div class=\"tw-data-text tw-text-large tw-ta\" dir=\"ltr\" data-placeholder=\"Vertaling\"><span class=\"Y2IQFc\" lang=\"en\"><strong>Jak\u00fd je nejlep\u0161\u00ed zp\u016fsob ulo\u017een\u00ed 4F-MPH?<\/strong><\/span><\/div>\n<div class=\"tw-data-text tw-text-large tw-ta\" dir=\"ltr\" data-placeholder=\"Vertaling\"><span class=\"Y2IQFc\" lang=\"en\">Nejlep\u0161\u00ed zp\u016fsob, jak skladovat 4F-MPH, je skladovat jej na chladn\u00e9m a such\u00e9m m\u00edst\u011b. Udr\u017eujte rychlost 4F-MPH mimo dosah tepla a otev\u0159en\u00e9ho ohn\u011b. P\u0159i spr\u00e1vn\u00e9m skladov\u00e1n\u00ed lze Research Chemicals skladovat minim\u00e1ln\u011b 1 a\u017e 2 roky. Objednejte si 4F-MPH online. Jednoduch\u00e9, diskr\u00e9tn\u00ed a rychl\u00e9 dod\u00e1n\u00ed. Odes\u00edl\u00e1me 4F-MPH zdarma. Objedn\u00e1no do 16:00 = doru\u010deno z\u00edtra.<\/span><\/div>","protected":false},"excerpt":{"rendered":"<p><strong>N\u00e1zev IUPAC:<\/strong><\/p>\n<p><strong>CAS # <\/strong>1354631-33-6<\/p>\n<p><strong>Jin\u00e9 jm\u00e9no: <\/strong>4-Fluormethylfenid\u00e1t<\/p>\n<p><strong>Vzhled: <\/strong>R\u016f\u017eov\u00fd<\/p>\n<p><strong>Formul\u00e1\u0159: <\/strong>Pelety<\/p>\n<p><strong>NMR anal\u00fdza: <\/strong>C14H18FNO2<\/p>","protected":false},"featured_media":8720,"comment_status":"open","ping_status":"closed","template":"","meta":[],"product_brand":[],"product_cat":[93],"product_tag":[],"class_list":{"0":"post-8681","1":"product","2":"type-product","3":"status-publish","4":"has-post-thumbnail","6":"product_cat-order-pills-online","8":"first","9":"instock","10":"shipping-taxable","11":"purchasable","12":"product-type-variable"},"jetpack_sharing_enabled":true,"_links":{"self":[{"href":"https:\/\/rezeptfrei-apotheke.net\/cs\/wp-json\/wp\/v2\/product\/8681","targetHints":{"allow":["GET"]}}],"collection":[{"href":"https:\/\/rezeptfrei-apotheke.net\/cs\/wp-json\/wp\/v2\/product"}],"about":[{"href":"https:\/\/rezeptfrei-apotheke.net\/cs\/wp-json\/wp\/v2\/types\/product"}],"replies":[{"embeddable":true,"href":"https:\/\/rezeptfrei-apotheke.net\/cs\/wp-json\/wp\/v2\/comments?post=8681"}],"wp:featuredmedia":[{"embeddable":true,"href":"https:\/\/rezeptfrei-apotheke.net\/cs\/wp-json\/wp\/v2\/media\/8720"}],"wp:attachment":[{"href":"https:\/\/rezeptfrei-apotheke.net\/cs\/wp-json\/wp\/v2\/media?parent=8681"}],"wp:term":[{"taxonomy":"product_brand","embeddable":true,"href":"https:\/\/rezeptfrei-apotheke.net\/cs\/wp-json\/wp\/v2\/product_brand?post=8681"},{"taxonomy":"product_cat","embeddable":true,"href":"https:\/\/rezeptfrei-apotheke.net\/cs\/wp-json\/wp\/v2\/product_cat?post=8681"},{"taxonomy":"product_tag","embeddable":true,"href":"https:\/\/rezeptfrei-apotheke.net\/cs\/wp-json\/wp\/v2\/product_tag?post=8681"}],"curies":[{"name":"wp","href":"https:\/\/api.w.org\/{rel}","templated":true}]}}