{"id":8682,"date":"2023-10-21T10:59:19","date_gmt":"2023-10-21T10:59:19","guid":{"rendered":"https:\/\/rezeptfrei-apotheke.net\/?post_type=product&#038;p=8682"},"modified":"2023-10-30T21:47:55","modified_gmt":"2023-10-30T21:47:55","slug":"5-meo-mipt-pellets-15mg","status":"publish","type":"product","link":"https:\/\/rezeptfrei-apotheke.net\/cs\/product\/5-meo-mipt-pellets-15mg\/","title":{"rendered":"5-MeO-MiPT pelety 15 mg"},"content":{"rendered":"<h2><span class=\"\">Moxy Order 5-MeO-MiPT 10mg pelety<\/span><\/h2>\n<p><strong>5-MeO-MiPT<\/strong>\u00a0je l\u00e1tka, kter\u00e1 se prod\u00e1v\u00e1 pouze pro v\u00fdzkumn\u00e9 \u00fa\u010dely a nen\u00ed tedy ur\u010dena ke spot\u0159eb\u011b.<\/p>\n<p><strong>Z\u00edskejte 5 blistr\u016f (50 pelet), zapla\u0165te za 4!\u00a0<\/strong><em>(ji\u017e zahrnuto v odstup\u0148ovan\u00e9 cen\u011b.)<\/em><\/p>\n<p>5-MeO-MiPT si p\u0159i skladov\u00e1n\u00ed ve spr\u00e1vn\u00e9m prost\u0159ed\u00ed zachov\u00e1v\u00e1 stabilitu a\u017e 2 roky. 5-MeOMiPT je ur\u010den pro v\u00fdzkumn\u00e9 \u00fa\u010dely, nikoli pro spot\u0159ebu. Je proto d\u016fle\u017eit\u00e9, aby byl p\u0159\u00edpravek uchov\u00e1v\u00e1n mimo dosah d\u011bt\u00ed a dom\u00e1c\u00edch zv\u00ed\u0159at.<\/p>\n<p>Nab\u00edz\u00edme kvalitn\u00ed v\u00fdzkumn\u00e9 chemik\u00e1lie za f\u00e9rovou cenu. Va\u0161e objedn\u00e1vka bude expedov\u00e1na ka\u017ed\u00fd den do 24 hodin. Proto objedn\u00e1vejte\u00a0<em>5MeOMiPT<\/em>\u00a0bezpe\u010dn\u011b a rychle p\u0159es professor.nl!<\/p>\n<h3>Vlastnosti 5-MeO-MiPT<\/h3>\n<p><strong>Synonymum:<\/strong>\u00a05-methoxy-N-isopropyl-N-methyltryptamin hydrochlorid<br \/>\n<strong>\u010c\u00edslo CAS:<\/strong>\u00a096096-55-8<br \/>\n<strong>Vzorec:<\/strong>\u00a0N-[2-(5-methoxy-lH-indol-3-yl)ethyl]-N-methylpropan-2-amin<br \/>\n<strong>Molov\u00e1 hmotnost:<\/strong>\u00a0246 354 g mol<br \/>\n<strong>\u010cistota:<\/strong>\u00a0&gt;97%<\/p>\n<h3>Co je 5-MeO-MiPT?<\/h3>\n<p>5-MeO-MiPT, tak\u00e9 zn\u00e1m\u00fd jako &#039;Moxy&#039;, je v\u00fdzkumn\u00e1 chemik\u00e1lie, kter\u00e1 pat\u0159\u00ed do rodiny tryptamin\u016f. Poprv\u00e9 byl syntetizov\u00e1n a studov\u00e1n v\u011bdci na konci 80. let jako sou\u010d\u00e1st prob\u00edhaj\u00edc\u00edho v\u00fdzkumu struktury a \u00fa\u010dink\u016f psychoaktivn\u00edch slou\u010denin. Po\u010d\u00e1te\u010dn\u00ed v\u00fdzkum 5-MeO-MiPT se zam\u011b\u0159il na jeho \u00fa\u010dinky na zv\u00ed\u0159ec\u00edch modelech s c\u00edlem porozum\u011bt jeho farmakologick\u00e9mu profilu a potenci\u00e1ln\u00edm terapeutick\u00fdm aplikac\u00edm. Studiem jej\u00edch interakc\u00ed s r\u016fzn\u00fdmi syst\u00e9my neurotransmiter\u016f se v\u00fdzkumn\u00edci zam\u011b\u0159ili na odhalen\u00ed mechanismu p\u016fsoben\u00ed slou\u010deniny a prozkoum\u00e1n\u00ed jej\u00edch potenci\u00e1ln\u00edch \u00fa\u010dink\u016f na chov\u00e1n\u00ed, vn\u00edm\u00e1n\u00ed a pozn\u00e1v\u00e1n\u00ed.<\/p>\n<p>V\u00fdzkumn\u00edci pokra\u010duj\u00ed ve studiu 5-MeO-MiPT, aby roz\u0161\u00ed\u0159ili na\u0161e ch\u00e1p\u00e1n\u00ed jeho \u00fa\u010dink\u016f na mozek a chov\u00e1n\u00ed. Zkoumaj\u00ed jeho potenci\u00e1ln\u00ed terapeutick\u00e9 aplikace, jako je jeho pou\u017eit\u00ed ve v\u00fdzkumu du\u0161evn\u00edho zdrav\u00ed a l\u00e9\u010db\u011b r\u016fzn\u00fdch psychick\u00fdch poruch. Krom\u011b toho prob\u00edhaj\u00ed studie, kter\u00e9 maj\u00ed za c\u00edl objasnit roli t\u00e9to l\u00e1tky v neurov\u011bd\u00e1ch, v\u00fdzkumu v\u011bdom\u00ed a zkoum\u00e1n\u00ed zm\u011bn\u011bn\u00fdch stav\u016f v\u011bdom\u00ed.<\/p>\n<h3>Jak vznikl 5-MeO-MiPT?<\/h3>\n<p>5-MeO-MiPT je RC, kter\u00fd spad\u00e1 do kategorie tryptamin. Poprv\u00e9 byl syntetizov\u00e1n a studov\u00e1n v\u011bdci na konci 80. let jako sou\u010d\u00e1st jejich prob\u00edhaj\u00edc\u00edho v\u00fdzkumu psychoaktivn\u00edch slou\u010denin a jejich \u00fa\u010dink\u016f na mozek. Prim\u00e1rn\u00edm c\u00edlem v\u00fdzkumu 5-MeO-MiPT bylo z\u00edskat v\u00edce informac\u00ed o jeho chemick\u00e9 struktu\u0159e, vlastnostech a mo\u017en\u00fdch psychoaktivn\u00edch \u00fa\u010dinc\u00edch. V\u011bdci se zvl\u00e1\u0161t\u011b zaj\u00edmali o zkoum\u00e1n\u00ed jeho podobnost\u00ed s jin\u00fdmi tryptaminy a jeho potenci\u00e1lu jako psychedelick\u00e9 slou\u010deniny.<\/p>\n<p>Synt\u00e9za 5-MeO-MiPT zahrnovala \u0159adu pe\u010dliv\u011b navr\u017een\u00fdch laboratorn\u00edch postup\u016f pro zaji\u0161t\u011bn\u00ed \u010distoty a stability. V\u011bdci provedli d\u016fkladn\u00e9 anal\u00fdzy jeho molekul\u00e1rn\u00ed struktury a provedli r\u016fzn\u00e9 testy, aby posoudili jeho \u00fa\u010dinnost a interakce s receptory v mozku. Zpo\u010d\u00e1tku se v\u00fdzkum 5-MeO-MiPT zam\u011b\u0159oval na studium jeho \u00fa\u010dink\u016f na zv\u00ed\u0159ec\u00edch modelech. To umo\u017enilo v\u00fdzkumn\u00edk\u016fm prozkoumat farmakologick\u00fd profil a prozkoumat potenci\u00e1ln\u00ed terapeutick\u00e9 aplikace. Zkoum\u00e1n\u00edm interakc\u00ed s r\u016fzn\u00fdmi neurotransmiterov\u00fdmi syst\u00e9my se v\u011bdci zam\u011b\u0159ili na odhalen\u00ed mechanismu \u00fa\u010dinku a z\u00edsk\u00e1n\u00ed vhledu do vlivu na chov\u00e1n\u00ed, vn\u00edm\u00e1n\u00ed a pozn\u00e1v\u00e1n\u00ed.<\/p>\n<p>Prob\u00edhaj\u00edc\u00ed v\u00fdzkum 5-MeO-MiPT m\u00e1 za c\u00edl roz\u0161\u00ed\u0159it na\u0161e ch\u00e1p\u00e1n\u00ed jeho \u00fa\u010dink\u016f na mozek a chov\u00e1n\u00ed. V\u011bdci pokra\u010duj\u00ed ve zkoum\u00e1n\u00ed potenci\u00e1ln\u00edch terapeutick\u00fdch aplikac\u00ed, jako je pou\u017eit\u00ed ve v\u00fdzkumu du\u0161evn\u00edho zdrav\u00ed a l\u00e9\u010db\u011b r\u016fzn\u00fdch psychick\u00fdch poruch. Krom\u011b toho prob\u00edhaj\u00ed studie, kter\u00e9 maj\u00ed prozkoumat jeho roli v neurov\u011bd\u00e1ch, v\u00fdzkumu v\u011bdom\u00ed a zkoum\u00e1n\u00ed zm\u011bn\u011bn\u00fdch stav\u016f v\u011bdom\u00ed.<\/p>\n<h3>Prohl\u00e1\u0161en\u00ed o nebezpe\u010dnosti<\/h3>\n<p>5-MeO-MiPT m\u016f\u017ee zp\u016fsobit podr\u00e1\u017ed\u011bn\u00ed d\u00fdchac\u00edch cest.<br \/>\n5-MeO-MiPT m\u016f\u017ee zp\u016fsobit podr\u00e1\u017ed\u011bn\u00ed o\u010d\u00ed.<br \/>\nVypou\u0161t\u011bn\u00ed v\u00fdzkumn\u00fdch chemik\u00e1li\u00ed do \u017eivotn\u00edho prost\u0159ed\u00ed je zak\u00e1z\u00e1no.<\/p>","protected":false},"excerpt":{"rendered":"<p><strong>N\u00e1zev IUPAC:<\/strong><\/p>\n<p><strong>CAS # <\/strong>96096-55-8<\/p>\n<p><strong>Vzhled: <\/strong>Zelen\u00e1<\/p>\n<p><strong>Formul\u00e1\u0159: <\/strong>pelety<\/p>\n<p><strong>NMR anal\u00fdza: <\/strong>C15H22N2O<\/p>","protected":false},"featured_media":8721,"comment_status":"open","ping_status":"closed","template":"","meta":[],"product_brand":[],"product_cat":[93],"product_tag":[],"class_list":{"0":"post-8682","1":"product","2":"type-product","3":"status-publish","4":"has-post-thumbnail","6":"product_cat-order-pills-online","8":"first","9":"instock","10":"shipping-taxable","11":"purchasable","12":"product-type-variable"},"jetpack_sharing_enabled":true,"_links":{"self":[{"href":"https:\/\/rezeptfrei-apotheke.net\/cs\/wp-json\/wp\/v2\/product\/8682","targetHints":{"allow":["GET"]}}],"collection":[{"href":"https:\/\/rezeptfrei-apotheke.net\/cs\/wp-json\/wp\/v2\/product"}],"about":[{"href":"https:\/\/rezeptfrei-apotheke.net\/cs\/wp-json\/wp\/v2\/types\/product"}],"replies":[{"embeddable":true,"href":"https:\/\/rezeptfrei-apotheke.net\/cs\/wp-json\/wp\/v2\/comments?post=8682"}],"wp:featuredmedia":[{"embeddable":true,"href":"https:\/\/rezeptfrei-apotheke.net\/cs\/wp-json\/wp\/v2\/media\/8721"}],"wp:attachment":[{"href":"https:\/\/rezeptfrei-apotheke.net\/cs\/wp-json\/wp\/v2\/media?parent=8682"}],"wp:term":[{"taxonomy":"product_brand","embeddable":true,"href":"https:\/\/rezeptfrei-apotheke.net\/cs\/wp-json\/wp\/v2\/product_brand?post=8682"},{"taxonomy":"product_cat","embeddable":true,"href":"https:\/\/rezeptfrei-apotheke.net\/cs\/wp-json\/wp\/v2\/product_cat?post=8682"},{"taxonomy":"product_tag","embeddable":true,"href":"https:\/\/rezeptfrei-apotheke.net\/cs\/wp-json\/wp\/v2\/product_tag?post=8682"}],"curies":[{"name":"wp","href":"https:\/\/api.w.org\/{rel}","templated":true}]}}