{"id":8683,"date":"2023-10-21T10:59:19","date_gmt":"2023-10-21T10:59:19","guid":{"rendered":"https:\/\/rezeptfrei-apotheke.net\/?post_type=product&#038;p=8683"},"modified":"2023-10-30T21:55:34","modified_gmt":"2023-10-30T21:55:34","slug":"3-fpm-pellets-60mg","status":"publish","type":"product","link":"https:\/\/rezeptfrei-apotheke.net\/cs\/product\/3-fpm-pellets-60mg\/","title":{"rendered":"3-FPM pelety 60 mg"},"content":{"rendered":"<h2><strong>Co je 3-FPM?<\/strong><\/h2>\n<p>3-FPM je zkratka pro 3-Fluorofenmetrazin. 3-FPM je v\u00fdzkumn\u00e1 chemik\u00e1lie, kter\u00e1 m\u00e1 siln\u00e9 stimula\u010dn\u00ed vlastnosti. 3-FPM spad\u00e1 do t\u0159\u00eddy chemik\u00e1li\u00ed fenolmorfolin\u016f. Experiment\u00e1ln\u00ed n\u00e1lezy 3-FPM jsou obvykle pova\u017eov\u00e1ny za velmi podobn\u00e9 a t\u00e9m\u011b\u0159 toto\u017en\u00e9 s v\u00fdsledky amfetaminu. Experiment\u00e1ln\u00ed v\u00fdsledky 3-FPM jsou \u010dasto popisov\u00e1ny jako m\u00e9n\u011b intenzivn\u00ed ne\u017e v\u00fdsledky amfetaminu nebo jin\u00fdch stimulant\u016f.<\/p>\n<h2><strong>Kde koupit 3-FPM?<\/strong><\/h2>\n<p>Tady v <a href=\"https:\/\/rezeptfrei-apotheke.net\/cs\/\">Rchemshop<\/a> m\u00e1me na prodej velmi kvalitn\u00ed 3-FPM. N\u00e1\u0161 3-FPM je dostupn\u00fd ve form\u011b pr\u00e1\u0161ku i pelet. Tak\u017ee bez ohledu na to, jak\u00e9 chemick\u00e9 skupenstv\u00ed mezi t\u011bmito dv\u011bma mo\u017enostmi preferujete, m\u00e1me pro v\u00e1s pokryt\u00ed.<\/p>\n<p>3-FPM, kter\u00e9 m\u00e1me k dispozici k prodeji, jsou ur\u010deny pouze pro v\u00fdzkumn\u00e9 \u00fa\u010dely. Nen\u00ed ur\u010deno pro vnit\u0159n\u00ed pou\u017eit\u00ed. Abyste si od n\u00e1s mohli koupit 3-FPM, mus\u00edte b\u00fdt star\u0161\u00ed 18 let a b\u00fdt v pln\u00e9m pr\u00e1vn\u00edm souladu se z\u00e1kony sv\u00e9 zem\u011b.<\/p>\n<h2><strong>Pr\u00e1vn\u00ed stav 3-FPM<\/strong><\/h2>\n<p>3-FPM je nez\u00e1konn\u00e9 kupovat, prod\u00e1vat nebo vlastnit v Izraeli, \u0160v\u00fdcarsku a Spojen\u00fdch st\u00e1tech. Ve Spojen\u00e9m kr\u00e1lovstv\u00ed je pova\u017eov\u00e1n za analog fenmetrazinu, co\u017e je l\u00e9k podle sch\u00e9matu II, pokud se pou\u017e\u00edv\u00e1 pro lidskou spot\u0159ebu.<\/p>","protected":false},"excerpt":{"rendered":"<p><strong>N\u00e1zev IUPAC: <\/strong>2-(3-fluorfenyl)-3-methylmorfolin, monohydrochlorid<\/p>\n<p><strong>CAS # <\/strong>1803562-83-5<\/p>\n<p><strong>Jin\u00e9 jm\u00e9no: <\/strong>3-Fluorofenmetrazin (hydrochlorid)<\/p>\n<p><strong>Vzhled: <\/strong>pelety<\/p>\n<p><strong>NMR anal\u00fdza: <\/strong>C11H14FNO \u2022 HCl<\/p>","protected":false},"featured_media":8736,"comment_status":"open","ping_status":"closed","template":"","meta":[],"product_brand":[],"product_cat":[93],"product_tag":[],"class_list":{"0":"post-8683","1":"product","2":"type-product","3":"status-publish","4":"has-post-thumbnail","6":"product_cat-order-pills-online","8":"first","9":"instock","10":"shipping-taxable","11":"purchasable","12":"product-type-variable"},"jetpack_sharing_enabled":true,"_links":{"self":[{"href":"https:\/\/rezeptfrei-apotheke.net\/cs\/wp-json\/wp\/v2\/product\/8683","targetHints":{"allow":["GET"]}}],"collection":[{"href":"https:\/\/rezeptfrei-apotheke.net\/cs\/wp-json\/wp\/v2\/product"}],"about":[{"href":"https:\/\/rezeptfrei-apotheke.net\/cs\/wp-json\/wp\/v2\/types\/product"}],"replies":[{"embeddable":true,"href":"https:\/\/rezeptfrei-apotheke.net\/cs\/wp-json\/wp\/v2\/comments?post=8683"}],"wp:featuredmedia":[{"embeddable":true,"href":"https:\/\/rezeptfrei-apotheke.net\/cs\/wp-json\/wp\/v2\/media\/8736"}],"wp:attachment":[{"href":"https:\/\/rezeptfrei-apotheke.net\/cs\/wp-json\/wp\/v2\/media?parent=8683"}],"wp:term":[{"taxonomy":"product_brand","embeddable":true,"href":"https:\/\/rezeptfrei-apotheke.net\/cs\/wp-json\/wp\/v2\/product_brand?post=8683"},{"taxonomy":"product_cat","embeddable":true,"href":"https:\/\/rezeptfrei-apotheke.net\/cs\/wp-json\/wp\/v2\/product_cat?post=8683"},{"taxonomy":"product_tag","embeddable":true,"href":"https:\/\/rezeptfrei-apotheke.net\/cs\/wp-json\/wp\/v2\/product_tag?post=8683"}],"curies":[{"name":"wp","href":"https:\/\/api.w.org\/{rel}","templated":true}]}}