{"id":8685,"date":"2023-10-21T10:59:19","date_gmt":"2023-10-21T10:59:19","guid":{"rendered":"https:\/\/rezeptfrei-apotheke.net\/?post_type=product&#038;p=8685"},"modified":"2023-10-30T21:51:48","modified_gmt":"2023-10-30T21:51:48","slug":"4-ho-mipt-pellets-20mg","status":"publish","type":"product","link":"https:\/\/rezeptfrei-apotheke.net\/cs\/product\/4-ho-mipt-pellets-20mg\/","title":{"rendered":"4-HO-MIPT pelety 20mg"},"content":{"rendered":"<h2><strong>Co je 4-HO-MiPT?<\/strong><\/h2>\n<p>4-HO-MiPT je zkratka pro 4-Hydroxy-N-methyl-N-isopropyltryptamin. Tato l\u00e1tka spad\u00e1 do t\u0159\u00eddy chemik\u00e1li\u00ed tryptamin\u016f. Je velmi podobn\u00fd psilocinu, co\u017e je \u00fa\u010dinn\u00e1 l\u00e1tka v kouzeln\u00fdch houb\u00e1ch. Stejn\u011b jako psilocin je zn\u00e1mo, \u017ee 4-HO-MiPT produkuje psychedelick\u00e9 n\u00e1lezy b\u011bhem laboratorn\u00edch v\u00fdzkumn\u00fdch experiment\u016f.<\/p>\n<p>4-HO-MiPT roste na popularit\u011b a st\u00e1v\u00e1 se jedn\u00edm z nejb\u011b\u017en\u011bj\u0161\u00edch syntetick\u00fdch tryptamin\u016f, kter\u00e9 pou\u017e\u00edvaj\u00ed chemi\u010dt\u00ed v\u00fdzkumn\u00edci.<\/p>\n<p>&nbsp;<\/p>\n<h2><strong>Kde koupit 4-HO-MiPT?<\/strong><\/h2>\n<p>Zde v Chemical Planet prod\u00e1v\u00e1me vysoce kvalitn\u00ed 4-HO-MiPT. Tuto v\u00fdzkumnou chemik\u00e1lii nab\u00edz\u00edme ve form\u011b pr\u00e1\u0161ku hcl nebo fumar\u00e1tu, co\u017e je ide\u00e1ln\u00ed pro laboratorn\u00ed experimenty. Pokud byste v\u0161ak preferovali jinou formu, m\u016f\u017eete n\u00e1s kontaktovat a zjistit, kdy bychom mohli m\u00edt k dispozici jin\u00fd formul\u00e1\u0159.<\/p>\n<p>Abyste si mohli koupit n\u00e1\u0161 4-HO-MiPT, mus\u00edte b\u00fdt star\u0161\u00ed 18 let. Tak\u00e9 mus\u00edte b\u00fdt v pln\u00e9m souladu se z\u00e1kony va\u0161\u00ed zem\u011b. N\u00e1\u0161 4-HO-MiPT nen\u00ed ur\u010den pro pou\u017eit\u00ed u lid\u00ed nebo zv\u00ed\u0159at. Slou\u017e\u00ed pouze pro v\u00fdzkumn\u00e9 \u00fa\u010dely.<\/p>\n<p>&nbsp;<\/p>\n<h2><strong>4-HO-MiPT Z\u00e1konnost<\/strong><\/h2>\n<p>4-HO-MiPT je neleg\u00e1ln\u00ed v Braz\u00edlii a \u0160v\u00e9dsku. Ve Spojen\u00e9m kr\u00e1lovstv\u00ed je klasifikov\u00e1n jako l\u00e9k t\u0159\u00eddy A. Ve Spojen\u00fdch st\u00e1tech je to nepl\u00e1novan\u00e9. \u010casto je v\u0161ak pova\u017eov\u00e1n za analog psilocinu. Tak\u017ee lid\u00e9, kte\u0159\u00ed vlastn\u00ed nebo prod\u00e1vaj\u00ed 4-HO-MiPT, by mohli b\u00fdt st\u00edh\u00e1ni podle feder\u00e1ln\u00edho analogov\u00e9ho z\u00e1kona.<\/p>\n<p><strong>Experiment\u00e1ln\u00ed opat\u0159en\u00ed<\/strong>: Stejn\u011b jako u v\u011bt\u0161iny 4-hydroxy se mus\u00edte ujistit, \u017ee va\u0161e laborato\u0159 m\u00e1 funk\u010dn\u00ed miligramov\u00e9 v\u00e1hy nebo schopnost objemov\u00e9 kvantifikace. To je zvl\u00e1\u0161t\u011b d\u016fle\u017eit\u00e9 u 4-AcO-MiPT, proto\u017ee \u00farovn\u011b reaktivity za\u010d\u00ednaj\u00ed ji\u017e na 5 mg.<\/p>","protected":false},"excerpt":{"rendered":"<p><strong>N\u00e1zev IUPAC: <\/strong>3-(2-[Isopropyl(methyl)amino]ethyl)-lH-indol-4-ol<\/p>\n<p><strong>Jin\u00e9 jm\u00e9no: <\/strong>4-hydroxy-N-methyl-N-isopropyltryptamin<\/p>\n<p><strong>Formul\u00e1\u0159: <\/strong>pelety<\/p>\n<p><strong>NMR anal\u00fdza: <\/strong>N\/A<\/p>","protected":false},"featured_media":8738,"comment_status":"open","ping_status":"closed","template":"","meta":[],"product_brand":[],"product_cat":[93],"product_tag":[],"class_list":{"0":"post-8685","1":"product","2":"type-product","3":"status-publish","4":"has-post-thumbnail","6":"product_cat-order-pills-online","8":"first","9":"instock","10":"shipping-taxable","11":"purchasable","12":"product-type-variable"},"jetpack_sharing_enabled":true,"_links":{"self":[{"href":"https:\/\/rezeptfrei-apotheke.net\/cs\/wp-json\/wp\/v2\/product\/8685","targetHints":{"allow":["GET"]}}],"collection":[{"href":"https:\/\/rezeptfrei-apotheke.net\/cs\/wp-json\/wp\/v2\/product"}],"about":[{"href":"https:\/\/rezeptfrei-apotheke.net\/cs\/wp-json\/wp\/v2\/types\/product"}],"replies":[{"embeddable":true,"href":"https:\/\/rezeptfrei-apotheke.net\/cs\/wp-json\/wp\/v2\/comments?post=8685"}],"wp:featuredmedia":[{"embeddable":true,"href":"https:\/\/rezeptfrei-apotheke.net\/cs\/wp-json\/wp\/v2\/media\/8738"}],"wp:attachment":[{"href":"https:\/\/rezeptfrei-apotheke.net\/cs\/wp-json\/wp\/v2\/media?parent=8685"}],"wp:term":[{"taxonomy":"product_brand","embeddable":true,"href":"https:\/\/rezeptfrei-apotheke.net\/cs\/wp-json\/wp\/v2\/product_brand?post=8685"},{"taxonomy":"product_cat","embeddable":true,"href":"https:\/\/rezeptfrei-apotheke.net\/cs\/wp-json\/wp\/v2\/product_cat?post=8685"},{"taxonomy":"product_tag","embeddable":true,"href":"https:\/\/rezeptfrei-apotheke.net\/cs\/wp-json\/wp\/v2\/product_tag?post=8685"}],"curies":[{"name":"wp","href":"https:\/\/api.w.org\/{rel}","templated":true}]}}