{"id":8686,"date":"2023-10-21T10:59:19","date_gmt":"2023-10-21T10:59:19","guid":{"rendered":"https:\/\/rezeptfrei-apotheke.net\/?post_type=product&#038;p=8686"},"modified":"2023-10-31T07:31:48","modified_gmt":"2023-10-31T07:31:48","slug":"4-ho-met-pellets-20mg","status":"publish","type":"product","link":"https:\/\/rezeptfrei-apotheke.net\/cs\/product\/4-ho-met-pellets-20mg\/","title":{"rendered":"4-HO-MET pelety 20mg"},"content":{"rendered":"<p>Objednejte si pelety 4-AcO-MET 20 mg, 4-HO-MET (Metocin, Methylcybin nebo 4-hydroxy-<i>N<\/i>-methyl-<i>N<\/i>-ethyltryptamin) je v\u00fdzkumn\u00e1 chemick\u00e1 l\u00e1tka t\u0159\u00eddy tryptamin s psychedelick\u00fdmi \u00fa\u010dinky. Tato v\u00fdzkumn\u00e1 chemik\u00e1lie funguje tak, \u017ee p\u016fsob\u00ed na serotoninov\u00e9 receptory, kter\u00e9 jsou p\u0159\u00edtomny v centr\u00e1ln\u00edm nervov\u00e9m syst\u00e9mu. Neofici\u00e1ln\u00ed zpr\u00e1vy nazna\u010duj\u00ed, \u017ee v\u00fdsledky tohoto produktu jsou t\u00e9m\u011b\u0159 toto\u017en\u00e9 s v\u00fdsledky Psilocinu (hlavn\u00ed aktivn\u00ed slo\u017eka v kouzeln\u00fdch houb\u00e1ch). Tuto v\u00fdzkumnou chemik\u00e1lii poprv\u00e9 syntetizoval Alexander Shulgin a byla zdokumentov\u00e1na ve sv\u00e9 knize TiHKAL (Tryptaminy, kter\u00e9 jsem poznal a miloval).<\/p>","protected":false},"excerpt":{"rendered":"<p><strong>N\u00e1zev IUPAC: <\/strong>3-(2-[Isopropyl(methyl)amino]ethyl)-lH-indol-4-ol<\/p>\n<p><strong>Jin\u00e9 jm\u00e9no: <\/strong>4-hydroxy-N-methyl-N-isopropyltryptamin<\/p>\n<p><strong>Formul\u00e1\u0159: <\/strong>pelety<\/p>\n<p><strong>NMR anal\u00fdza: <\/strong>N\/A<\/p>","protected":false},"featured_media":8739,"comment_status":"open","ping_status":"closed","template":"","meta":[],"product_brand":[],"product_cat":[93],"product_tag":[98,99,100,101,102,103],"class_list":{"0":"post-8686","1":"product","2":"type-product","3":"status-publish","4":"has-post-thumbnail","6":"product_cat-order-pills-online","7":"product_tag-4-aco-met-pellets-20mg","8":"product_tag-4-aco-with","9":"product_tag-4acomet","10":"product_tag-buy-tryptamines","11":"product_tag-pellets","12":"product_tag-tryptamine","14":"first","15":"instock","16":"shipping-taxable","17":"purchasable","18":"product-type-variable"},"jetpack_sharing_enabled":true,"_links":{"self":[{"href":"https:\/\/rezeptfrei-apotheke.net\/cs\/wp-json\/wp\/v2\/product\/8686","targetHints":{"allow":["GET"]}}],"collection":[{"href":"https:\/\/rezeptfrei-apotheke.net\/cs\/wp-json\/wp\/v2\/product"}],"about":[{"href":"https:\/\/rezeptfrei-apotheke.net\/cs\/wp-json\/wp\/v2\/types\/product"}],"replies":[{"embeddable":true,"href":"https:\/\/rezeptfrei-apotheke.net\/cs\/wp-json\/wp\/v2\/comments?post=8686"}],"wp:featuredmedia":[{"embeddable":true,"href":"https:\/\/rezeptfrei-apotheke.net\/cs\/wp-json\/wp\/v2\/media\/8739"}],"wp:attachment":[{"href":"https:\/\/rezeptfrei-apotheke.net\/cs\/wp-json\/wp\/v2\/media?parent=8686"}],"wp:term":[{"taxonomy":"product_brand","embeddable":true,"href":"https:\/\/rezeptfrei-apotheke.net\/cs\/wp-json\/wp\/v2\/product_brand?post=8686"},{"taxonomy":"product_cat","embeddable":true,"href":"https:\/\/rezeptfrei-apotheke.net\/cs\/wp-json\/wp\/v2\/product_cat?post=8686"},{"taxonomy":"product_tag","embeddable":true,"href":"https:\/\/rezeptfrei-apotheke.net\/cs\/wp-json\/wp\/v2\/product_tag?post=8686"}],"curies":[{"name":"wp","href":"https:\/\/api.w.org\/{rel}","templated":true}]}}