{"id":8687,"date":"2023-10-21T10:59:19","date_gmt":"2023-10-21T10:59:19","guid":{"rendered":"https:\/\/rezeptfrei-apotheke.net\/?post_type=product&#038;p=8687"},"modified":"2026-02-16T10:24:49","modified_gmt":"2026-02-16T10:24:49","slug":"2c-b-fly-pellets-10mg","status":"publish","type":"product","link":"https:\/\/rezeptfrei-apotheke.net\/cs\/product\/2c-b-fly-pellets-10mg\/","title":{"rendered":"2C-B-FLY pelety 10mg"},"content":{"rendered":"<div class=\"wpb-content-wrapper\"><div class=\"vc_row wpb_row vc_row-fluid\"><div class=\"wpb_column vc_column_container vc_col-sm-12\"><div class=\"vc_column-inner\"><div class=\"wpb_wrapper\">\n\t<div class=\"wpb_text_column wpb_content_element\" >\n\t\t<div class=\"wpb_wrapper\">\n\t\t\t<h2>Koupit 2C-B-FLY<\/h2>\n<p>2C-B-FLY je v\u00fdzkumn\u00e1 chemik\u00e1lie a m\u011bla by b\u00fdt pou\u017e\u00edv\u00e1na pouze pro tento \u00fa\u010del. 2C-B-FLY v\u0161ak m\u016f\u017ee m\u00edt \u00fa\u010dinky na t\u011blo i p\u0159i konzumaci. Vezm\u011bte pros\u00edm na v\u011bdom\u00ed, \u017ee tyto \u00fa\u010dinky nejsou jen pozitivn\u00ed a \u017ee existuje d\u016fvod, pro\u010d by 2C-B-FLY m\u011bl b\u00fdt pou\u017e\u00edv\u00e1n pouze pro v\u011bdeck\u00e9 \u00fa\u010dely. Zde budeme diskutovat o \u00fa\u010dinc\u00edch, abychom se ujistili, \u017ee jej pou\u017e\u00edv\u00e1te pouze pro spr\u00e1vn\u00e9 \u00fa\u010dely.<br \/>\nFuncaps prod\u00e1v\u00e1 pouze 2C-B-FLY. 2C-B-FLY m\u016f\u017eete zakoupit v Rchemshopu. Garantujeme vysokou kvalitu, tak\u017ee jej m\u016f\u017eete pou\u017e\u00edvat pro v\u00fdzkumn\u00e9 \u00fa\u010dely a ne pro spot\u0159ebn\u00ed pou\u017eit\u00ed.<\/p>\n\n\t\t<\/div>\n\t<\/div>\n<\/div><\/div><\/div><\/div>\n<\/div>","protected":false},"excerpt":{"rendered":"<p><strong>N\u00e1zev IUPAC: <\/strong>2-(4-brom-2,3,6,7-tetrahydrofuro[2,3-f][l]benzofuran-8-yl)ethanamin<\/p>\n<p><strong>CAS # <\/strong>733720-95-1<\/p>\n<p><strong>Jin\u00e9 jm\u00e9no: <\/strong>2-(4-brom-2,3,6,7-tetrahydrofuro[2,3-f][l]benzofuran-8-yl)ethanamin<\/p>\n<p><strong>Vzhled: <\/strong>10 mg pelety<\/p>\n<p><strong>Formul\u00e1\u0159: <\/strong>pelety<\/p>\n<p><strong>NMR anal\u00fdza: <\/strong>C12H14BrNO2<\/p>","protected":false},"featured_media":8740,"comment_status":"open","ping_status":"closed","template":"","meta":[],"product_brand":[],"product_cat":[93],"product_tag":[],"class_list":{"0":"post-8687","1":"product","2":"type-product","3":"status-publish","4":"has-post-thumbnail","6":"product_cat-order-pills-online","8":"first","9":"instock","10":"shipping-taxable","11":"purchasable","12":"product-type-variable"},"jetpack_sharing_enabled":true,"_links":{"self":[{"href":"https:\/\/rezeptfrei-apotheke.net\/cs\/wp-json\/wp\/v2\/product\/8687","targetHints":{"allow":["GET"]}}],"collection":[{"href":"https:\/\/rezeptfrei-apotheke.net\/cs\/wp-json\/wp\/v2\/product"}],"about":[{"href":"https:\/\/rezeptfrei-apotheke.net\/cs\/wp-json\/wp\/v2\/types\/product"}],"replies":[{"embeddable":true,"href":"https:\/\/rezeptfrei-apotheke.net\/cs\/wp-json\/wp\/v2\/comments?post=8687"}],"wp:featuredmedia":[{"embeddable":true,"href":"https:\/\/rezeptfrei-apotheke.net\/cs\/wp-json\/wp\/v2\/media\/8740"}],"wp:attachment":[{"href":"https:\/\/rezeptfrei-apotheke.net\/cs\/wp-json\/wp\/v2\/media?parent=8687"}],"wp:term":[{"taxonomy":"product_brand","embeddable":true,"href":"https:\/\/rezeptfrei-apotheke.net\/cs\/wp-json\/wp\/v2\/product_brand?post=8687"},{"taxonomy":"product_cat","embeddable":true,"href":"https:\/\/rezeptfrei-apotheke.net\/cs\/wp-json\/wp\/v2\/product_cat?post=8687"},{"taxonomy":"product_tag","embeddable":true,"href":"https:\/\/rezeptfrei-apotheke.net\/cs\/wp-json\/wp\/v2\/product_tag?post=8687"}],"curies":[{"name":"wp","href":"https:\/\/api.w.org\/{rel}","templated":true}]}}