{"id":8688,"date":"2023-10-21T10:59:19","date_gmt":"2023-10-21T10:59:19","guid":{"rendered":"https:\/\/rezeptfrei-apotheke.net\/?post_type=product&#038;p=8688"},"modified":"2023-10-31T07:35:07","modified_gmt":"2023-10-31T07:35:07","slug":"bk-2c-b-hcl","status":"publish","type":"product","link":"https:\/\/rezeptfrei-apotheke.net\/cs\/product\/bk-2c-b-hcl\/","title":{"rendered":"bk-2C-B HCL"},"content":{"rendered":"<h2><strong>Obecn\u00e9 informace o bk-2C-B HCL<\/strong><\/h2>\n<p><strong>bk-2C-B HCL<\/strong>\u00a0je pl\u00e1novac\u00ed v\u00fdzkumn\u00e1 chemick\u00e1 l\u00e1tka, o to explicitn\u011bji katinonov\u00fd jednoduch\u00fd z kontrolovan\u00e9 l\u00e1tky 2C-B (2,5-dimethoxy-4-bromfenethylamin), kterou Alexander Shulgin poprv\u00e9 za\u010dlenil. Nen\u00ed zn\u00e1mo, kdo jako prvn\u00ed syntetizoval bk-2C-B, p\u0159esto byl d\u0159\u00edve dostupn\u00fd v polovin\u011b roku 2013 jako chemick\u00e1 l\u00e1tka pro sportovn\u00ed pr\u016fzkum.<\/p>\n<p>V letech se objevilo n\u011bkolik \u010dl\u00e1nk\u016f odhaluj\u00edc\u00edch analytick\u00e9 charakterizace l\u00e1tky. Je nab\u00edzen na webov\u00fdch str\u00e1nk\u00e1ch a naz\u00fdv\u00e1 se halucinogenn\u00ed vy\u0161et\u0159ovac\u00ed syntetika.<\/p>\n<p>Od 12. \u0159\u00edjna 2016 se bk-2C-B stal kanadskou kontrolovanou l\u00e1tkou (\u010casov\u00fd pl\u00e1n III). Stejn\u011b tak je nez\u00e1konn\u00e9 v N\u011bmecku, \u0160v\u00fdcarsku a Sjednocen\u00e9 \u0159\u00ed\u0161i.<\/p>\n<h3><strong>Chemick\u00e9 slo\u017een\u00ed bk-2C-B HCL<\/strong><\/h3>\n<p>Jeho konven\u010dn\u00ed n\u00e1zev je 2-amino-1-(4-brom-2,5-dimethoxyfenyl)-ethanon, monohydrochlorid, a jeho subatomov\u00e1 rovnice je C10H12BrNO3 \u2022 HCl.<\/p>\n<p>Bk-2C-B je substituovan\u00fd fenethylamin. Zv\u00fdraz\u0148uje methoxy substituenty na R2 a R5 a brom na R4. Ketonov\u00fd svazek je k dispozici v poloze beta (\u03b2) z u\u017eite\u010dn\u00e9ho aminov\u00e9ho svazku spojen\u00e9ho s alfa (\u03b1) uhl\u00edkem, co\u017e vede k jeho n\u00e1zvu, kter\u00fd ukazuje, \u017ee jde o prim\u00e1rn\u00ed jednoduch\u00fd 2C-B. Kv\u016fli u\u017eite\u010dn\u00e9mu shroma\u017e\u010fov\u00e1n\u00ed ketonu je \u010dasto ozna\u010dov\u00e1n jako substituovan\u00fd katinon.<\/p>\n<h3><strong>Farmakologie bk-2C-B HCL<\/strong><\/h3>\n<p>Bk-2C-B pravd\u011bpodobn\u011b p\u016fsob\u00ed jako polovi\u010dn\u00ed agonista 5-HT2A. P\u0159edpokl\u00e1d\u00e1 se, \u017ee psychedelick\u00e9 \u00fa\u010dinky poch\u00e1zej\u00ed z jeho \u017eivotaschopnosti na 5-HT2A receptorech. \u00dakol t\u011bchto spojen\u00ed a zp\u016fsob, jak\u00fdm p\u0159in\u00e1\u0161ej\u00ed psychedelick\u00fd z\u00e1\u017eitek, v\u0161ak z\u016fst\u00e1v\u00e1 nepolapiteln\u00fd.<\/p>\n<p>Bk-2C-B, nebo beta-keto 2C-B, je subbed fenethylamin zv\u00fdraz\u0148uj\u00edc\u00ed fenylov\u00fd kruh nav\u00e1zan\u00fd na amino (NH2) svazek p\u0159es ethylov\u00fd \u0159et\u011bzec. Bk-2C-B obsahuje design 2C-B subbed s ketonov\u00fdm svazkem na beta uhl\u00edku konstrukce (R1). Krom\u011b toho bk-2C-B zahrnuje methoxy utilit\u00e1rn\u00ed shluky CH3O-nav\u00e1zan\u00e9 na uhl\u00edky R2 a R5 a molekulu bromu nav\u00e1zanou na uhl\u00edk R4 fenylov\u00e9ho kruhu.<\/p>\n<p>Bk-2C-B m\u00e1 m\u00edsto s 2C skupinou fenethylamin\u016f, kter\u00e9 obsahuj\u00ed methoxyskupiny na 2-5 pozic\u00edch benzenov\u00e9ho kruhu.<\/p>\n<h3><strong>Vysoce kvalitn\u00ed bk-2C-B HCL<\/strong><\/h3>\n<p><strong>Panacea Chems<\/strong>\u00a0m\u00e1 dlouholet\u00e9 zku\u0161enosti v oblasti v\u00fdzkumn\u00fdch chemick\u00fdch n\u00e1vrh\u00e1\u0159\u016f, co\u017e n\u00e1m umo\u017e\u0148uje zajistit nejvy\u0161\u0161\u00ed kvalitu t\u011bchto v\u00fdzkumn\u00fdch chemik\u00e1li\u00ed. V\u00fdzkumn\u00fd chemick\u00fd t\u00fdm prod\u00e1v\u00e1 bk-2C-B HCL.\u00a0<strong>V\u00fdzkum chemik\u00e1li\u00ed<\/strong>, v\u010detn\u011b bk-2C-B HCL, spl\u0148uj\u00ed v\u0161echny bezpe\u010dnostn\u00ed po\u017eadavky. V\u00fdzkumn\u00e9 chemik\u00e1lie jsou pe\u010dliv\u011b distribuov\u00e1ny a skladov\u00e1ny na chladn\u00e9m a such\u00e9m m\u00edst\u011b.<\/p>\n<p>V\u0161echny produkty jsou pravideln\u011b kontrolov\u00e1ny na kvalitu, \u010distotu a bezpe\u010dnost. V\u017edy uchov\u00e1vejte bk-2C-B HCL p\u0159i pokojov\u00e9 teplot\u011b a mimo dosah d\u011bt\u00ed a dom\u00e1c\u00edch zv\u00ed\u0159at. N\u00e1\u0161 bk-2C-B HCL nen\u00ed ur\u010den pro osobn\u00ed pou\u017eit\u00ed. Slou\u017e\u00ed pouze pro \u00fa\u010dely v\u00fdzkumu.<\/p>\n<p>P\u0159i v\u00fdzkumu t\u00e9to v\u00fdzkumn\u00e9 chemik\u00e1lie se nesm\u00ed m\u00edchat s alkoholem nebo v\u00fdzkumn\u00fdmi chemik\u00e1liemi!<\/p>\n<p>V\u0161echny na\u0161e produkty maj\u00ed f\u00e9rovou cenu!<\/p>\n<h3><strong>Laboratorn\u011b testov\u00e1n bk-2C-B HCL s v\u00fdsledky.<\/strong><\/h3>\n<p>P\u0159ed\u011bl\u00e1v\u00e1 pokrok sm\u011brem k obecn\u00e9mu napln\u011bn\u00ed sv\u00fdch klient\u016f. R\u016fzn\u00e9 pr\u016fzkumy uk\u00e1zaly, \u017ee klienti p\u0159ed n\u00e1kupem syntetick\u00fdch v\u00fdzkumn\u00fdch chemik\u00e1li\u00ed po\u017eaduj\u00ed tolik dat, kolik se o\u010dek\u00e1valo. Krom\u011b toho zve\u0159ej\u0148ujeme v\u0161echny laboratorn\u00ed d\u016fsledky ka\u017ed\u00e9 vy\u0161et\u0159ovac\u00ed slou\u010deniny v z\u00e1znamu PDF.<\/p>\n<p>N\u00e1\u0161\u00a0<strong>bk-2C-B HCL pr\u00e1\u0161ek<\/strong>\u00a0d\u016fsledn\u011b spl\u0148uje \u00fa\u010dinn\u00e9 l\u00e1tky a ka\u017ed\u00fd je m\u016f\u017ee p\u0159\u00edmo vid\u011bt.<\/p>\n<p>V\u0161echny laboratorn\u00ed d\u016fsledky ka\u017ed\u00e9 v\u00fdzkumn\u00e9 chemik\u00e1lie distribuujeme v dokumentu PDF.<\/p>\n<h3><strong>Bezpe\u010dn\u011b objednejte od bk-2C-B HCL.<\/strong><\/h3>\n<p>Design\u00e9rsk\u00e9 v\u00fdzkumn\u00e9 chemik\u00e1lie Panacea Chems jsou vynikaj\u00edc\u00ed kvality a maj\u00ed p\u0159im\u011b\u0159enou cenu. Proto, kdy\u017e si vy\u017e\u00e1d\u00e1te sv\u00e9 v\u00fdzkumn\u00e9 chemik\u00e1lie u Panacea Chems, garantujeme, \u017ee v\u00e1\u0161 po\u017eadavek doru\u010d\u00edme rychle a bezpe\u010dn\u011b a\u017e k v\u00e1m dom\u016f, proto\u017ee prodej v\u00fdzkumn\u00fdch chemik\u00e1li\u00ed je u Panacea Chems v\u017edy dostupn\u00fd.<\/p>\n<p>\u017d\u00e1dost o syntetick\u00e9 v\u00fdzkumn\u00e9 slou\u010deniny pomoc\u00ed bitcoinu nebo bankovn\u00edho p\u0159evodu je v Panacea Chems jednoduch\u00e1.<\/p>\n<p>Pr\u00e1\u0161ek v\u00fdzkumn\u00fdch chemik\u00e1li\u00ed odes\u00edl\u00e1me ve stejn\u00fd pracovn\u00ed den, pokud je platba p\u0159ijata do 15:00 SEL\u010c.<\/p>\n<p>Nedod\u00e1v\u00e1me zbo\u017e\u00ed osob\u00e1m mlad\u0161\u00edm 18 let!<\/p>\n<p>Prodej v\u00fdzkumn\u00fdch chemik\u00e1li\u00ed je pouze pro v\u00fdzkumn\u00e9 \u00fa\u010dely.<\/p>\n<p>&nbsp;<\/p>\n<h3><strong>Diskr\u00e9tn\u00ed p\u0159eprava v\u00fdzkumn\u00fdch chemik\u00e1li\u00ed.<\/strong><\/h3>\n<p>Panacea Chems va\u0161i objedn\u00e1vku bezpe\u010dn\u011b a bezpe\u010dn\u011b zabal\u00ed, aby byla zaji\u0161t\u011bna spr\u00e1vn\u00e1 p\u0159eprava. Nav\u00edc bal\u00edme perfektn\u011b stealth a navenek se neuk\u00e1\u017ee \u017e\u00e1dn\u00e1 zn\u00e1mka toho, co by mohlo b\u00fdt uvnit\u0159.<\/p>\n<h3><strong>Opat\u0159en\u00ed<\/strong><\/h3>\n<ul>\n<li>Kupte si bk-2C-B HCL vhodn\u00e9 individu\u00e1ln\u00ed ochrann\u00e9 prost\u0159edky, jako jsou br\u00fdle a rukavice. \u010cist\u011bte je a \u0159\u00e1dn\u011b o n\u011b pe\u010dujte. P\u0159i manipulaci s v\u00fdzkumn\u00fdmi chemik\u00e1liemi dodr\u017eujte bezpe\u010dn\u00e9 syst\u00e9my a neu\u017e\u00edvejte zkratky.<\/li>\n<li>Pokud se zkouman\u00e1 chemik\u00e1lie dostane do kontaktu s o\u010dima, dob\u0159e je vypl\u00e1chn\u011bte a pokud je to nutn\u00e9, kontaktn\u00ed \u010do\u010dky vyjm\u011bte.<\/li>\n<li>Zkuste p\u0159i pou\u017e\u00edv\u00e1n\u00ed t\u011bchto chemik\u00e1li\u00ed pou\u017e\u00edvat masku, aby se do v\u00e1s p\u0159i d\u00fdch\u00e1n\u00ed nedostaly.<\/li>\n<li>Jak nazna\u010duj\u00ed podporovan\u00e9 metody, bezpe\u010dn\u011b manipulujte s nebezpe\u010dn\u00fdmi materi\u00e1ly, skladujte je a likvidujte je. Nikdy je nevyl\u00e9vejte do kanalizace nebo kan\u00e1l\u016f.<\/li>\n<li>V\u00fdzkumn\u00e9 chemik\u00e1lie skladujte vhodn\u00fdm zp\u016fsobem, jak je uvedeno v jejich n\u00e1zvech. Ho\u0159lav\u00e9 chemik\u00e1lie by m\u011bly b\u00fdt um\u00edst\u011bny ve vynikaj\u00edc\u00edm, such\u00e9m konop\u00ed mimo intenzitu a denn\u00ed sv\u011btlo. N\u011bkolik syntetick\u00fdch l\u00e1tek, jako jsou kyseliny, by m\u011blo b\u00fdt odlo\u017eeno nez\u00e1visle na sob\u011b.<\/li>\n<li>Panacea Chems nab\u00edzen\u00e9 pro v\u00fdzkumn\u00e9 \u00fa\u010dely; konzumace lidmi je p\u0159\u00edsn\u011b zak\u00e1z\u00e1na.<\/li>\n<\/ul>","protected":false},"excerpt":{"rendered":"<p><strong>N\u00e1zev IUPAC:<\/strong><\/p>\n<p>2-amino-1-(4-brom-2,5-dimethoxyfenyl)-ethanon, monohydrochlorid<\/p>\n<p><strong>CAS #<\/strong><\/p>\n<p>807631-09-0<\/p>\n<p><strong>Jin\u00e9 jm\u00e9no:<\/strong><\/p>\n<p>bk-4-brom-2,5-dimethoxyfenethylamin<\/p>\n<p><strong>Vzhled:<\/strong><\/p>\n<p>pr\u00e1\u0161ek<\/p>\n<p><strong>Formul\u00e1\u0159:<\/strong><\/p>\n<p>HCL<\/p>\n<p><strong>NMR anal\u00fdza:<\/strong><\/p>\n<p>C10H12BrNO3<\/p>","protected":false},"featured_media":8741,"comment_status":"open","ping_status":"closed","template":"","meta":[],"product_brand":[],"product_cat":[94],"product_tag":[],"class_list":{"0":"post-8688","1":"product","2":"type-product","3":"status-publish","4":"has-post-thumbnail","6":"product_cat-phenethylamine-derivatives","8":"first","9":"instock","10":"shipping-taxable","11":"purchasable","12":"product-type-variable"},"jetpack_sharing_enabled":true,"_links":{"self":[{"href":"https:\/\/rezeptfrei-apotheke.net\/cs\/wp-json\/wp\/v2\/product\/8688","targetHints":{"allow":["GET"]}}],"collection":[{"href":"https:\/\/rezeptfrei-apotheke.net\/cs\/wp-json\/wp\/v2\/product"}],"about":[{"href":"https:\/\/rezeptfrei-apotheke.net\/cs\/wp-json\/wp\/v2\/types\/product"}],"replies":[{"embeddable":true,"href":"https:\/\/rezeptfrei-apotheke.net\/cs\/wp-json\/wp\/v2\/comments?post=8688"}],"wp:featuredmedia":[{"embeddable":true,"href":"https:\/\/rezeptfrei-apotheke.net\/cs\/wp-json\/wp\/v2\/media\/8741"}],"wp:attachment":[{"href":"https:\/\/rezeptfrei-apotheke.net\/cs\/wp-json\/wp\/v2\/media?parent=8688"}],"wp:term":[{"taxonomy":"product_brand","embeddable":true,"href":"https:\/\/rezeptfrei-apotheke.net\/cs\/wp-json\/wp\/v2\/product_brand?post=8688"},{"taxonomy":"product_cat","embeddable":true,"href":"https:\/\/rezeptfrei-apotheke.net\/cs\/wp-json\/wp\/v2\/product_cat?post=8688"},{"taxonomy":"product_tag","embeddable":true,"href":"https:\/\/rezeptfrei-apotheke.net\/cs\/wp-json\/wp\/v2\/product_tag?post=8688"}],"curies":[{"name":"wp","href":"https:\/\/api.w.org\/{rel}","templated":true}]}}