{"id":8689,"date":"2023-10-21T10:59:19","date_gmt":"2023-10-21T10:59:19","guid":{"rendered":"https:\/\/rezeptfrei-apotheke.net\/?post_type=product&#038;p=8689"},"modified":"2023-10-31T07:25:48","modified_gmt":"2023-10-31T07:25:48","slug":"%ce%b2h-2c-b-bohb","status":"publish","type":"product","link":"https:\/\/rezeptfrei-apotheke.net\/cs\/product\/%ce%b2h-2c-b-bohb\/","title":{"rendered":"\u03b2H-2C-B (BOHB)"},"content":{"rendered":"<h2><strong>Co je BK-2C-B HCL?\u00a0<\/strong><\/h2>\n<p>\u03b2k-2C-B je n\u00e1hrada fenetylaminu. V R2 a R5 m\u00e1 methoxy substituenty a R4 m\u00e1 brom. Funk\u010dn\u00ed aminov\u00e1 skupina p\u0159ipojen\u00e1 k alfa (\u03b1) uhl\u00edku m\u00e1 ketonovou skupinu v beta (\u03b2) poloze, co\u017e vede k jej\u00edmu n\u00e1zvu a nazna\u010duje, \u017ee jde o struktur\u00e1ln\u00ed ekvivalent 2C-B. \u010casto je ozna\u010dov\u00e1n jako substituovan\u00fd kathinon kv\u016fli ketonov\u00e9 funk\u010dn\u00ed skupin\u011b.<\/p>\n<p>N\u011bkolik 2,5-dimethoxyfenethylamin\u016f m\u00e1 nahrazenou \u010dtvrtou polohu aromatick\u00e9ho kruhu. Konkr\u00e9tn\u011bji se jedn\u00e1 o katinonov\u00fd analog chemick\u00e9 l\u00e1tky 2C-B (2,5-dimethoxy-4-bromfenethylamin), kterou jako prvn\u00ed vytvo\u0159il Alexander Shulgin.<\/p>\n<p>Syntetickou cestu tvo\u0159\u00ed Grignardova reakce s methylmagnesiumbromidem, oxidace, -bromace, reakce s hexamethylentetraminem a kysel\u00e1 hydrol\u00fdza. Prim\u00e1rn\u00ed nukleofiln\u00ed \u00fatok na ketonov\u00fd uhl\u00edk v\u00fdchoz\u00ed molekuly m\u00e1 za n\u00e1sledek sekund\u00e1rn\u00ed alkohol jako mechanismus pro tuto syntetickou cestu.<\/p>\n<h2><strong>Z\u0159eknut\u00ed se odpov\u011bdnosti<\/strong><\/h2>\n<p>Za \u017e\u00e1dn\u00fdch okolnost\u00ed by tento produkt nem\u011bl b\u00fdt pod\u00e1v\u00e1n lidem ani zv\u00ed\u0159at\u016fm. Prod\u00e1v\u00e1 se v\u00fdhradn\u011b pro pou\u017eit\u00ed v laboratorn\u00edm v\u00fdzkumu. S materi\u00e1lem doporu\u010dujeme zach\u00e1zet opatrn\u011b. Pokud se stane n\u011bco \u0161patn\u00e9ho, neneseme odpov\u011bdnost za kontrolu \u0161kod.<\/p>\n<h2><strong>Je BK-2C-B HCL leg\u00e1ln\u00ed?<\/strong><\/h2>\n<p>P\u0159ed zakoupen\u00edm BK-2C-B HCL v\u00e1s \u017e\u00e1d\u00e1me, abyste se poradili s p\u0159\u00edslu\u0161n\u00fdmi \u00fa\u0159ady v oblasti va\u0161eho bydli\u0161t\u011b nebo v m\u00edst\u011b ur\u010den\u00ed z\u00e1silky.<\/p>\n<p>Uplat\u0148ov\u00e1n\u00edm p\u0159\u00edsn\u00fdch p\u0159edpis\u016f p\u0159i prodeji tohoto produktu zaji\u0161\u0165ujeme, aby na\u0161i z\u00e1kazn\u00edci p\u0159ijali po\u017eadovan\u00e1 ochrann\u00e1 opat\u0159en\u00ed, kter\u00e1 je udr\u017e\u00ed na spr\u00e1vn\u00e9 stran\u011b z\u00e1kona. Vy jako klient byste m\u011bli zn\u00e1t z\u00e1kony ve va\u0161\u00ed oblasti, proto\u017ee p\u0159edpisy se neust\u00e1le m\u011bn\u00ed. Jak\u00e9koli pr\u00e1vn\u00ed probl\u00e9my, kter\u00e9 mohou vyplynout z n\u00e1kupu BK-2C-B HCL ve va\u0161\u00ed zemi, nejsou na\u0161\u00ed odpov\u011bdnost\u00ed.<\/p>\n<h2><strong>Kde koupit BK-2C-B HCL?<\/strong><\/h2>\n<p>Chemical Planet je jedn\u00edm z p\u0159edn\u00edch prodejc\u016f a distributor\u016f BK-2C-B HCL a dal\u0161\u00edch chemik\u00e1li\u00ed. D\u016fstojnost v sob\u011b bereme pouze prodejem vysoce kvalitn\u00edch chemik\u00e1li\u00ed v\u010detn\u011b t\u011bch neobvykl\u00fdch. BK-2C-B HCL je k dispozici ve form\u011b pr\u00e1\u0161ku a prod\u00e1v\u00e1 se v\u00fdhradn\u011b pro pou\u017eit\u00ed v laboratorn\u00edm v\u00fdzkumu. Tuto l\u00e1tku u n\u00e1s mohou nakupovat pouze osoby star\u0161\u00ed 18 let.<\/p>","protected":false},"excerpt":{"rendered":"<p><strong>N\u00e1zev IUPAC: <\/strong>2,5-dimethoxy-beta-hydroxy-4-bromfenethylamin hydrochlorid<\/p>\n<p><strong>Formul\u00e1\u0159: <\/strong>pr\u00e1\u0161ek<\/p>","protected":false},"featured_media":8742,"comment_status":"open","ping_status":"closed","template":"","meta":[],"product_brand":[],"product_cat":[94],"product_tag":[],"class_list":{"0":"post-8689","1":"product","2":"type-product","3":"status-publish","4":"has-post-thumbnail","6":"product_cat-phenethylamine-derivatives","8":"first","9":"instock","10":"shipping-taxable","11":"purchasable","12":"product-type-variable"},"jetpack_sharing_enabled":true,"_links":{"self":[{"href":"https:\/\/rezeptfrei-apotheke.net\/cs\/wp-json\/wp\/v2\/product\/8689","targetHints":{"allow":["GET"]}}],"collection":[{"href":"https:\/\/rezeptfrei-apotheke.net\/cs\/wp-json\/wp\/v2\/product"}],"about":[{"href":"https:\/\/rezeptfrei-apotheke.net\/cs\/wp-json\/wp\/v2\/types\/product"}],"replies":[{"embeddable":true,"href":"https:\/\/rezeptfrei-apotheke.net\/cs\/wp-json\/wp\/v2\/comments?post=8689"}],"wp:featuredmedia":[{"embeddable":true,"href":"https:\/\/rezeptfrei-apotheke.net\/cs\/wp-json\/wp\/v2\/media\/8742"}],"wp:attachment":[{"href":"https:\/\/rezeptfrei-apotheke.net\/cs\/wp-json\/wp\/v2\/media?parent=8689"}],"wp:term":[{"taxonomy":"product_brand","embeddable":true,"href":"https:\/\/rezeptfrei-apotheke.net\/cs\/wp-json\/wp\/v2\/product_brand?post=8689"},{"taxonomy":"product_cat","embeddable":true,"href":"https:\/\/rezeptfrei-apotheke.net\/cs\/wp-json\/wp\/v2\/product_cat?post=8689"},{"taxonomy":"product_tag","embeddable":true,"href":"https:\/\/rezeptfrei-apotheke.net\/cs\/wp-json\/wp\/v2\/product_tag?post=8689"}],"curies":[{"name":"wp","href":"https:\/\/api.w.org\/{rel}","templated":true}]}}