{"id":8692,"date":"2023-10-21T10:59:20","date_gmt":"2023-10-21T10:59:20","guid":{"rendered":"https:\/\/rezeptfrei-apotheke.net\/?post_type=product&#038;p=8692"},"modified":"2026-02-16T10:23:58","modified_gmt":"2026-02-16T10:23:58","slug":"hdmp-28","status":"publish","type":"product","link":"https:\/\/rezeptfrei-apotheke.net\/cs\/product\/hdmp-28\/","title":{"rendered":"HDMP-28"},"content":{"rendered":"<div class=\"wpb-content-wrapper\"><div class=\"vc_row wpb_row vc_row-fluid\"><div class=\"wpb_column vc_column_container vc_col-sm-12\"><div class=\"vc_column-inner\"><div class=\"wpb_wrapper\">\n\t<div class=\"wpb_text_column wpb_content_element\" >\n\t\t<div class=\"wpb_wrapper\">\n\t\t\t<h2>Koupit HDMP-28<\/h2>\n<p>1-(2-Hydroxy-2,5-dimethylhexyl)-3-(2-methoxy-3-methylpentyl)mo\u010dovina, tak\u00e9 zn\u00e1m\u00e1 jako HDMP-28, je syntetick\u00e1 slou\u010denina, kter\u00e1 pat\u0159\u00ed do t\u0159\u00eddy kathinon\u016f. Poprv\u00e9 byl syntetizov\u00e1n na konci roku 2000 a od t\u00e9 doby si z\u00edskal popularitu jako v\u00fdzkumn\u00e1 chemik\u00e1lie. HDMP-28 je zn\u00e1m\u00fd pro sv\u00e9 stimula\u010dn\u00ed vlastnosti a \u010dasto se pou\u017e\u00edv\u00e1 v laboratorn\u00edch experimentech ke studiu jeho \u00fa\u010dink\u016f na centr\u00e1ln\u00ed nervov\u00fd syst\u00e9m.<br \/>\nMetoda synt\u00e9zy:<br \/>\nSynt\u00e9za buy HDMP-28 zahrnuje reakci 2,5-dimethyl-2-hydroxyhexan-1-olu s 3-methyl-2-(2-methoxyethyl)pentan-2-aminem v p\u0159\u00edtomnosti mo\u010doviny a katalyz\u00e1toru. V\u00fdsledn\u00fd produkt se pot\u00e9 \u010dist\u00ed za pou\u017eit\u00ed r\u016fzn\u00fdch technik, jako je rekrystalizace a sloupcov\u00e1 chromatografie. \u010cistota kone\u010dn\u00e9ho produktu se obvykle stanovuje pomoc\u00ed analytick\u00fdch technik, jako je plynov\u00e1 chromatografie-hmotnostn\u00ed spektrometrie (GC-MS) a nukle\u00e1rn\u00ed magnetick\u00e1 rezonan\u010dn\u00ed (NMR) spektroskopie.<br \/>\nAplikace pro v\u011bdeck\u00fd v\u00fdzkum:<br \/>\nHDMP-28 se b\u011b\u017en\u011b pou\u017e\u00edv\u00e1 v laboratorn\u00edch experimentech ke studiu jeho \u00fa\u010dink\u016f na centr\u00e1ln\u00ed nervov\u00fd syst\u00e9m. Je zn\u00e1mo, \u017ee p\u016fsob\u00ed jako inhibitor zp\u011btn\u00e9ho vychyt\u00e1v\u00e1n\u00ed dopaminu a inhibitor zp\u011btn\u00e9ho vychyt\u00e1v\u00e1n\u00ed norepinefrinu, co\u017e vede ke zv\u00fd\u0161en\u00ed hladin t\u011bchto neurotransmiter\u016f v mozku. P\u0159edpokl\u00e1d\u00e1 se, \u017ee toto zv\u00fd\u0161en\u00ed hladin neurotransmiter\u016f je zodpov\u011bdn\u00e9 za stimula\u010dn\u00ed \u00fa\u010dinky HDMP-28.<br \/>\nMechanismus \u00fa\u010dinku:<br \/>\nMechanismus \u00fa\u010dinku HDMP-28 zahrnuje inhibici transport\u00e9r\u016f zp\u011btn\u00e9ho vychyt\u00e1v\u00e1n\u00ed dopaminu a norepinefrinu. To vede ke zv\u00fd\u0161en\u00ed hladin t\u011bchto neurotransmiter\u016f v synaptick\u00e9 \u0161t\u011brbin\u011b, co\u017e zvy\u0161uje jejich \u00fa\u010dinky na postsynaptick\u00e9 receptory. To nakonec vede ke stimula\u010dn\u00edm \u00fa\u010dink\u016fm HDMP-28.<\/p>\n\n\t\t<\/div>\n\t<\/div>\n<\/div><\/div><\/div><\/div>\n<\/div>","protected":false},"excerpt":{"rendered":"<p><strong>N\u00e1zev IUPAC: <\/strong>Methyl (2R)-2-naftyl[(2R)-2-piperidinyl]acet\u00e1t<\/p>\n<p><strong>CAS # <\/strong>219915-69-2<\/p>\n<p><strong>Vzhled: <\/strong>pr\u00e1\u0161ek<\/p>\n<p><strong>NMR anal\u00fdza: <\/strong>C18H21NO2<\/p>","protected":false},"featured_media":8745,"comment_status":"open","ping_status":"closed","template":"","meta":[],"product_brand":[],"product_cat":[95],"product_tag":[],"class_list":{"0":"post-8692","1":"product","2":"type-product","3":"status-publish","4":"has-post-thumbnail","6":"product_cat-buy-piperidines-online","8":"first","9":"instock","10":"shipping-taxable","11":"purchasable","12":"product-type-variable"},"jetpack_sharing_enabled":true,"_links":{"self":[{"href":"https:\/\/rezeptfrei-apotheke.net\/cs\/wp-json\/wp\/v2\/product\/8692","targetHints":{"allow":["GET"]}}],"collection":[{"href":"https:\/\/rezeptfrei-apotheke.net\/cs\/wp-json\/wp\/v2\/product"}],"about":[{"href":"https:\/\/rezeptfrei-apotheke.net\/cs\/wp-json\/wp\/v2\/types\/product"}],"replies":[{"embeddable":true,"href":"https:\/\/rezeptfrei-apotheke.net\/cs\/wp-json\/wp\/v2\/comments?post=8692"}],"wp:featuredmedia":[{"embeddable":true,"href":"https:\/\/rezeptfrei-apotheke.net\/cs\/wp-json\/wp\/v2\/media\/8745"}],"wp:attachment":[{"href":"https:\/\/rezeptfrei-apotheke.net\/cs\/wp-json\/wp\/v2\/media?parent=8692"}],"wp:term":[{"taxonomy":"product_brand","embeddable":true,"href":"https:\/\/rezeptfrei-apotheke.net\/cs\/wp-json\/wp\/v2\/product_brand?post=8692"},{"taxonomy":"product_cat","embeddable":true,"href":"https:\/\/rezeptfrei-apotheke.net\/cs\/wp-json\/wp\/v2\/product_cat?post=8692"},{"taxonomy":"product_tag","embeddable":true,"href":"https:\/\/rezeptfrei-apotheke.net\/cs\/wp-json\/wp\/v2\/product_tag?post=8692"}],"curies":[{"name":"wp","href":"https:\/\/api.w.org\/{rel}","templated":true}]}}