{"id":8693,"date":"2023-10-21T10:59:20","date_gmt":"2023-10-21T10:59:20","guid":{"rendered":"https:\/\/rezeptfrei-apotheke.net\/?post_type=product&#038;p=8693"},"modified":"2026-02-16T10:15:31","modified_gmt":"2026-02-16T10:15:31","slug":"hdep-28","status":"publish","type":"product","link":"https:\/\/rezeptfrei-apotheke.net\/cs\/product\/hdep-28\/","title":{"rendered":"HDEP-28"},"content":{"rendered":"<div class=\"wpb-content-wrapper\"><div class=\"vc_row wpb_row vc_row-fluid\"><div class=\"wpb_column vc_column_container vc_col-sm-12\"><div class=\"vc_column-inner\"><div class=\"wpb_wrapper\">\n\t<div class=\"wpb_text_column wpb_content_element\" >\n\t\t<div class=\"wpb_wrapper\">\n\t\t\t<h2>Koupit HDEP-28 Ethylnaftidate online<\/h2>\n<p>Ethylnaftid\u00e1t alias HDEP-28<\/p>\n<p>koupit Ethylnaftid\u00e1t online<br \/>\nkde koupit Ethylnaftidate<br \/>\nkde koupit ethylnaftid\u00e1t online<br \/>\nkoupit ethylnaftid\u00e1tov\u00fd pr\u00e1\u0161ek online<br \/>\nkoupit krystal ethylnaftid\u00e1tu online<br \/>\njak si mohu objednat Ethylnaftidate online<br \/>\nobjednat ethylnaftid\u00e1t online<br \/>\nEthylnaftid\u00e1t nejvy\u0161\u0161\u00ed kvality na prodej online<br \/>\nEthylnaftid\u00e1t na prodej<br \/>\nEthylnaftid\u00e1t na prodej online<br \/>\nCena ethylnaftid\u00e1tu<br \/>\nkoupit ethylnaftid\u00e1t online<br \/>\nlevn\u00fd Ethylnaftidate na prodej<\/p>\n\n\t\t<\/div>\n\t<\/div>\n<\/div><\/div><\/div><\/div>\n<\/div>","protected":false},"excerpt":{"rendered":"<p>N\u00e1zev IUPAC: Ethyl 2-(naftalen-2-yl)-2-(piperidin-2-yl)acet\u00e1t<\/p>\n<p>CAS # 2170529-69-6<\/p>\n<p>Vzhled: pr\u00e1\u0161ek<\/p>\n<p>NMR anal\u00fdza: C19H23NO2<\/p>","protected":false},"featured_media":8746,"comment_status":"open","ping_status":"closed","template":"","meta":[],"product_brand":[],"product_cat":[95],"product_tag":[],"class_list":{"0":"post-8693","1":"product","2":"type-product","3":"status-publish","4":"has-post-thumbnail","6":"product_cat-buy-piperidines-online","8":"first","9":"instock","10":"shipping-taxable","11":"purchasable","12":"product-type-variable"},"jetpack_sharing_enabled":true,"_links":{"self":[{"href":"https:\/\/rezeptfrei-apotheke.net\/cs\/wp-json\/wp\/v2\/product\/8693","targetHints":{"allow":["GET"]}}],"collection":[{"href":"https:\/\/rezeptfrei-apotheke.net\/cs\/wp-json\/wp\/v2\/product"}],"about":[{"href":"https:\/\/rezeptfrei-apotheke.net\/cs\/wp-json\/wp\/v2\/types\/product"}],"replies":[{"embeddable":true,"href":"https:\/\/rezeptfrei-apotheke.net\/cs\/wp-json\/wp\/v2\/comments?post=8693"}],"wp:featuredmedia":[{"embeddable":true,"href":"https:\/\/rezeptfrei-apotheke.net\/cs\/wp-json\/wp\/v2\/media\/8746"}],"wp:attachment":[{"href":"https:\/\/rezeptfrei-apotheke.net\/cs\/wp-json\/wp\/v2\/media?parent=8693"}],"wp:term":[{"taxonomy":"product_brand","embeddable":true,"href":"https:\/\/rezeptfrei-apotheke.net\/cs\/wp-json\/wp\/v2\/product_brand?post=8693"},{"taxonomy":"product_cat","embeddable":true,"href":"https:\/\/rezeptfrei-apotheke.net\/cs\/wp-json\/wp\/v2\/product_cat?post=8693"},{"taxonomy":"product_tag","embeddable":true,"href":"https:\/\/rezeptfrei-apotheke.net\/cs\/wp-json\/wp\/v2\/product_tag?post=8693"}],"curies":[{"name":"wp","href":"https:\/\/api.w.org\/{rel}","templated":true}]}}