{"id":8694,"date":"2023-10-21T10:59:20","date_gmt":"2023-10-21T10:59:20","guid":{"rendered":"https:\/\/rezeptfrei-apotheke.net\/?post_type=product&#038;p=8694"},"modified":"2026-02-13T15:32:21","modified_gmt":"2026-02-13T15:32:21","slug":"desoxypipradrol","status":"publish","type":"product","link":"https:\/\/rezeptfrei-apotheke.net\/cs\/product\/desoxypipradrol\/","title":{"rendered":"desoxypipradrol"},"content":{"rendered":"<div class=\"wpb-content-wrapper\"><div class=\"vc_row wpb_row vc_row-fluid\"><div class=\"wpb_column vc_column_container vc_col-sm-12\"><div class=\"vc_column-inner\"><div class=\"wpb_wrapper\">\n\t<div class=\"wpb_text_column wpb_content_element\" >\n\t\t<div class=\"wpb_wrapper\">\n\t\t\t<h2>NEJLEP\u0160\u00cd ZP\u016eSOB, JAK U N\u00c1S Z\u00cdSKAT PR\u00c1VN\u00cd V\u00dd\u0160KU, KOUPIT 2-DPMP NA PRODEJ<\/h2>\n<p>Desoxypipradrol, tak\u00e9 ozna\u010dovan\u00fd jako 2-difenylmethylpiperidin<a href=\"#\">\u00a0Koupit 2-DPMP<\/a>, byl vyvinut spole\u010dnost\u00ed Ciba v 50. letech minul\u00e9ho stolet\u00ed. Navzdory tomu, \u017ee nebyla nikdy prod\u00e1na ani ud\u011blena licence k l\u00e9ka\u0159sk\u00e9mu pou\u017eit\u00ed, z\u00edskala si pov\u011bst siln\u00e9 a sporn\u00e9 l\u00e1tky.\u00a0<a href=\"https:\/\/en.wikipedia.org\/wiki\/Desoxypipradrol\" target=\"_blank\" rel=\"noopener\">desoxypipradrol<\/a>, NDRI (inhibitor zp\u011btn\u00e9ho vychyt\u00e1v\u00e1n\u00ed noradrenalinu a dopaminu), byl zneu\u017e\u00edv\u00e1n pro sv\u00e9 euforick\u00e9 a stimula\u010dn\u00ed \u00fa\u010dinky. Droga byla po cel\u00e1 desetilet\u00ed z velk\u00e9 \u010d\u00e1sti ignorov\u00e1na navzdory sv\u00e9mu potenci\u00e1lu a nikdy nebyla komercializov\u00e1na nebo licencov\u00e1na pro l\u00e9ka\u0159sk\u00e9 pou\u017eit\u00ed.<\/p>\n<h3>\u00da\u010cINKY DESOXYPIPRADROLU<\/h3>\n<p>Desoxypipradrol zvy\u0161uje hladiny dopaminu a norepinefrinu v mozku jako NDRI. Mezi v\u00fdhody pat\u0159\u00ed zlep\u0161en\u00ed n\u00e1lady, energie a bd\u011blosti, stejn\u011b jako sn\u00ed\u017een\u00e1 pot\u0159eba j\u00eddla a sp\u00e1nku. \u00da\u010dinky desoxypipradrolu jsou srovnateln\u00e9 s \u00fa\u010dinky jin\u00fdch stimula\u010dn\u00edch drog, jako jsou amfetaminy a kokain. L\u00e9k je v\u0161ak v\u00fdrazn\u011b \u00fa\u010dinn\u011bj\u0161\u00ed a m\u016f\u017ee m\u00edt velk\u00e9 vedlej\u0161\u00ed \u00fa\u010dinky, jako je \u00fazkost, psych\u00f3za a bu\u0161en\u00ed srdce. Desoxypipradrol se nestal zn\u00e1m\u00fdm jako rekrea\u010dn\u00ed droga a\u017e do konce 90. let a po\u010d\u00e1tku 21. stolet\u00ed. Hned jednou si ho obl\u00edbili n\u00e1v\u0161t\u011bvn\u00edci ve\u010d\u00edrk\u016f a hleda\u010di vzru\u0161en\u00ed, proto\u017ee m\u00e1 siln\u00e9 povzbuzuj\u00edc\u00ed a euforick\u00e9 \u00fa\u010dinky. \u00da\u010dinky desoxypipradrolu na lidsk\u00fd organismus v\u0161ak dosud nebyly \u0161iroce zn\u00e1my.<\/p>\n<h3>NEBEZPE\u010c\u00cd DESOXYPIPRADROLU<\/h3>\n<p>Spolu s d\u0159\u00edve uveden\u00fdmi vedlej\u0161\u00edmi \u00fa\u010dinky m\u00e1 l\u00e9k schopnost zp\u016fsobit srde\u010dn\u00ed z\u00e1chvaty, bu\u0161en\u00ed srdce a dokonce i hypertenzi. Desoxypipradrol je \u00fa\u010dinn\u00e1 l\u00e1tka, kter\u00e1 m\u016f\u017ee rychle v\u00e9st k p\u0159ed\u00e1vkov\u00e1n\u00ed. To plat\u00ed zejm\u00e9na pro nov\u00e9 u\u017eivatele a ty, kte\u0159\u00ed u\u017e\u00edvaj\u00ed velk\u00e9 mno\u017estv\u00ed drogy. Spolu se sv\u00fdmi fyzick\u00fdmi riziky m\u00e1 desoxypipradrol potenci\u00e1l zp\u016fsobit v\u00e1\u017en\u00e9 probl\u00e9my s du\u0161evn\u00edm zdrav\u00edm, jako je \u00fazkost, paranoia a dokonce i halucinace. Tyto \u00fa\u010dinky mohou p\u0159etrv\u00e1vat velmi dlouho po vymizen\u00ed medikace a mohou pacienta v\u00e1\u017en\u011b rozru\u0161it.<\/p>\n<h3>DESOXYPIPRADROL V SOU\u010cASN\u00c9 DROGOV\u00c9 KRAJIN\u011a<\/h3>\n<p>Navzdory sv\u00fdm rizik\u016fm, zejm\u00e9na na ve\u010d\u00edrc\u00edch a klubech, je desoxypipradrol nicm\u00e9n\u011b \u0161iroce pou\u017e\u00edvanou rekrea\u010dn\u00ed drogou. \u00da\u0159edn\u00edci \u010dinn\u00ed v trestn\u00edm \u0159\u00edzen\u00ed a specialist\u00e9 na ve\u0159ejn\u00e9 zdrav\u00ed se j\u00ed nyn\u00ed podrobn\u011bji zab\u00fdvaj\u00ed kv\u016fli jej\u00ed pov\u011bsti smrt\u00edc\u00edho toxinu. bu\u010f t\u00edm, \u017ee se stane nez\u00e1konn\u00fdm, nebo se p\u0159id\u00e1 na seznam zak\u00e1zan\u00fdch l\u00e1tek. To vedlo k poklesu jeho vyu\u017eit\u00ed v r\u016fzn\u00fdch situac\u00edch, p\u0159esto je pro n\u011bkter\u00e9 lidi st\u00e1le preferovanou drogou.<\/p>\n\n\t\t<\/div>\n\t<\/div>\n<\/div><\/div><\/div><\/div>\n<\/div>","protected":false},"excerpt":{"rendered":"<p>N\u00e1zev IUPAC: 2-benzhydrylpiperidin<br \/>\nCAS # 519-74-4<br \/>\nVzhled: pr\u00e1\u0161ek<br \/>\nNMR anal\u00fdza: C18H21N<\/p>","protected":false},"featured_media":8747,"comment_status":"open","ping_status":"closed","template":"","meta":[],"product_brand":[],"product_cat":[95],"product_tag":[],"class_list":{"0":"post-8694","1":"product","2":"type-product","3":"status-publish","4":"has-post-thumbnail","6":"product_cat-buy-piperidines-online","8":"first","9":"instock","10":"shipping-taxable","11":"purchasable","12":"product-type-variable"},"jetpack_sharing_enabled":true,"_links":{"self":[{"href":"https:\/\/rezeptfrei-apotheke.net\/cs\/wp-json\/wp\/v2\/product\/8694","targetHints":{"allow":["GET"]}}],"collection":[{"href":"https:\/\/rezeptfrei-apotheke.net\/cs\/wp-json\/wp\/v2\/product"}],"about":[{"href":"https:\/\/rezeptfrei-apotheke.net\/cs\/wp-json\/wp\/v2\/types\/product"}],"replies":[{"embeddable":true,"href":"https:\/\/rezeptfrei-apotheke.net\/cs\/wp-json\/wp\/v2\/comments?post=8694"}],"wp:featuredmedia":[{"embeddable":true,"href":"https:\/\/rezeptfrei-apotheke.net\/cs\/wp-json\/wp\/v2\/media\/8747"}],"wp:attachment":[{"href":"https:\/\/rezeptfrei-apotheke.net\/cs\/wp-json\/wp\/v2\/media?parent=8694"}],"wp:term":[{"taxonomy":"product_brand","embeddable":true,"href":"https:\/\/rezeptfrei-apotheke.net\/cs\/wp-json\/wp\/v2\/product_brand?post=8694"},{"taxonomy":"product_cat","embeddable":true,"href":"https:\/\/rezeptfrei-apotheke.net\/cs\/wp-json\/wp\/v2\/product_cat?post=8694"},{"taxonomy":"product_tag","embeddable":true,"href":"https:\/\/rezeptfrei-apotheke.net\/cs\/wp-json\/wp\/v2\/product_tag?post=8694"}],"curies":[{"name":"wp","href":"https:\/\/api.w.org\/{rel}","templated":true}]}}