{"id":8696,"date":"2023-10-21T10:59:20","date_gmt":"2023-10-21T10:59:20","guid":{"rendered":"https:\/\/rezeptfrei-apotheke.net\/?post_type=product&#038;p=8696"},"modified":"2023-10-30T21:26:49","modified_gmt":"2023-10-30T21:26:49","slug":"3-fpm","status":"publish","type":"product","link":"https:\/\/rezeptfrei-apotheke.net\/cs\/product\/3-fpm\/","title":{"rendered":"3-FPM"},"content":{"rendered":"<h2>Koupit <strong>3-FPM <\/strong><strong>Obecn\u00e9 informace 3-FPM<\/strong><\/h2>\n<p>3-Fluorofenmetrazin je origin\u00e1ln\u00ed energizuj\u00edc\u00ed l\u00e1tka ze t\u0159\u00eddy fenylmorfolin\u016f. 3-FPM je dce\u0159inou spole\u010dnost\u00ed fenmetrazinu, d\u0159\u00edve zn\u00e1m\u00e9 energizuj\u00edc\u00ed l\u00e1tky klinicky vyu\u017e\u00edvan\u00e9 jako anorektikum v Evrop\u011b v 50. letech minul\u00e9ho stolet\u00ed. Dod\u00e1v\u00e1 sv\u016fj \u00fa\u010dinek roz\u0161\u00ed\u0159en\u00edm stup\u0148\u016f serotoninu, dopaminu a norepinefrinu v mysli.<\/p>\n<h3><strong>Chemick\u00e9 slo\u017een\u00ed 3-FPM<\/strong><\/h3>\n<p>U n\u00e1s dostupn\u00fd vzorec 3-FPM je C11H14FNO \u2013 atomov\u00e1 hmotnost 285,42g. 3-FPM nebo 3-fluorfenmetrazin je pova\u017eov\u00e1n za 3-FPH a PAL-593; tato polo\u017eka je fluorovan\u00fd pod\u0159\u00edzen\u00fd fenmetrazinu. 3-FPM (PAL-593) je fluorovan\u00fd jednoduch\u00fd ve sv\u011btle energiz\u00e9ru a fluorovan\u00fd fenylmorfolin fenmetrazinu t\u0159i fluorofenmetrazin.<\/p>\n<p>Chemick\u00fd vzorec je C11H14FNO. 3-Fluorofenmetrazin je jednoduch\u00fd 3F-fenmetrazin a 3-fluorfenmetrazin, dal\u0161\u00ed vy\u0161et\u0159ovac\u00ed l\u00e1tka z rodiny energiz\u00e9r\u016f 2-3-fluorfenyl, 3-methylmorfolin a 3-fluorfenmetrazin.<\/p>\n<p>3- Fluorofenmetrazin obsahuje molekulu fluoru integrovanou do amfetaminov\u00e9ho skeletu.<\/p>\n<h3><strong>Farmakologie 3-FPM<\/strong><\/h3>\n<p>3-FPM (FPM 3) zvy\u0161uje \u010dinnost mysli aktivac\u00ed hladin serotoninu, dopaminu a norepinefrinu. Abstraktn\u00ed dopady zahrnuj\u00ed lep\u0161\u00ed koncentraci a inspiraci, zrychlen\u00ed my\u0161lenek a vy\u0161\u0161\u00ed \u0161t\u011bst\u00ed a vzru\u0161en\u00ed. Sb\u00edrka synaps\u00ed p\u0159in\u00e1\u0161\u00ed \u00fa\u010dinky vytr\u017een\u00ed a stimuluj\u00edc\u00ed z\u00e1\u017eitky.<\/p>\n<h3><strong>Kupte si vysoce kvalitn\u00ed 3-FPM<\/strong><\/h3>\n<p>TRRCSHOP se mnoho let zab\u00fdv\u00e1 n\u00e1kupem chemik\u00e1li\u00ed pro v\u00fdzkum n\u00e1vrh\u00e1\u0159\u016f, abychom mohli zajistit to nejlep\u0161\u00ed pro ka\u017ed\u00fd produkt. V\u00fdsledkem je, \u017ee v\u00fdzkumn\u00e9 chemik\u00e1lie, kter\u00e9 prod\u00e1v\u00e1me na webov\u00fdch str\u00e1nk\u00e1ch, v\u010detn\u011b 3-FPM 3-fluorofenmetrazinu, spl\u0148uj\u00ed na\u0161e p\u0159\u00edsn\u00e9 sm\u011brnice a jsou velmi pe\u010dliv\u011b zas\u00edl\u00e1ny, ukl\u00e1d\u00e1ny a uchov\u00e1v\u00e1ny na chladn\u00fdch a such\u00fdch m\u00edstech.<\/p>\n<p>V\u0161echny polo\u017eky maj\u00ed spravedlivou cenu a n\u00e1kup v TRRCSHOP je bez po\u0161kozen\u00ed.<\/p>\n<h3><strong>Laboratorn\u011b testov\u00e1no 3-FPM s v\u00fdsledkem<\/strong><\/h3>\n<p>TRRCSHOP d\u011bl\u00e1 pokroky sm\u011brem k roz\u0161i\u0159ov\u00e1n\u00ed spokojenosti spot\u0159ebitel\u016f. V\u00fdzkum ukazuje, \u017ee nov\u00fd klient m\u00e1 mnoho dotaz\u016f t\u00fdkaj\u00edc\u00edch se v\u00fdzkumn\u00fdch chemik\u00e1li\u00ed jako 3-FPM, 2-FMA nebo FPM3. Z\u00e1znam m\u00e1 mnoho v\u00fdhod, kdy\u017e odpov\u00edd\u00e1 na ka\u017ed\u00fd v\u00e1\u0161 dotaz.<\/p>\n<p>V\u0161echny laboratorn\u00ed v\u00fdsledky ka\u017ed\u00e9 pr\u016fzkumn\u00e9 slou\u010deniny distribuujeme v pdf z\u00e1znamu, kter\u00fd by m\u011bl b\u00fdt viditeln\u00fd nad t\u00edmto textem!<\/p>\n<p>Na\u0161e 3-FPM obecn\u011b souhlas\u00ed s funk\u010dn\u00edmi fixacemi a je k dispozici v\u0161em. Krom\u011b toho jsou obvykle k dispozici laboratorn\u00ed v\u00fdsledky v t\u00fdmu Research Chemicals.<\/p>\n<h3><strong>Bezpe\u010dn\u011b objedn\u00e1vejte od 3-FPM.<\/strong><\/h3>\n<p>Design\u00e9rsk\u00e9 v\u00fdzkumn\u00e9 chemik\u00e1lie TRRCSHOP jsou vynikaj\u00edc\u00ed kvality a maj\u00ed p\u0159im\u011b\u0159enou cenu. V okam\u017eiku, kdy v TRRCSHOP po\u017e\u00e1d\u00e1te o sv\u00e9 3-FPM, garantujeme, \u017ee v\u00e1\u0161 po\u017eadavek bude rychle a bezpe\u010dn\u011b doru\u010den k v\u00e1m dom\u016f.<\/p>\n<p>Vy\u017e\u00e1d\u00e1n\u00ed syntetick\u00fdch v\u00fdzkumn\u00fdch slou\u010denin pomoc\u00ed bitcoinu nebo bankovn\u00edho p\u0159esunu je na TRRCSHOP jednoduch\u00e9.<\/p>\n<p>Odes\u00edl\u00e1me 3-FPM ve stejn\u00fd pracovn\u00ed den, pokud je platba p\u0159ijata do 14:00 SEL\u010c. Nepos\u00edl\u00e1me v sobotu, ned\u011bli nebo st\u00e1tn\u00ed\/mezin\u00e1rodn\u00ed sv\u00e1tky<strong>.<\/strong><\/p>\n<h3><strong>Diskr\u00e9tn\u00ed p\u0159eprava v\u00fdzkumn\u00fdch chemik\u00e1li\u00ed.<\/strong><\/h3>\n<p>P\u0159esto\u017ee jsou chemik\u00e1lie pro v\u00fdzkum n\u00e1vrh\u00e1\u0159\u016f leg\u00e1ln\u011b dostupn\u00e9 online, my v TRRCSHOP se sna\u017e\u00edme dod\u00e1vat co nejbezpe\u010dn\u011bji a nejp\u0159im\u011b\u0159en\u011bji. Nejprve se p\u0159edm\u011bt um\u00edst\u00ed do s\u00e1\u010dku na kliknut\u00ed, ne\u017e se dostane do s\u00e1\u010dku, kde se dvakr\u00e1t sp\u00e1l\u00ed. Bal\u00edme s velmi dobrou stealth a navenek se neuk\u00e1\u017ee \u017e\u00e1dn\u00e1 zn\u00e1mka toho, co by mohlo b\u00fdt uvnit\u0159.<\/p>\n<p>Vyberte sledovanou z\u00e1silku, kterou chcete sledovat a sledovat, abyste mohli svou objedn\u00e1vku postupn\u011b sledovat. Nap\u0159\u00edklad s bezplatnou skladbou pos\u00edl\u00e1me objedn\u00e1vky nad 500 eur.<\/p>\n<p>Nedod\u00e1v\u00e1me zbo\u017e\u00ed osob\u00e1m mlad\u0161\u00edm 18 let!<\/p>\n<h3><strong>Opat\u0159en\u00ed<\/strong><\/h3>\n<ul>\n<li>RC jsou nab\u00edzeny na <a href=\"https:\/\/rezeptfrei-apotheke.net\/cs\/\">rchemshop<\/a> jsou pro v\u00fdzkumn\u00e9 \u00fa\u010dely, lidsk\u00e1 spot\u0159eba je p\u0159\u00edsn\u011b zak\u00e1z\u00e1na.<\/li>\n<li>Kupte si vhodn\u00e9 individu\u00e1ln\u00ed ochrann\u00e9 prost\u0159edky, jako jsou br\u00fdle a rukavice. \u010cist\u011bte je a \u0159\u00e1dn\u011b o n\u011b pe\u010dujte. P\u0159i manipulaci s v\u00fdzkumn\u00fdmi chemik\u00e1liemi dodr\u017eujte bezpe\u010dn\u00e9 syst\u00e9my a nepou\u017e\u00edvejte zkratky.<\/li>\n<li>Pokud se zkouman\u00e1 chemik\u00e1lie dostane do kontaktu s o\u010dima, dob\u0159e je vypl\u00e1chn\u011bte a pokud je to nutn\u00e9, kontaktn\u00ed \u010do\u010dky vyjm\u011bte.<\/li>\n<li>Zkuste p\u0159i pou\u017e\u00edv\u00e1n\u00ed t\u011bchto chemik\u00e1li\u00ed pou\u017e\u00edvat masku, aby se do v\u00e1s p\u0159i d\u00fdch\u00e1n\u00ed nedostaly.<\/li>\n<li>Jak nazna\u010duj\u00ed podporovan\u00e9 metody, manipulujte s nebezpe\u010dn\u00fdmi materi\u00e1ly, skladujte je a likvidujte je bezpe\u010dn\u011b. Nikdy je nevyl\u00e9vejte do kanalizace nebo kan\u00e1l\u016f.<\/li>\n<li>V\u00fdzkumn\u00e9 chemik\u00e1lie skladujte vhodn\u00fdm zp\u016fsobem, jak je uvedeno v jejich n\u00e1zvech. Ho\u0159lav\u00e9 chemik\u00e1lie by m\u011bly b\u00fdt ulo\u017eeny na vynikaj\u00edc\u00edm such\u00e9m m\u00edst\u011b mimo intenzitu a denn\u00ed sv\u011btlo. N\u011bkolik syntetick\u00fdch l\u00e1tek, jako jsou kyseliny, by m\u011blo b\u00fdt odlo\u017eeno nez\u00e1visle na sob\u011b.<\/li>\n<\/ul>","protected":false},"excerpt":{"rendered":"<p>N\u00e1zev IUPAC: 2-(3-fluorfenyl)-3-methylmorfolin, monohydrochlorid<br \/>\nCAS # 1803562-83-5<br \/>\nJin\u00fd n\u00e1zev: 3-Fluorofenmetrazin (hydrochlorid)<br \/>\nVzhled: pr\u00e1\u0161ek<br \/>\nNMR anal\u00fdza: C11H14FNO \u2022 HC1<\/p>","protected":false},"featured_media":8749,"comment_status":"open","ping_status":"closed","template":"","meta":[],"product_brand":[],"product_cat":[95],"product_tag":[],"class_list":{"0":"post-8696","1":"product","2":"type-product","3":"status-publish","4":"has-post-thumbnail","6":"product_cat-buy-piperidines-online","8":"first","9":"instock","10":"shipping-taxable","11":"purchasable","12":"product-type-variable"},"jetpack_sharing_enabled":true,"_links":{"self":[{"href":"https:\/\/rezeptfrei-apotheke.net\/cs\/wp-json\/wp\/v2\/product\/8696","targetHints":{"allow":["GET"]}}],"collection":[{"href":"https:\/\/rezeptfrei-apotheke.net\/cs\/wp-json\/wp\/v2\/product"}],"about":[{"href":"https:\/\/rezeptfrei-apotheke.net\/cs\/wp-json\/wp\/v2\/types\/product"}],"replies":[{"embeddable":true,"href":"https:\/\/rezeptfrei-apotheke.net\/cs\/wp-json\/wp\/v2\/comments?post=8696"}],"wp:featuredmedia":[{"embeddable":true,"href":"https:\/\/rezeptfrei-apotheke.net\/cs\/wp-json\/wp\/v2\/media\/8749"}],"wp:attachment":[{"href":"https:\/\/rezeptfrei-apotheke.net\/cs\/wp-json\/wp\/v2\/media?parent=8696"}],"wp:term":[{"taxonomy":"product_brand","embeddable":true,"href":"https:\/\/rezeptfrei-apotheke.net\/cs\/wp-json\/wp\/v2\/product_brand?post=8696"},{"taxonomy":"product_cat","embeddable":true,"href":"https:\/\/rezeptfrei-apotheke.net\/cs\/wp-json\/wp\/v2\/product_cat?post=8696"},{"taxonomy":"product_tag","embeddable":true,"href":"https:\/\/rezeptfrei-apotheke.net\/cs\/wp-json\/wp\/v2\/product_tag?post=8696"}],"curies":[{"name":"wp","href":"https:\/\/api.w.org\/{rel}","templated":true}]}}