{"id":8697,"date":"2023-10-21T10:59:20","date_gmt":"2023-10-21T10:59:20","guid":{"rendered":"https:\/\/rezeptfrei-apotheke.net\/?post_type=product&#038;p=8697"},"modified":"2023-10-31T08:52:48","modified_gmt":"2023-10-31T08:52:48","slug":"nb-5-meo-mipt-oxalate","status":"publish","type":"product","link":"https:\/\/rezeptfrei-apotheke.net\/cs\/product\/nb-5-meo-mipt-oxalate\/","title":{"rendered":"NB-5-MeO-MiPT (oxal\u00e1t)"},"content":{"rendered":"<h2><strong>Obecn\u00e9 informace Tryptaminy: NB-5-MeO-MiPT (oxal\u00e1t)<\/strong><\/h2>\n<p>Tryptamin je indolaminov\u00fd metabolit nezbytn\u00e9ho amino \u017e\u00edrav\u00e9ho tryptofanu. Indol charakterizuje l\u00e1tkovou strukturu \u2500 kombinovan\u00fd benzenov\u00fd a pyrrolov\u00fd kruh a 2-aminoethylov\u00e1 skupina na n\u00e1sleduj\u00edc\u00edm uhl\u00edku (t\u0159et\u00ed sladce von\u00edc\u00ed jota, p\u0159i\u010dem\u017e prvn\u00ed je heterocyklick\u00fd dus\u00edk). Konstrukce tryptaminu je spole\u010dn\u00fdm prvkem n\u011bkter\u00fdch aminergn\u00edch neuromodul\u00e1tor\u016f, v\u010detn\u011b melatoninu, serotoninu, bufoteninu a halucinogenn\u00edch dce\u0159in\u00fdch spole\u010dnost\u00ed, nap\u0159\u00edklad dimethyltryptaminu (DMT), psilocybinu, psilocinu a dal\u0161\u00edch. Krom\u011b toho se uk\u00e1zalo, \u017ee tryptamin p\u016fsob\u00ed na receptory souvisej\u00edc\u00ed s aminy p\u0159en\u00e1\u0161en\u00e9 v mozku savc\u016f a \u0159\u00edd\u00ed p\u016fsoben\u00ed dopaminergn\u00edch, serotonergn\u00edch a glutam\u00e1tergn\u00edch syst\u00e9m\u016f.<\/p>\n<p>5-MeO-MiPT je halucinogenn\u00ed a stimuluj\u00edc\u00ed l\u00e9k, kter\u00fd n\u011bkte\u0159\u00ed pou\u017e\u00edvaj\u00ed jako entheogen. M\u00e1 z\u00e1kladn\u00ed a farmakodynamick\u00e9 vlastnosti jako l\u00e9ky 5-MeO-DiPT, DiPT a MiPT. Obvykle se v\u0161ak pou\u017e\u00edv\u00e1 jako \u201en\u00e1hrada\u201c 5-MeO-DiPT kv\u016fli p\u0159esn\u00e9 konstrukci a dopad\u016fm.<\/p>\n<p>&nbsp;<\/p>\n<h3><strong>Chemick\u00e9 slo\u017een\u00ed tryptamin\u016f: NB-5-MeO-MiPT (oxal\u00e1t)<\/strong><\/h3>\n<p>&nbsp;<\/p>\n<p>5-MeO-MiPT je ve t\u0159\u00edd\u011b sm\u011bs\u00ed b\u011b\u017en\u011b zn\u00e1m\u00fdch jako tryptaminy a je to N-methyl-N-isopropyl homolog halucinogenn\u00edho 5-MeO-DMT. \u00dapln\u00fd n\u00e1zev slou\u010deniny je 5-methoxy-N-methyl-N-isopropyltryptamin.<\/p>\n<p>5-MeO-MiPT zp\u016fsob\u00ed, \u017ee Ehrlichovo \u010dinidlo bude fialov\u00e9 a pot\u00e9 se sm\u00edch\u00e1 do z\u010dern\u00e1n\u00ed modr\u00e9. To zp\u016fsob\u00ed, \u017ee mark\u00fdzovo \u010dinidlo ze\u017eloutne a\u017e ztmavne.<\/p>\n<h3><strong>Farmakologie tryptamin\u016f: NB-5-MeO-MiPT (oxal\u00e1t).<\/strong><\/h3>\n<p>Afinity na desce 5-HT nejsou zcela pevn\u011b stanoveny programem PDSP podporovan\u00fdm NIMH. Nap\u0159\u00edklad asociace na lidsk\u00fdch a hlodav\u010d\u00edch 5-HT2A a 5-HT2C receptorech jsou st\u00e1le ve vzduchu, vyu\u017e\u00edvaj\u00edc\u00ed jak agonistick\u00e9, tak \u0161patn\u00e9 radioligandy.<\/p>\n<p>Jako pod\u00edl cenn\u00e9 s\u00edly a \u017eivotaschopnosti byly odhadnuty zm\u011bny intracelul\u00e1rn\u00edch hladin Ca2+ pomoc\u00ed fluorometrick\u00e9ho zobrazovac\u00edho peruseru desti\u010dek (FLIPRTETRA, Molecular Devices) na lidsk\u00fdch 5-HT2A, 5-HT2B a 5-HT2C receptorech a hlodav\u010d\u00edch 5-HT2A a 5-HT2C receptory. Nakonec, jako pod\u00edl in vivo uz\u00e1kon\u011bn\u00ed 5-HT2A receptoru, jsme zkoumali schopnost, za p\u0159edpokladu, \u017ee je v\u0161e stejn\u00e9, vyvolat my\u0161\u00ed HTR.<\/p>\n<p>Spekulovali jsme, \u017ee vyu\u017eiteln\u00e1 s\u00edla na hlodav\u010d\u00edm 5-HT2A receptoru by se mohla nejl\u00e9pe spojit s informacemi o chov\u00e1n\u00ed \u0161kubnut\u00ed my\u0161\u00ed hlavou, proto\u017ee afinity ligandu na hlodav\u010d\u00edm 5-HT2A receptoru asociuj\u00ed s my\u0161\u00edm 5-HT2A receptorem, ale ne s lidsk\u00fdm 5-HT2A receptorem.<\/p>\n<h3><strong>Kupte si vysoce kvalitn\u00ed Fluorexetamin<\/strong><\/h3>\n<p>TRRCSHOP m\u00e1 dlouholet\u00e9 zku\u0161enosti v oblasti v\u00fdzkumn\u00fdch chemick\u00fdch n\u00e1vrh\u00e1\u0159\u016f, co\u017e n\u00e1m umo\u017e\u0148uje zajistit nejvy\u0161\u0161\u00ed kvalitu t\u011bchto v\u00fdzkumn\u00fdch chemik\u00e1li\u00ed. V\u00fdzkumn\u00fd chemick\u00fd t\u00fdm prod\u00e1v\u00e1 fluorexetamin a 2,5 mg pelety. V\u00fdzkumn\u00e9 chemik\u00e1lie, v\u010detn\u011b Fluorexetamin\u016f, spl\u0148uj\u00ed v\u0161echny bezpe\u010dnostn\u00ed po\u017eadavky. V\u00fdzkumn\u00e9 chemik\u00e1lie jsou pe\u010dliv\u011b distribuov\u00e1ny a skladov\u00e1ny na chladn\u00e9m a such\u00e9m m\u00edst\u011b.<\/p>\n<p>V\u0161echny produkty jsou pravideln\u011b kontrolov\u00e1ny na kvalitu, \u010distotu a bezpe\u010dnost. V\u017edy uchov\u00e1vejte Fluorexetamin p\u0159i pokojov\u00e9 teplot\u011b a mimo dosah d\u011bt\u00ed a dom\u00e1c\u00edch zv\u00ed\u0159at. N\u00e1\u0161 Fluorexetamin nen\u00ed ur\u010den pro osobn\u00ed pou\u017eit\u00ed. Slou\u017e\u00ed pouze pro v\u00fdzkumn\u00e9 \u00fa\u010dely.<\/p>\n<p>P\u0159i v\u00fdzkumu t\u00e9to v\u00fdzkumn\u00e9 chemik\u00e1lie se nesm\u00ed m\u00edchat s alkoholem nebo v\u00fdzkumn\u00fdmi chemik\u00e1liemi!<\/p>\n<p>V\u0161echny na\u0161e produkty maj\u00ed f\u00e9rovou cenu!<\/p>\n<h3><strong>Laboratorn\u011b testovan\u00fd Fluorexetamin s v\u00fdsledky.<\/strong><\/h3>\n<p>P\u0159ed\u011bl\u00e1v\u00e1 pokrok sm\u011brem k obecn\u00e9mu napln\u011bn\u00ed sv\u00fdch klient\u016f. R\u016fzn\u00e9 pr\u016fzkumy uk\u00e1zaly, \u017ee klienti p\u0159ed n\u00e1kupem syntetick\u00fdch v\u00fdzkumn\u00fdch chemik\u00e1li\u00ed po\u017eaduj\u00ed tolik dat, kolik se o\u010dek\u00e1valo. Krom\u011b toho zve\u0159ej\u0148ujeme v\u0161echny laboratorn\u00ed d\u016fsledky ka\u017ed\u00e9 vy\u0161et\u0159ovac\u00ed slou\u010deniny v z\u00e1znamu PDF.<\/p>\n<p>N\u00e1\u0161 Fluorexetamin d\u016fsledn\u011b spl\u0148uje aktivn\u00ed slo\u017eky a ka\u017ed\u00fd jej m\u016f\u017ee p\u0159\u00edmo vid\u011bt.<\/p>\n<p>V\u0161echny laboratorn\u00ed d\u016fsledky ka\u017ed\u00e9 v\u00fdzkumn\u00e9 chemik\u00e1lie distribuujeme v dokumentu PDF.<\/p>\n<h3><strong>Bezpe\u010dn\u011b si objednejte od Fluorexetamine.<\/strong><\/h3>\n<p>Design\u00e9rsk\u00e9 v\u00fdzkumn\u00e9 chemik\u00e1lie TRRCSHOP maj\u00ed vynikaj\u00edc\u00ed kvalitu a p\u0159im\u011b\u0159enou cenu. Proto v okam\u017eiku, kdy po\u017e\u00e1d\u00e1te o sv\u00e9\u00a0<strong>Fluorexetamin\u00a0<\/strong>v TRRCSHOP v\u00e1m garantujeme, \u017ee v\u00e1\u0161 po\u017eadavek doprav\u00edme rychle a bezpe\u010dn\u011b a\u017e k v\u00e1m dom\u016f.<\/p>\n<p>\u017d\u00e1dost o syntetick\u00e9 v\u00fdzkumn\u00e9 slou\u010deniny pomoc\u00ed bitcoinu nebo bankovn\u00edho p\u0159evodu je na TRRCSHOP jednoduch\u00e1.<\/p>\n<p>Fluorexetamin odes\u00edl\u00e1me ve stejn\u00fd pracovn\u00ed den, pokud je platba p\u0159ijata do 14:00 SEL\u010c. Obvykle nepos\u00edl\u00e1me v sobotu, ned\u011bli nebo st\u00e1tn\u00ed\/mezin\u00e1rodn\u00ed sv\u00e1tky<strong>.<\/strong><\/p>\n<h3><strong>Diskr\u00e9tn\u00ed p\u0159eprava v\u00fdzkumn\u00fdch chemik\u00e1li\u00ed.<\/strong><\/h3>\n<p>P\u0159esto\u017ee jsou chemik\u00e1lie pro v\u00fdzkum n\u00e1vrh\u00e1\u0159\u016f leg\u00e1ln\u011b dostupn\u00e9 online, my v Rcendeavour dod\u00e1v\u00e1me nejbezpe\u010dn\u011bji a nejp\u0159im\u011b\u0159en\u011bji. Bal\u00edme s velmi dobrou stealth a navenek se neuk\u00e1\u017ee \u017e\u00e1dn\u00e1 zn\u00e1mka toho, co by mohlo b\u00fdt uvnit\u0159.<\/p>\n<p>Zas\u00edl\u00e1me objedn\u00e1vky nad 500 eur se sledov\u00e1n\u00edm a sledov\u00e1n\u00edm, abyste mohli sv\u016fj bal\u00ed\u010dek postupn\u011b sledovat. zas\u00edl\u00e1me objedn\u00e1vky nad 500 euro s dr\u00e1hou zdarma.<\/p>\n<p>Nedod\u00e1v\u00e1me zbo\u017e\u00ed osob\u00e1m mlad\u0161\u00edm 18 let!<\/p>\n<h3><strong>Opat\u0159en\u00ed<\/strong><\/h3>\n<ul>\n<li>Kupte si vhodn\u00e9 individu\u00e1ln\u00ed ochrann\u00e9 prost\u0159edky, jako jsou br\u00fdle a rukavice. \u010cist\u011bte je a \u0159\u00e1dn\u011b o n\u011b pe\u010dujte. P\u0159i manipulaci s v\u00fdzkumn\u00fdmi chemik\u00e1liemi dodr\u017eujte bezpe\u010dn\u00e9 syst\u00e9my a nepou\u017e\u00edvejte zkratky.<\/li>\n<li>Pokud se zkouman\u00e1 chemik\u00e1lie dostane do kontaktu s o\u010dima, dob\u0159e je vypl\u00e1chn\u011bte a pokud je to nutn\u00e9, kontaktn\u00ed \u010do\u010dky vyjm\u011bte.<\/li>\n<li>Zkuste p\u0159i pou\u017e\u00edv\u00e1n\u00ed t\u011bchto chemik\u00e1li\u00ed pou\u017e\u00edvat masku, aby se do v\u00e1s p\u0159i d\u00fdch\u00e1n\u00ed nedostaly.<\/li>\n<li>Jak nazna\u010duj\u00ed podporovan\u00e9 metody, bezpe\u010dn\u011b manipulujte s nebezpe\u010dn\u00fdmi materi\u00e1ly, skladujte je a likvidujte je. Nikdy je nevyl\u00e9vejte do kanalizace nebo kan\u00e1l\u016f.<\/li>\n<li>V\u00fdzkumn\u00e9 chemik\u00e1lie skladujte vhodn\u00fdm zp\u016fsobem, jak je uvedeno v jejich n\u00e1zvech. Ho\u0159lav\u00e9 chemik\u00e1lie by m\u011bly b\u00fdt um\u00edst\u011bny ve vynikaj\u00edc\u00edm, such\u00e9m konop\u00ed mimo intenzitu a denn\u00ed sv\u011btlo. N\u011bkolik syntetick\u00fdch l\u00e1tek, jako jsou kyseliny, by m\u011blo b\u00fdt odlo\u017eeno nez\u00e1visle na sob\u011b.<\/li>\n<li>TRRCSHOP nab\u00edzen\u00fd pro v\u00fdzkumn\u00e9 \u00fa\u010dely; konzumace lidmi je p\u0159\u00edsn\u011b zak\u00e1z\u00e1na.<\/li>\n<\/ul>","protected":false},"excerpt":{"rendered":"<p>N\u00e1zev IUPAC: oxal\u00e1t terc-butyl 3-(2-(isopropyl(methyl)amino)ethyl)-5-methoxy-1H-indol-1-karboxyl\u00e1tu<br \/>\nVzhled: pr\u00e1\u0161ek<br \/>\nForma: oxal\u00e1t<\/p>","protected":false},"featured_media":8750,"comment_status":"open","ping_status":"closed","template":"","meta":[],"product_brand":[],"product_cat":[96],"product_tag":[],"class_list":{"0":"post-8697","1":"product","2":"type-product","3":"status-publish","4":"has-post-thumbnail","6":"product_cat-buy-tryptamines-online","8":"first","9":"instock","10":"shipping-taxable","11":"purchasable","12":"product-type-variable"},"jetpack_sharing_enabled":true,"_links":{"self":[{"href":"https:\/\/rezeptfrei-apotheke.net\/cs\/wp-json\/wp\/v2\/product\/8697","targetHints":{"allow":["GET"]}}],"collection":[{"href":"https:\/\/rezeptfrei-apotheke.net\/cs\/wp-json\/wp\/v2\/product"}],"about":[{"href":"https:\/\/rezeptfrei-apotheke.net\/cs\/wp-json\/wp\/v2\/types\/product"}],"replies":[{"embeddable":true,"href":"https:\/\/rezeptfrei-apotheke.net\/cs\/wp-json\/wp\/v2\/comments?post=8697"}],"wp:featuredmedia":[{"embeddable":true,"href":"https:\/\/rezeptfrei-apotheke.net\/cs\/wp-json\/wp\/v2\/media\/8750"}],"wp:attachment":[{"href":"https:\/\/rezeptfrei-apotheke.net\/cs\/wp-json\/wp\/v2\/media?parent=8697"}],"wp:term":[{"taxonomy":"product_brand","embeddable":true,"href":"https:\/\/rezeptfrei-apotheke.net\/cs\/wp-json\/wp\/v2\/product_brand?post=8697"},{"taxonomy":"product_cat","embeddable":true,"href":"https:\/\/rezeptfrei-apotheke.net\/cs\/wp-json\/wp\/v2\/product_cat?post=8697"},{"taxonomy":"product_tag","embeddable":true,"href":"https:\/\/rezeptfrei-apotheke.net\/cs\/wp-json\/wp\/v2\/product_tag?post=8697"}],"curies":[{"name":"wp","href":"https:\/\/api.w.org\/{rel}","templated":true}]}}