{"id":8698,"date":"2023-10-21T10:59:20","date_gmt":"2023-10-21T10:59:20","guid":{"rendered":"https:\/\/rezeptfrei-apotheke.net\/?post_type=product&#038;p=8698"},"modified":"2026-02-13T14:25:45","modified_gmt":"2026-02-13T14:25:45","slug":"nb-5-meo-dalt-oxalate","status":"publish","type":"product","link":"https:\/\/rezeptfrei-apotheke.net\/cs\/product\/nb-5-meo-dalt-oxalate\/","title":{"rendered":"NB-5-MeO-DALT (oxal\u00e1t)"},"content":{"rendered":"<h2><strong>Co je 5-MEO-DALT?<\/strong><\/h2>\n<p>\u00dapln\u00fd n\u00e1zev 5-MeO-DALT je N-allyl-N-[2-(5-methoxy-1H-indol-3-yl)ethyl]prop-2-en-1-amin. V mnoha ohledech souvis\u00ed se slou\u010deninami Buy 5-MeO-DPT a DALT (N, N-diallyltryptamin). 5-MeO-DALT z\u00edskal sv\u016fj obchodn\u00ed n\u00e1zev podle slo\u017eek sv\u00e9 chemick\u00e9 struktury 5-MetOxy-Diallyl Tryptamin. M\u00e1 aminoskupinu, kter\u00e1 m\u00e1 na sebe nav\u00e1zan\u00e9 dv\u011b allylov\u00e9 skupiny, stejn\u011b jako indolov\u00fd kruh tryptaminu s nav\u00e1zanou 5-methoxy skupinou. M\u00e1 mnoho struktur\u00e1ln\u00edch podobnost\u00ed s DALT a 5-MeO-DiPT.<\/p>\n<p>&nbsp;<\/p>\n<p>Poprv\u00e9 byl syntetizov\u00e1n Alexandrem Shulginem. Prvn\u00ed materi\u00e1l t\u00fdkaj\u00edc\u00ed se synt\u00e9zy 5-MeO-DALT poslal v\u00fdzkumn\u00e9mu spolupracovn\u00edkovi jm\u00e9nem Murple v kv\u011btnu 2004, na\u010de\u017e byl distribuov\u00e1n online.<\/p>\n<p>Pot\u00e9, co byl v \u010c\u00edn\u011b syntetizov\u00e1n komer\u010dn\u00edmi laborato\u0159emi, se Buy 5-MeO-DALT stal dostupn\u00fdm na trhu od online chemick\u00e9ho prodejce v \u010dervnu 2004.<\/p>","protected":false},"excerpt":{"rendered":"<p>Co je 5-MEO-DALT? \u00dapln\u00fd n\u00e1zev 5-MeO-DALT je N-allyl-N-[2-(5-methoxy-1H-indol-3-yl)ethyl]prop-2-en-1-amin. V mnoha ohledech souvis\u00ed s<\/p>","protected":false},"featured_media":8751,"comment_status":"open","ping_status":"closed","template":"","meta":[],"product_brand":[],"product_cat":[96],"product_tag":[],"class_list":{"0":"post-8698","1":"product","2":"type-product","3":"status-publish","4":"has-post-thumbnail","6":"product_cat-buy-tryptamines-online","8":"first","9":"instock","10":"shipping-taxable","11":"purchasable","12":"product-type-variable"},"jetpack_sharing_enabled":true,"_links":{"self":[{"href":"https:\/\/rezeptfrei-apotheke.net\/cs\/wp-json\/wp\/v2\/product\/8698","targetHints":{"allow":["GET"]}}],"collection":[{"href":"https:\/\/rezeptfrei-apotheke.net\/cs\/wp-json\/wp\/v2\/product"}],"about":[{"href":"https:\/\/rezeptfrei-apotheke.net\/cs\/wp-json\/wp\/v2\/types\/product"}],"replies":[{"embeddable":true,"href":"https:\/\/rezeptfrei-apotheke.net\/cs\/wp-json\/wp\/v2\/comments?post=8698"}],"wp:featuredmedia":[{"embeddable":true,"href":"https:\/\/rezeptfrei-apotheke.net\/cs\/wp-json\/wp\/v2\/media\/8751"}],"wp:attachment":[{"href":"https:\/\/rezeptfrei-apotheke.net\/cs\/wp-json\/wp\/v2\/media?parent=8698"}],"wp:term":[{"taxonomy":"product_brand","embeddable":true,"href":"https:\/\/rezeptfrei-apotheke.net\/cs\/wp-json\/wp\/v2\/product_brand?post=8698"},{"taxonomy":"product_cat","embeddable":true,"href":"https:\/\/rezeptfrei-apotheke.net\/cs\/wp-json\/wp\/v2\/product_cat?post=8698"},{"taxonomy":"product_tag","embeddable":true,"href":"https:\/\/rezeptfrei-apotheke.net\/cs\/wp-json\/wp\/v2\/product_tag?post=8698"}],"curies":[{"name":"wp","href":"https:\/\/api.w.org\/{rel}","templated":true}]}}