{"id":8723,"date":"2023-10-21T10:59:44","date_gmt":"2023-10-21T10:59:44","guid":{"rendered":"https:\/\/rezeptfrei-apotheke.net\/?post_type=product&#038;p=8723"},"modified":"2023-10-30T20:49:36","modified_gmt":"2023-10-30T20:49:36","slug":"5-bromo-dmt-fumarate","status":"publish","type":"product","link":"https:\/\/rezeptfrei-apotheke.net\/cs\/product\/5-bromo-dmt-fumarate\/","title":{"rendered":"5-Brom-DMT .FUMAR\u00c1T"},"content":{"rendered":"<div class=\"product__items\">\n<div class=\"product__item product__item--col3\">\n<h2>Kupte si 5-bromo-DMT<\/h2>\n<h2>N\u00e1zev analytu<\/h2>\n<p>5-brom-N,N-DMT<\/p>\n<\/div>\n<\/div>\n<div class=\"product__items\">\n<div class=\"product__item product__item--col3\">\n<h2>\u010c\u00edslo CAS<\/h2>\n<p>17274-65-6<\/p>\n<\/div>\n<div class=\"product__item product__item--col3\">\n<h2>Molekul\u00e1rn\u00ed vzorec<\/h2>\n<p>C12H15Br N2<\/p>\n<\/div>\n<div class=\"product__item product__item--col3\">\n<h2>Molekul\u00e1rn\u00ed v\u00e1ha<\/h2>\n<p>267.165<\/p>\n<\/div>\n<\/div>\n<div class=\"product__items\">\n<div class=\"product__item product__item--col3\">\n<h2>P\u0159esn\u00e1 hmotnost<\/h2>\n<p>266.042<\/p>\n<\/div>\n<\/div>\n<div class=\"product__items\">\n<div class=\"product__item product__item--col1\">\n<h2>\u00daSM\u011aVY<\/h2>\n<p>CN(C)CCclc[nH]c2ccc(Br)cc12<\/p>\n<\/div>\n<\/div>\n<div class=\"product__items\">\n<div class=\"product__item product__item--col1\">\n<h2>InChI<\/h2>\n<p>InChI=lS\/C12H15BrN2\/cl-15(2)6-5-9-8-14-12-4-3-10(13)7-11(9)12\/h3-4,7-8,14H, 5-6H2,1-2H3<\/p>\n<\/div>\n<\/div>\n<div class=\"product__items\">\n<div class=\"product__item product__item--col1\">\n<h2>IUPAC<\/h2>\n<p>2-(5-brom-lH-indol-3-yl)-N,N-dimethylethanamin<\/p>\n<\/div>\n<\/div>","protected":false},"excerpt":{"rendered":"<p><strong>N\u00e1zev IUPAC: <\/strong>2-(5-Brom-1H-indol-3-yl)-N,N-dimethylethan-1-amin<\/p>\n<p><strong>CAS # <\/strong>17274-65-6<\/p>\n<p><strong>Jin\u00e9 jm\u00e9no: <\/strong>5-brom-N,N-dimethyltryptamin<\/p>\n<p><strong>Formul\u00e1\u0159: <\/strong>pr\u00e1\u0161ek<\/p>\n<p><strong>NMR anal\u00fdza: <\/strong>C12H15BrN2<\/p>\n<p><strong>N\u00e1zev IUPAC: <\/strong>2-(5-Brom-1H-indol-3-yl)-N,N-dimethylethan-1-amin<\/p>\n<p><strong>CAS # <\/strong>17274-65-6<\/p>\n<p><strong>Jin\u00e9 jm\u00e9no: <\/strong>5-brom-N,N-dimethyltryptamin<\/p>\n<p><strong>Formul\u00e1\u0159: <\/strong>pr\u00e1\u0161ek<\/p>\n<p><strong>NMR anal\u00fdza: <\/strong>C12H15BrN2<\/p>","protected":false},"featured_media":8770,"comment_status":"open","ping_status":"closed","template":"","meta":[],"product_brand":[],"product_cat":[96],"product_tag":[],"class_list":{"0":"post-8723","1":"product","2":"type-product","3":"status-publish","4":"has-post-thumbnail","6":"product_cat-buy-tryptamines-online","8":"first","9":"instock","10":"shipping-taxable","11":"purchasable","12":"product-type-variable"},"jetpack_sharing_enabled":true,"_links":{"self":[{"href":"https:\/\/rezeptfrei-apotheke.net\/cs\/wp-json\/wp\/v2\/product\/8723","targetHints":{"allow":["GET"]}}],"collection":[{"href":"https:\/\/rezeptfrei-apotheke.net\/cs\/wp-json\/wp\/v2\/product"}],"about":[{"href":"https:\/\/rezeptfrei-apotheke.net\/cs\/wp-json\/wp\/v2\/types\/product"}],"replies":[{"embeddable":true,"href":"https:\/\/rezeptfrei-apotheke.net\/cs\/wp-json\/wp\/v2\/comments?post=8723"}],"wp:featuredmedia":[{"embeddable":true,"href":"https:\/\/rezeptfrei-apotheke.net\/cs\/wp-json\/wp\/v2\/media\/8770"}],"wp:attachment":[{"href":"https:\/\/rezeptfrei-apotheke.net\/cs\/wp-json\/wp\/v2\/media?parent=8723"}],"wp:term":[{"taxonomy":"product_brand","embeddable":true,"href":"https:\/\/rezeptfrei-apotheke.net\/cs\/wp-json\/wp\/v2\/product_brand?post=8723"},{"taxonomy":"product_cat","embeddable":true,"href":"https:\/\/rezeptfrei-apotheke.net\/cs\/wp-json\/wp\/v2\/product_cat?post=8723"},{"taxonomy":"product_tag","embeddable":true,"href":"https:\/\/rezeptfrei-apotheke.net\/cs\/wp-json\/wp\/v2\/product_tag?post=8723"}],"curies":[{"name":"wp","href":"https:\/\/api.w.org\/{rel}","templated":true}]}}