{"id":8724,"date":"2023-10-21T10:59:44","date_gmt":"2023-10-21T10:59:44","guid":{"rendered":"https:\/\/rezeptfrei-apotheke.net\/?post_type=product&#038;p=8724"},"modified":"2025-09-17T03:38:34","modified_gmt":"2025-09-17T03:38:34","slug":"5-cl-dmt-fumarate","status":"publish","type":"product","link":"https:\/\/rezeptfrei-apotheke.net\/cs\/product\/5-cl-dmt-fumarate\/","title":{"rendered":"5-CL-DMT"},"content":{"rendered":"<h2><strong>KOUPIT 5-MEO-DMT<\/strong><\/h2>\n<p>5-MeO-DMT, tak\u00e9 zn\u00e1m\u00fd jako 5-Methoxy-N,N-dimethyltryptamin je p\u0159irozen\u011b se vyskytuj\u00edc\u00ed psychedelikum t\u0159\u00eddy tryptaminu, 5-MeO-DMT vykazuje struktur\u00e1ln\u00ed podobnosti s N,N-dimethyltryptaminem (DMT), nicm\u00e9n\u011b studie prok\u00e1zaly chemick\u00e9 vlastnosti, kter\u00e9 mohou p\u0159ipom\u00ednat vy\u0161\u0161\u00ed \u00fa\u010dinnost ne\u017e l\u00e9pe zn\u00e1m\u00e1 slou\u010denina. Je distribuov\u00e1n v \u0161irok\u00e9 \u0161k\u00e1le rostlinn\u00fdch druh\u016f a v jedu n\u011bkolika psychoaktivn\u00edch patogen\u016f, jako je Bufo Alvaris.<\/p>\n<p>5-MeO-DMT lze nal\u00e9zt v ml\u00e9\u010dn\u011b b\u00edl\u00e9m jedu ropuchy \u0159eky Colorado. Jihoameri\u010dt\u00ed \u0161amani pou\u017e\u00edvali ropu\u0161\u00ed jed po tis\u00edce let. Dnes se studuj\u00ed jak v\u00fdta\u017eky z jedu ropuchy, tak syntetick\u00e1 pr\u00e1\u0161kov\u00e1 forma. Jeho synt\u00e9za a v\u00fdsledky byly poprv\u00e9 zdokumentov\u00e1ny v knize Alexandra Shulgina z roku 1997 TiHKAL (\u201eTryptaminy, kter\u00e9 jsem znal a miloval\u201c). Ned\u00e1vn\u00e9 studie uk\u00e1zaly, \u017ee m\u016f\u017ee poskytnout mystick\u00e9 v\u00fdsledky b\u011bhem v\u00fdzkumu a v posledn\u00edch n\u011bkolika letech vzrostla na popularit\u011b.<\/p>\n<p>&nbsp;<\/p>\n<h2><strong>JAK POU\u017d\u00cdVAT 5-MEO-DMT?<\/strong><\/h2>\n<p>V Realchems si m\u016f\u017eete koupit 5-MeO-DMT v nejkvalitn\u011bj\u0161\u00ed form\u011b voln\u00e9 b\u00e1ze a hydrochloridu. M\u00e1me k dispozici 5-MeO-DMT v mno\u017estv\u00ed 5 g, 10 g a voln\u011b lo\u017een\u00e9. Zajist\u011bte, aby byl 5-MeO-DMT skladov\u00e1n na such\u00e9m a chladn\u00e9m m\u00edst\u011b pro maxim\u00e1ln\u00ed trvanlivost. P\u0159i manipulaci s v\u00fdzkumn\u00fdmi chemik\u00e1liemi zajist\u011bte, abyste v laborato\u0159i v\u017edy p\u0159ijali spr\u00e1vn\u00e1 opat\u0159en\u00ed, jako je ot\u00edr\u00e1n\u00ed povrch\u016f a no\u0161en\u00ed rukavic, masky a ochrann\u00e9ho od\u011bvu. Doporu\u010dujeme zv\u00fd\u0161enou opatrnost u 5-MeO-DMT kv\u016fli jeho vysok\u00e9 \u00fa\u010dinnosti.<\/p>\n<p>&nbsp;<\/p>\n<h2><strong>DEFINICE 5-MEO-DMT<\/strong><\/h2>\n<p>Definice 5-MeO-DMT je ofici\u00e1ln\u011b zn\u00e1m\u00e1 jako 5-methoxy-N,N-dimethyltryptamin. 5-MeO-DMT je p\u0159irozen\u011b se vyskytuj\u00edc\u00ed, ale velmi siln\u00e9 psychedelikum t\u0159\u00eddy tryptaminu. Je dokonce pova\u017eov\u00e1n za nej\u00fa\u010dinn\u011bj\u0161\u00ed psychedelikum v chemick\u00e9 historii v\u00fdzkumu.<\/p>\n<p>&nbsp;<\/p>\n<h2><strong>CHEMICK\u00c9 Z\u00c1KLADN\u00cd INFORMACE 5-MEO-DMT<\/strong><\/h2>\n<p>V\u00fdzkum ukazuje, \u017ee 5-MeO-DMT produkuje sv\u00e9 v\u00fdsledky vazbou na serotoninov\u00e9 receptory, a\u010dkoli p\u0159esn\u00fd mechanismus nen\u00ed zn\u00e1m. 5-methoxy-N,N-dimethyltryptamin je kruhov\u011b substituovan\u00fd indolov\u00fd alkaloid tryptamin. a sd\u00edl\u00ed j\u00e1dro bicyklick\u00e9ho indolov\u00e9ho heterocyklu p\u0159ipojen\u00e9ho v R3 ke koncov\u00e9 aminoskupin\u011b prost\u0159ednictv\u00edm ethylov\u00e9ho postrann\u00edho \u0159et\u011bzce. P\u0159edpokl\u00e1d\u00e1 se, \u017ee 5-MeO-DMT je velmi \u00fa\u010dinn\u00fd. V\u00fdzkum nazna\u010duje, \u017ee tato l\u00e1tka pravd\u011bpodobn\u011b v t\u00e9to laborato\u0159i p\u0159inese velk\u00e9 a dramatick\u00e9 v\u00fdsledky. Proto se p\u0159i v\u00fdzkumu t\u00e9to l\u00e1tky d\u016frazn\u011b doporu\u010duje pou\u017e\u00edvat postupy sni\u017eov\u00e1n\u00ed \u0161kod.<\/p>\n<p>&nbsp;<\/p>\n<h2><strong>KDE KOUPIT 5-MEO-DMT<\/strong><\/h2>\n<p>5-MeO-DMT lze zakoupit zde na <a href=\"https:\/\/rezeptfrei-apotheke.net\/cs\/\">Rchemshop<\/a> webov\u00e1 str\u00e1nka. Prod\u00e1v\u00e1me 5-MeO-DMT pr\u00e9miov\u00e9 kvality, obvykle v pr\u00e1\u0161ku. \u010casto v\u0161ak m\u00e1me k dispozici i jin\u00e9 formy l\u00e1tek, tak\u017ee n\u00e1s nev\u00e1hejte kontaktovat, abychom zjistili, zda m\u00e1me v\u00e1mi preferovanou formu l\u00e1tky skladem. Abyste si u n\u00e1s mohli koupit 5-MeO-DMT, mus\u00edte b\u00fdt star\u0161\u00ed 18 let.<\/p>","protected":false},"excerpt":{"rendered":"<p><strong>N\u00e1zev IUPAC: <\/strong>2-(5-chlor-1H-indol-3-yl)-N,N-dimethylethan-1-amin Synonyma: 5-CL-N,N-dimethyltryptamin<\/p>\n<p><strong>Formul\u00e1\u0159: <\/strong>pr\u00e1\u0161ek<\/p>\n<p><strong>NMR anal\u00fdza: <\/strong>C12H15CIN2<\/p>","protected":false},"featured_media":8771,"comment_status":"open","ping_status":"closed","template":"","meta":[],"product_brand":[],"product_cat":[96],"product_tag":[],"class_list":{"0":"post-8724","1":"product","2":"type-product","3":"status-publish","4":"has-post-thumbnail","6":"product_cat-buy-tryptamines-online","8":"first","9":"instock","10":"shipping-taxable","11":"purchasable","12":"product-type-variable"},"jetpack_sharing_enabled":true,"_links":{"self":[{"href":"https:\/\/rezeptfrei-apotheke.net\/cs\/wp-json\/wp\/v2\/product\/8724","targetHints":{"allow":["GET"]}}],"collection":[{"href":"https:\/\/rezeptfrei-apotheke.net\/cs\/wp-json\/wp\/v2\/product"}],"about":[{"href":"https:\/\/rezeptfrei-apotheke.net\/cs\/wp-json\/wp\/v2\/types\/product"}],"replies":[{"embeddable":true,"href":"https:\/\/rezeptfrei-apotheke.net\/cs\/wp-json\/wp\/v2\/comments?post=8724"}],"wp:featuredmedia":[{"embeddable":true,"href":"https:\/\/rezeptfrei-apotheke.net\/cs\/wp-json\/wp\/v2\/media\/8771"}],"wp:attachment":[{"href":"https:\/\/rezeptfrei-apotheke.net\/cs\/wp-json\/wp\/v2\/media?parent=8724"}],"wp:term":[{"taxonomy":"product_brand","embeddable":true,"href":"https:\/\/rezeptfrei-apotheke.net\/cs\/wp-json\/wp\/v2\/product_brand?post=8724"},{"taxonomy":"product_cat","embeddable":true,"href":"https:\/\/rezeptfrei-apotheke.net\/cs\/wp-json\/wp\/v2\/product_cat?post=8724"},{"taxonomy":"product_tag","embeddable":true,"href":"https:\/\/rezeptfrei-apotheke.net\/cs\/wp-json\/wp\/v2\/product_tag?post=8724"}],"curies":[{"name":"wp","href":"https:\/\/api.w.org\/{rel}","templated":true}]}}