{"id":8725,"date":"2023-10-21T10:59:44","date_gmt":"2023-10-21T10:59:44","guid":{"rendered":"https:\/\/rezeptfrei-apotheke.net\/?post_type=product&#038;p=8725"},"modified":"2023-10-30T20:46:24","modified_gmt":"2023-10-30T20:46:24","slug":"amt-succinate","status":"publish","type":"product","link":"https:\/\/rezeptfrei-apotheke.net\/cs\/product\/amt-succinate\/","title":{"rendered":"AMT sukcin\u00e1t"},"content":{"rendered":"<h2><strong>Co je aMT sukcin\u00e1t?<\/strong><\/h2>\n<p>Kupte si aMT sukcin\u00e1t, co\u017e je slou\u010denina na b\u00e1zi tryptaminu. Je tak\u00e9 zn\u00e1m\u00fd jako alfa-methyltryptamin sukcin\u00e1t, slou\u010denina kyseliny jantarov\u00e9 s 3-(2-aminopropyl)indolem, -methyltryptamin sukcin\u00e1t, alfaMT sukcin\u00e1t, MT sukcin\u00e1t, slou\u010denina kyseliny butandiov\u00e9 s -methyl-1H-indol-3-ethanaminem a kyselina butandiov\u00e1 slou\u010denina s -methyl-lH-in (1:1).<\/p>\n<p>&nbsp;<\/p>\n<p>1-(1H-indol-3-yl)propan-2-amin, \u010dasto zn\u00e1m\u00fd jako aMT nebo -Methyltryptamin, je syntetick\u00e1 molekula indolov\u00e9ho alkaloidu ze t\u0159\u00eddy tryptaminu. Tryptaminy jsou indolaminov\u00fd metabolit tryptofanu, d\u016fle\u017eit\u00e9 aminokyseliny. N\u011bkter\u00e9 aminergn\u00ed neuromodul\u00e1tory sd\u00edlej\u00ed strukturu tryptaminu.<\/p>\n<p>&nbsp;<\/p>\n<p>aMT Alfa uhl\u00edk sukcin\u00e1tov\u00e9ho tryptaminu je substituov\u00e1n methylovou skupinou. M\u00e1 chemick\u00fd vztah s tryptaminem, kter\u00fd je podobn\u00fd vztahu amfetaminu s fenethylaminem. Neurotransmiter serotonin je siln\u011b p\u0159\u00edbuzn\u00fd aMT (5-hydroxytryptamin). aMT je objeven jako racem\u00e1t sv\u00fdch (R-) a (S-) enantiomer\u016f ve form\u011b voln\u00e9 b\u00e1ze.<\/p>\n<p>&nbsp;<\/p>\n<p>Upjohn p\u016fvodn\u011b produkoval aMT Succinate v 60. letech. K v\u00fdrob\u011b aMT lze pou\u017e\u00edt nitroaldolovou kondenzaci indol-3-karboxaldehydu a nitroethanu za katal\u00fdzy octanem amonn\u00fdm, stejn\u011b jako kondenzaci indol-3-acetonu a hydroxylaminu, n\u00e1sledovanou redukc\u00ed v\u00fdsledn\u00e9ho ketoximu lithiumaluminiumhydridem. aMT funguje jako vyv\u00e1\u017een\u00fd inhibitor zp\u011btn\u00e9ho vychyt\u00e1v\u00e1n\u00ed a tak\u00e9 jako uvol\u0148ovac\u00ed \u010dinidlo pro t\u0159i r\u016fzn\u00e9 monoaminy.<\/p>\n<p>&nbsp;<\/p>\n<h2><strong>Z\u0159eknut\u00ed se odpov\u011bdnosti<\/strong><\/h2>\n<p>Tento produkt by nem\u011bl b\u00fdt pod\u00e1v\u00e1n lidem a zv\u00ed\u0159at\u016fm. Je k dispozici v\u00fdhradn\u011b pro laboratorn\u00ed pou\u017eit\u00ed. Tak\u00e9 doporu\u010dujeme, aby bylo s v\u00fdrobkem zach\u00e1zeno pomoc\u00ed osobn\u00edch ochrann\u00fdch prost\u0159edk\u016f, aby se p\u0159ede\u0161lo jak\u00e9mukoli nebezpe\u010d\u00ed, kter\u00e9 m\u016f\u017ee p\u0159i manipulaci s chemik\u00e1li\u00ed vzniknout.<\/p>\n<p>&nbsp;<\/p>\n<h2><strong>Je aMT Succinate leg\u00e1ln\u00ed?<\/strong><\/h2>\n<p>P\u0159ed zakoupen\u00edm aMT Succinate doporu\u010dujeme ov\u011b\u0159it leg\u00e1lnost t\u00e9to chemik\u00e1lie u spr\u00e1vn\u00fdch \u00fa\u0159ad\u016f ve va\u0161\u00ed oblasti nebo v m\u00edst\u011b odesl\u00e1n\u00ed.<\/p>\n<p>&nbsp;<\/p>\n<p>Abychom zajistili bezpe\u010dnost z\u00e1kazn\u00edk\u016f, podnik\u00e1me p\u0159\u00edslu\u0161n\u00e9 kroky zaveden\u00edm p\u0159\u00edsn\u00fdch bezpe\u010dnostn\u00edch opat\u0159en\u00ed p\u0159i prodeji tohoto zbo\u017e\u00ed. Neneseme odpov\u011bdnost za \u017e\u00e1dn\u00e9 pr\u00e1vn\u00ed probl\u00e9my, kter\u00e9 se mohou objevit v d\u016fsledku n\u00e1kupu aMT Succinate ve va\u0161\u00ed zemi.<\/p>\n<p>&nbsp;<\/p>\n<h2><strong>Kde koupit aMT sukcin\u00e1t?<\/strong><\/h2>\n<p>Chemical Planet je p\u0159edn\u00edm dodavatelem a distributorem sukcin\u00e1tu aMT a souvisej\u00edc\u00edch chemik\u00e1li\u00ed. aMT sukcin\u00e1t se dod\u00e1v\u00e1 v\u00fdhradn\u011b pro \u00fa\u010dely laboratorn\u00edho v\u00fdzkumu a je dostupn\u00fd ve form\u011b pr\u00e1\u0161ku. Tato l\u00e1tka je dostupn\u00e1 pouze dosp\u011bl\u00fdm ve v\u011bku 18 let a star\u0161\u00edm a nem\u011bla by se pou\u017e\u00edvat u lid\u00ed ani zv\u00ed\u0159at.<\/p>","protected":false},"excerpt":{"rendered":"<p><strong>N\u00e1zev IUPAC:<\/strong><\/p>\n<p><strong>CAS # <\/strong>299-26-3<\/p>\n<p><strong>Jin\u00e9 jm\u00e9no: <\/strong>alfa-methyltryptamin<\/p>\n<p><strong>NMR anal\u00fdza: <\/strong>C11H14N2<\/p>","protected":false},"featured_media":8772,"comment_status":"open","ping_status":"closed","template":"","meta":[],"product_brand":[],"product_cat":[96],"product_tag":[],"class_list":{"0":"post-8725","1":"product","2":"type-product","3":"status-publish","4":"has-post-thumbnail","6":"product_cat-buy-tryptamines-online","8":"first","9":"instock","10":"shipping-taxable","11":"purchasable","12":"product-type-variable"},"jetpack_sharing_enabled":true,"_links":{"self":[{"href":"https:\/\/rezeptfrei-apotheke.net\/cs\/wp-json\/wp\/v2\/product\/8725","targetHints":{"allow":["GET"]}}],"collection":[{"href":"https:\/\/rezeptfrei-apotheke.net\/cs\/wp-json\/wp\/v2\/product"}],"about":[{"href":"https:\/\/rezeptfrei-apotheke.net\/cs\/wp-json\/wp\/v2\/types\/product"}],"replies":[{"embeddable":true,"href":"https:\/\/rezeptfrei-apotheke.net\/cs\/wp-json\/wp\/v2\/comments?post=8725"}],"wp:featuredmedia":[{"embeddable":true,"href":"https:\/\/rezeptfrei-apotheke.net\/cs\/wp-json\/wp\/v2\/media\/8772"}],"wp:attachment":[{"href":"https:\/\/rezeptfrei-apotheke.net\/cs\/wp-json\/wp\/v2\/media?parent=8725"}],"wp:term":[{"taxonomy":"product_brand","embeddable":true,"href":"https:\/\/rezeptfrei-apotheke.net\/cs\/wp-json\/wp\/v2\/product_brand?post=8725"},{"taxonomy":"product_cat","embeddable":true,"href":"https:\/\/rezeptfrei-apotheke.net\/cs\/wp-json\/wp\/v2\/product_cat?post=8725"},{"taxonomy":"product_tag","embeddable":true,"href":"https:\/\/rezeptfrei-apotheke.net\/cs\/wp-json\/wp\/v2\/product_tag?post=8725"}],"curies":[{"name":"wp","href":"https:\/\/api.w.org\/{rel}","templated":true}]}}