{"id":8728,"date":"2023-10-21T10:59:44","date_gmt":"2023-10-21T10:59:44","guid":{"rendered":"https:\/\/rezeptfrei-apotheke.net\/?post_type=product&#038;p=8728"},"modified":"2023-10-30T20:42:46","modified_gmt":"2023-10-30T20:42:46","slug":"5-meo-dmt-freebase","status":"publish","type":"product","link":"https:\/\/rezeptfrei-apotheke.net\/cs\/product\/5-meo-dmt-freebase\/","title":{"rendered":"5-MeO-DMT voln\u00e1 b\u00e1ze"},"content":{"rendered":"<h2><strong>Obecn\u00e9 informace o n\u00e1kupu bezplatn\u00e9 z\u00e1kladny 5-MeO-DMT<\/strong><\/h2>\n<p>5-Meo-DMT freebase je v\u00fdzkumn\u00e1 chemick\u00e1 psychedelika t\u0159\u00eddy tryptaminu, \u010dty\u0159ikr\u00e1t a\u017e mnohon\u00e1sobn\u011b p\u016fsobiv\u011bj\u0161\u00ed ne\u017e jeho zn\u00e1m\u011bj\u0161\u00ed p\u0159\u00edbuzn\u00fd DMT (N,N-dimethyltryptamin).<\/p>\n<p>Zd\u00e1 se, \u017ee je vystopov\u00e1n v \u0161irok\u00e9 \u0161k\u00e1le strom\u016f a ke\u0159\u016f, \u010dasto v bl\u00edzkosti DMT a bufoteninu (5-HO-DMT), stejn\u011b jako jeden druh \u017e\u00e1by. 5-Meo-DMT volnou b\u00e1zi lze rovn\u011b\u017e vyrobit synteticky.<\/p>\n<p>Ve St\u0159edn\u00ed a Ji\u017en\u00ed Americe se voln\u00e1 b\u00e1ze 5-MeO-DMT nej\u010dast\u011bji z\u00edsk\u00e1v\u00e1 z Anadenanthera peregrine a Virola theiodora \u2013 z nich\u017e dva se obvykle shroma\u017e\u010fuj\u00ed k v\u00fdrob\u011b psychoaktivn\u00edho \u0161\u0148upac\u00edho tab\u00e1ku.<\/p>\n<p>Nach\u00e1z\u00ed se tak\u00e9 v hladk\u00e9m b\u00edl\u00e9m toxinu sonorsk\u00e9 pou\u0161tn\u00ed \u017e\u00e1by, kter\u00e1 je m\u00edstn\u00ed v jihoz\u00e1padn\u00edch USA a severoz\u00e1padn\u00edm Mexiku. Sb\u011br jedu vytvo\u0159il tlak na populaci obyvatel tohoto p\u0159irozen\u011b choulostiv\u00e9ho druhu. V n\u011bkolika st\u00e1tech USA je nyn\u00ed zaznamen\u00e1n jako rizikov\u00fd nebo lok\u00e1ln\u011b zji\u0161t\u011bn\u00fd. Jsou navr\u017eeny mo\u017enosti vyhled\u00e1v\u00e1n\u00ed pramen\u016f 5-MeO DMT, nap\u0159\u00edklad syntetick\u00e9 verze nebo verze odvozen\u00e9 z rostlin.<\/p>\n<h3><strong>Chemick\u00e9 slo\u017een\u00ed voln\u00e9 b\u00e1ze 5-MeO-DMT<\/strong><\/h3>\n<p>2-(5-methoxy-1H-indol-3-yl)-N,N-dimethylethanamin (5-methoxy-N,N-dimethyltryptamin, zkr\u00e1ceno na 5-MeO-DMT) je tryptaminov\u00fd alkaloid, sladce von\u00edc\u00ed ether a terci\u00e1rn\u00ed amin se subatomovou z\u00e1t\u011b\u017e\u00ed 218,298 g\/mol a chemick\u00fdm vzorcem C<sub>13<\/sub>H<sub>18<\/sub>N<sub>2<\/sub>O. Jako voln\u00e1 b\u00e1ze je 5-MeO-DMT b\u00edl\u00e1 pevn\u00e1 l\u00e1tka s bodem zkapal\u0148ov\u00e1n\u00ed 69,5 \u00b0C. Jeho rozpustnost ve vod\u011b je &gt;32,7 \u03bcg\/ml.<\/p>\n<h3><strong>Farmakologie V\u00fdzkumn\u00e1 chemick\u00e1 l\u00e1tka 5-MeO-DMT<\/strong><\/h3>\n<p>Stejn\u011b jako ostatn\u00ed tryptaminy m\u00e1 5-MeO-DMT voln\u00e1 b\u00e1ze kopen z\u00e1kladn\u00ed strukturu podobnou DMT, ale m\u00e1 methoxyskupinu v poloze R5. Funguje v podstat\u011b jako agonista serotoninov\u00e9ho (5-HT) receptoru, se specifickou omezuj\u00edc\u00ed z\u00e1libou na podtyp receptoru 5-HT1A. V\u00e1\u017ee se na 5-HT2A a sleduje aminov\u00e9 receptory, mo\u017en\u00e1 zprost\u0159edkov\u00e1v\u00e1 halucinogenn\u00ed \u00fa\u010dinky pomoc\u00ed posledn\u011b jmenovan\u00fdch. Inhibice zp\u011btn\u00e9ho vychyt\u00e1v\u00e1n\u00ed neurotransmiter\u016f, nap\u0159\u00edklad noradrenalinu a dopaminu, se nav\u00edc pamatuje na to, \u017ee souvis\u00ed se schopnost\u00ed 5-MeO-DMT.<\/p>\n<h3><strong>Koupit vysoce kvalitn\u00ed 5-MeO-DMT<\/strong><\/h3>\n<p>TRRCSHOP m\u00e1 dlouholet\u00e9 zku\u0161enosti v oblasti v\u00fdzkumn\u00fdch chemick\u00fdch n\u00e1vrh\u00e1\u0159\u016f, co\u017e n\u00e1m umo\u017e\u0148uje zajistit nejvy\u0161\u0161\u00ed kvalitu t\u011bchto v\u00fdzkumn\u00fdch chemik\u00e1li\u00ed. V\u00fdzkumn\u00fd chemick\u00fd t\u00fdm prod\u00e1v\u00e1 kopen voln\u00e9 b\u00e1ze 5-MeO-DMT. V\u00fdzkumn\u00e9 chemik\u00e1lie, v\u010detn\u011b voln\u00fdch b\u00e1z\u00ed 5-MeO-DMT, spl\u0148uj\u00ed v\u0161echny bezpe\u010dnostn\u00ed po\u017eadavky. V\u00fdzkumn\u00e9 chemik\u00e1lie jsou pe\u010dliv\u011b distribuov\u00e1ny a skladov\u00e1ny na chladn\u00e9m a such\u00e9m m\u00edst\u011b.<\/p>\n<p>V\u0161echny produkty jsou pravideln\u011b kontrolov\u00e1ny na kvalitu, \u010distotu a bezpe\u010dnost. V\u017edy uchov\u00e1vejte volnou b\u00e1zi 5-MeO-DMT p\u0159i pokojov\u00e9 teplot\u011b a mimo dosah d\u011bt\u00ed a dom\u00e1c\u00edch zv\u00ed\u0159at. Na\u0161e bezplatn\u00e1 z\u00e1kladna 5-MeO-DMT nen\u00ed ur\u010dena pro osobn\u00ed pou\u017eit\u00ed. Slou\u017e\u00ed pouze pro v\u00fdzkumn\u00e9 \u00fa\u010dely.<\/p>\n<p>P\u0159i v\u00fdzkumu t\u00e9to v\u00fdzkumn\u00e9 chemik\u00e1lie se nesm\u00ed m\u00edchat s alkoholem nebo v\u00fdzkumn\u00fdmi chemik\u00e1liemi!<\/p>\n<p>V\u0161echny na\u0161e produkty maj\u00ed f\u00e9rovou cenu!<\/p>\n<h3><strong>Laboratorn\u011b testovan\u00e1 voln\u00e1 b\u00e1ze 5-MeO-DMT s v\u00fdsledky.<\/strong><\/h3>\n<p>P\u0159ed\u011bl\u00e1v\u00e1 pokrok sm\u011brem k obecn\u00e9mu napln\u011bn\u00ed sv\u00fdch klient\u016f. R\u016fzn\u00e9 pr\u016fzkumy uk\u00e1zaly, \u017ee klienti p\u0159ed n\u00e1kupem syntetick\u00fdch v\u00fdzkumn\u00fdch chemik\u00e1li\u00ed po\u017eaduj\u00ed tolik dat, kolik se o\u010dek\u00e1valo. Krom\u011b toho zve\u0159ej\u0148ujeme v\u0161echny laboratorn\u00ed d\u016fsledky ka\u017ed\u00e9 vy\u0161et\u0159ovac\u00ed slou\u010deniny v z\u00e1znamu PDF.<\/p>\n<p>Na\u0161e voln\u00e1 b\u00e1ze 5-MeO-DMT konzistentn\u011b spl\u0148uje aktivn\u00ed slo\u017eky a ka\u017ed\u00fd ji m\u016f\u017ee p\u0159\u00edmo vid\u011bt.<\/p>\n<p>V\u0161echny laboratorn\u00ed d\u016fsledky ka\u017ed\u00e9 v\u00fdzkumn\u00e9 chemik\u00e1lie distribuujeme v dokumentu PDF.<\/p>\n<h3><strong>Bezpe\u010dn\u011b si objednejte z bezplatn\u00e9 z\u00e1kladny 5-MeO-DMT.<\/strong><\/h3>\n<p>Design\u00e9rsk\u00e9 v\u00fdzkumn\u00e9 chemik\u00e1lie TRRCSHOP maj\u00ed vynikaj\u00edc\u00ed kvalitu a p\u0159im\u011b\u0159enou cenu. Proto, kdy\u017e po\u017e\u00e1d\u00e1te o sv\u00e9\u00a0<strong>5-MeO-DMT voln\u00e1 b\u00e1ze\u00a0<\/strong>v TRRCSHOP v\u00e1m garantujeme, \u017ee v\u00e1\u0161 po\u017eadavek doprav\u00edme rychle a bezpe\u010dn\u011b a\u017e k v\u00e1m dom\u016f.<\/p>\n<p>\u017d\u00e1dost o syntetick\u00e9 v\u00fdzkumn\u00e9 slou\u010deniny pomoc\u00ed bitcoinu nebo bankovn\u00edho p\u0159evodu je na TRRCSHOP jednoduch\u00e1.<\/p>\n<p>Bezplatnou z\u00e1kladnu 5-MeO-DMT odes\u00edl\u00e1me ve stejn\u00fd pracovn\u00ed den, pokud je platba p\u0159ijata do 14:00 SEL\u010c. Obvykle nepos\u00edl\u00e1me v sobotu, ned\u011bli nebo st\u00e1tn\u00ed\/mezin\u00e1rodn\u00ed sv\u00e1tky<strong>.<\/strong><\/p>\n<h3><strong>Diskr\u00e9tn\u00ed p\u0159eprava v\u00fdzkumn\u00fdch chemik\u00e1li\u00ed.<\/strong><\/h3>\n<p>P\u0159esto\u017ee jsou chemik\u00e1lie pro v\u00fdzkum n\u00e1vrh\u00e1\u0159\u016f leg\u00e1ln\u011b dostupn\u00e9 online, my v Rchemshop dod\u00e1v\u00e1me nejbezpe\u010dn\u011bji a nejp\u0159im\u011b\u0159en\u011bji. Nav\u00edc bal\u00edme perfektn\u011b stealth a navenek se neuk\u00e1\u017ee \u017e\u00e1dn\u00e1 zn\u00e1mka toho, co by mohlo b\u00fdt uvnit\u0159.<\/p>\n<p>Zas\u00edl\u00e1me objedn\u00e1vky nad 500 eur se sledov\u00e1n\u00edm a sledov\u00e1n\u00edm, abyste mohli sv\u016fj bal\u00ed\u010dek postupn\u011b sledovat. Objedn\u00e1vky nad 500 eur odes\u00edl\u00e1me dostupnou trasou.<\/p>\n<p>Nedod\u00e1v\u00e1me zbo\u017e\u00ed osob\u00e1m mlad\u0161\u00edm 18 let!<\/p>\n<h3><strong>Opat\u0159en\u00ed<\/strong><\/h3>\n<ul>\n<li>Kupte si v\u00fdzkumnou chemik\u00e1lii 5-MeO-DMT vhodn\u00e9 individu\u00e1ln\u00ed ochrann\u00e9 prost\u0159edky, jako jsou br\u00fdle a rukavice. \u010cist\u011bte je a \u0159\u00e1dn\u011b o n\u011b pe\u010dujte. P\u0159i manipulaci s v\u00fdzkumn\u00fdmi chemik\u00e1liemi dodr\u017eujte bezpe\u010dn\u00e9 syst\u00e9my a neu\u017e\u00edvejte zkratky.<\/li>\n<li>Pokud se zkouman\u00e1 chemik\u00e1lie dostane do kontaktu s o\u010dima, dob\u0159e je vypl\u00e1chn\u011bte a pokud je to nutn\u00e9, kontaktn\u00ed \u010do\u010dky vyjm\u011bte.<\/li>\n<li>Zkuste p\u0159i pou\u017e\u00edv\u00e1n\u00ed t\u011bchto chemik\u00e1li\u00ed pou\u017e\u00edvat masku, aby se do v\u00e1s p\u0159i d\u00fdch\u00e1n\u00ed nedostaly.<\/li>\n<li>Jak nazna\u010duj\u00ed podporovan\u00e9 metody, bezpe\u010dn\u011b manipulujte s nebezpe\u010dn\u00fdmi materi\u00e1ly, skladujte je a likvidujte je. Nikdy je nevyl\u00e9vejte do kanalizace nebo kan\u00e1l\u016f.<\/li>\n<li>V\u00fdzkumn\u00e9 chemik\u00e1lie skladujte vhodn\u00fdm zp\u016fsobem, jak je uvedeno v jejich n\u00e1zvech. Ho\u0159lav\u00e9 chemik\u00e1lie by m\u011bly b\u00fdt um\u00edst\u011bny ve vynikaj\u00edc\u00edm, such\u00e9m konop\u00ed mimo intenzitu a denn\u00ed sv\u011btlo. N\u011bkolik syntetick\u00fdch l\u00e1tek, jako jsou kyseliny, by m\u011blo b\u00fdt odlo\u017eeno nez\u00e1visle na sob\u011b.<\/li>\n<li>TRRCSHOP nab\u00edzen\u00fd pro v\u00fdzkumn\u00e9 \u00fa\u010dely; konzumace lidmi je p\u0159\u00edsn\u011b zak\u00e1z\u00e1na.<\/li>\n<\/ul>","protected":false},"excerpt":{"rendered":"<p><strong>N\u00e1zev IUPAC: <\/strong>2-(5-methoxy-1H-indol-3-yl)-N,N-dimethylethaanamin<\/p>\n<p><strong>CAS # <\/strong>1019-45-0<\/p>\n<p><strong>Jin\u00e9 jm\u00e9no: <\/strong>5-methoxy-N,N-dimethyltryptamin<\/p>\n<p><strong>Vzhled: <\/strong>pr\u00e1\u0161ek<\/p>\n<p><strong>Formul\u00e1\u0159: <\/strong>freebase<\/p>\n<p><strong>NMR anal\u00fdza: <\/strong>C13H18N2O<\/p>","protected":false},"featured_media":8775,"comment_status":"open","ping_status":"closed","template":"","meta":[],"product_brand":[],"product_cat":[96],"product_tag":[],"class_list":{"0":"post-8728","1":"product","2":"type-product","3":"status-publish","4":"has-post-thumbnail","6":"product_cat-buy-tryptamines-online","8":"first","9":"instock","10":"shipping-taxable","11":"purchasable","12":"product-type-variable"},"jetpack_sharing_enabled":true,"_links":{"self":[{"href":"https:\/\/rezeptfrei-apotheke.net\/cs\/wp-json\/wp\/v2\/product\/8728","targetHints":{"allow":["GET"]}}],"collection":[{"href":"https:\/\/rezeptfrei-apotheke.net\/cs\/wp-json\/wp\/v2\/product"}],"about":[{"href":"https:\/\/rezeptfrei-apotheke.net\/cs\/wp-json\/wp\/v2\/types\/product"}],"replies":[{"embeddable":true,"href":"https:\/\/rezeptfrei-apotheke.net\/cs\/wp-json\/wp\/v2\/comments?post=8728"}],"wp:featuredmedia":[{"embeddable":true,"href":"https:\/\/rezeptfrei-apotheke.net\/cs\/wp-json\/wp\/v2\/media\/8775"}],"wp:attachment":[{"href":"https:\/\/rezeptfrei-apotheke.net\/cs\/wp-json\/wp\/v2\/media?parent=8728"}],"wp:term":[{"taxonomy":"product_brand","embeddable":true,"href":"https:\/\/rezeptfrei-apotheke.net\/cs\/wp-json\/wp\/v2\/product_brand?post=8728"},{"taxonomy":"product_cat","embeddable":true,"href":"https:\/\/rezeptfrei-apotheke.net\/cs\/wp-json\/wp\/v2\/product_cat?post=8728"},{"taxonomy":"product_tag","embeddable":true,"href":"https:\/\/rezeptfrei-apotheke.net\/cs\/wp-json\/wp\/v2\/product_tag?post=8728"}],"curies":[{"name":"wp","href":"https:\/\/api.w.org\/{rel}","templated":true}]}}