{"id":8729,"date":"2023-10-21T10:59:44","date_gmt":"2023-10-21T10:59:44","guid":{"rendered":"https:\/\/rezeptfrei-apotheke.net\/?post_type=product&#038;p=8729"},"modified":"2023-10-30T20:38:30","modified_gmt":"2023-10-30T20:38:30","slug":"ept","status":"publish","type":"product","link":"https:\/\/rezeptfrei-apotheke.net\/cs\/product\/ept\/","title":{"rendered":"EPT"},"content":{"rendered":"<h2 style=\"font-weight: 500;\"><span data-contrast=\"none\">Co<\/span><span data-contrast=\"none\">\u00a0je EPT?\u00a0<\/span><span data-ccp-props=\"{}\">\u00a0<\/span><\/h2>\n<p><span data-contrast=\"none\">EPT je zkratka pro\u00a0<\/span><span data-contrast=\"auto\">N-Ethyl-N-<\/span><span data-contrast=\"auto\">propyltryptamin<\/span><span data-contrast=\"auto\">. Spad\u00e1 do t\u0159\u00eddy tryptaminov\u00fdch chemik\u00e1li\u00ed. EPT je relativn\u011b nov\u00fd a relativn\u011b nezn\u00e1m\u00fd tryptamin. Ve skute\u010dnosti je p\u016fvodn\u00ed datum synt\u00e9zy pro EPT nezn\u00e1m\u00e9. Nicm\u00e9n\u011b je k dispozici k prodeji na v\u00fdzkumn\u00e9m trhu od roku 2016. V\u00fdsledky v\u00fdzkumu laboratorn\u00edch experiment\u016f EPT jsou obvykle popisov\u00e1ny jako m\u00e9n\u011b intenzivn\u00ed ne\u017e v\u00fdsledky jin\u00fdch tryptamin\u016f, jako jsou DMT, DET a DPT. Pokud tedy hled\u00e1te jemn\u011bj\u0161\u00ed alternativu k DMT, DET nebo DPT, pak je pro v\u00e1s EPT solidn\u00ed volbou.\u00a0<\/span><span data-ccp-props=\"{}\">\u00a0<\/span><\/p>\n<p style=\"font-weight: 400;\">\n<h2 style=\"font-weight: 500;\"><span data-contrast=\"none\">Kde koupit EPT?\u00a0<\/span><span data-ccp-props=\"{}\">\u00a0<\/span><\/h2>\n<p><span data-contrast=\"none\">Chemical Planet je jedn\u00edm z p\u0159edn\u00edch prodejc\u016f EPT. Prod\u00e1v\u00e1me EPT v obou\u00a0<\/span><span data-contrast=\"none\">hcl<\/span><span data-contrast=\"none\">\u00a0a pr\u00e1\u0161kov\u00e9 formy fumar\u00e1tu. Pokud v\u0161ak d\u00e1v\u00e1te p\u0159ednost jin\u00fdm form\u00e1m chemik\u00e1lie, pak n\u00e1s nev\u00e1hejte kontaktovat, abychom zjistili, zda ji m\u00e1me k dispozici.\u00a0<\/span><span data-ccp-props=\"{}\">\u00a0<\/span><\/p>\n<p><span data-contrast=\"none\">Chcete-li si koupit EPT od Chemical Planet, mus\u00edte m\u00edt z\u00e1konn\u00e9 povolen\u00ed ve va\u0161\u00ed zemi a tak\u00e9 v\u00e1m mus\u00ed b\u00fdt v\u00edce ne\u017e 18 let. Na\u0161e EPT je ur\u010deno pouze pro v\u00fdzkumn\u00e9 \u00fa\u010dely. Nen\u00ed ur\u010deno pro pou\u017eit\u00ed u zv\u00ed\u0159at nebo lid\u00ed.\u00a0<\/span><span data-ccp-props=\"{}\">\u00a0<\/span><\/p>\n<p><span data-ccp-props=\"{}\">\u00a0<\/span><\/p>\n<h2 style=\"font-weight: 500;\"><span data-contrast=\"none\">Z\u00e1konnost EPT<\/span><span data-ccp-props=\"{}\">\u00a0<\/span><\/h2>\n<p><span data-contrast=\"none\">EPT je ve Spojen\u00e9m kr\u00e1lovstv\u00ed l\u00e9kem t\u0159\u00eddy A. Ve Spojen\u00fdch st\u00e1tech je to nepl\u00e1novan\u00e9. Potenci\u00e1ln\u011b by v\u0161ak mohl b\u00fdt pova\u017eov\u00e1n za analog DMT, co\u017e je l\u00e9k podle seznamu I.<\/span><\/p>","protected":false},"excerpt":{"rendered":"<p><strong>N\u00e1zev IUPAC: <\/strong>3-[2-(Ethyl(propyl)amino)ethyl]-lH-indol<\/p>\n<p><strong>Jin\u00e9 jm\u00e9no: <\/strong>N-Ethyl-N-propyltryptamin<\/p>\n<p><strong>Vzhled: <\/strong>pr\u00e1\u0161ek<\/p>\n<p><strong>Formul\u00e1\u0159: <\/strong>fumar\u00e1t<\/p>\n<p><strong>NMR anal\u00fdza: <\/strong>N\/A<\/p>","protected":false},"featured_media":8776,"comment_status":"open","ping_status":"closed","template":"","meta":[],"product_brand":[],"product_cat":[96],"product_tag":[],"class_list":{"0":"post-8729","1":"product","2":"type-product","3":"status-publish","4":"has-post-thumbnail","6":"product_cat-buy-tryptamines-online","8":"first","9":"instock","10":"shipping-taxable","11":"purchasable","12":"product-type-variable"},"jetpack_sharing_enabled":true,"_links":{"self":[{"href":"https:\/\/rezeptfrei-apotheke.net\/cs\/wp-json\/wp\/v2\/product\/8729","targetHints":{"allow":["GET"]}}],"collection":[{"href":"https:\/\/rezeptfrei-apotheke.net\/cs\/wp-json\/wp\/v2\/product"}],"about":[{"href":"https:\/\/rezeptfrei-apotheke.net\/cs\/wp-json\/wp\/v2\/types\/product"}],"replies":[{"embeddable":true,"href":"https:\/\/rezeptfrei-apotheke.net\/cs\/wp-json\/wp\/v2\/comments?post=8729"}],"wp:featuredmedia":[{"embeddable":true,"href":"https:\/\/rezeptfrei-apotheke.net\/cs\/wp-json\/wp\/v2\/media\/8776"}],"wp:attachment":[{"href":"https:\/\/rezeptfrei-apotheke.net\/cs\/wp-json\/wp\/v2\/media?parent=8729"}],"wp:term":[{"taxonomy":"product_brand","embeddable":true,"href":"https:\/\/rezeptfrei-apotheke.net\/cs\/wp-json\/wp\/v2\/product_brand?post=8729"},{"taxonomy":"product_cat","embeddable":true,"href":"https:\/\/rezeptfrei-apotheke.net\/cs\/wp-json\/wp\/v2\/product_cat?post=8729"},{"taxonomy":"product_tag","embeddable":true,"href":"https:\/\/rezeptfrei-apotheke.net\/cs\/wp-json\/wp\/v2\/product_tag?post=8729"}],"curies":[{"name":"wp","href":"https:\/\/api.w.org\/{rel}","templated":true}]}}