{"id":8995,"date":"2023-10-21T11:00:54","date_gmt":"2023-10-21T11:00:54","guid":{"rendered":"https:\/\/rezeptfrei-apotheke.net\/?post_type=product&#038;p=8995"},"modified":"2025-11-01T23:20:28","modified_gmt":"2025-11-01T23:20:28","slug":"buy-4-ho-malt","status":"publish","type":"product","link":"https:\/\/rezeptfrei-apotheke.net\/cs\/product\/buy-4-ho-malt\/","title":{"rendered":"4-ACO-MALT"},"content":{"rendered":"<h2><strong>KOUPIT 4-HO-MALT<\/strong><\/h2>\n<p>4-HO-MALT tak\u00e9 zn\u00e1m\u00fd jako 4-Acetoxy-MALT je pom\u011brn\u011b neobvykl\u00e1 a velmi vz\u00e1cn\u00e1 l\u00e1tka ze t\u0159\u00eddy tryptaminu a je podobn\u00e1 4-acetoxy-DMT a 5-MeO-MALT. Molekul\u00e1rn\u00ed struktura a farmakologick\u00e9 \u00fa\u010dinky 4-HO-MALT se pon\u011bkud podobaj\u00ed \u00fa\u010dink\u016fm tryptaminu psilocinu, co\u017e je prim\u00e1rn\u00ed psychoaktivn\u00ed chemik\u00e1lie v kouzeln\u00fdch houb\u00e1ch. Psilocybinov\u00e9 houby, l\u00e9pe zn\u00e1m\u00e9 jako magick\u00e9 houby, psychedelick\u00e9 houby, magick\u00e9 houby a shroomy, jsou rodinou psychoaktivn\u00edch hub, kter\u00e9 obsahuj\u00ed psilocybin, psychedelickou t\u0159\u00eddu tryptaminu. Psilocin je p\u0159irozen\u011b se vyskytuj\u00edc\u00ed psychedelick\u00e1 l\u00e1tka a prim\u00e1rn\u00ed psychoaktivn\u00ed slo\u017eka ur\u010dit\u00fdch druh\u016f hub. Psilocybinov\u00e9 houby se vyskytuj\u00ed na v\u0161ech kontinentech a jsou klasifikov\u00e1ny do v\u00edce ne\u017e 200 druh\u016f.<\/p>\n<p>&nbsp;<\/p>\n<h2><strong>JAK POU\u017d\u00cdVAT PR\u00c1\u0160EK 4-HO-MALT?<\/strong><\/h2>\n<p>Kupte si 4-HO-MALT a jeden z nejlep\u0161\u00edch psychedelick\u00fdch tryptamin\u016f online v nejkvalitn\u011bj\u0161\u00ed pr\u00e1\u0161kov\u00e9 form\u011b. 4-HO-MALT je k dispozici v mno\u017estv\u00ed 0,25 g, 0,5 g, 1 g a 2 g. Zajist\u011bte, abyste pr\u00e1\u0161ek 4-HO-MALT skladovali na such\u00e9m a chladn\u00e9m m\u00edst\u011b pro maxim\u00e1ln\u00ed trvanlivost. P\u0159i manipulaci s v\u00fdzkumn\u00fdmi chemik\u00e1liemi zajist\u011bte, abyste v laborato\u0159i v\u017edy p\u0159ijali spr\u00e1vn\u00e1 opat\u0159en\u00ed, jako je ot\u00edr\u00e1n\u00ed povrch\u016f a no\u0161en\u00ed rukavic, masky a ochrann\u00e9ho od\u011bvu. P\u0159i pou\u017e\u00edv\u00e1n\u00ed v\u00fdzkumn\u00fdch chemik\u00e1li\u00ed d\u016frazn\u011b doporu\u010dujeme pou\u017e\u00edvat postupy sni\u017eov\u00e1n\u00ed \u0161kod.<\/p>\n<p>&nbsp;<\/p>\n<h2><strong>DEFINICE 4-HO-MALT<\/strong><\/h2>\n<p>Definice 4-HO-MALT je ofici\u00e1ln\u011b zn\u00e1m\u00e1 jako 4-Acetoxy-MALT je pom\u011brn\u011b neobvykl\u00e1 a velmi vz\u00e1cn\u00e1 l\u00e1tka ze t\u0159\u00eddy tryptaminu.<\/p>\n<p>&nbsp;<\/p>\n<h2><strong>CHEMICK\u00c9 Z\u00c1KLADN\u00cd INFORMACE 4-HO-MALT<\/strong><\/h2>\n<p>4-HO-MALT je podobn\u00fd 4-acetoxy-DMT a 5-MeO-MALT. Molekul\u00e1rn\u00ed struktura a farmakologick\u00e9 v\u00fdsledky 4-acetoxy-MALT se pon\u011bkud podobaj\u00ed v\u00fdsledk\u016fm tryptaminu psilocinu, co\u017e je prim\u00e1rn\u00ed psychoaktivn\u00ed chemick\u00e1 l\u00e1tka v magick\u00fdch houb\u00e1ch. Psilocybin je chemicky p\u0159\u00edbuzn\u00fd aminokyselin\u011b tryptofan a struktur\u00e1ln\u011b podobn\u00fd neurotransmiteru serotoninu. L\u00e1tky ze t\u0159\u00eddy tryptaminu sd\u00edlej\u00ed j\u00e1dro bicyklick\u00e9ho indolov\u00e9ho cyklu.<\/p>\n<p>&nbsp;<\/p>\n<h2><strong>KDE KOUPIT 4-HO-MALT<\/strong><\/h2>\n<p>4-HO-MALT lze zakoupit zde na <a href=\"https:\/\/rezeptfrei-apotheke.net\/cs\/\">rchemshop<\/a> webov\u00e1 str\u00e1nka. Prod\u00e1v\u00e1me 4-HO-MALT prvot\u0159\u00eddn\u00ed kvality, obvykle v pr\u00e1\u0161ku. \u010casto v\u0161ak m\u00e1me k dispozici i jin\u00e9 formy l\u00e1tek, tak\u017ee n\u00e1s nev\u00e1hejte kontaktovat, abychom zjistili, zda m\u00e1me v\u00e1mi preferovanou formu l\u00e1tky skladem. Abyste si u n\u00e1s mohli koupit 4-HO-MALT, mus\u00edte b\u00fdt star\u0161\u00ed 18 let.<\/p>","protected":false},"excerpt":{"rendered":"<p><strong>N\u00e1zev IUPAC: <\/strong>3-(2-(allyl(methyl)amino)ethyl)-lH-indol-4-ylacet\u00e1t<\/p>\n<p><strong>Jin\u00e9 jm\u00e9no: <\/strong>4-Acetoxy-MALT<\/p>\n<p><strong>NMR anal\u00fdza: <\/strong>C16H20N2O2<\/p>","protected":false},"featured_media":9018,"comment_status":"open","ping_status":"closed","template":"","meta":[],"product_brand":[],"product_cat":[96],"product_tag":[],"class_list":{"0":"post-8995","1":"product","2":"type-product","3":"status-publish","4":"has-post-thumbnail","6":"product_cat-buy-tryptamines-online","8":"first","9":"instock","10":"shipping-taxable","11":"purchasable","12":"product-type-variable"},"jetpack_sharing_enabled":true,"_links":{"self":[{"href":"https:\/\/rezeptfrei-apotheke.net\/cs\/wp-json\/wp\/v2\/product\/8995","targetHints":{"allow":["GET"]}}],"collection":[{"href":"https:\/\/rezeptfrei-apotheke.net\/cs\/wp-json\/wp\/v2\/product"}],"about":[{"href":"https:\/\/rezeptfrei-apotheke.net\/cs\/wp-json\/wp\/v2\/types\/product"}],"replies":[{"embeddable":true,"href":"https:\/\/rezeptfrei-apotheke.net\/cs\/wp-json\/wp\/v2\/comments?post=8995"}],"wp:featuredmedia":[{"embeddable":true,"href":"https:\/\/rezeptfrei-apotheke.net\/cs\/wp-json\/wp\/v2\/media\/9018"}],"wp:attachment":[{"href":"https:\/\/rezeptfrei-apotheke.net\/cs\/wp-json\/wp\/v2\/media?parent=8995"}],"wp:term":[{"taxonomy":"product_brand","embeddable":true,"href":"https:\/\/rezeptfrei-apotheke.net\/cs\/wp-json\/wp\/v2\/product_brand?post=8995"},{"taxonomy":"product_cat","embeddable":true,"href":"https:\/\/rezeptfrei-apotheke.net\/cs\/wp-json\/wp\/v2\/product_cat?post=8995"},{"taxonomy":"product_tag","embeddable":true,"href":"https:\/\/rezeptfrei-apotheke.net\/cs\/wp-json\/wp\/v2\/product_tag?post=8995"}],"curies":[{"name":"wp","href":"https:\/\/api.w.org\/{rel}","templated":true}]}}