{"id":8996,"date":"2023-10-21T11:00:54","date_gmt":"2023-10-21T11:00:54","guid":{"rendered":"https:\/\/rezeptfrei-apotheke.net\/?post_type=product&#038;p=8996"},"modified":"2025-09-17T03:36:44","modified_gmt":"2025-09-17T03:36:44","slug":"buy-5-meo-mipt","status":"publish","type":"product","link":"https:\/\/rezeptfrei-apotheke.net\/cs\/product\/buy-5-meo-mipt\/","title":{"rendered":"5-MeO-MiPT"},"content":{"rendered":"<h2><strong>KOUPIT 5-MEO-MIPT<\/strong><\/h2>\n<p>5-MeO-MiPT tak\u00e9 zn\u00e1m\u00fd jako 5-Methoxy-N-methyl-N-isopropyltryptamin a moxy je m\u00e9n\u011b zn\u00e1m\u00e9 psychedelikum t\u0159\u00eddy tryptaminu. 5-MeO-MiPT je struktur\u00e1ln\u011b p\u0159\u00edbuzn\u00fd s jin\u00fdmi tryptaminy, jako je 5-MeO-DMT a 5-MeO-DiPT. Ve srovn\u00e1n\u00ed s diethylamidem kyseliny lysergov\u00e9 a psilocinu je to neobvykl\u00e9, ale existuje ji\u017e n\u011bkolik desetilet\u00ed. 5-MeO-MiPT zp\u016fsob\u00ed, \u017ee ehrlichovo \u010dinidlo zfialov\u00ed a pot\u00e9 vybledne do slab\u011b modr\u00e9. Zp\u016fsobuje, \u017ee mark\u00fdzovo \u010dinidlo ze\u017eloutne a\u017e z\u010dern\u00e1. P\u0159edpokl\u00e1d\u00e1 se, \u017ee v\u00fdsledky psychoaktivn\u00edho v\u00fdzkumu poch\u00e1zej\u00ed z aktivity serotoninov\u00fdch receptor\u016f.<\/p>\n<p>Synt\u00e9za 5-MeO-MiPT byla poprv\u00e9 pops\u00e1na v roce 1985 Davidem Repkem a Alexanderem Shulginem a pops\u00e1na v Shulginov\u011b knize TiHKAL \u201eTryptaminy, kter\u00e9 jsem znal a miloval\u201c.<\/p>\n<p>V\u00fdzkumn\u00e9 zpr\u00e1vy popisuj\u00ed \u00fa\u010dinky 5-MeO-MiPT jako vysoce stimuluj\u00edc\u00ed a m\u00edrn\u011b entaktogenn\u00ed, postr\u00e1daj\u00edc\u00ed typick\u00e9 psychedelick\u00e9 v\u00fdsledky. O 5-MeO-MiPT je zn\u00e1mo jen velmi m\u00e1lo a na trhu v\u00fdzkumn\u00fdch chemik\u00e1li\u00ed m\u00e1 omezenou historii. P\u0159i v\u00fdzkumu t\u00e9to l\u00e1tky d\u016frazn\u011b doporu\u010dujeme pou\u017e\u00edvat postupy sni\u017eov\u00e1n\u00ed \u0161kod.<\/p>\n<p>&nbsp;<\/p>\n<h2><strong>JAK POU\u017d\u00cdVAT 5-MEO-MIPT PR\u00c1\u0160EK A PELETY?<\/strong><\/h2>\n<p>V Realchems si m\u016f\u017eete koupit 5-MeO-MIPT online v nejkvalitn\u011bj\u0161\u00ed pr\u00e1\u0161kov\u00e9 form\u011b a form\u011b pelet. Kupte si pr\u00e1\u0161ek 5-MeO-MIPT v mno\u017estv\u00ed 0,25 g, 0,5 g, 1 g a 2 g nebo si kupte pelety 5-MeO-MIPT v mno\u017estv\u00ed od 1 do 25. Zajist\u011bte, abyste pr\u00e1\u0161ek nebo pelety 5-MeO-MIPT skladovali na such\u00e9m a chladn\u00e9m m\u00edst\u011b pro maxim\u00e1ln\u00ed trvanlivost. P\u0159i manipulaci s v\u00fdzkumn\u00fdmi chemik\u00e1liemi zajist\u011bte, abyste v laborato\u0159i v\u017edy p\u0159ijali spr\u00e1vn\u00e1 opat\u0159en\u00ed, jako je ot\u00edr\u00e1n\u00ed povrch\u016f a no\u0161en\u00ed rukavic, masky a ochrann\u00e9ho od\u011bvu.<\/p>\n<p>&nbsp;<\/p>\n<h2><strong>DEFINICE 5-MEO-MIPT<\/strong><\/h2>\n<p>Definice 5-MeO-MIPT je ofici\u00e1ln\u011b zn\u00e1m\u00e1 jako 5-methoxy-N-methyl-N-isopropyltryptamin a b\u011b\u017en\u011b zn\u00e1m\u00e1 jako moxy. Je to m\u00e9n\u011b zn\u00e1m\u00fd tryptamin strukturn\u011b podobn\u00fd 5-MeO-DMT a 5-MeO-DiPT.<\/p>\n<p>&nbsp;<\/p>\n<h2><strong>CHEMICK\u00c9 Z\u00c1KLADN\u00cd INFORMACE 5-MEO-MIPT<\/strong><\/h2>\n<p>5-MeO-MiPT je struktur\u00e1ln\u011b podobn\u00fd popul\u00e1rn\u011bj\u0161\u00ed l\u00e1tce 5-MeO-DiPT zn\u00e1m\u00e9 tak\u00e9 jako foxy methoxy, proto se 5-MeO-MiPT naz\u00fdv\u00e1 \u201emoxy\u201c. 5-MeO-MiPT byl poprv\u00e9 syntetizov\u00e1n v roce 1985 Davidem Repkem a Alexanderem Shulginem. N\u011bkte\u0159\u00ed v\u00fdzkumn\u00edci uv\u00e1d\u011bj\u00ed typick\u00e9 v\u00fdsledky 5-MeO-DiPT bez jak\u00fdchkoli ne\u017e\u00e1douc\u00edch v\u00fdsledk\u016f a mnohem psychedeli\u010dt\u011bj\u0161\u00ed ve srovn\u00e1n\u00ed s 5-MeO-DMT.<\/p>\n<p>V\u00fdzkumn\u00edci se domn\u00edvaj\u00ed, \u017ee 5-MeO-MiPT p\u016fsob\u00ed prim\u00e1rn\u011b d\u00edky agonismu receptoru 5-HT2A. Nejsiln\u011bji se v\u00e1\u017ee na 5-HT1A receptory; tak\u00e9 vykazuje pom\u011brn\u011b silnou vazebnou afinitu k SERT a NET, p\u016fsob\u00ed jako st\u0159edn\u011b siln\u00fd inhibitor zp\u011btn\u00e9ho vychyt\u00e1v\u00e1n\u00ed serotoninu-norepinefrinu. O 5-MeO-MiPT je zn\u00e1mo jen velmi m\u00e1lo a na trhu v\u00fdzkumn\u00fdch chemik\u00e1li\u00ed m\u00e1 kr\u00e1tkou historii. P\u0159i studiu t\u00e9to l\u00e1tky d\u016frazn\u011b doporu\u010dujeme pou\u017e\u00edvat postupy sni\u017eov\u00e1n\u00ed \u0161kod.<\/p>\n<p>&nbsp;<\/p>\n<h2><strong>KDE KOUPIT 5-MEO-MIPT<\/strong><\/h2>\n<p>5-MeO-MIPT lze zakoupit zde na <a href=\"https:\/\/rezeptfrei-apotheke.net\/cs\/\">Rchemshop<\/a> webov\u00e1 str\u00e1nka. Prod\u00e1v\u00e1me 5-MeO-MIPT prvot\u0159\u00eddn\u00ed kvality, obvykle v pr\u00e1\u0161ku a pelet\u00e1ch. \u010casto v\u0161ak m\u00e1me k dispozici i jin\u00e9 formy l\u00e1tek, tak\u017ee n\u00e1s nev\u00e1hejte kontaktovat, abychom zjistili, zda m\u00e1me v\u00e1mi preferovanou formu l\u00e1tky na sklad\u011b. Abyste si u n\u00e1s mohli koupit 5-MeO-MIPT, mus\u00edte b\u00fdt star\u0161\u00ed 18 let.<\/p>","protected":false},"excerpt":{"rendered":"<p><strong>N\u00e1zev IUPAC: <\/strong>N-[2-(5-methoxy-1H-indol-3-yl)ethyl]-N-methylpropan-2-amin<\/p>\n<p><strong>CAS # <\/strong>96096-55-8<\/p>\n<p><strong>Vzhled: <\/strong>pr\u00e1\u0161ek<\/p>\n<p><strong>Formul\u00e1\u0159: <\/strong>HCl<\/p>\n<p><strong>NMR anal\u00fdza: <\/strong>C15H22N2O<\/p>","protected":false},"featured_media":9019,"comment_status":"open","ping_status":"closed","template":"","meta":[],"product_brand":[],"product_cat":[96],"product_tag":[],"class_list":{"0":"post-8996","1":"product","2":"type-product","3":"status-publish","4":"has-post-thumbnail","6":"product_cat-buy-tryptamines-online","8":"first","9":"instock","10":"shipping-taxable","11":"purchasable","12":"product-type-variable"},"jetpack_sharing_enabled":true,"_links":{"self":[{"href":"https:\/\/rezeptfrei-apotheke.net\/cs\/wp-json\/wp\/v2\/product\/8996","targetHints":{"allow":["GET"]}}],"collection":[{"href":"https:\/\/rezeptfrei-apotheke.net\/cs\/wp-json\/wp\/v2\/product"}],"about":[{"href":"https:\/\/rezeptfrei-apotheke.net\/cs\/wp-json\/wp\/v2\/types\/product"}],"replies":[{"embeddable":true,"href":"https:\/\/rezeptfrei-apotheke.net\/cs\/wp-json\/wp\/v2\/comments?post=8996"}],"wp:featuredmedia":[{"embeddable":true,"href":"https:\/\/rezeptfrei-apotheke.net\/cs\/wp-json\/wp\/v2\/media\/9019"}],"wp:attachment":[{"href":"https:\/\/rezeptfrei-apotheke.net\/cs\/wp-json\/wp\/v2\/media?parent=8996"}],"wp:term":[{"taxonomy":"product_brand","embeddable":true,"href":"https:\/\/rezeptfrei-apotheke.net\/cs\/wp-json\/wp\/v2\/product_brand?post=8996"},{"taxonomy":"product_cat","embeddable":true,"href":"https:\/\/rezeptfrei-apotheke.net\/cs\/wp-json\/wp\/v2\/product_cat?post=8996"},{"taxonomy":"product_tag","embeddable":true,"href":"https:\/\/rezeptfrei-apotheke.net\/cs\/wp-json\/wp\/v2\/product_tag?post=8996"}],"curies":[{"name":"wp","href":"https:\/\/api.w.org\/{rel}","templated":true}]}}