{"id":8998,"date":"2023-10-21T11:00:54","date_gmt":"2023-10-21T11:00:54","guid":{"rendered":"https:\/\/rezeptfrei-apotheke.net\/?post_type=product&#038;p=8998"},"modified":"2025-09-17T03:08:03","modified_gmt":"2025-09-17T03:08:03","slug":"5-meo-dipt-2","status":"publish","type":"product","link":"https:\/\/rezeptfrei-apotheke.net\/cs\/product\/5-meo-dipt-2\/","title":{"rendered":"5-MeO-DiPT"},"content":{"rendered":"<div class=\"wpb-content-wrapper\"><div class=\"vc_row wpb_row vc_row-fluid\"><div class=\"wpb_column vc_column_container vc_col-sm-12\"><div class=\"vc_column-inner\"><div class=\"wpb_wrapper\">\n\t<div class=\"wpb_text_column wpb_content_element\" >\n\t\t<div class=\"wpb_wrapper\">\n\t\t\t<h2><strong>Co je 5-MeO-DiPT?<\/strong><\/h2>\n<p>5-MeO-DiPT, tak\u00e9 hovorov\u011b zn\u00e1m\u00fd jako Foxy a Foxy Methoxy, je psychedelick\u00e1 droga ze t\u0159\u00eddy tryptaminu. Poprv\u00e9 byl syntetizov\u00e1n v polovin\u011b 70. let Alexandrem Shulginem a podrobn\u00e1 zpr\u00e1va byla zahrnuta v jeho knize TiHKAL z roku 1997 (Tryptaminy, kter\u00e9 jsem znal a miloval).<\/p>\n<p>A\u010dkoli byl na t\u00e9to l\u00e1tce proveden omezen\u00fd v\u00fdzkum, neofici\u00e1ln\u00ed zpr\u00e1vy nazna\u010duj\u00ed, \u017ee postr\u00e1d\u00e1 typick\u00e9 halucinogenn\u00ed vlastnosti nalezen\u00e9 v jin\u00fdch, popul\u00e1rn\u011bj\u0161\u00edch tryptaminech, jako je meskalin a LSD. M\u00edsto toho je zn\u00e1m\u00fd pro sv\u00e9 vysoce stimuluj\u00edc\u00ed a entaktogenn\u00ed laboratorn\u00ed \u00fa\u010dinky.<\/p>\n<p>Je d\u016fle\u017eit\u00e9 poznamenat, \u017ee 5-MeO-DiPT nebyl schv\u00e1len pro lidskou spot\u0159ebu a je dostupn\u00fd pouze jako v\u00fdzkumn\u00e1 chemik\u00e1lie.<\/p>\n<h2><\/h2>\n\n\t\t<\/div>\n\t<\/div>\n<\/div><\/div><\/div><\/div>\n<\/div>","protected":false},"excerpt":{"rendered":"<p><strong>N\u00e1zev IUPAC: <\/strong>3-[2-(diisopropylamino)ethyl]indol<\/p>\n<p><strong>CAS # <\/strong>nula<\/p>\n<p><strong>Jin\u00e9 jm\u00e9no: <\/strong>N,N-diisopropyltryptamin<\/p>\n<p><strong>Vzhled: <\/strong>pr\u00e1\u0161ek<\/p>\n<p><strong>Formul\u00e1\u0159: <\/strong>fumar\u00e1t<\/p>\n<p><strong>NMR anal\u00fdza: <\/strong>N\/A<\/p>","protected":false},"featured_media":9021,"comment_status":"open","ping_status":"closed","template":"","meta":[],"product_brand":[],"product_cat":[96],"product_tag":[],"class_list":{"0":"post-8998","1":"product","2":"type-product","3":"status-publish","4":"has-post-thumbnail","6":"product_cat-buy-tryptamines-online","8":"first","9":"instock","10":"shipping-taxable","11":"purchasable","12":"product-type-variable"},"jetpack_sharing_enabled":true,"_links":{"self":[{"href":"https:\/\/rezeptfrei-apotheke.net\/cs\/wp-json\/wp\/v2\/product\/8998","targetHints":{"allow":["GET"]}}],"collection":[{"href":"https:\/\/rezeptfrei-apotheke.net\/cs\/wp-json\/wp\/v2\/product"}],"about":[{"href":"https:\/\/rezeptfrei-apotheke.net\/cs\/wp-json\/wp\/v2\/types\/product"}],"replies":[{"embeddable":true,"href":"https:\/\/rezeptfrei-apotheke.net\/cs\/wp-json\/wp\/v2\/comments?post=8998"}],"wp:featuredmedia":[{"embeddable":true,"href":"https:\/\/rezeptfrei-apotheke.net\/cs\/wp-json\/wp\/v2\/media\/9021"}],"wp:attachment":[{"href":"https:\/\/rezeptfrei-apotheke.net\/cs\/wp-json\/wp\/v2\/media?parent=8998"}],"wp:term":[{"taxonomy":"product_brand","embeddable":true,"href":"https:\/\/rezeptfrei-apotheke.net\/cs\/wp-json\/wp\/v2\/product_brand?post=8998"},{"taxonomy":"product_cat","embeddable":true,"href":"https:\/\/rezeptfrei-apotheke.net\/cs\/wp-json\/wp\/v2\/product_cat?post=8998"},{"taxonomy":"product_tag","embeddable":true,"href":"https:\/\/rezeptfrei-apotheke.net\/cs\/wp-json\/wp\/v2\/product_tag?post=8998"}],"curies":[{"name":"wp","href":"https:\/\/api.w.org\/{rel}","templated":true}]}}