{"id":9009,"date":"2023-10-21T11:00:55","date_gmt":"2023-10-21T11:00:55","guid":{"rendered":"https:\/\/rezeptfrei-apotheke.net\/?post_type=product&#038;p=9009"},"modified":"2025-11-26T22:10:12","modified_gmt":"2025-11-26T22:10:12","slug":"buy-3-fma-online","status":"publish","type":"product","link":"https:\/\/rezeptfrei-apotheke.net\/cs\/product\/buy-3-fma-online\/","title":{"rendered":"3-FMA"},"content":{"rendered":"<div class=\"wpb-content-wrapper\"><div class=\"vc_row wpb_row vc_row-fluid\"><div class=\"wpb_column vc_column_container vc_col-sm-12\"><div class=\"vc_column-inner\"><div class=\"wpb_wrapper\">\n\t<div class=\"wpb_text_column wpb_content_element\" >\n\t\t<div class=\"wpb_wrapper\">\n\t\t\t<h2>Buy 3-FMA Online<\/h2>\n<p>3-FMA je nov\u00e1 syntetick\u00e1 slou\u010denina amfetaminu, kter\u00e1 produkuje entaktogenn\u00ed a stimula\u010dn\u00ed v\u00fdsledky v\u00fdzkumu. Po zaveden\u00ed 3-FEA vstoupila 3-FMA n\u00e1sledn\u011b na trh v\u00fdzkumn\u00fdch chemik\u00e1li\u00ed jako slou\u010denina strukturn\u011b p\u0159\u00edbuzn\u00e1 \u0159ad\u011b fluorovan\u00fdch substituovan\u00fdch amfetamin\u016f, co\u017e p\u016fvodn\u011b zahrnovalo slou\u010deniny jako; 2-FMA, 3-FA, 4-FMA, 4-FA.<\/p>\n<h2><strong>JAK POU\u017d\u00cdVAT 3-FMA POWDER?<\/strong><\/h2>\n<p>Kupte si 3-FMA v\u00fdzkumnou chemik\u00e1lii online v nejkvalitn\u011bj\u0161\u00ed pr\u00e1\u0161kov\u00e9 form\u011b. Kupte si 3-FMA v mno\u017estv\u00ed 0,5gr, 1gr, 2gr, 5gr nebo 10g. Zajist\u011bte, abyste pr\u00e1\u0161ek 3-FMA skladovali na such\u00e9m a chladn\u00e9m m\u00edst\u011b pro maxim\u00e1ln\u00ed trvanlivost. Skladujte na such\u00e9m a chladn\u00e9m m\u00edst\u011b pro maxim\u00e1ln\u00ed trvanlivost. P\u0159i manipulaci s v\u00fdzkumn\u00fdmi chemik\u00e1liemi zajist\u011bte, abyste v laborato\u0159i v\u017edy p\u0159ijali spr\u00e1vn\u00e1 opat\u0159en\u00ed, jako je ot\u00edr\u00e1n\u00ed povrch\u016f a no\u0161en\u00ed rukavic, masky a ochrann\u00e9ho od\u011bvu.<\/p>\n<h2><strong>DEFINICE 3-FMA<\/strong><\/h2>\n<p>Definice 3-FMA je ofici\u00e1ln\u011b zn\u00e1m\u00e1 jako 3-Fluoromethamfetamin je syntetick\u00e1 slou\u010denina amfetaminu. 3-FMA je struktur\u00e1ln\u011b p\u0159\u00edbuzn\u00fd \u0159ad\u011b amfetamin\u016f, kter\u00e9 p\u016fvodn\u011b zahrnovaly slou\u010deniny jako 2-FMA, 3-FA, 4-FMA, 4-FA.<\/p>\n<h2><strong>CHEMICK\u00c9 Z\u00c1KLADN\u00cd INFORMACE 3-FEA<\/strong><\/h2>\n<p>3-Fluorometamfetamin je molekula ze t\u0159\u00eddy amfetamin\u016f. Molekuly t\u0159\u00eddy amfetamin\u016f obsahuj\u00ed methylovou skupinu nav\u00e1zanou na koncov\u00fd amin RN amfetaminov\u00e9ho j\u00e1dra, co\u017e je substituce, kterou sd\u00edl\u00ed s metamfetaminem. 3-FMA je fluorovan\u00fd analog metamfetaminu ve 3 poloze. V sou\u010dasn\u00e9 dob\u011b se spekuluje, \u017ee m\u00e1 v\u00edce v\u00fdsledk\u016f v\u00fdzkumu entaktogenn\u00edch stimulant\u016f. Nav\u00edc je 3-FMA struktur\u00e1ln\u011b podobn\u00fd jako 2-FMA a 4-FMA. 3-FMA nebyl studov\u00e1n na stejn\u00e9 \u00farovni jako tradi\u010dn\u00ed amfetaminy, proto se d\u016frazn\u011b doporu\u010duje pou\u017e\u00edvat p\u0159i pou\u017e\u00edv\u00e1n\u00ed t\u00e9to l\u00e1tky bezpe\u010dnostn\u00ed opat\u0159en\u00ed na sn\u00ed\u017een\u00ed \u0161kod.<\/p>\n<h2><strong>KDE KOUPIT 3-FMA<\/strong><\/h2>\n<p>3-FMA lze zakoupit zde na <a href=\"https:\/\/rezeptfrei-apotheke.net\/cs\/\">Rchemshop<\/a> webov\u00e1 str\u00e1nka. Prod\u00e1v\u00e1me 3-FMA pr\u00e9miov\u00e9 kvality, obvykle v pr\u00e1\u0161ku. \u010casto v\u0161ak m\u00e1me k dispozici i jin\u00e9 formy l\u00e1tek, tak\u017ee n\u00e1s nev\u00e1hejte kontaktovat, abychom zjistili, zda m\u00e1me v\u00e1mi preferovanou formu l\u00e1tky skladem. Abyste si u n\u00e1s mohli koupit 3-FMA, mus\u00edte b\u00fdt star\u0161\u00ed 18 let.<\/p>\n\n\t\t<\/div>\n\t<\/div>\n<\/div><\/div><\/div><\/div>\n<\/div>","protected":false},"excerpt":{"rendered":"<p><strong>N\u00e1zev IUPAC: <\/strong>1-(3-Fluorfenyl)-N-methylpropan-2-amin<\/p>\n<p><strong>CAS # <\/strong>13415-59-3<\/p>\n<p><strong>Formul\u00e1\u0159: <\/strong>pr\u00e1\u0161ek<\/p>","protected":false},"featured_media":9029,"comment_status":"open","ping_status":"closed","template":"","meta":[],"product_brand":[],"product_cat":[93],"product_tag":[],"class_list":{"0":"post-9009","1":"product","2":"type-product","3":"status-publish","4":"has-post-thumbnail","6":"product_cat-order-pills-online","8":"first","9":"instock","10":"shipping-taxable","11":"purchasable","12":"product-type-variable"},"jetpack_sharing_enabled":true,"_links":{"self":[{"href":"https:\/\/rezeptfrei-apotheke.net\/cs\/wp-json\/wp\/v2\/product\/9009","targetHints":{"allow":["GET"]}}],"collection":[{"href":"https:\/\/rezeptfrei-apotheke.net\/cs\/wp-json\/wp\/v2\/product"}],"about":[{"href":"https:\/\/rezeptfrei-apotheke.net\/cs\/wp-json\/wp\/v2\/types\/product"}],"replies":[{"embeddable":true,"href":"https:\/\/rezeptfrei-apotheke.net\/cs\/wp-json\/wp\/v2\/comments?post=9009"}],"wp:featuredmedia":[{"embeddable":true,"href":"https:\/\/rezeptfrei-apotheke.net\/cs\/wp-json\/wp\/v2\/media\/9029"}],"wp:attachment":[{"href":"https:\/\/rezeptfrei-apotheke.net\/cs\/wp-json\/wp\/v2\/media?parent=9009"}],"wp:term":[{"taxonomy":"product_brand","embeddable":true,"href":"https:\/\/rezeptfrei-apotheke.net\/cs\/wp-json\/wp\/v2\/product_brand?post=9009"},{"taxonomy":"product_cat","embeddable":true,"href":"https:\/\/rezeptfrei-apotheke.net\/cs\/wp-json\/wp\/v2\/product_cat?post=9009"},{"taxonomy":"product_tag","embeddable":true,"href":"https:\/\/rezeptfrei-apotheke.net\/cs\/wp-json\/wp\/v2\/product_tag?post=9009"}],"curies":[{"name":"wp","href":"https:\/\/api.w.org\/{rel}","templated":true}]}}