{"id":3,"date":"2022-02-09T15:03:18","date_gmt":"2022-02-09T15:03:18","guid":{"rendered":"https:\/\/rezeptfrei-apotheke.net\/?page_id=3"},"modified":"2026-02-16T10:45:06","modified_gmt":"2026-02-16T10:45:06","slug":"privacy-policy","status":"publish","type":"page","link":"https:\/\/rezeptfrei-apotheke.net\/es\/privacy-policy\/","title":{"rendered":"Pol\u00edtica de privacidad"},"content":{"rendered":"<p>Esta pol\u00edtica de privacidad establece c\u00f3mo <a href=\"https:\/\/rezeptfrei-apotheke.net\/es\/\">Rxchemlab.com<\/a> utiliza y protege cualquier informaci\u00f3n que usted proporciona a Rxchemlab.com cuando utiliza este sitio web.<\/p>\n<p>Rxchemlab.com se compromete a garantizar la protecci\u00f3n de su privacidad. En caso de que le pidamos que proporcione cierta informaci\u00f3n con la que se le pueda identificar al utilizar este sitio web, puede estar seguro de que s\u00f3lo se utilizar\u00e1 de acuerdo con esta declaraci\u00f3n de privacidad.<\/p>\n<p>Rxchemlab.com puede cambiar esta pol\u00edtica de vez en cuando al actualizar esta p\u00e1gina. Usted debe revisar esta p\u00e1gina de vez en cuando para asegurarse de que est\u00e1 satisfecho con cualquier cambio. Esta pol\u00edtica es efectiva desde el 1 de mayo de 2017.<\/p>\n<h4><strong>SEGURIDAD<\/strong><\/h4>\n<p>Nos comprometemos a garantizar la seguridad de su informaci\u00f3n. Para evitar el acceso o la divulgaci\u00f3n no autorizados, hemos establecido procedimientos f\u00edsicos, electr\u00f3nicos y de gesti\u00f3n adecuados para salvaguardar y proteger la informaci\u00f3n que recopilamos en l\u00ednea.<\/p>\n<h4><strong>C\u00d3MO UTILIZAMOS LAS COOKIES<\/strong><\/h4>\n<p>Una cookie es un peque\u00f1o archivo que pide permiso para instalarse en el disco duro de su ordenador. Una vez que usted acepta, el archivo se a\u00f1ade y la cookie ayuda a analizar el tr\u00e1fico web o le permite saber cu\u00e1ndo visita un sitio concreto. Las cookies permiten a las aplicaciones web responderle como individuo. La aplicaci\u00f3n web puede adaptar sus operaciones a sus necesidades, gustos y aversiones recopilando y recordando informaci\u00f3n sobre sus preferencias.<\/p>\n<p>Utilizamos cookies de registro de tr\u00e1fico para identificar qu\u00e9 p\u00e1ginas se est\u00e1n utilizando. Esto nos ayuda a analizar datos sobre el tr\u00e1fico de p\u00e1ginas web y a mejorar nuestro sitio web para adaptarlo a las necesidades de los clientes. Solo utilizamos esta informaci\u00f3n con fines de an\u00e1lisis estad\u00edstico y despu\u00e9s los datos se eliminan del sistema.<\/p>\n<p>En general, las cookies nos ayudan a ofrecerle un sitio web mejor, ya que nos permiten controlar qu\u00e9 p\u00e1ginas le resultan \u00fatiles y cu\u00e1les no. Una cookie no nos da acceso a su ordenador ni a ninguna informaci\u00f3n sobre usted, salvo los datos que usted decida compartir con nosotros.<\/p>\n<p>Puede aceptar o rechazar las cookies. La mayor\u00eda de los navegadores aceptan autom\u00e1ticamente las cookies, pero normalmente puede modificar la configuraci\u00f3n de su navegador para rechazarlas si lo prefiere. Esto puede impedirle aprovechar plenamente el sitio web.<\/p>\n<h4><strong>ENLACES A OTROS SITIOS WEB<\/strong><\/h4>\n<p>Nuestro sitio web puede contener enlaces a otros sitios web de inter\u00e9s. Sin embargo, una vez que haya utilizado estos enlaces para salir de nuestro sitio, debe tener en cuenta que no tenemos ning\u00fan control sobre ese otro sitio web. Por lo tanto, no podemos responsabilizarnos de la protecci\u00f3n y privacidad de la informaci\u00f3n que usted proporcione al visitar dichos sitios, y \u00e9stos no se rigen por la presente declaraci\u00f3n de privacidad. Le recomendamos que sea prudente y consulte la declaraci\u00f3n de privacidad aplicable al sitio web en cuesti\u00f3n.<\/p>\n<h4><strong>CONTROL DE SUS DATOS PERSONALES<\/strong><\/h4>\n<p>Puede optar por restringir la recopilaci\u00f3n o el uso de su informaci\u00f3n personal de las siguientes maneras:<\/p>\n<ul>\n<li>siempre que se le pida que rellene un formulario en el sitio web, busque la casilla en la que puede hacer clic para indicar que no desea que nadie utilice la informaci\u00f3n con fines de venta directa<\/li>\n<li>si ha aceptado previamente que utilicemos su informaci\u00f3n personal para fines de marketing directo, puede cambiar de opini\u00f3n en cualquier momento envi\u00e1ndonos un correo electr\u00f3nico a trav\u00e9s de la p\u00e1gina de Contacto<\/li>\n<\/ul>\n<p>No venderemos, distribuiremos ni cederemos su informaci\u00f3n personal a terceros a menos que contemos con su permiso o la ley nos obligue a hacerlo. Podremos utilizar sus datos personales para enviarle informaci\u00f3n promocional sobre terceros que consideremos de su inter\u00e9s si nos indica que as\u00ed lo desea.<\/p>\n<p>Si cree que alguno de los datos que tenemos sobre usted es incorrecto o est\u00e1 incompleto, escriba a o a <a href=\"mailto:support@rxchemlab.com\">env\u00edenos un correo electr\u00f3nico<\/a> lo antes posible, en la direcci\u00f3n arriba indicada. Corregiremos sin demora cualquier informaci\u00f3n que resulte incorrecta.<\/p>\n<p>&nbsp;<\/p>","protected":false},"excerpt":{"rendered":"<p>Esta pol\u00edtica de privacidad establece c\u00f3mo Rxchemlab.com utiliza y protege cualquier informaci\u00f3n que usted da Rxchemlab.com cuando se utiliza este<\/p>","protected":false},"author":334,"featured_media":0,"parent":0,"menu_order":0,"comment_status":"closed","ping_status":"open","template":"","meta":{"footnotes":""},"class_list":["post-3","page","type-page","status-publish","hentry"],"jetpack_sharing_enabled":true,"_links":{"self":[{"href":"https:\/\/rezeptfrei-apotheke.net\/es\/wp-json\/wp\/v2\/pages\/3","targetHints":{"allow":["GET"]}}],"collection":[{"href":"https:\/\/rezeptfrei-apotheke.net\/es\/wp-json\/wp\/v2\/pages"}],"about":[{"href":"https:\/\/rezeptfrei-apotheke.net\/es\/wp-json\/wp\/v2\/types\/page"}],"author":[{"embeddable":true,"href":"https:\/\/rezeptfrei-apotheke.net\/es\/wp-json\/wp\/v2\/users\/334"}],"replies":[{"embeddable":true,"href":"https:\/\/rezeptfrei-apotheke.net\/es\/wp-json\/wp\/v2\/comments?post=3"}],"version-history":[{"count":4,"href":"https:\/\/rezeptfrei-apotheke.net\/es\/wp-json\/wp\/v2\/pages\/3\/revisions"}],"predecessor-version":[{"id":9984,"href":"https:\/\/rezeptfrei-apotheke.net\/es\/wp-json\/wp\/v2\/pages\/3\/revisions\/9984"}],"wp:attachment":[{"href":"https:\/\/rezeptfrei-apotheke.net\/es\/wp-json\/wp\/v2\/media?parent=3"}],"curies":[{"name":"wp","href":"https:\/\/api.w.org\/{rel}","templated":true}]}}