{"id":7383,"date":"2022-02-27T16:39:11","date_gmt":"2022-02-27T16:39:11","guid":{"rendered":"https:\/\/rezeptfrei-apotheke.net\/?page_id=7383"},"modified":"2026-02-16T10:46:28","modified_gmt":"2026-02-16T10:46:28","slug":"terms-and-conditions","status":"publish","type":"page","link":"https:\/\/rezeptfrei-apotheke.net\/es\/terms-and-conditions\/","title":{"rendered":"T\u00e9rminos y condiciones"},"content":{"rendered":"<h2>General<\/h2>\n<ol>\n<li>Al utilizar el sitio web, los productos y los servicios ofrecidos por Rxchemlab.com (\"<a href=\"http:\/\/rxchemlab.com\/\" target=\"_blank\" rel=\"noopener\">Tienda de qu\u00edmica Rc<\/a>\"), o cuando se comunique con la empresa para preguntar o hablar sobre un pedido, estar\u00e1 aceptando estas condiciones en su totalidad. La empresa se reserva el derecho de modificar estas condiciones de vez en cuando sin previo aviso.<\/li>\n<li>Todos los productos se venden exclusivamente con fines de investigaci\u00f3n. No est\u00e1n destinados al consumo humano ni a ning\u00fan tipo de investigaci\u00f3n o experimentaci\u00f3n in vivo.<\/li>\n<li>Usted acepta no responsabilizar a la empresa de ning\u00fan da\u00f1o derivado del uso inadecuado de los productos vendidos. Es su responsabilidad comprobar que el contenido de su pedido es legal para su importaci\u00f3n, posesi\u00f3n y uso para el fin previsto en su pa\u00eds o regi\u00f3n. La empresa no se hace responsable de los pedidos ni de las medidas adoptadas en relaci\u00f3n con la compra o importaci\u00f3n de los mismos. Los productos vendidos por la empresa no est\u00e1n destinados a la compra, posesi\u00f3n o uso por parte de personas menores de 18 a\u00f1os, y usted acepta que no est\u00e1 por debajo de este l\u00edmite de edad, ni est\u00e1 realizando un pedido en nombre de, o para el suministro a cualquier persona que lo est\u00e9. Al realizar un pedido, confirma que es un instituto de investigaci\u00f3n de buena fe, un cient\u00edfico investigador o un estudiante de qu\u00edmica. Todos los compuestos se suministran estrictamente para uso en investigaci\u00f3n de laboratorio, principalmente pruebas de reactivos y referencia GC\/MS, en instalaciones bien equipadas, con todos los equipos y procedimientos de seguridad necesarios.<\/li>\n<li>Tambi\u00e9n se compromete a llevar a cabo una evaluaci\u00f3n de riesgos de los compuestos y de la forma en que est\u00e1n destinados a ser utilizados, y no llevar\u00e1 a cabo ni permitir\u00e1 que se lleve a cabo ninguna acci\u00f3n que pueda causar da\u00f1os o un mayor riesgo o da\u00f1o de cualquier tipo a cualquier persona o propiedad. Usted se compromete a aplicar procedimientos estrictos que cubran tanto la manipulaci\u00f3n como el uso de las sustancias dentro de su organizaci\u00f3n o instalaci\u00f3n, con el fin de evitar cualquier uso indebido o da\u00f1o. Adem\u00e1s, adquirir\u00e1 toda la informaci\u00f3n de seguridad necesaria antes de realizar el pedido y etiquetar\u00e1 todos los materiales seg\u00fan sea necesario.<\/li>\n<li>La empresa se reserva el derecho a denegar el servicio a cualquier persona sospechosa de hacer un uso indebido de sus productos, en cuyo caso se reembolsar\u00e1 el importe \u00edntegro si se ha pagado un pedido pero no se ha enviado. En este caso, los usuarios ser\u00e1n expulsados del sitio.<\/li>\n<li>Exenci\u00f3n de responsabilidad sobre patentes - Todos los productos se ofrecen sujetos a restricciones de patentes en su territorio. La empresa no garantiza que el uso o la venta de los productos suministrados no infrinja las reivindicaciones de ninguna patente europea o de otro tipo que cubra el producto en s\u00ed o el uso del mismo en combinaci\u00f3n con otros productos o en el funcionamiento de cualquier proceso.<\/li>\n<li>La empresa no se hace responsable de los paquetes una vez que han entrado en el sistema postal. Los pedidos enviados a trav\u00e9s de los servicios antes mencionados ser\u00e1n reemplazados y reenviados gratuitamente en caso de que se extrav\u00eden, previa confirmaci\u00f3n de la Oficina de Correos. Los pedidos incautados por las aduanas no ser\u00e1n reemplazados, independientemente de la forma en que hayan sido enviados: es responsabilidad del cliente asegurarse de que dispone de la autorizaci\u00f3n legal y de las licencias necesarias para importar y poseer los productos que est\u00e1 comprando en su pa\u00eds, as\u00ed como de tratar con sus agentes de aduanas si se realiza una incautaci\u00f3n indebida.<\/li>\n<li>Rxchemlab.com no env\u00eda productos a EE.UU. ni a Rusia. Cualquier pedido realizado desde estas regiones ser\u00e1 cancelado.<\/li>\n<li>Si alguna de las condiciones o parte de las mismas es considerada imprevisible por un tribunal de justicia, usted confirma completamente su aceptaci\u00f3n de que el resto de las condiciones o partes de las mismas seguir\u00e1n siendo v\u00e1lidas y vigentes.<\/li>\n<\/ol>\n<h2>Entregas y env\u00edos<\/h2>\n<ol>\n<li><strong>C\u00f3digos de seguimiento<\/strong>\n<ol>\n<li>Los c\u00f3digos de seguimiento no se facilitan en el momento del pedido. Se le enviar\u00e1n por correo electr\u00f3nico en cuanto nuestro transportista recoja el paquete. Espere a recibirlo. <a href=\"mailto:support@rxchemlab.com\">env\u00edenos un correo electr\u00f3nico<\/a>.<\/li>\n<\/ol>\n<\/li>\n<li><strong>Entrega asegurada<\/strong>\n<ol>\n<li>Esto le da derecho a 1 solo reenv\u00edo.<\/li>\n<li>Debe esperar 60 d\u00edas a que llegue su paquete antes de reclamar el reenv\u00edo.<\/li>\n<li>La reclamaci\u00f3n debe presentarse antes de que transcurran 90 d\u00edas desde la fecha del pedido. Por tanto, espere 60 d\u00edas y reclame en los 30 d\u00edas siguientes.<\/li>\n<li>Las reclamaciones que nos lleguen entre 60 y 90 d\u00edas despu\u00e9s de la fecha del pedido ser\u00e1n rechazadas.<\/li>\n<li>Si ha elegido la entrega con seguimiento y asegurada y su env\u00edo no llega porque no es legal en su pa\u00eds, no se lo volveremos a enviar. Aseg\u00farese de que es legal antes de realizar el pedido.<\/li>\n<li>Su pedido asegurado no ser\u00e1 reenviado si la direcci\u00f3n facilitada no es correcta.<\/li>\n<li>Los paquetes rechazados en el momento de la entrega no podr\u00e1n ser objeto de reclamaci\u00f3n.<\/li>\n<li>Su pedido asegurado no se volver\u00e1 a enviar si se intentan realizar varias entregas y usted no est\u00e1 all\u00ed para recibir el paquete, o si \u00e9ste debe ser recogido por usted, pero usted no intenta recoger el paquete en la oficina de correos o en la empresa de mensajer\u00eda.<\/li>\n<li>No proporcionamos una direcci\u00f3n de devoluci\u00f3n en ning\u00fan paquete, por lo que cualquier incidencia de los puntos 2.6 o 2.7 har\u00e1 que su paquete se pierda para siempre.<\/li>\n<\/ol>\n<\/li>\n<li><strong>Preguntas sobre el env\u00edo y la entrega<\/strong>\n<ol>\n<li>Todas las preguntas deben dirigirse a nuestros operadores de Whatsapp.<\/li>\n<\/ol>\n<\/li>\n<\/ol>\n<p>&nbsp;<\/p>\n<p><strong>\u00daltima actualizaci\u00f3n 18<\/strong><strong><sup>th<\/sup><\/strong><strong> Nov 2021<\/strong><\/p>\n<p>&nbsp;<\/p>","protected":false},"excerpt":{"rendered":"<p>General Al utilizar el sitio web, los productos y los servicios ofrecidos por Rxchemlab.com (\u201cRc chem shop\u201d), o al comunicarse con la empresa<\/p>","protected":false},"author":334,"featured_media":0,"parent":0,"menu_order":0,"comment_status":"closed","ping_status":"closed","template":"","meta":{"footnotes":""},"class_list":["post-7383","page","type-page","status-publish","hentry"],"jetpack_sharing_enabled":true,"_links":{"self":[{"href":"https:\/\/rezeptfrei-apotheke.net\/es\/wp-json\/wp\/v2\/pages\/7383","targetHints":{"allow":["GET"]}}],"collection":[{"href":"https:\/\/rezeptfrei-apotheke.net\/es\/wp-json\/wp\/v2\/pages"}],"about":[{"href":"https:\/\/rezeptfrei-apotheke.net\/es\/wp-json\/wp\/v2\/types\/page"}],"author":[{"embeddable":true,"href":"https:\/\/rezeptfrei-apotheke.net\/es\/wp-json\/wp\/v2\/users\/334"}],"replies":[{"embeddable":true,"href":"https:\/\/rezeptfrei-apotheke.net\/es\/wp-json\/wp\/v2\/comments?post=7383"}],"version-history":[{"count":3,"href":"https:\/\/rezeptfrei-apotheke.net\/es\/wp-json\/wp\/v2\/pages\/7383\/revisions"}],"predecessor-version":[{"id":7626,"href":"https:\/\/rezeptfrei-apotheke.net\/es\/wp-json\/wp\/v2\/pages\/7383\/revisions\/7626"}],"wp:attachment":[{"href":"https:\/\/rezeptfrei-apotheke.net\/es\/wp-json\/wp\/v2\/media?parent=7383"}],"curies":[{"name":"wp","href":"https:\/\/api.w.org\/{rel}","templated":true}]}}