{"id":8309,"date":"2023-10-21T10:56:58","date_gmt":"2023-10-21T10:56:58","guid":{"rendered":"https:\/\/rezeptfrei-apotheke.net\/?post_type=product&#038;p=8309"},"modified":"2023-10-21T10:58:37","modified_gmt":"2023-10-21T10:58:37","slug":"2-fdck","status":"publish","type":"product","link":"https:\/\/rezeptfrei-apotheke.net\/es\/product\/2-fdck\/","title":{"rendered":"2-FDCK"},"content":{"rendered":"<h2>Informaci\u00f3n general sobre 2 fdck<\/h2>\n<p>La 2-fluorodescloroketamina, tambi\u00e9n conocida como 2-FDCK y 2\u2032-Fl-2-Oxo-PCM, fluoroketamina, es una sustancia qu\u00edmica de investigaci\u00f3n sint\u00e9tica. Se describi\u00f3 por primera vez en un art\u00edculo de investigaci\u00f3n de 2013 como parte de un esfuerzo para sintetizar y evaluar nuevas sustancias qu\u00edmicas de investigaci\u00f3n basadas en la ketamina y sus an\u00e1logos. La ketamina se introdujo en 1964 y se aprob\u00f3 para uso cl\u00ednico en 1970, convirti\u00e9ndose en una de las sustancias qu\u00edmicas de investigaci\u00f3n general m\u00e1s importantes y ampliamente estudiadas.<\/p>\n<p>La estructura general de la ketamina y sus an\u00e1logos contiene una unidad de ciclohexilamina con un grupo arilo unido al mismo carbono que la amina. En el caso de la 2-FDCK, tiene un grupo o-fluorofenilo como sustituyente arilo y el grupo amina est\u00e1 metilado. Adem\u00e1s, el anillo ciclohexilo de 2-FDCK presenta un grupo cetona adyacente a la posici\u00f3n de la amina.<\/p>\n<p>La estructura qu\u00edmica de la 2-FDCK se diferencia de la ketamina s\u00f3lo en la presencia de un \u00e1tomo de fl\u00faor unido al grupo fenilo. Esta ligera modificaci\u00f3n puede influir significativamente en las propiedades y efectos del compuesto.<\/p>\n<p>&nbsp;<\/p>\n<h3>Composici\u00f3n qu\u00edmica del 2 fdck.<\/h3>\n<p>La 2-fluorodescloroketamina (2-FDCK) es una sustancia qu\u00edmica de investigaci\u00f3n y su composici\u00f3n qu\u00edmica es:<\/p>\n<p>Nombre qu\u00edmico: 2-fluorodescloroketamina (2-FDCK)<\/p>\n<p>F\u00f3rmula qu\u00edmica: C13H16FNO<\/p>\n<p>Peso molecular: 221,28 g\/mol<\/p>\n<p>\u00a1Ciertamente! La f\u00f3rmula qu\u00edmica C13H16FNO representa la composici\u00f3n molecular de un compuesto. Analic\u00e9moslo para comprender los componentes individuales:<\/p>\n<p>C: Representa el carbono. El carbono es un elemento fundamental en los compuestos org\u00e1nicos y forma la columna vertebral de muchas mol\u00e9culas.<\/p>\n<p>H: Representa hidr\u00f3geno. El hidr\u00f3geno es el elemento m\u00e1s abundante en el universo y se encuentra com\u00fanmente en compuestos org\u00e1nicos y muchas otras sustancias.<\/p>\n<p>F: Representa fl\u00faor. El fl\u00faor es un elemento hal\u00f3geno conocido por su alta electronegatividad, que tiende a atraer electrones en enlaces qu\u00edmicos.<\/p>\n<p>N: Representa nitr\u00f3geno. El nitr\u00f3geno es otro elemento esencial que se encuentra en los compuestos org\u00e1nicos y juega un papel crucial en muchos procesos biol\u00f3gicos.<\/p>\n<p>O: Representa el ox\u00edgeno. El ox\u00edgeno es esencial para sustentar la vida e implica diversas reacciones qu\u00edmicas, incluidas la respiraci\u00f3n y la combusti\u00f3n.<\/p>\n<p>&nbsp;<\/p>\n<p>En conjunto, C13H16FNO describe una disposici\u00f3n molecular espec\u00edfica que contiene trece \u00e1tomos de carbono, diecis\u00e9is \u00e1tomos de hidr\u00f3geno, un \u00e1tomo de fl\u00faor, un \u00e1tomo de nitr\u00f3geno y un \u00e1tomo de ox\u00edgeno.<\/p>\n<p>&nbsp;<\/p>\n<h3>Compre 2 fdck hcl de alta calidad.<\/h3>\n<p>Panacea Chems tiene varios a\u00f1os de participaci\u00f3n en la industria de planes de investigaci\u00f3n qu\u00edmica, lo que nos compromete a garantizar lo mejor de estos productos qu\u00edmicos de investigaci\u00f3n de exploraci\u00f3n. La compra de 2 fdck hcl es fundamental y tiene la m\u00e1xima calidad. La compra de 2 fdck hcl es m\u00e1s baja que la de varias organizaciones.<\/p>\n<p>Los productos qu\u00edmicos de investigaci\u00f3n, incluido el 2 fdck hcl, cumplen con todos los requisitos de seguridad. Los productos qu\u00edmicos de investigaci\u00f3n se distribuyen y manipulan cuidadosamente en un lugar excelente y seco.<\/p>\n<p>Todos los productos se inspeccionan peri\u00f3dicamente para comprobar su calidad, pureza y seguridad. Es s\u00f3lo para fines de investigaci\u00f3n.<\/p>\n<p>Nuestros productos tienen un precio justo y puedes comprar 2 fdck hcl online a precios muy econ\u00f3micos.<\/p>\n<p>&nbsp;<\/p>\n<h3>2 fdck probado en laboratorio con resultados.<\/h3>\n<p>Rehace avances hacia el cumplimiento general de sus clientes. Diferentes ex\u00e1menes han demostrado que los clientes solicitan tanta informaci\u00f3n como esperan antes de comprar productos qu\u00edmicos de investigaci\u00f3n sint\u00e9ticos. Adem\u00e1s, publicamos todos los resultados de laboratorio de cada compuesto de prueba en un registro PDF.<\/p>\n<p>Nuestras compras de 2 fdck en l\u00ednea cumplen constantemente con los ingredientes activos y todos pueden verlas.<\/p>\n<p>Distribuimos todas las consecuencias de laboratorio de cada producto qu\u00edmico de investigaci\u00f3n en un documento PDF.<\/p>\n<p>&nbsp;<\/p>\n<h3>Ordene de forma segura desde 2 fdck crystal.<\/h3>\n<p>Los productos qu\u00edmicos de investigaci\u00f3n de dise\u00f1o TRRC SHOP son de excelente calidad y tienen un costo justo. Por lo tanto, cuando solicita sus productos qu\u00edmicos de investigaci\u00f3n en TRRC SHOP, le garantizamos que enviaremos su solicitud a su hogar de forma r\u00e1pida y segura, ya que la venta de productos qu\u00edmicos de investigaci\u00f3n siempre est\u00e1 disponible en TRRC SHOP.<\/p>\n<p>Solicitar compuestos de investigaci\u00f3n sint\u00e9ticos con Bitcoin o transferencia bancaria es sencillo en TRRC SHOP.<\/p>\n<p>Enviamos productos qu\u00edmicos de investigaci\u00f3n el mismo d\u00eda laborable si el pago se recibe antes de las 15:00 CEST.<\/p>\n<p>\u00a1No suministramos art\u00edculos a personas menores de 18 a\u00f1os!<\/p>\n<p>2 cristales fdck a la venta son solo para fines de investigaci\u00f3n.<\/p>\n<p>&nbsp;<\/p>\n<h3>Env\u00edo discreto de productos qu\u00edmicos de investigaci\u00f3n.<\/h3>\n<p>TRRC SHOP empaquetar\u00e1 su pedido de forma segura para garantizar un transporte adecuado. Adem\u00e1s, empaquetamos con perfecto sigilo y en el exterior no se mostrar\u00e1 ninguna se\u00f1al de lo que podr\u00eda haber dentro.<\/p>","protected":false},"excerpt":{"rendered":"<p><strong>Nombre IUPAC: <\/strong>(R\/S)-2-(2-fluorofenil)-2-(metilamino)ciclohexanona<\/p>\n<p><strong>CAS # <\/strong>111982-50-4<\/p>\n<p><strong>Otro nombre: <\/strong>2-F-2\u2032-Oxo-PCM<\/p>\n<p><strong>Apariencia: <\/strong>cristales<\/p>\n<p><strong>Forma: <\/strong>nulo<\/p>\n<p><strong>An\u00e1lisis de RMN: <\/strong>C13H16FNO<\/p>","protected":false},"featured_media":8364,"comment_status":"open","ping_status":"closed","template":"","meta":[],"product_brand":[],"product_cat":[90],"product_tag":[],"class_list":{"0":"post-8309","1":"product","2":"type-product","3":"status-publish","4":"has-post-thumbnail","6":"product_cat-buy-dissociatives","8":"first","9":"instock","10":"shipping-taxable","11":"purchasable","12":"product-type-variable"},"jetpack_sharing_enabled":true,"_links":{"self":[{"href":"https:\/\/rezeptfrei-apotheke.net\/es\/wp-json\/wp\/v2\/product\/8309","targetHints":{"allow":["GET"]}}],"collection":[{"href":"https:\/\/rezeptfrei-apotheke.net\/es\/wp-json\/wp\/v2\/product"}],"about":[{"href":"https:\/\/rezeptfrei-apotheke.net\/es\/wp-json\/wp\/v2\/types\/product"}],"replies":[{"embeddable":true,"href":"https:\/\/rezeptfrei-apotheke.net\/es\/wp-json\/wp\/v2\/comments?post=8309"}],"wp:featuredmedia":[{"embeddable":true,"href":"https:\/\/rezeptfrei-apotheke.net\/es\/wp-json\/wp\/v2\/media\/8364"}],"wp:attachment":[{"href":"https:\/\/rezeptfrei-apotheke.net\/es\/wp-json\/wp\/v2\/media?parent=8309"}],"wp:term":[{"taxonomy":"product_brand","embeddable":true,"href":"https:\/\/rezeptfrei-apotheke.net\/es\/wp-json\/wp\/v2\/product_brand?post=8309"},{"taxonomy":"product_cat","embeddable":true,"href":"https:\/\/rezeptfrei-apotheke.net\/es\/wp-json\/wp\/v2\/product_cat?post=8309"},{"taxonomy":"product_tag","embeddable":true,"href":"https:\/\/rezeptfrei-apotheke.net\/es\/wp-json\/wp\/v2\/product_tag?post=8309"}],"curies":[{"name":"wp","href":"https:\/\/api.w.org\/{rel}","templated":true}]}}