{"id":8378,"date":"2023-10-21T10:57:48","date_gmt":"2023-10-21T10:57:48","guid":{"rendered":"https:\/\/rezeptfrei-apotheke.net\/?post_type=product&#038;p=8378"},"modified":"2023-10-21T10:58:55","modified_gmt":"2023-10-21T10:58:55","slug":"o-dsmt-hcl","status":"publish","type":"product","link":"https:\/\/rezeptfrei-apotheke.net\/es\/product\/o-dsmt-hcl\/","title":{"rendered":"Clorhidrato de O-DSMT"},"content":{"rendered":"<h2><strong>Informaci\u00f3n general sobre O-DSMT HCL<\/strong><\/h2>\n<p>El clorhidrato de O-desmetiltramadol (O-DSMT HCl) es una sustancia qu\u00edmica de investigaci\u00f3n estructuralmente relacionada con el tramadol. Se le conoce com\u00fanmente con otros nombres, como desmetradol u O-dsmt. O-DSMT es un metabolito del tramadol.<\/p>\n<p><strong>O-DSMT en polvo\u00a0<\/strong>Se ha estudiado por sus propiedades espec\u00edficas y se ha demostrado que tiene efectos similares al tramadol. Act\u00faa fundamentalmente como agonista de los receptores opioides mu, uni\u00e9ndose y activando los receptores opioides mu.<\/p>\n<p>Como producto qu\u00edmico de investigaci\u00f3n<strong>, O-DSMT HCl<\/strong>\u00a0pueden adquirirse a trav\u00e9s de vendedores especializados o proveedores que atiendan a la comunidad investigadora. Los investigadores podr\u00edan utilizarlo para investigar sus propiedades farmacol\u00f3gicas, analizar sus efectos o explorar sus posibles aplicaciones en diversos campos.<\/p>\n<p>Es necesario se\u00f1alar que las propiedades y mecanismos farmacol\u00f3gicos particulares del O-DSMT a\u00fan se est\u00e1n investigando y se necesita m\u00e1s investigaci\u00f3n para comprender completamente sus acciones y efectos potenciales. Adem\u00e1s, la farmacocin\u00e9tica, el metabolismo y el perfil de seguridad de O-DSMT pueden variar de una investigaci\u00f3n a otra.<\/p>\n<h3><strong>Composici\u00f3n qu\u00edmica de O-DSMT HCL<\/strong><\/h3>\n<p>La composici\u00f3n qu\u00edmica del clorhidrato de O-Desmetiltramadol (O-DSMT HCl) es la siguiente:<\/p>\n<p>&nbsp;<\/p>\n<ol>\n<li>O-Desmetiltramadol (O-DSMT): el principal componente activo de O-DSMT HCl es O-Desmetiltramadol, el principal metabolito del tramadol. O-DSMT est\u00e1 estructuralmente relacionado con tramadol pero carece del grupo N-metilo del compuesto original.<\/li>\n<\/ol>\n<p>&nbsp;<\/p>\n<ol start=\"2\">\n<li>Clorhidrato (HCl): O-DSMT se administra com\u00fanmente como una sal de clorhidrato, conocida como O-DSMT HCl. Agregar clorhidrato a O-DSMT mejora su estabilidad y solubilidad, lo que lo hace adecuado para la investigaci\u00f3n.<\/li>\n<\/ol>\n<p>&nbsp;<\/p>\n<p>La estructura qu\u00edmica del O-Desmetiltramadol (O-DSMT) es similar a la del tramadol pero carece del grupo N-metilo. Se puede representar como:<\/p>\n<p>&nbsp;<\/p>\n<p>O-Desmetiltramadol (O-DSMT):<\/p>\n<p><strong>F\u00f3rmula qu\u00edmica<\/strong>: C15H23NO2<\/p>\n<p>Esta f\u00f3rmula indica que O-DSMT HCL consta de quince \u00e1tomos de carbono (C15), veintitr\u00e9s \u00e1tomos de hidr\u00f3geno (H23), un \u00e1tomo de nitr\u00f3geno (N) y dos \u00e1tomos de ox\u00edgeno (O2).<\/p>\n<p>Peso molecular: Aproximadamente 249,35 g\/mol<\/p>\n<p>Peso molecular: Var\u00eda (el peso del resto HCl se agrega al peso de O-DSMT para formar O-DSMT HCl)<\/p>\n<p>&nbsp;<\/p>\n<p>&nbsp;<\/p>\n<h3><strong>Compre O-DSMT HCL de alta calidad.<\/strong><\/h3>\n<p><strong>Panacea qu\u00edmica\u00a0<\/strong>tiene muchos a\u00f1os de experiencia en la industria del dise\u00f1o de productos qu\u00edmicos de investigaci\u00f3n, lo que nos permite garantizar los mejores productos qu\u00edmicos de investigaci\u00f3n.\u00a0<strong>Compra de O-DSMT HCL<\/strong>\u00a0Es simple y tiene la mejor calidad. El gasto de O-DSMT HCL es menor que el de otras organizaciones. Los productos qu\u00edmicos de investigaci\u00f3n, incluido O-DSMT HCL, satisfacen todas las necesidades de seguridad. Las sustancias sint\u00e9ticas de investigaci\u00f3n se distribuyen y almacenan cuidadosamente en un lugar fresco y seco.<\/p>\n<p>.<\/p>\n<p>Todos los productos qu\u00edmicos se eval\u00faan constantemente en cuanto a calidad, seguridad y pureza. Mantenga O-DSMT HCL a temperatura ambiente. Es para fines de investigaci\u00f3n, por as\u00ed decirlo.<\/p>\n<p>Nuestros art\u00edculos tienen un costo justo y puede comprar la sustancia de investigaci\u00f3n O-DSMT HCL en l\u00ednea a precios excepcionalmente modestos.<strong>.<\/strong><\/p>\n<p>&nbsp;<\/p>\n<h3><strong>O-DSMT HCL probado en laboratorio con resultados.<\/strong><\/h3>\n<p>Rehace avances hacia el cumplimiento general de sus clientes. Diferentes ex\u00e1menes han demostrado que los clientes solicitan tanta informaci\u00f3n como esperan antes de comprar productos qu\u00edmicos de investigaci\u00f3n sint\u00e9ticos. Adem\u00e1s, publicamos todos los resultados de laboratorio de cada compuesto de prueba en un registro PDF.<\/p>\n<p>Nuestro\u00a0<strong>Clorhidrato de O-DSMT\u00a0<\/strong>cumple consistentemente con los ingredientes activos y puede ser visto por todos.<\/p>\n<p>Distribuimos todas las consecuencias de laboratorio de cada producto qu\u00edmico de investigaci\u00f3n en un documento PDF.<\/p>\n<p>&nbsp;<\/p>\n<h3><strong>Realice su pedido de forma segura en polvo O-DSMT.<\/strong><\/h3>\n<p>Los productos qu\u00edmicos de investigaci\u00f3n de dise\u00f1o de Panacea Chems son de excelente calidad y tienen un costo justo. Por lo tanto, cuando solicita sus productos qu\u00edmicos de investigaci\u00f3n en Panacea Chems, le garantizamos que transmitiremos su solicitud a su laboratorio de investigaci\u00f3n de forma r\u00e1pida y segura, ya que la venta de productos qu\u00edmicos de investigaci\u00f3n siempre est\u00e1 disponible en Panacea Chems.<\/p>\n<p>Solicitar compuestos de investigaci\u00f3n sint\u00e9ticos con Bitcoin o transferencia bancaria es sencillo en Panacea Chems.<\/p>\n<p>Enviamos productos qu\u00edmicos de investigaci\u00f3n el mismo d\u00eda laborable si el pago se recibe antes de las 15:00 CEST.<\/p>\n<p>\u00a1No suministramos art\u00edculos a personas menores de 18 a\u00f1os!<\/p>\n<p><strong>O-DSMT a la venta<\/strong>\u00a0es s\u00f3lo para fines de investigaci\u00f3n.<\/p>\n<p>&nbsp;<\/p>\n<h3><strong>Env\u00edo discreto de productos qu\u00edmicos de investigaci\u00f3n.<\/strong><\/h3>\n<p>Panacea Chems empaquetar\u00e1 su pedido de forma segura para garantizar un transporte adecuado. Adem\u00e1s, empaquetamos con perfecto sigilo y en el exterior no se mostrar\u00e1 ninguna se\u00f1al de lo que podr\u00eda haber dentro.<\/p>","protected":false},"excerpt":{"rendered":"<p><strong>Nombre IUPAC: <\/strong>3-(2-((dimetilamino)metil)-1-hidroxiciclohexil)fenol<\/p>\n<p><strong>CAS # <\/strong>80456-81-1<\/p>\n<p><strong>Otro nombre: <\/strong>O-Desmetiltramadol<\/p>\n<p><strong>Apariencia: <\/strong>polvo<\/p>\n<p><strong>An\u00e1lisis de RMN: <\/strong>C15H23NO2<\/p>","protected":false},"featured_media":8427,"comment_status":"open","ping_status":"closed","template":"","meta":[],"product_brand":[],"product_cat":[92],"product_tag":[],"class_list":{"0":"post-8378","1":"product","2":"type-product","3":"status-publish","4":"has-post-thumbnail","6":"product_cat-others","8":"first","9":"instock","10":"shipping-taxable","11":"purchasable","12":"product-type-variable"},"jetpack_sharing_enabled":true,"_links":{"self":[{"href":"https:\/\/rezeptfrei-apotheke.net\/es\/wp-json\/wp\/v2\/product\/8378","targetHints":{"allow":["GET"]}}],"collection":[{"href":"https:\/\/rezeptfrei-apotheke.net\/es\/wp-json\/wp\/v2\/product"}],"about":[{"href":"https:\/\/rezeptfrei-apotheke.net\/es\/wp-json\/wp\/v2\/types\/product"}],"replies":[{"embeddable":true,"href":"https:\/\/rezeptfrei-apotheke.net\/es\/wp-json\/wp\/v2\/comments?post=8378"}],"wp:featuredmedia":[{"embeddable":true,"href":"https:\/\/rezeptfrei-apotheke.net\/es\/wp-json\/wp\/v2\/media\/8427"}],"wp:attachment":[{"href":"https:\/\/rezeptfrei-apotheke.net\/es\/wp-json\/wp\/v2\/media?parent=8378"}],"wp:term":[{"taxonomy":"product_brand","embeddable":true,"href":"https:\/\/rezeptfrei-apotheke.net\/es\/wp-json\/wp\/v2\/product_brand?post=8378"},{"taxonomy":"product_cat","embeddable":true,"href":"https:\/\/rezeptfrei-apotheke.net\/es\/wp-json\/wp\/v2\/product_cat?post=8378"},{"taxonomy":"product_tag","embeddable":true,"href":"https:\/\/rezeptfrei-apotheke.net\/es\/wp-json\/wp\/v2\/product_tag?post=8378"}],"curies":[{"name":"wp","href":"https:\/\/api.w.org\/{rel}","templated":true}]}}