{"id":8379,"date":"2023-10-21T10:57:48","date_gmt":"2023-10-21T10:57:48","guid":{"rendered":"https:\/\/rezeptfrei-apotheke.net\/?post_type=product&#038;p=8379"},"modified":"2023-10-21T10:58:55","modified_gmt":"2023-10-21T10:58:55","slug":"bromonordiazepam-pellets-25mg","status":"publish","type":"product","link":"https:\/\/rezeptfrei-apotheke.net\/es\/product\/bromonordiazepam-pellets-25mg\/","title":{"rendered":"bromonordiazepam comprimidos 2,5 mg"},"content":{"rendered":"<h2>panaceachems.com ofrece productos que no est\u00e1n destinados al consumo humano.<br \/>\n<strong>Informaci\u00f3n general sobre los gr\u00e1nulos de bromonordiazepam<\/strong><\/h2>\n<p>El bromonordiazepam fue creado y desarrollado en 1983 para diversas afecciones neurol\u00f3gicas, incluidos trastornos del sue\u00f1o y tensi\u00f3n. Finalmente se descubri\u00f3 que en caso de inflamaci\u00f3n persistente del cerebro despu\u00e9s de una neurocirug\u00eda, el bromonordiazepam tambi\u00e9n podr\u00eda utilizarse.<\/p>\n<p>\u00fatil.<\/p>\n<p>El bromonordiazepam es un subordinado de las tienodiazepinas que es un an\u00e1logo de las benzodiazepinas.<\/p>\n<p>El bromonordiazepam garantiza que todo el cuerpo se relaje y disminuya la tensi\u00f3n. Muchos clientes no responden encuestas pero se vuelven extremadamente let\u00e1rgicos con el bromonordiazepam.<\/p>\n<p>Las investigaciones han demostrado que el bromonordiazepam tiene una vida media de aproximadamente 3,5 horas y tiene efectos mucho m\u00e1s fundamentados que el diazepam.<\/p>\n<h3><strong>Composici\u00f3n qu\u00edmica<\/strong><\/h3>\n<p>Bromonordiazepam (9 metil 6 h tieno 3.2 f 1.2.4) es un derivado estructural en el que el anillo de benceno se reemplaza por un anillo de tiofeno, agrup\u00e1ndolo como una diazepina de 4,3 a 1,4.<\/p>\n<p>Con el compuesto F\u00f3rmula molecular: C17H15ClN4S4-(2 Clorofenil-2-etil-9-metil-6H-tieno[3,2-f][1,2,4]triazolo[4,3-a][1,4] diazepina.<\/p>\n<h3><strong>Farmacolog\u00eda de los gr\u00e1nulos de bromonordiazepam.<\/strong><\/h3>\n<p>El bromazepam es una benzodiazepina \u201ccl\u00e1sica\u201d; Otras benzodiacepinas tradicionales incluyen: diazepam, clonazepam, oxazepam, lorazepam, nitrazepam, flurazepam y clorazepato. Su construcci\u00f3n subat\u00f3mica est\u00e1 hecha de una diazepina asociada con un anillo de benceno y un anillo de piridina, teniendo el anillo de benceno una iota de nitr\u00f3geno solitaria que reemplaza una de las mol\u00e9culas de carbono en la estructura del anillo.<\/p>\n<p>El tiofeno es un anillo de cinco miembros de olor dulce (triazolo 4,3 a 1,4) con una part\u00edcula de azufre que contiene un anillo de tiofeno fusionado con un anillo de diazepina, un anillo de siete miembros con las dos partes nitrogenadas en R 1 y R 4. Esto estructura el (etil 9 metil 6h) de Bromonordiazepam.<\/p>\n<p>A esta construcci\u00f3n bic\u00edclica en R 7 se une una cadena de etilo. Posteriormente, se abre el canal de part\u00edculas de cloro relacionado con el receptor GABA. En bromonordiazepam, el anillo de benceno es reemplazado por un anillo de tiofeno asociado con R1 y R2 de este anillo de diazepina.<\/p>\n<p>En consecuencia, el bromonordiazepam tiene un lugar con las tienotriazolobenzodiazepinas, un estimulante.<\/p>\n<h3><strong>Compre gr\u00e1nulos de bromonordiazepam de alta calidad.<\/strong><\/h3>\n<p>TRRCSHOP tiene muchos a\u00f1os de experiencia en la industria del dise\u00f1o de productos qu\u00edmicos de investigaci\u00f3n, lo que nos permite garantizar la m\u00e1s alta calidad de estos productos qu\u00edmicos de investigaci\u00f3n. El equipo de investigaci\u00f3n qu\u00edmica vende gr\u00e1nulos de bromonordiazepam y gr\u00e1nulos de 2,5 mg. Los productos qu\u00edmicos de investigaci\u00f3n, incluidos los gr\u00e1nulos de bromonordiazepam, cumplen todos los requisitos de seguridad. Los productos qu\u00edmicos de investigaci\u00f3n se distribuyen y almacenan cuidadosamente en un lugar fresco y seco.<\/p>\n<p>Todos los productos se inspeccionan peri\u00f3dicamente para comprobar su calidad, pureza y seguridad. Mantenga siempre los gr\u00e1nulos de bromonordiazepam a temperatura ambiente y fuera del alcance de los ni\u00f1os y las mascotas. Nuestros gr\u00e1nulos de bromonordiazepam no est\u00e1n destinados al uso personal. Es s\u00f3lo para fines de investigaci\u00f3n.<\/p>\n<p>\u00a1No debe mezclarse con alcohol ni productos qu\u00edmicos de investigaci\u00f3n al investigar este producto qu\u00edmico de investigaci\u00f3n!<\/p>\n<p>\u00a1Todos nuestros productos tienen un precio justo!<\/p>\n<h3><strong>Pellets de bromonordiazepam probados en laboratorio con resultados.<\/strong><\/h3>\n<p>Rehace avances hacia el cumplimiento general de sus clientes. Diferentes ex\u00e1menes han demostrado que los clientes solicitan tanta informaci\u00f3n como esperan antes de comprar productos qu\u00edmicos de investigaci\u00f3n sint\u00e9ticos. Adem\u00e1s, publicamos todos los resultados de laboratorio de cada compuesto de prueba en un registro PDF.<\/p>\n<p>Nuestros gr\u00e1nulos de bromonordiazepam contienen consistentemente los ingredientes activos y todos pueden verlos f\u00e1cilmente.<\/p>\n<p>Distribuimos todas las consecuencias de laboratorio de cada producto qu\u00edmico de investigaci\u00f3n en un documento PDF.<\/p>\n<h3><strong>Realice su pedido de forma segura en pellets de bromonordiazepam.<\/strong><\/h3>\n<p>Los productos qu\u00edmicos de investigaci\u00f3n de dise\u00f1o TRRCSHOP son de excelente calidad y tienen un costo justo. Por lo tanto, en el momento en que usted solicite su\u00a0<strong>Gr\u00e1nulos de bromonordiazepam\u00a0<\/strong>En TRRCSHOP te garantizamos que trasladaremos tu solicitud a tu domicilio de forma r\u00e1pida y segura.<\/p>\n<p>Solicitar compuestos de investigaci\u00f3n sint\u00e9ticos con Bitcoin o transferencia bancaria es sencillo en TRRCSHOP.<\/p>\n<p>Enviamos los gr\u00e1nulos de bromonordiazepam el mismo d\u00eda laborable si el pago se recibe antes de las 14:00 CEST. Por lo general, no realizamos env\u00edos los s\u00e1bados, domingos ni feriados nacionales\/internacionales.<strong>.<\/strong><\/p>\n<h3><strong>Env\u00edo discreto de productos qu\u00edmicos de investigaci\u00f3n.<\/strong><\/h3>\n<p>Aunque los productos qu\u00edmicos de investigaci\u00f3n de dise\u00f1o son legalmente accesibles en l\u00ednea, en TRRCSHOP entregamos de manera m\u00e1s segura y razonable. Adem\u00e1s, empaquetamos con perfecto sigilo y en el exterior no se mostrar\u00e1 ninguna se\u00f1al de lo que podr\u00eda haber dentro.<\/p>\n<p>Enviamos pedidos superiores a 500 euros con track and follow para que puedas seguir tu paquete de forma progresiva. Adem\u00e1s, enviamos pedidos superiores a 500 euros con la ruta accesible.<\/p>\n<p>\u00a1No suministramos art\u00edculos a personas menores de 18 a\u00f1os!<\/p>\n<h3><strong>Precauciones<\/strong><\/h3>\n<ul>\n<li>Compra el equipo de protecci\u00f3n individual adecuado como gafas y guantes. L\u00edmpielos y cu\u00eddelos adecuadamente. Siga sistemas seguros cuando manipule productos qu\u00edmicos de investigaci\u00f3n y no tome atajos.<\/li>\n<li>Si el producto qu\u00edmico de la investigaci\u00f3n entra en contacto con los ojos, enju\u00e1guelos bien y elimine las lentes de contacto si es necesario.<\/li>\n<li>Trate de usar una mascarilla mientras usa estos qu\u00edmicos para que no entren en su interior mientras respira.<\/li>\n<li>Como indican los m\u00e9todos admitidos, manipule, almacene y elimine de forma segura los materiales peligrosos. Nunca los viertas por alcantarillas o canales.<\/li>\n<li>Almacene los productos qu\u00edmicos de investigaci\u00f3n de manera adecuada, como se indica en sus nombres. Los productos qu\u00edmicos inflamables deben guardarse en cannabis seco y limpio, lejos de la intensidad y la luz solar. Algunos sint\u00e9ticos, como los \u00e1cidos, deben eliminarse independientemente unos de otros.<\/li>\n<li>TRRCSHOP se ofrece con fines de investigaci\u00f3n; El consumo humano est\u00e1 totalmente prohibido.<\/li>\n<\/ul>","protected":false},"excerpt":{"rendered":"<p><strong>Nombre IUPAC: <\/strong>7-bromo-5-fenil-1,3-dihidro-1,4-benzodiazepin-2-ona<\/p>\n<p><strong>CAS # <\/strong>2894-61-3<\/p>\n<p><strong>Forma: <\/strong>polvo<\/p>\n<p><strong>An\u00e1lisis de RMN: <\/strong>C15H11BrN2O<\/p>","protected":false},"featured_media":8429,"comment_status":"open","ping_status":"closed","template":"","meta":[],"product_brand":[],"product_cat":[93],"product_tag":[],"class_list":{"0":"post-8379","1":"product","2":"type-product","3":"status-publish","4":"has-post-thumbnail","6":"product_cat-order-pills-online","8":"first","9":"instock","10":"shipping-taxable","11":"purchasable","12":"product-type-variable"},"jetpack_sharing_enabled":true,"_links":{"self":[{"href":"https:\/\/rezeptfrei-apotheke.net\/es\/wp-json\/wp\/v2\/product\/8379","targetHints":{"allow":["GET"]}}],"collection":[{"href":"https:\/\/rezeptfrei-apotheke.net\/es\/wp-json\/wp\/v2\/product"}],"about":[{"href":"https:\/\/rezeptfrei-apotheke.net\/es\/wp-json\/wp\/v2\/types\/product"}],"replies":[{"embeddable":true,"href":"https:\/\/rezeptfrei-apotheke.net\/es\/wp-json\/wp\/v2\/comments?post=8379"}],"wp:featuredmedia":[{"embeddable":true,"href":"https:\/\/rezeptfrei-apotheke.net\/es\/wp-json\/wp\/v2\/media\/8429"}],"wp:attachment":[{"href":"https:\/\/rezeptfrei-apotheke.net\/es\/wp-json\/wp\/v2\/media?parent=8379"}],"wp:term":[{"taxonomy":"product_brand","embeddable":true,"href":"https:\/\/rezeptfrei-apotheke.net\/es\/wp-json\/wp\/v2\/product_brand?post=8379"},{"taxonomy":"product_cat","embeddable":true,"href":"https:\/\/rezeptfrei-apotheke.net\/es\/wp-json\/wp\/v2\/product_cat?post=8379"},{"taxonomy":"product_tag","embeddable":true,"href":"https:\/\/rezeptfrei-apotheke.net\/es\/wp-json\/wp\/v2\/product_tag?post=8379"}],"curies":[{"name":"wp","href":"https:\/\/api.w.org\/{rel}","templated":true}]}}