{"id":8381,"date":"2023-10-21T10:57:49","date_gmt":"2023-10-21T10:57:49","guid":{"rendered":"https:\/\/rezeptfrei-apotheke.net\/?post_type=product&#038;p=8381"},"modified":"2023-10-21T10:58:55","modified_gmt":"2023-10-21T10:58:55","slug":"flubrotizolam-05mg-bars","status":"publish","type":"product","link":"https:\/\/rezeptfrei-apotheke.net\/es\/product\/flubrotizolam-05mg-bars\/","title":{"rendered":"FLUBROTIZOLAM 0,5MG barritas"},"content":{"rendered":"<h2><strong>Informaci\u00f3n general sobre flubrotizolam<\/strong><\/h2>\n<p>Flubrotizolam es una sustancia qu\u00edmica de investigaci\u00f3n que se introdujo a principios de la d\u00e9cada de 2010.<\/p>\n<p>El flubrotizolam es un potente derivado de las benzodiazepinas y una sustancia qu\u00edmica de investigaci\u00f3n que pertenece a la clase de las tienotriazolodiazepinas.<\/p>\n<p>Es un derivado de la benzodiazepina flubromazolam y se dice que tiene efectos qu\u00edmicos sustanciales.<\/p>\n<p>Flubrotizolam tiene el nombre qu\u00edmico 8-Bromo-6-(2-fluorofenil)-1-metil-4H-[1,2,4]triazolo[4,3-a][1,4]benzodiazepina. Comparte una estructura estructural similar con otras benzodiazepinas, que consiste en un anillo de benceno fusionado con un anillo de diazepina.<\/p>\n<p>Debido a la alta potencia del flubrotizolam, se informa que el uso necesario para obtener efectos significativos est\u00e1 en el rango de microgramos. El microgramo es una mil\u00e9sima de miligramo (mg) y representa una cantidad extremadamente peque\u00f1a de una sustancia. La potencia de una sustancia qu\u00edmica de investigaci\u00f3n se refiere a la cantidad de sustancia necesaria para producir un efecto espec\u00edfico. En el caso del flubrotizolam, debido a su alta potencia, incluso cantidades muy peque\u00f1as pueden tener efectos significativos en el experimento.<\/p>\n<h3>\u00a0<strong>Composici\u00f3n qu\u00edmica del flubrotizolam.<\/strong><\/h3>\n<p>La composici\u00f3n qu\u00edmica del flubrotizolam es la siguiente:<\/p>\n<p>Nombre qu\u00edmico: 8-bromo-6-(2-fluorofenil)-1-metil-4H-[1, 2, 4]triazolo[4,3-a][1,4]benzodiazepina<\/p>\n<p>F\u00f3rmula molecular: C15H10BrFN4S<\/p>\n<p>La f\u00f3rmula molecular C15H10BrFN4S representa un compuesto qu\u00edmico compuesto por quince \u00e1tomos de carbono (C15), diez \u00e1tomos de hidr\u00f3geno (H10), un \u00e1tomo de bromo (Br), un \u00e1tomo de fl\u00faor (F), cuatro \u00e1tomos de nitr\u00f3geno (N4) y un \u00e1tomo de azufre ( S).<\/p>\n<p>Peso molecular: 371,2 g\/mol<\/p>\n<p>El flubrotizolam pertenece a la clase de sustancias qu\u00edmicas de investigaci\u00f3n de las benzodiazepinas y su estructura qu\u00edmica se deriva del n\u00facleo de las benzodiazepinas. Cuenta con un sistema de anillos de triazolobenzodiazepinas fusionados, lo que le confiere sus propiedades \u00fanicas.<\/p>\n<p>El n\u00facleo de benzodiazepina, que comprende un anillo de diazepina fusionado con un anillo de triazol.<\/p>\n<h3><strong>Compre flubrotizolam de alta calidad.<\/strong><\/h3>\n<p><strong>TIENDA TRRC\u00a0<\/strong>tiene muchos a\u00f1os de participaci\u00f3n en la industria del plan de productos qu\u00edmicos de investigaci\u00f3n, lo que nos permite garantizar la mejor de estas sustancias qu\u00edmicas de investigaci\u00f3n.\u00a0<strong>compra de flubrotizolam<\/strong>\u00a0Es simple y tiene la mejor calidad. El costo de flubrotizolam es menor que el de otras organizaciones.<\/p>\n<p>Los productos qu\u00edmicos de investigaci\u00f3n, incluido el flubrotizolam, cumplen con todos los requisitos de seguridad. Los productos qu\u00edmicos de investigaci\u00f3n se distribuyen cuidadosamente y se guardan en un lugar excelente y seco.<\/p>\n<p>Todos los art\u00edculos se investigan constantemente en cuanto a calidad, seguridad y pureza.<\/p>\n<p>Nuestro flubrotizolam es s\u00f3lo para uso en investigaci\u00f3n. Es para fines de investigaci\u00f3n, por as\u00ed decirlo.<\/p>\n<p>Nuestros art\u00edculos tienen un costo justo y puede comprar el compuesto de investigaci\u00f3n flubrotizolam en l\u00ednea a precios excepcionalmente modestos.<\/p>\n<h3><strong>Flubrotizolam probado en laboratorio con resultados.<\/strong><\/h3>\n<p>Rehace avances hacia el cumplimiento general de sus clientes. Diferentes ex\u00e1menes han demostrado que los clientes solicitan tanta informaci\u00f3n como esperan antes de comprar productos qu\u00edmicos de investigaci\u00f3n sint\u00e9ticos. Adem\u00e1s, publicamos todos los resultados de laboratorio de cada compuesto de prueba en un registro PDF.<\/p>\n<p>Nuestro\u00a0<strong>gr\u00e1nulos de flubrotizolam\u00a0<\/strong>cumplen consistentemente con los ingredientes activos y pueden ser vistos por todos.<\/p>\n<p>Distribuimos todas las consecuencias de laboratorio de cada producto qu\u00edmico de investigaci\u00f3n en un documento PDF.<\/p>\n<h3><strong>Ordene de forma segura flubrotizolam.<\/strong><\/h3>\n<p>Los productos qu\u00edmicos de investigaci\u00f3n de dise\u00f1o TRRC SHOP son de excelente calidad y tienen un costo justo. Por lo tanto, cuando solicita sus productos qu\u00edmicos de investigaci\u00f3n en TRRC SHOP, le garantizamos que transmitiremos su solicitud a su laboratorio de investigaci\u00f3n de forma r\u00e1pida y segura, ya que la venta de productos qu\u00edmicos de investigaci\u00f3n siempre est\u00e1 disponible en TRRC SHOP.<\/p>\n<p>Solicitar compuestos de investigaci\u00f3n sint\u00e9ticos con Bitcoin o transferencia bancaria es sencillo en TRRC SHOP.<\/p>\n<p>Enviamos productos qu\u00edmicos de investigaci\u00f3n el mismo d\u00eda laborable si el pago se recibe antes de las 15:00 CEST.<\/p>\n<p>\u00a1No suministramos art\u00edculos a personas menores de 18 a\u00f1os!<\/p>\n<p><strong>Venta de pellets de flubrotizolam<\/strong>\u00a0son s\u00f3lo para fines de investigaci\u00f3n.<\/p>\n<h3><strong>Env\u00edo discreto de productos qu\u00edmicos de investigaci\u00f3n.<\/strong><\/h3>\n<p>TRRC SHOP empaquetar\u00e1 su pedido de forma segura para garantizar un transporte adecuado. Adem\u00e1s, empaquetamos con perfecto sigilo y en el exterior no se mostrar\u00e1 ninguna se\u00f1al de lo que podr\u00eda haber dentro.<\/p>","protected":false},"excerpt":{"rendered":"<p><strong>Nombre IUPAC: <\/strong>4-bromo-7-(2-fluorofenil)-13-metil-3-tia-1,8,11,12-tetrazatriciclo[8.3.0.02,6]trideca-2(6),4,7,10,12 -pentaeno<\/p>\n<p><strong>CAS # <\/strong>57801-95-3<\/p>\n<p><strong>Otro nombre: <\/strong>Fanax<\/p>\n<p><strong>An\u00e1lisis de RMN: <\/strong>C15H10BrFN4S<\/p>","protected":false},"featured_media":8432,"comment_status":"open","ping_status":"closed","template":"","meta":[],"product_brand":[],"product_cat":[93],"product_tag":[],"class_list":{"0":"post-8381","1":"product","2":"type-product","3":"status-publish","4":"has-post-thumbnail","6":"product_cat-order-pills-online","8":"first","9":"instock","10":"shipping-taxable","11":"purchasable","12":"product-type-variable"},"jetpack_sharing_enabled":true,"_links":{"self":[{"href":"https:\/\/rezeptfrei-apotheke.net\/es\/wp-json\/wp\/v2\/product\/8381","targetHints":{"allow":["GET"]}}],"collection":[{"href":"https:\/\/rezeptfrei-apotheke.net\/es\/wp-json\/wp\/v2\/product"}],"about":[{"href":"https:\/\/rezeptfrei-apotheke.net\/es\/wp-json\/wp\/v2\/types\/product"}],"replies":[{"embeddable":true,"href":"https:\/\/rezeptfrei-apotheke.net\/es\/wp-json\/wp\/v2\/comments?post=8381"}],"wp:featuredmedia":[{"embeddable":true,"href":"https:\/\/rezeptfrei-apotheke.net\/es\/wp-json\/wp\/v2\/media\/8432"}],"wp:attachment":[{"href":"https:\/\/rezeptfrei-apotheke.net\/es\/wp-json\/wp\/v2\/media?parent=8381"}],"wp:term":[{"taxonomy":"product_brand","embeddable":true,"href":"https:\/\/rezeptfrei-apotheke.net\/es\/wp-json\/wp\/v2\/product_brand?post=8381"},{"taxonomy":"product_cat","embeddable":true,"href":"https:\/\/rezeptfrei-apotheke.net\/es\/wp-json\/wp\/v2\/product_cat?post=8381"},{"taxonomy":"product_tag","embeddable":true,"href":"https:\/\/rezeptfrei-apotheke.net\/es\/wp-json\/wp\/v2\/product_tag?post=8381"}],"curies":[{"name":"wp","href":"https:\/\/api.w.org\/{rel}","templated":true}]}}