{"id":8634,"date":"2023-10-21T10:58:57","date_gmt":"2023-10-21T10:58:57","guid":{"rendered":"https:\/\/rezeptfrei-apotheke.net\/?post_type=product&#038;p=8634"},"modified":"2023-10-31T09:00:43","modified_gmt":"2023-10-31T09:00:43","slug":"2-methyl-ap-237-20mg-pellets","status":"publish","type":"product","link":"https:\/\/rezeptfrei-apotheke.net\/es\/product\/2-methyl-ap-237-20mg-pellets\/","title":{"rendered":"2-METIL-AP-237 gr\u00e1nulos de 20 mg"},"content":{"rendered":"<p><strong>Declaraciones de peligro<\/strong><\/p>\n<ul>\n<li>Los gr\u00e1nulos de 20 mg de 2-METIL-AP-237 son una sustancia qu\u00edmica de investigaci\u00f3n, lo que significa que es una sustancia desconocida, por lo que puede haber consecuencias desconocidas al realizar una investigaci\u00f3n, as\u00ed que siempre tome las medidas adecuadas al realizar la investigaci\u00f3n.<\/li>\n<li>Los productos qu\u00edmicos de investigaci\u00f3n pueden causar irritaci\u00f3n respiratoria.<\/li>\n<li>Los productos qu\u00edmicos de investigaci\u00f3n pueden causar irritaci\u00f3n ocular.<\/li>\n<li>Los productos qu\u00edmicos de investigaci\u00f3n no est\u00e1n destinados al consumo humano, animal ni de otro tipo.<\/li>\n<li>Los productos qu\u00edmicos de investigaci\u00f3n no deben tirarse por los desag\u00fces ni desecharse de forma inadecuada.<\/li>\n<\/ul>","protected":false},"excerpt":{"rendered":"<p>Nombre IUPAC:<br \/>\nForma: bolitas<br \/>\nAn\u00e1lisis de RMN: N\/A<\/p>","protected":false},"featured_media":8652,"comment_status":"open","ping_status":"closed","template":"","meta":[],"product_brand":[],"product_cat":[93],"product_tag":[],"class_list":{"0":"post-8634","1":"product","2":"type-product","3":"status-publish","4":"has-post-thumbnail","6":"product_cat-order-pills-online","8":"first","9":"instock","10":"shipping-taxable","11":"purchasable","12":"product-type-variable"},"jetpack_sharing_enabled":true,"_links":{"self":[{"href":"https:\/\/rezeptfrei-apotheke.net\/es\/wp-json\/wp\/v2\/product\/8634","targetHints":{"allow":["GET"]}}],"collection":[{"href":"https:\/\/rezeptfrei-apotheke.net\/es\/wp-json\/wp\/v2\/product"}],"about":[{"href":"https:\/\/rezeptfrei-apotheke.net\/es\/wp-json\/wp\/v2\/types\/product"}],"replies":[{"embeddable":true,"href":"https:\/\/rezeptfrei-apotheke.net\/es\/wp-json\/wp\/v2\/comments?post=8634"}],"wp:featuredmedia":[{"embeddable":true,"href":"https:\/\/rezeptfrei-apotheke.net\/es\/wp-json\/wp\/v2\/media\/8652"}],"wp:attachment":[{"href":"https:\/\/rezeptfrei-apotheke.net\/es\/wp-json\/wp\/v2\/media?parent=8634"}],"wp:term":[{"taxonomy":"product_brand","embeddable":true,"href":"https:\/\/rezeptfrei-apotheke.net\/es\/wp-json\/wp\/v2\/product_brand?post=8634"},{"taxonomy":"product_cat","embeddable":true,"href":"https:\/\/rezeptfrei-apotheke.net\/es\/wp-json\/wp\/v2\/product_cat?post=8634"},{"taxonomy":"product_tag","embeddable":true,"href":"https:\/\/rezeptfrei-apotheke.net\/es\/wp-json\/wp\/v2\/product_tag?post=8634"}],"curies":[{"name":"wp","href":"https:\/\/api.w.org\/{rel}","templated":true}]}}