{"id":8635,"date":"2023-10-21T10:58:57","date_gmt":"2023-10-21T10:58:57","guid":{"rendered":"https:\/\/rezeptfrei-apotheke.net\/?post_type=product&#038;p=8635"},"modified":"2023-10-31T08:49:30","modified_gmt":"2023-10-31T08:49:30","slug":"mdphp-pellets-25mg","status":"publish","type":"product","link":"https:\/\/rezeptfrei-apotheke.net\/es\/product\/mdphp-pellets-25mg\/","title":{"rendered":"Gr\u00e1nulos de MDHPP 25 mg"},"content":{"rendered":"<div id=\"tw-target-text\" class=\"tw-data-text tw-text-large tw-ta\" dir=\"ltr\" data-placeholder=\"Vertaling\"><span class=\"Y2IQFc\" lang=\"en\"><strong>Todos los productos se venden \u00fanicamente para uso de laboratorio, no para consumo humano.<\/p>\n<p>\u00bfQu\u00e9 es exactamente 4F-MPH?<\/strong><\/span><\/div>\n<div class=\"tw-data-text tw-text-large tw-ta\" dir=\"ltr\" data-placeholder=\"Vertaling\"><span class=\"Y2IQFc\" lang=\"en\">MDPHP pellets 25 mg es una sustancia qu\u00edmica de investigaci\u00f3n que pertenece a la clase fluorada.\u00a0<\/span><\/div>\n<div dir=\"ltr\" data-placeholder=\"Vertaling\"><\/div>\n<div class=\"tw-data-text tw-text-large tw-ta\" dir=\"ltr\" data-placeholder=\"Vertaling\"><span class=\"Y2IQFc\" lang=\"en\"><strong>Informaci\u00f3n importante al comprar 4F-MPH<\/strong><\/span><\/div>\n<div class=\"tw-data-text tw-text-large tw-ta\" dir=\"ltr\" data-placeholder=\"Vertaling\"><span class=\"Y2IQFc\" lang=\"en\">\u2013 A la venta s\u00f3lo con fines de investigaci\u00f3n.<\/span><\/div>\n<div class=\"tw-data-text tw-text-large tw-ta\" dir=\"ltr\" data-placeholder=\"Vertaling\"><span class=\"Y2IQFc\" lang=\"en\">\u2013 Prevenir la liberaci\u00f3n de sustancias qu\u00edmicas de investigaci\u00f3n al medio ambiente.<\/span><\/div>\n<div class=\"tw-data-text tw-text-large tw-ta\" dir=\"ltr\" data-placeholder=\"Vertaling\"><\/div>\n<div class=\"tw-data-text tw-text-large tw-ta\" dir=\"ltr\" data-placeholder=\"Vertaling\"><span class=\"Y2IQFc\" lang=\"en\"><strong>Advertencias 4F-MPH<\/strong><\/span><\/div>\n<div class=\"tw-data-text tw-text-large tw-ta\" dir=\"ltr\" data-placeholder=\"Vertaling\"><span class=\"Y2IQFc\" lang=\"en\">\u2013 4F-MPH puede causar irritaci\u00f3n respiratoria<\/span><\/div>\n<div class=\"tw-data-text tw-text-large tw-ta\" dir=\"ltr\" data-placeholder=\"Vertaling\"><span class=\"Y2IQFc\" lang=\"en\">\u2013 4F-MPH puede causar irritaci\u00f3n ocular<\/span><\/div>\n<div class=\"tw-data-text tw-text-large tw-ta\" dir=\"ltr\" data-placeholder=\"Vertaling\"><\/div>\n<div class=\"tw-data-text tw-text-large tw-ta\" dir=\"ltr\" data-placeholder=\"Vertaling\"><span class=\"Y2IQFc\" lang=\"en\"><strong>\u00bfCu\u00e1l es la mejor manera de almacenar 4F-MPH?<\/strong><\/span><\/div>\n<div class=\"tw-data-text tw-text-large tw-ta\" dir=\"ltr\" data-placeholder=\"Vertaling\"><span class=\"Y2IQFc\" lang=\"en\">La mejor manera de almacenar 4F-MPH es guardarlo en un lugar fresco y seco. Mantenga el 4F-MPH alejado del calor y de las llamas abiertas. Con un almacenamiento adecuado, los productos qu\u00edmicos de investigaci\u00f3n se pueden almacenar durante al menos 1 o 2 a\u00f1os. Ordene MDPHP en gr\u00e1nulos de 25 mg en l\u00ednea. Entrega sencilla, discreta y r\u00e1pida. Enviamos 4F-MPH gratis<\/span><\/div>","protected":false},"excerpt":{"rendered":"<p><strong>Forma: <\/strong>gr\u00e1nulos de clorhidrato de clorhidrato<\/p>\n<p><strong>An\u00e1lisis de RMN: <\/strong>N \/ A<\/p>","protected":false},"featured_media":8654,"comment_status":"open","ping_status":"closed","template":"","meta":[],"product_brand":[],"product_cat":[93],"product_tag":[],"class_list":{"0":"post-8635","1":"product","2":"type-product","3":"status-publish","4":"has-post-thumbnail","6":"product_cat-order-pills-online","8":"first","9":"instock","10":"shipping-taxable","11":"purchasable","12":"product-type-variable"},"jetpack_sharing_enabled":true,"_links":{"self":[{"href":"https:\/\/rezeptfrei-apotheke.net\/es\/wp-json\/wp\/v2\/product\/8635","targetHints":{"allow":["GET"]}}],"collection":[{"href":"https:\/\/rezeptfrei-apotheke.net\/es\/wp-json\/wp\/v2\/product"}],"about":[{"href":"https:\/\/rezeptfrei-apotheke.net\/es\/wp-json\/wp\/v2\/types\/product"}],"replies":[{"embeddable":true,"href":"https:\/\/rezeptfrei-apotheke.net\/es\/wp-json\/wp\/v2\/comments?post=8635"}],"wp:featuredmedia":[{"embeddable":true,"href":"https:\/\/rezeptfrei-apotheke.net\/es\/wp-json\/wp\/v2\/media\/8654"}],"wp:attachment":[{"href":"https:\/\/rezeptfrei-apotheke.net\/es\/wp-json\/wp\/v2\/media?parent=8635"}],"wp:term":[{"taxonomy":"product_brand","embeddable":true,"href":"https:\/\/rezeptfrei-apotheke.net\/es\/wp-json\/wp\/v2\/product_brand?post=8635"},{"taxonomy":"product_cat","embeddable":true,"href":"https:\/\/rezeptfrei-apotheke.net\/es\/wp-json\/wp\/v2\/product_cat?post=8635"},{"taxonomy":"product_tag","embeddable":true,"href":"https:\/\/rezeptfrei-apotheke.net\/es\/wp-json\/wp\/v2\/product_tag?post=8635"}],"curies":[{"name":"wp","href":"https:\/\/api.w.org\/{rel}","templated":true}]}}