{"id":8636,"date":"2023-10-21T10:58:57","date_gmt":"2023-10-21T10:58:57","guid":{"rendered":"https:\/\/rezeptfrei-apotheke.net\/?post_type=product&#038;p=8636"},"modified":"2026-02-16T10:06:18","modified_gmt":"2026-02-16T10:06:18","slug":"2-fdck-pellets-50mg","status":"publish","type":"product","link":"https:\/\/rezeptfrei-apotheke.net\/es\/product\/2-fdck-pellets-50mg\/","title":{"rendered":"Gr\u00e1nulos de 2-FDCK 50 mg"},"content":{"rendered":"<div class=\"wpb-content-wrapper\"><div class=\"vc_row wpb_row vc_row-fluid\"><div class=\"wpb_column vc_column_container vc_col-sm-12\"><div class=\"vc_column-inner\"><div class=\"wpb_wrapper\">\n\t<div class=\"wpb_text_column wpb_content_element\" >\n\t\t<div class=\"wpb_wrapper\">\n\t\t\t<h2>Informaci\u00f3n sobre la 2F-ketamina<\/h2>\n<p><a href=\"https:\/\/en.wikipedia.org\/wiki\/2-Fluorodeschloroketamine\" target=\"_blank\" rel=\"noopener\">2F-ketamina<\/a>, tambi\u00e9n conocida como 2-fdck, es similar a la ketamina que se usa en el mundo m\u00e9dico. Es una sustancia disociativa menos conocida que pertenece a la clase de las arilciclohexilaminas.<\/p>\n<p>Actualmente, la 2F-ketamina est\u00e1 disponible en forma de polvo.<\/p>\n<p>Seg\u00fan informes de laboratorios, existen muchas similitudes entre la ketamina y la 2F-ketamina (2-FDCK). Qu\u00edmicamente, sus estructuras son casi iguales. La diferencia radica en la composici\u00f3n, donde el componente de cloro se reemplaza por un componente de fl\u00faor.<\/p>\n<h2>Ketamina, la qu\u00edmica<\/h2>\n<p>La 2-FDCK es una arilciclohexilamina (ACH) con el nombre qu\u00edmico 2-(2-clorofenil)-2-(metilamino)ciclohexanona. Es un polvo cristalino blanco soluble en agua y disolventes org\u00e1nicos como etanol y acetona.<\/p>\n<p><strong>Nombre IUPAC:<\/strong>\u00a02-(2-fluorofenil)-2-metilamino-ciclohexanona<br \/>\n<strong>Disponible como:<\/strong>\u00a0polvo, cristales<br \/>\n<strong>Pureza:<\/strong>\u00a098%+<br \/>\n<strong>Color:<\/strong>\u00a0blanco<br \/>\n<strong>Nombre sistem\u00e1tico:<\/strong>\u00a0(R\/S)-2-(2-fluorofenil)-2-(metilamino)ciclohexanona<br \/>\n<strong>F\u00f3rmula:<\/strong>\u00a0C13H16FNO<br \/>\n<strong>Clase qu\u00edmica:<\/strong>\u00a0Arilciclohexilamina<\/p>\n<h2>\u00bfC\u00f3mo se usa la ketamina?<\/h2>\n<p>Si est\u00e1 realizando una investigaci\u00f3n con este producto, aseg\u00farese de tomar las precauciones de laboratorio necesarias, como limpiar superficies y usar guantes, mascarilla y ropa protectora.<\/p>\n<h3>\u00bfCu\u00e1l es la mejor forma de almacenar 2-FDCK?<\/h3>\n<p>Para almacenar adecuadamente los productos qu\u00edmicos de su investigaci\u00f3n y garantizar la mejor vida \u00fatil, se recomienda encarecidamente mantenerlos en un ambiente seco y fresco.<\/p>\n<p>Mantenga el 2-FDCK alejado de llamas abiertas y cali\u00e9ntelo tanto como sea posible. Los productos qu\u00edmicos de investigaci\u00f3n se pueden almacenar durante un m\u00ednimo de 1 a 2 a\u00f1os.<\/p>\n\n\t\t<\/div>\n\t<\/div>\n<\/div><\/div><\/div><\/div>\n<\/div>","protected":false},"excerpt":{"rendered":"<p><strong>An\u00e1lisis de RMN: <\/strong>N \/ A<\/p>","protected":false},"featured_media":8656,"comment_status":"open","ping_status":"closed","template":"","meta":[],"product_brand":[],"product_cat":[93],"product_tag":[],"class_list":{"0":"post-8636","1":"product","2":"type-product","3":"status-publish","4":"has-post-thumbnail","6":"product_cat-order-pills-online","8":"first","9":"instock","10":"shipping-taxable","11":"purchasable","12":"product-type-variable"},"jetpack_sharing_enabled":true,"_links":{"self":[{"href":"https:\/\/rezeptfrei-apotheke.net\/es\/wp-json\/wp\/v2\/product\/8636","targetHints":{"allow":["GET"]}}],"collection":[{"href":"https:\/\/rezeptfrei-apotheke.net\/es\/wp-json\/wp\/v2\/product"}],"about":[{"href":"https:\/\/rezeptfrei-apotheke.net\/es\/wp-json\/wp\/v2\/types\/product"}],"replies":[{"embeddable":true,"href":"https:\/\/rezeptfrei-apotheke.net\/es\/wp-json\/wp\/v2\/comments?post=8636"}],"wp:featuredmedia":[{"embeddable":true,"href":"https:\/\/rezeptfrei-apotheke.net\/es\/wp-json\/wp\/v2\/media\/8656"}],"wp:attachment":[{"href":"https:\/\/rezeptfrei-apotheke.net\/es\/wp-json\/wp\/v2\/media?parent=8636"}],"wp:term":[{"taxonomy":"product_brand","embeddable":true,"href":"https:\/\/rezeptfrei-apotheke.net\/es\/wp-json\/wp\/v2\/product_brand?post=8636"},{"taxonomy":"product_cat","embeddable":true,"href":"https:\/\/rezeptfrei-apotheke.net\/es\/wp-json\/wp\/v2\/product_cat?post=8636"},{"taxonomy":"product_tag","embeddable":true,"href":"https:\/\/rezeptfrei-apotheke.net\/es\/wp-json\/wp\/v2\/product_tag?post=8636"}],"curies":[{"name":"wp","href":"https:\/\/api.w.org\/{rel}","templated":true}]}}