{"id":8640,"date":"2023-10-21T10:58:57","date_gmt":"2023-10-21T10:58:57","guid":{"rendered":"https:\/\/rezeptfrei-apotheke.net\/?post_type=product&#038;p=8640"},"modified":"2023-10-31T08:56:23","modified_gmt":"2023-10-31T08:56:23","slug":"3d-mxe-pellets-40mg","status":"publish","type":"product","link":"https:\/\/rezeptfrei-apotheke.net\/es\/product\/3d-mxe-pellets-40mg\/","title":{"rendered":"Pastillas 3D-MXE 40 mg"},"content":{"rendered":"<p>Nombre del producto: Pellets DMXE 40 mg<\/p>\n<p>Otros nombres: desoximetoxetamina, 3D-MXE, metatamina, clorhidrato de 3-Me-2\u2032-oxo-PCE<\/p>\n<p>CAS: N\/A<\/p>\n<p>Ingrediente(s) activo(s): DMXE HCl (40 mg)<\/p>\n<p>Otros ingredientes: MCC, di\u00f3xido de silicio coloidal, glicolato de almid\u00f3n de sodio, estearil fumarato de sodio, E172<\/p>\n<p>Apariencia: bolita negra redonda de 8 mm<\/p>\n<p><b><u>Informaci\u00f3n:<br \/>\n<\/u><\/b><\/p>\n<p>DMXE es una sustancia disociativa de la clase de las arilciclohexilaminas que produce efectos disociativos, anest\u00e9sicos, estimulantes y alucin\u00f3genos cuando se administra.<\/p>\n<p>Se cre\u00eda que hab\u00eda sido sintetizado por primera vez en un laboratorio de los Pa\u00edses Bajos en 2020 y marcado como el an\u00e1logo perfecto de MXE.<\/p>\n<p>Se sabe poco sobre el DMXE debido a su relativa novedad, por lo que proporcionaremos informaci\u00f3n sobre la clase qu\u00edmica a la que pertenece: las arilciclohexilaminas.<\/p>","protected":false},"excerpt":{"rendered":"<p><strong>Forma: <\/strong>bolitas<\/p>\n<p><strong>An\u00e1lisis de RMN: <\/strong>N \/ A<\/p>","protected":false},"featured_media":8664,"comment_status":"open","ping_status":"closed","template":"","meta":[],"product_brand":[],"product_cat":[93],"product_tag":[],"class_list":{"0":"post-8640","1":"product","2":"type-product","3":"status-publish","4":"has-post-thumbnail","6":"product_cat-order-pills-online","8":"first","9":"instock","10":"shipping-taxable","11":"purchasable","12":"product-type-variable"},"jetpack_sharing_enabled":true,"_links":{"self":[{"href":"https:\/\/rezeptfrei-apotheke.net\/es\/wp-json\/wp\/v2\/product\/8640","targetHints":{"allow":["GET"]}}],"collection":[{"href":"https:\/\/rezeptfrei-apotheke.net\/es\/wp-json\/wp\/v2\/product"}],"about":[{"href":"https:\/\/rezeptfrei-apotheke.net\/es\/wp-json\/wp\/v2\/types\/product"}],"replies":[{"embeddable":true,"href":"https:\/\/rezeptfrei-apotheke.net\/es\/wp-json\/wp\/v2\/comments?post=8640"}],"wp:featuredmedia":[{"embeddable":true,"href":"https:\/\/rezeptfrei-apotheke.net\/es\/wp-json\/wp\/v2\/media\/8664"}],"wp:attachment":[{"href":"https:\/\/rezeptfrei-apotheke.net\/es\/wp-json\/wp\/v2\/media?parent=8640"}],"wp:term":[{"taxonomy":"product_brand","embeddable":true,"href":"https:\/\/rezeptfrei-apotheke.net\/es\/wp-json\/wp\/v2\/product_brand?post=8640"},{"taxonomy":"product_cat","embeddable":true,"href":"https:\/\/rezeptfrei-apotheke.net\/es\/wp-json\/wp\/v2\/product_cat?post=8640"},{"taxonomy":"product_tag","embeddable":true,"href":"https:\/\/rezeptfrei-apotheke.net\/es\/wp-json\/wp\/v2\/product_tag?post=8640"}],"curies":[{"name":"wp","href":"https:\/\/api.w.org\/{rel}","templated":true}]}}